{"id":9023,"date":"2022-05-12T13:56:16","date_gmt":"2022-05-12T11:56:16","guid":{"rendered":"https:\/\/mwb.com.pl\/mwb2017\/?page_id=9023"},"modified":"2022-05-24T13:59:24","modified_gmt":"2022-05-24T11:59:24","slug":"ordery-i-medale","status":"publish","type":"page","link":"https:\/\/mwb.com.pl\/mwb2017\/oferta\/edukacja\/ordery-i-medale\/","title":{"rendered":"Ordery i medale"},"content":{"rendered":"<p><strong>Wiek uczestnik\u00f3w: 5 &#8211; 14 lat<\/strong><\/p>\n<p>Podczas parad i \u015bwi\u0105t narodowych cz\u0119sto widzimy weteran\u00f3w r\u00f3\u017cnych konflikt\u00f3w zbrojnych, w kt\u00f3rych uczestniczy\u0142y Si\u0142y zbrojne RP. Na galowych mundurach l\u015bni\u0105 przypi\u0119te medale i ordery, a nad lew\u0105 kieszeni\u0105 kurtki wida\u0107 kolorowe baretki. Wszyscy patrz\u0105 na tak\u0105 osob\u0119 z podziwem i zastanowieniem: czego ta osoba musia\u0142a dokona\u0107 by dosta\u0107 te wszystkie odznaczenia?<br \/>\n\tTematem zaj\u0119\u0107 \u201eOrdery i medale\u201d b\u0119d\u0105 odznaczenie wojskowe i cywilne z okresu II wojny \u015bwiatowej i wsp\u00f3\u0142czesnych dzia\u0142a\u0144. Uczestnicy zwiedzaj\u0105c ekspozycj\u0119 poznaj\u0105 histori\u0119 i znaczenie odznacze\u0144 przyznawanych za wybitne osi\u0105gni\u0119cia. Poznaj\u0105 r\u00f3\u017cnice miedzy medalem i orderem oraz dowiedz\u0105 si\u0119 jak wygl\u0105da wr\u0119czanie odznacze\u0144. Uczestnicy wykonaj\u0105 ponadto sw\u00f3j w\u0142asny medal i zorganizuj\u0105 parad\u0119 wojskow\u0105. <\/p>\n<div align=\"center\"><a href=\"https:\/\/mwb.com.pl\/rezerwacja\/wakacje\/ordery-i-medale\/\" target=\"_blank\" rel=\"noopener noreferrer\"><img decoding=\"async\" class=\"aligncenter wp-image-2736 size-thumbnail\" src=\"https:\/\/mwb.com.pl\/mwb2017\/wp-content\/uploads\/2019\/01\/booking-150x150.png\" alt=\"ikona rezerwacji\" width=\"150\" height=\"150\" srcset=\"https:\/\/mwb.com.pl\/mwb2017\/wp-content\/uploads\/2019\/01\/booking-150x150.png 150w, https:\/\/mwb.com.pl\/mwb2017\/wp-content\/uploads\/2019\/01\/booking.png 256w\" sizes=\"(max-width: 150px) 100vw, 150px\" \/><br \/>\nZarezerwuj online<\/a><\/div>\n","protected":false},"excerpt":{"rendered":"<p>Wiek uczestnik\u00f3w: 5 &#8211; 14 lat Podczas parad i \u015bwi\u0105t narodowych cz\u0119sto widzimy weteran\u00f3w r\u00f3\u017cnych konflikt\u00f3w zbrojnych, w kt\u00f3rych uczestniczy\u0142y Si\u0142y zbrojne RP. Na galowych mundurach l\u015bni\u0105 przypi\u0119te medale i ordery, a nad lew\u0105 kieszeni\u0105 kurtki wida\u0107 kolorowe baretki. Wszyscy patrz\u0105 na tak\u0105 osob\u0119 z podziwem i zastanowieniem: czego ta osoba musia\u0142a dokona\u0107 by dosta\u0107 [&hellip;]<\/p>\n","protected":false},"author":10,"featured_media":0,"parent":18,"menu_order":0,"comment_status":"closed","ping_status":"closed","template":"","meta":{"ngg_post_thumbnail":0,"h5ap_radio_sources":[],"_vp_format_video_url":"","_vp_image_focal_point":[],"footnotes":""},"class_list":["post-9023","page","type-page","status-publish","hentry"],"_links":{"self":[{"href":"https:\/\/mwb.com.pl\/mwb2017\/wp-json\/wp\/v2\/pages\/9023","targetHints":{"allow":["GET"]}}],"collection":[{"href":"https:\/\/mwb.com.pl\/mwb2017\/wp-json\/wp\/v2\/pages"}],"about":[{"href":"https:\/\/mwb.com.pl\/mwb2017\/wp-json\/wp\/v2\/types\/page"}],"author":[{"embeddable":true,"href":"https:\/\/mwb.com.pl\/mwb2017\/wp-json\/wp\/v2\/users\/10"}],"replies":[{"embeddable":true,"href":"https:\/\/mwb.com.pl\/mwb2017\/wp-json\/wp\/v2\/comments?post=9023"}],"version-history":[{"count":3,"href":"https:\/\/mwb.com.pl\/mwb2017\/wp-json\/wp\/v2\/pages\/9023\/revisions"}],"predecessor-version":[{"id":9077,"href":"https:\/\/mwb.com.pl\/mwb2017\/wp-json\/wp\/v2\/pages\/9023\/revisions\/9077"}],"up":[{"embeddable":true,"href":"https:\/\/mwb.com.pl\/mwb2017\/wp-json\/wp\/v2\/pages\/18"}],"wp:attachment":[{"href":"https:\/\/mwb.com.pl\/mwb2017\/wp-json\/wp\/v2\/media?parent=9023"}],"curies":[{"name":"wp","href":"https:\/\/api.w.org\/{rel}","templated":true}]}}