{"id":8140,"date":"2021-10-15T13:36:36","date_gmt":"2021-10-15T11:36:36","guid":{"rendered":"https:\/\/mwb.com.pl\/mwb2017\/?page_id=8140"},"modified":"2021-10-15T14:48:05","modified_gmt":"2021-10-15T12:48:05","slug":"symbole-zolnierzy","status":"publish","type":"page","link":"https:\/\/mwb.com.pl\/mwb2017\/oferta\/edukacja\/symbole-zolnierzy\/","title":{"rendered":"Symbole \u017co\u0142nierzy"},"content":{"rendered":"<p><strong>Dzieci i m\u0142odzie\u017c ze szczeg\u00f3lnymi potrzebami<\/strong><\/p>\n<p>Uczestnicy poznaj\u0105 symbole i znaki u\u017cywane w wojsku. Przyjrz\u0105 si\u0119 wybranym obiektom muzealnym, takim jak odznaka pami\u0105tkowa, oznaka rozpoznawcza, sztandar czy znak to\u017csamo\u015bci. Na koniec wykonaj\u0105 w\u0142asne odznaki z u\u017cyciem r\u00f3\u017cnych metod artystycznych.*<\/p>\n<p>Metody artystyczne:<br \/>\nniepe\u0142nosprawno\u015b\u0107 intelektualna i autyzm \u2013 kolagrafia,<br \/>\nniepe\u0142nosprawno\u015b\u0107 s\u0142uchu \u2013 relief plastelinowy,<br \/>\nniepe\u0142nosprawno\u015b\u0107 wzroku \u2013 rze\u017aba w glinie.<\/p>\n<p>*Poziom warsztat\u00f3w, ich czas trwania oraz dob\u00f3r metod pracy zale\u017cy od wieku, mo\u017cliwo\u015bci poznawczych i indywidualnych potrzeb poszczeg\u00f3lnych uczestnik\u00f3w. Prosimy o podawanie wszelkich informacji, kt\u00f3re pozwol\u0105 nam przygotowa\u0107 zaj\u0119cia odpowiednie dla Pa\u0144stwa podopiecznych. Zapraszamy tak\u017ce grupy integracyjne.<\/p>\n<p>Istnieje mo\u017cliwo\u015b\u0107 realizacji warsztat\u00f3w w siedzibie Zamawiaj\u0105cego po uprzednim ustaleniu terminu.<\/p>\n<p>Udzia\u0142 w warsztatach jest bezp\u0142atny.<\/p>\n<p>Dofinansowano ze \u015brodk\u00f3w Muzeum Historii Polski w Warszawie w ramach programu \u201cPatriotyzm Jutra\u201d<\/p>\n<div align=\"center\"><a href=\"https:\/\/mwb.com.pl\/rezerwacja\/garnizon\/symbole-zolnierzy\/\" target=\"_blank\" rel=\"noopener noreferrer\"><img decoding=\"async\" class=\"aligncenter wp-image-2736 size-thumbnail\" src=\"https:\/\/mwb.com.pl\/mwb2017\/wp-content\/uploads\/2019\/01\/booking-150x150.png\" alt=\"ikona rezerwacji\" width=\"150\" height=\"150\" srcset=\"https:\/\/mwb.com.pl\/mwb2017\/wp-content\/uploads\/2019\/01\/booking-150x150.png 150w, https:\/\/mwb.com.pl\/mwb2017\/wp-content\/uploads\/2019\/01\/booking.png 256w\" sizes=\"(max-width: 150px) 100vw, 150px\" \/><br \/>\nZarezerwuj online<\/a><\/div>\n","protected":false},"excerpt":{"rendered":"<p>Dzieci i m\u0142odzie\u017c ze szczeg\u00f3lnymi potrzebami Uczestnicy poznaj\u0105 symbole i znaki u\u017cywane w wojsku. Przyjrz\u0105 si\u0119 wybranym obiektom muzealnym, takim jak odznaka pami\u0105tkowa, oznaka rozpoznawcza, sztandar czy znak to\u017csamo\u015bci. Na koniec wykonaj\u0105 w\u0142asne odznaki z u\u017cyciem r\u00f3\u017cnych metod artystycznych.* Metody artystyczne: niepe\u0142nosprawno\u015b\u0107 intelektualna i autyzm \u2013 kolagrafia, niepe\u0142nosprawno\u015b\u0107 s\u0142uchu \u2013 relief plastelinowy, niepe\u0142nosprawno\u015b\u0107 wzroku \u2013 [&hellip;]<\/p>\n","protected":false},"author":10,"featured_media":0,"parent":18,"menu_order":0,"comment_status":"closed","ping_status":"closed","template":"","meta":{"ngg_post_thumbnail":0,"h5ap_radio_sources":[],"_vp_format_video_url":"","_vp_image_focal_point":[],"footnotes":""},"class_list":["post-8140","page","type-page","status-publish","hentry"],"_links":{"self":[{"href":"https:\/\/mwb.com.pl\/mwb2017\/wp-json\/wp\/v2\/pages\/8140","targetHints":{"allow":["GET"]}}],"collection":[{"href":"https:\/\/mwb.com.pl\/mwb2017\/wp-json\/wp\/v2\/pages"}],"about":[{"href":"https:\/\/mwb.com.pl\/mwb2017\/wp-json\/wp\/v2\/types\/page"}],"author":[{"embeddable":true,"href":"https:\/\/mwb.com.pl\/mwb2017\/wp-json\/wp\/v2\/users\/10"}],"replies":[{"embeddable":true,"href":"https:\/\/mwb.com.pl\/mwb2017\/wp-json\/wp\/v2\/comments?post=8140"}],"version-history":[{"count":4,"href":"https:\/\/mwb.com.pl\/mwb2017\/wp-json\/wp\/v2\/pages\/8140\/revisions"}],"predecessor-version":[{"id":8152,"href":"https:\/\/mwb.com.pl\/mwb2017\/wp-json\/wp\/v2\/pages\/8140\/revisions\/8152"}],"up":[{"embeddable":true,"href":"https:\/\/mwb.com.pl\/mwb2017\/wp-json\/wp\/v2\/pages\/18"}],"wp:attachment":[{"href":"https:\/\/mwb.com.pl\/mwb2017\/wp-json\/wp\/v2\/media?parent=8140"}],"curies":[{"name":"wp","href":"https:\/\/api.w.org\/{rel}","templated":true}]}}