{"id":8,"date":"2017-02-28T13:02:09","date_gmt":"2017-02-28T12:02:09","guid":{"rendered":"http:\/\/mwb.com.pl\/mwb2017\/?page_id=8"},"modified":"2017-04-14T08:22:19","modified_gmt":"2017-04-14T06:22:19","slug":"oferta","status":"publish","type":"page","link":"https:\/\/mwb.com.pl\/mwb2017\/oferta\/","title":{"rendered":"Oferta"},"content":{"rendered":"<p>Muzeum proponuje bogat\u0105 i zr\u00f3\u017cnicowan\u0105 ofert\u0119 edukacyjn\u0105, adresowan\u0105 do ka\u017cdej grupy wiekowej: od przedszkolak\u00f3w, uczni\u00f3w szk\u00f3\u0142 podstawowych, gimnazj\u00f3w i szk\u00f3\u0142 ponadgimnazjalnych, do s\u0142uchaczy Uniwersytetu Trzeciego Wieku. Przez ca\u0142y rok zapraszamy na warsztaty i zaj\u0119cia tematyczne, zar\u00f3wno dla os\u00f3b indywidualnych jak i grup zorganizowanych.<\/p>\n<p>W ramach instytucji dzia\u0142a O\u015brodek Bada\u0144 Historii Wojskowej, zajmuj\u0105cy si\u0119 badaniami naukowymi oraz publikowaniem ich efekt\u00f3w. Popularyzacja zagadnie\u0144 zwi\u0105zanych z histori\u0105 wojskowo\u015bci przejawia si\u0119 w kilku aspektach m.in. przez organizowane konferencje, seminaria i wyk\u0142ady, a przede wszystkim dzia\u0142alno\u015b\u0107 wydawnicz\u0105.<\/p>\n","protected":false},"excerpt":{"rendered":"<p>Muzeum proponuje bogat\u0105 i zr\u00f3\u017cnicowan\u0105 ofert\u0119 edukacyjn\u0105, adresowan\u0105 do ka\u017cdej grupy wiekowej: od przedszkolak\u00f3w, uczni\u00f3w szk\u00f3\u0142 podstawowych, gimnazj\u00f3w i szk\u00f3\u0142 ponadgimnazjalnych, do s\u0142uchaczy Uniwersytetu Trzeciego Wieku. Przez ca\u0142y rok zapraszamy na warsztaty i zaj\u0119cia tematyczne, zar\u00f3wno dla os\u00f3b indywidualnych jak i grup zorganizowanych. W ramach instytucji dzia\u0142a O\u015brodek Bada\u0144 Historii Wojskowej, zajmuj\u0105cy si\u0119 badaniami naukowymi [&hellip;]<\/p>\n","protected":false},"author":2,"featured_media":0,"parent":0,"menu_order":0,"comment_status":"closed","ping_status":"closed","template":"","meta":{"ngg_post_thumbnail":0,"h5ap_radio_sources":[],"_vp_format_video_url":"","_vp_image_focal_point":[],"footnotes":""},"class_list":["post-8","page","type-page","status-publish","hentry"],"_links":{"self":[{"href":"https:\/\/mwb.com.pl\/mwb2017\/wp-json\/wp\/v2\/pages\/8","targetHints":{"allow":["GET"]}}],"collection":[{"href":"https:\/\/mwb.com.pl\/mwb2017\/wp-json\/wp\/v2\/pages"}],"about":[{"href":"https:\/\/mwb.com.pl\/mwb2017\/wp-json\/wp\/v2\/types\/page"}],"author":[{"embeddable":true,"href":"https:\/\/mwb.com.pl\/mwb2017\/wp-json\/wp\/v2\/users\/2"}],"replies":[{"embeddable":true,"href":"https:\/\/mwb.com.pl\/mwb2017\/wp-json\/wp\/v2\/comments?post=8"}],"version-history":[{"count":7,"href":"https:\/\/mwb.com.pl\/mwb2017\/wp-json\/wp\/v2\/pages\/8\/revisions"}],"predecessor-version":[{"id":719,"href":"https:\/\/mwb.com.pl\/mwb2017\/wp-json\/wp\/v2\/pages\/8\/revisions\/719"}],"wp:attachment":[{"href":"https:\/\/mwb.com.pl\/mwb2017\/wp-json\/wp\/v2\/media?parent=8"}],"curies":[{"name":"wp","href":"https:\/\/api.w.org\/{rel}","templated":true}]}}