{"id":7767,"date":"2021-09-01T08:54:23","date_gmt":"2021-09-01T06:54:23","guid":{"rendered":"https:\/\/mwb.com.pl\/mwb2017\/?page_id=7767"},"modified":"2021-11-09T11:01:10","modified_gmt":"2021-11-09T10:01:10","slug":"projekt-bialostocki-garnizon-w-jezykach-dostepnych","status":"publish","type":"page","link":"https:\/\/mwb.com.pl\/mwb2017\/oferta\/projekty\/projekt-bialostocki-garnizon-w-jezykach-dostepnych\/","title":{"rendered":"Projekt \u201eBia\u0142ostocki garnizon w j\u0119zykach dost\u0119pnych\u201d"},"content":{"rendered":"\t\t<div data-elementor-type=\"wp-page\" data-elementor-id=\"7767\" class=\"elementor elementor-7767\">\n\t\t\t\t\t\t<section class=\"elementor-section elementor-top-section elementor-element elementor-element-59a021d elementor-section-boxed elementor-section-height-default elementor-section-height-default\" data-id=\"59a021d\" data-element_type=\"section\" data-e-type=\"section\">\n\t\t\t\t\t\t<div class=\"elementor-container elementor-column-gap-default\">\n\t\t\t\t\t<div class=\"elementor-column elementor-col-100 elementor-top-column elementor-element elementor-element-7136453\" data-id=\"7136453\" data-element_type=\"column\" data-e-type=\"column\">\n\t\t\t<div class=\"elementor-widget-wrap elementor-element-populated\">\n\t\t\t\t\t\t<div class=\"elementor-element elementor-element-ec71eba elementor-widget elementor-widget-text-editor\" data-id=\"ec71eba\" data-element_type=\"widget\" data-e-type=\"widget\" data-widget_type=\"text-editor.default\">\n\t\t\t\t<div class=\"elementor-widget-container\">\n\t\t\t\t\t\t\t\t\t<p>Za\u0142o\u017ceniem projektu jest budowanie wiedzy na temat dziedzictwa bia\u0142ostockiego garnizonu wojskowego w\u015br\u00f3d dzieci i m\u0142odzie\u017cy z niepe\u0142nosprawno\u015bciami wzroku, s\u0142uchu, intelektualn\u0105 i z autyzmem. Wyj\u0105tkowe obiekty muzealne b\u0119d\u0105 punktem wyj\u015bcia do przypomnienia wa\u017cnych wydarze\u0144 z historii Bia\u0142egostoku i znaczenia wojska dla jego rozwoju na przestrzeni lat. G\u0142\u00f3wnym elementem projektu s\u0105 warsztaty historyczno-artystyczne. Na ich potrzeby powsta\u0142y narz\u0119dzia dost\u0119pno\u015bci: t\u0142umaczenia artefakt\u00f3w na j\u0119zyk migowy i prosty, audiodeskrypcje oraz tyflografiki. W specjalnie przygotowanym kontencie do monitora interaktywnego udost\u0119pnione zosta\u0142y opracowane obiekty muzealne oraz narz\u0119dzia dost\u0119pno\u015bci. Pozosta\u0142ymi elementami projektu s\u0105 \u015bcie\u017cka zwiedzania dla os\u00f3b ze szczeg\u00f3lnymi potrzebami, a tak\u017ce wydawnictwa poprojektowe.<\/p><p>Projekt jest realizowany do dnia 1 grudnia 2021 r.<\/p><p><a href=\"https:\/\/mwb.com.pl\/garnizon\/warsztaty\/\"><strong>STRONA PROJEKTU<\/strong><\/a><\/p>\t\t\t\t\t\t\t\t<\/div>\n\t\t\t\t<\/div>\n\t\t\t\t\t<\/div>\n\t\t<\/div>\n\t\t\t\t\t<\/div>\n\t\t<\/section>\n\t\t\t\t<section class=\"elementor-section elementor-top-section elementor-element elementor-element-b6fc114 elementor-section-boxed elementor-section-height-default elementor-section-height-default\" data-id=\"b6fc114\" data-element_type=\"section\" data-e-type=\"section\">\n\t\t\t\t\t\t<div class=\"elementor-container elementor-column-gap-default\">\n\t\t\t\t\t<div class=\"elementor-column elementor-col-100 elementor-top-column elementor-element elementor-element-9b3d0a5\" data-id=\"9b3d0a5\" data-element_type=\"column\" data-e-type=\"column\">\n\t\t\t<div class=\"elementor-widget-wrap elementor-element-populated\">\n\t\t\t\t\t\t<div class=\"elementor-element elementor-element-7dc2db5 elementor-widget elementor-widget-image\" data-id=\"7dc2db5\" data-element_type=\"widget\" data-e-type=\"widget\" data-widget_type=\"image.default\">\n\t\t\t\t<div class=\"elementor-widget-container\">\n\t\t\t\t\t\t\t\t\t\t\t\t\t\t\t<img decoding=\"async\" src=\"https:\/\/mwb.com.pl\/mwb2017\/wp-content\/uploads\/2021\/09\/znaki.jpg\" title=\"flaga i god\u0142o\" alt=\"flaga i god\u0142o\" loading=\"lazy\" \/>\t\t\t\t\t\t\t\t\t\t\t\t\t\t\t<\/div>\n\t\t\t\t<\/div>\n\t\t\t\t\t<\/div>\n\t\t<\/div>\n\t\t\t\t\t<\/div>\n\t\t<\/section>\n\t\t\t\t<section class=\"elementor-section elementor-top-section elementor-element elementor-element-e6392ad elementor-section-boxed elementor-section-height-default elementor-section-height-default\" data-id=\"e6392ad\" data-element_type=\"section\" data-e-type=\"section\">\n\t\t\t\t\t\t<div class=\"elementor-container elementor-column-gap-default\">\n\t\t\t\t\t<div class=\"elementor-column elementor-col-100 elementor-top-column elementor-element elementor-element-36e6e09\" data-id=\"36e6e09\" data-element_type=\"column\" data-e-type=\"column\">\n\t\t\t<div class=\"elementor-widget-wrap elementor-element-populated\">\n\t\t\t\t\t\t<div class=\"elementor-element elementor-element-bfb1a79 elementor-widget elementor-widget-text-editor\" data-id=\"bfb1a79\" data-element_type=\"widget\" data-e-type=\"widget\" data-widget_type=\"text-editor.default\">\n\t\t\t\t<div class=\"elementor-widget-container\">\n\t\t\t\t\t\t\t\t\t<p><strong>DOFINANSOWANO ZE \u015aRODK\u00d3W BUD\u017bETU PA\u0143STWA<\/strong><br \/><strong>PATRIOTYZM JUTRA 2021<\/strong><br \/>BIA\u0141OSTOCKI GARNIZON W J\u0118ZYKACH DOST\u0118PNYCH<br \/>DOFINANSOWANIE<br \/>52 000 Z\u0141<br \/>CA\u0141KOWITA WARTO\u015a\u0106<br \/>67 500 Z\u0141<\/p>\t\t\t\t\t\t\t\t<\/div>\n\t\t\t\t<\/div>\n\t\t\t\t\t<\/div>\n\t\t<\/div>\n\t\t\t\t\t<\/div>\n\t\t<\/section>\n\t\t\t\t<section class=\"elementor-section elementor-top-section elementor-element elementor-element-bd99e51 elementor-section-boxed elementor-section-height-default elementor-section-height-default\" data-id=\"bd99e51\" data-element_type=\"section\" data-e-type=\"section\">\n\t\t\t\t\t\t<div class=\"elementor-container elementor-column-gap-default\">\n\t\t\t\t\t<div class=\"elementor-column elementor-col-33 elementor-top-column elementor-element elementor-element-ae42a3a\" data-id=\"ae42a3a\" data-element_type=\"column\" data-e-type=\"column\">\n\t\t\t<div class=\"elementor-widget-wrap elementor-element-populated\">\n\t\t\t\t\t\t<div class=\"elementor-element elementor-element-5b99f13 elementor-widget elementor-widget-image\" data-id=\"5b99f13\" data-element_type=\"widget\" data-e-type=\"widget\" data-widget_type=\"image.default\">\n\t\t\t\t<div class=\"elementor-widget-container\">\n\t\t\t\t\t\t\t\t\t\t\t\t\t\t\t<img decoding=\"async\" width=\"252\" height=\"100\" src=\"https:\/\/mwb.com.pl\/mwb2017\/wp-content\/uploads\/2021\/11\/MKiDN1.jpg\" class=\"attachment-full size-full wp-image-8259\" alt=\"MKiDN\" \/>\t\t\t\t\t\t\t\t\t\t\t\t\t\t\t<\/div>\n\t\t\t\t<\/div>\n\t\t\t\t\t<\/div>\n\t\t<\/div>\n\t\t\t\t<div class=\"elementor-column elementor-col-33 elementor-top-column elementor-element elementor-element-7c92825\" data-id=\"7c92825\" data-element_type=\"column\" data-e-type=\"column\">\n\t\t\t<div class=\"elementor-widget-wrap elementor-element-populated\">\n\t\t\t\t\t\t<div class=\"elementor-element elementor-element-75a8b86 elementor-widget elementor-widget-image\" data-id=\"75a8b86\" data-element_type=\"widget\" data-e-type=\"widget\" data-widget_type=\"image.default\">\n\t\t\t\t<div class=\"elementor-widget-container\">\n\t\t\t\t\t\t\t\t\t\t\t\t\t\t\t<img decoding=\"async\" src=\"https:\/\/mwb.com.pl\/mwb2017\/wp-content\/uploads\/elementor\/thumbs\/mhp1-pcgonzb7tpi13tnwt8o71qymefun02tbv2lkmv7vzc.jpg\" title=\"Muzeum Historii Polski\" alt=\"Muzeum Historii Polski\" loading=\"lazy\" \/>\t\t\t\t\t\t\t\t\t\t\t\t\t\t\t<\/div>\n\t\t\t\t<\/div>\n\t\t\t\t\t<\/div>\n\t\t<\/div>\n\t\t\t\t<div class=\"elementor-column elementor-col-33 elementor-top-column elementor-element elementor-element-ffed7ce\" data-id=\"ffed7ce\" data-element_type=\"column\" data-e-type=\"column\">\n\t\t\t<div class=\"elementor-widget-wrap elementor-element-populated\">\n\t\t\t\t\t\t<div class=\"elementor-element elementor-element-ec3e0bc elementor-widget elementor-widget-image\" data-id=\"ec3e0bc\" data-element_type=\"widget\" data-e-type=\"widget\" data-widget_type=\"image.default\">\n\t\t\t\t<div class=\"elementor-widget-container\">\n\t\t\t\t\t\t\t\t\t\t\t\t\t\t\t<img decoding=\"async\" src=\"https:\/\/mwb.com.pl\/mwb2017\/wp-content\/uploads\/elementor\/thumbs\/pj1-pcgoqeq8a8td9ah632aujyhlodood02k5z2kl685rc.jpg\" title=\"pj1\" alt=\"pj1\" loading=\"lazy\" \/>\t\t\t\t\t\t\t\t\t\t\t\t\t\t\t<\/div>\n\t\t\t\t<\/div>\n\t\t\t\t\t<\/div>\n\t\t<\/div>\n\t\t\t\t\t<\/div>\n\t\t<\/section>\n\t\t\t\t<section class=\"elementor-section elementor-top-section elementor-element elementor-element-234cf2d elementor-section-boxed elementor-section-height-default elementor-section-height-default\" data-id=\"234cf2d\" data-element_type=\"section\" data-e-type=\"section\">\n\t\t\t\t\t\t<div class=\"elementor-container elementor-column-gap-default\">\n\t\t\t\t\t<div class=\"elementor-column elementor-col-100 elementor-top-column elementor-element elementor-element-d19f6dc\" data-id=\"d19f6dc\" data-element_type=\"column\" data-e-type=\"column\">\n\t\t\t<div class=\"elementor-widget-wrap elementor-element-populated\">\n\t\t\t\t\t\t<div class=\"elementor-element elementor-element-39c8bba elementor-widget elementor-widget-text-editor\" data-id=\"39c8bba\" data-element_type=\"widget\" data-e-type=\"widget\" data-widget_type=\"text-editor.default\">\n\t\t\t\t<div class=\"elementor-widget-container\">\n\t\t\t\t\t\t\t\t\t<p>Dofinansowano ze \u015brodk\u00f3w Muzeum Historii Polski w Warszawie w ramach programu \u201ePatriotyzm Jutra\u201d<\/p>\t\t\t\t\t\t\t\t<\/div>\n\t\t\t\t<\/div>\n\t\t\t\t\t<\/div>\n\t\t<\/div>\n\t\t\t\t\t<\/div>\n\t\t<\/section>\n\t\t\t\t<\/div>\n\t\t","protected":false},"excerpt":{"rendered":"<p>Za\u0142o\u017ceniem projektu jest budowanie wiedzy na temat dziedzictwa bia\u0142ostockiego garnizonu wojskowego w\u015br\u00f3d dzieci i m\u0142odzie\u017cy z niepe\u0142nosprawno\u015bciami wzroku, s\u0142uchu, intelektualn\u0105 i z autyzmem. Wyj\u0105tkowe obiekty muzealne b\u0119d\u0105 punktem wyj\u015bcia do przypomnienia wa\u017cnych wydarze\u0144 z historii Bia\u0142egostoku i znaczenia wojska dla jego rozwoju na przestrzeni lat. G\u0142\u00f3wnym elementem projektu s\u0105 warsztaty historyczno-artystyczne. Na ich potrzeby powsta\u0142y [&hellip;]<\/p>\n","protected":false},"author":1,"featured_media":0,"parent":28,"menu_order":0,"comment_status":"closed","ping_status":"closed","template":"","meta":{"ngg_post_thumbnail":0,"h5ap_radio_sources":[],"_vp_format_video_url":"","_vp_image_focal_point":[],"footnotes":""},"class_list":["post-7767","page","type-page","status-publish","hentry"],"_links":{"self":[{"href":"https:\/\/mwb.com.pl\/mwb2017\/wp-json\/wp\/v2\/pages\/7767","targetHints":{"allow":["GET"]}}],"collection":[{"href":"https:\/\/mwb.com.pl\/mwb2017\/wp-json\/wp\/v2\/pages"}],"about":[{"href":"https:\/\/mwb.com.pl\/mwb2017\/wp-json\/wp\/v2\/types\/page"}],"author":[{"embeddable":true,"href":"https:\/\/mwb.com.pl\/mwb2017\/wp-json\/wp\/v2\/users\/1"}],"replies":[{"embeddable":true,"href":"https:\/\/mwb.com.pl\/mwb2017\/wp-json\/wp\/v2\/comments?post=7767"}],"version-history":[{"count":40,"href":"https:\/\/mwb.com.pl\/mwb2017\/wp-json\/wp\/v2\/pages\/7767\/revisions"}],"predecessor-version":[{"id":8262,"href":"https:\/\/mwb.com.pl\/mwb2017\/wp-json\/wp\/v2\/pages\/7767\/revisions\/8262"}],"up":[{"embeddable":true,"href":"https:\/\/mwb.com.pl\/mwb2017\/wp-json\/wp\/v2\/pages\/28"}],"wp:attachment":[{"href":"https:\/\/mwb.com.pl\/mwb2017\/wp-json\/wp\/v2\/media?parent=7767"}],"curies":[{"name":"wp","href":"https:\/\/api.w.org\/{rel}","templated":true}]}}