{"id":679,"date":"2017-04-07T15:06:40","date_gmt":"2017-04-07T13:06:40","guid":{"rendered":"http:\/\/mwb.com.pl\/mwb2017\/?page_id=679"},"modified":"2017-04-07T15:08:42","modified_gmt":"2017-04-07T13:08:42","slug":"zeszyt-naukowy-muzeum-wojska-nr-2829-bialystok-2016","status":"publish","type":"page","link":"https:\/\/mwb.com.pl\/mwb2017\/oferta\/wydawnictwa\/zeszyt-naukowy-muzeum-wojska-nr-2829-bialystok-2016\/","title":{"rendered":"&#8222;Zeszyt Naukowy Muzeum Wojska&#8221;, nr 28\/29, Bia\u0142ystok 2016"},"content":{"rendered":"<p><img decoding=\"async\" class=\"alignleft wp-image-680\" src=\"http:\/\/mwb.com.pl\/mwb2017\/wp-content\/uploads\/2017\/04\/ZN_28.jpg\" alt=\"\" width=\"173\" height=\"252\" \/>&#8222;Zeszyt Naukowy Muzeum Wojska&#8221;, nr 28\/29, Bia\u0142ystok 2016<\/p>\n<p>T. 28\/29, 211 s., fot. cz.\/b. oraz kolor, cena 30,00 z\u0142<\/p>\n<p>&nbsp;<\/p>\n<p>&nbsp;<\/p>\n<p>&nbsp;<\/p>\n<p>&nbsp;<\/p>\n<p>&nbsp;<\/p>\n<p>&nbsp;<\/p>\n<p><strong>Spis Tre\u015bci:<\/strong><\/p>\n<p><strong>Artyku\u0142y:<\/strong><br \/>\nSzymon Kucharski &#8211; <em>Pu\u0142kownik in\u017cynier Jan Romuald Godztowt-O\u017cy\u0144ski (1887-1965)<\/em><br \/>\nAdam Czes\u0142aw Dobro\u0144ski &#8211; <em>Wojsko w Wilnie w czasie pokoju (1922-1939)<\/em><br \/>\nTomasz Weso\u0142owski &#8211; <em>Niezrealizowany projekt spi\u0119trzenia Narwi pod \u0141om\u017ca w 1939 r.<\/em><br \/>\n\u0141ukasz Radulski &#8211; <em>B\u00f3j pod Domanowem i Mniem 13 wrze\u015bnia 1939r., cz. 1:Preludium<\/em><br \/>\nNatalia Filinowicz &#8211;<em> \u201eJapo\u0144skie\u201d jednostki armii Stan\u00f3w Zjednoczonych. 442. Pu\u0142kowa grupa bojowa w kampanii francuskiej, pa\u017adziernik 1944 \u2013 marzec 1945r.<\/em><br \/>\nPiotr \u0141api\u0144ski &#8211; <em>Ppor. Stanis\u0142aw Grabowski ps. \u201eWiarus\u201d (1921-1952). Post Scriptum<\/em><br \/>\n<strong>Muzealnictwo wojskowe:<\/strong><br \/>\n\u0141ukasz Makowski- <em>Miecze ze zbior\u00f3w Muzeum Wojska w Bia\u0142ymstoku. Pr\u00f3ba charakterystyki<\/em><br \/>\nMarcin Kozi\u0144ski &#8211; <em>Muzeum nowoczesne, cho\u0107 nie tylko przez nowe technologie. Prezentacja wybranych projekt\u00f3w wystawienniczych, edukacyjnych i dzia\u0142a\u0144 spo\u0142ecznych Muzeum Wojska w Bia\u0142ymstoku<\/em><br \/>\nMariusz Ciesla &#8211; <em>Z zagadnie\u0144 wsp\u00f3\u0142czesnego muzealnictwa wojskowego. Policja- \u017ar\u00f3d\u0142o pozyskiwania eksponat\u00f3w. Ministerstwo Kultury i Dziedzictwa Narodowego \u2013 \u017ar\u00f3d\u0142o pozyskiwania \u015brodk\u00f3w finansowych<\/em><br \/>\n<strong>\u0179r\u00f3d\u0142a:<\/strong><br \/>\nJaros\u0142aw Strenkowski &#8211; <em>Dwa \u017ar\u00f3d\u0142a do historii Mazowieckiej Szko\u0142y Podchor\u0105\u017cych Rezerwy Artylerii im. gen. J\u00f3zefa Bema w Zambrowie<\/em><br \/>\n<strong>Recenzje:<\/strong><br \/>\nPiotr \u0141api\u0144ski &#8211;\u00a0 <em>\u201eSzalona wprost panika i totalna niemoc\u201d \u2013 czyli \u0142y\u017cka dziegciu do pewnej wystawy<\/em><br \/>\nInstrukcja wydawnicza Muzeum Wojska w Bia\u0142ymstoku<\/p>\n<p>&nbsp;<\/p>\n<p>&nbsp;<\/p>\n<p>&nbsp;<\/p>\n<p>&nbsp;<\/p>\n<p>&nbsp;<\/p>\n","protected":false},"excerpt":{"rendered":"<p>&#8222;Zeszyt Naukowy Muzeum Wojska&#8221;, nr 28\/29, Bia\u0142ystok 2016 T. 28\/29, 211 s., fot. cz.\/b. oraz kolor, cena 30,00 z\u0142 &nbsp; &nbsp; &nbsp; &nbsp; &nbsp; &nbsp; Spis Tre\u015bci: Artyku\u0142y: Szymon Kucharski &#8211; Pu\u0142kownik in\u017cynier Jan Romuald Godztowt-O\u017cy\u0144ski (1887-1965) Adam Czes\u0142aw Dobro\u0144ski &#8211; Wojsko w Wilnie w czasie pokoju (1922-1939) Tomasz Weso\u0142owski &#8211; Niezrealizowany projekt spi\u0119trzenia Narwi [&hellip;]<\/p>\n","protected":false},"author":2,"featured_media":0,"parent":22,"menu_order":0,"comment_status":"closed","ping_status":"closed","template":"","meta":{"ngg_post_thumbnail":0,"h5ap_radio_sources":[],"_vp_format_video_url":"","_vp_image_focal_point":[],"footnotes":""},"class_list":["post-679","page","type-page","status-publish","hentry"],"_links":{"self":[{"href":"https:\/\/mwb.com.pl\/mwb2017\/wp-json\/wp\/v2\/pages\/679","targetHints":{"allow":["GET"]}}],"collection":[{"href":"https:\/\/mwb.com.pl\/mwb2017\/wp-json\/wp\/v2\/pages"}],"about":[{"href":"https:\/\/mwb.com.pl\/mwb2017\/wp-json\/wp\/v2\/types\/page"}],"author":[{"embeddable":true,"href":"https:\/\/mwb.com.pl\/mwb2017\/wp-json\/wp\/v2\/users\/2"}],"replies":[{"embeddable":true,"href":"https:\/\/mwb.com.pl\/mwb2017\/wp-json\/wp\/v2\/comments?post=679"}],"version-history":[{"count":2,"href":"https:\/\/mwb.com.pl\/mwb2017\/wp-json\/wp\/v2\/pages\/679\/revisions"}],"predecessor-version":[{"id":683,"href":"https:\/\/mwb.com.pl\/mwb2017\/wp-json\/wp\/v2\/pages\/679\/revisions\/683"}],"up":[{"embeddable":true,"href":"https:\/\/mwb.com.pl\/mwb2017\/wp-json\/wp\/v2\/pages\/22"}],"wp:attachment":[{"href":"https:\/\/mwb.com.pl\/mwb2017\/wp-json\/wp\/v2\/media?parent=679"}],"curies":[{"name":"wp","href":"https:\/\/api.w.org\/{rel}","templated":true}]}}