{"id":6501,"date":"2021-01-11T12:56:41","date_gmt":"2021-01-11T11:56:41","guid":{"rendered":"https:\/\/mwb.com.pl\/mwb2017\/?page_id=6501"},"modified":"2021-01-25T13:54:17","modified_gmt":"2021-01-25T12:54:17","slug":"wydawnictwa-archiwalne","status":"publish","type":"page","link":"https:\/\/mwb.com.pl\/mwb2017\/wydawnictwa-archiwalne\/","title":{"rendered":"Wydawnictwa archiwalne"},"content":{"rendered":"\t\t<div data-elementor-type=\"wp-page\" data-elementor-id=\"6501\" class=\"elementor elementor-6501\">\n\t\t\t\t\t\t<section class=\"elementor-section elementor-top-section elementor-element elementor-element-481e8a3 elementor-section-boxed elementor-section-height-default elementor-section-height-default\" data-id=\"481e8a3\" data-element_type=\"section\" data-e-type=\"section\">\n\t\t\t\t\t\t<div class=\"elementor-container elementor-column-gap-default\">\n\t\t\t\t\t<div class=\"elementor-column elementor-col-50 elementor-top-column elementor-element elementor-element-b8073a2\" data-id=\"b8073a2\" data-element_type=\"column\" data-e-type=\"column\">\n\t\t\t<div class=\"elementor-widget-wrap elementor-element-populated\">\n\t\t\t\t\t\t<div class=\"elementor-element elementor-element-3f2657b elementor-position-top elementor-widget elementor-widget-image-box\" data-id=\"3f2657b\" data-element_type=\"widget\" data-e-type=\"widget\" data-widget_type=\"image-box.default\">\n\t\t\t\t<div class=\"elementor-widget-container\">\n\t\t\t\t\t<div class=\"elementor-image-box-wrapper\"><figure class=\"elementor-image-box-img\"><a href=\"https:\/\/mwb.com.pl\/mwb2017\/oferta\/wydawnictwa-archiwalne\/wydawnictwo1\/\" tabindex=\"-1\"><img fetchpriority=\"high\" decoding=\"async\" width=\"600\" height=\"859\" src=\"https:\/\/mwb.com.pl\/mwb2017\/wp-content\/uploads\/2021\/01\/dziesiatacy.jpg\" class=\"elementor-animation-grow attachment-full size-full wp-image-6502\" alt=\"1992 Adam Dobro\u0144ski, \u201eDziesi\u0105tacy z Bia\u0142egostoku\u201d. 10. Pu\u0142k U\u0142an\u00f3w Litewskich\" srcset=\"https:\/\/mwb.com.pl\/mwb2017\/wp-content\/uploads\/2021\/01\/dziesiatacy.jpg 600w, https:\/\/mwb.com.pl\/mwb2017\/wp-content\/uploads\/2021\/01\/dziesiatacy-210x300.jpg 210w, https:\/\/mwb.com.pl\/mwb2017\/wp-content\/uploads\/2021\/01\/dziesiatacy-500x716.jpg 500w\" sizes=\"(max-width: 600px) 100vw, 600px\" \/><\/a><\/figure><div class=\"elementor-image-box-content\"><p class=\"elementor-image-box-description\">Adam Dobro\u0144ski, \u201eDziesi\u0105tacy z Bia\u0142egostoku\u201d. 10. Pu\u0142k U\u0142an\u00f3w Litewskich<\/p><\/div><\/div>\t\t\t\t<\/div>\n\t\t\t\t<\/div>\n\t\t\t\t\t<\/div>\n\t\t<\/div>\n\t\t\t\t<div class=\"elementor-column elementor-col-50 elementor-top-column elementor-element elementor-element-ce63ee0\" data-id=\"ce63ee0\" data-element_type=\"column\" data-e-type=\"column\">\n\t\t\t<div class=\"elementor-widget-wrap elementor-element-populated\">\n\t\t\t\t\t\t<div class=\"elementor-element elementor-element-14d8e64 elementor-position-top elementor-widget elementor-widget-image-box\" data-id=\"14d8e64\" data-element_type=\"widget\" data-e-type=\"widget\" data-widget_type=\"image-box.default\">\n\t\t\t\t<div class=\"elementor-widget-container\">\n\t\t\t\t\t<div class=\"elementor-image-box-wrapper\"><figure class=\"elementor-image-box-img\"><a href=\"https:\/\/mwb.com.pl\/mwb2017\/oferta\/wydawnictwa-archiwalne\/wydawnictwo2\/\" tabindex=\"-1\"><img decoding=\"async\" width=\"600\" height=\"859\" src=\"https:\/\/mwb.com.pl\/mwb2017\/wp-content\/uploads\/2021\/01\/dzieci.jpg\" class=\"elementor-animation-grow attachment-full size-full wp-image-6506\" alt=\"1993 Adam Dobro\u0144ski, Krzysztof Filipow, \u201eDzieci Bia\u0142ostockie\u201d: 42. pu\u0142k piechoty im. gen. Jana Henryka D\u0105browskiego\" srcset=\"https:\/\/mwb.com.pl\/mwb2017\/wp-content\/uploads\/2021\/01\/dzieci.jpg 600w, https:\/\/mwb.com.pl\/mwb2017\/wp-content\/uploads\/2021\/01\/dzieci-210x300.jpg 210w, https:\/\/mwb.com.pl\/mwb2017\/wp-content\/uploads\/2021\/01\/dzieci-500x716.jpg 500w\" sizes=\"(max-width: 600px) 100vw, 600px\" \/><\/a><\/figure><div class=\"elementor-image-box-content\"><p class=\"elementor-image-box-description\">Adam Dobro\u0144ski, Krzysztof Filipow, \u201eDzieci Bia\u0142ostockie\u201d: 42. pu\u0142k piechoty im. gen. Jana Henryka D\u0105browskiego<\/p><\/div><\/div>\t\t\t\t<\/div>\n\t\t\t\t<\/div>\n\t\t\t\t\t<\/div>\n\t\t<\/div>\n\t\t\t\t\t<\/div>\n\t\t<\/section>\n\t\t\t\t<section class=\"elementor-section elementor-top-section elementor-element elementor-element-daf0df8 elementor-section-boxed elementor-section-height-default elementor-section-height-default\" data-id=\"daf0df8\" data-element_type=\"section\" data-e-type=\"section\">\n\t\t\t\t\t\t<div class=\"elementor-container elementor-column-gap-default\">\n\t\t\t\t\t<div class=\"elementor-column elementor-col-50 elementor-top-column elementor-element elementor-element-d2ed818\" data-id=\"d2ed818\" data-element_type=\"column\" data-e-type=\"column\">\n\t\t\t<div class=\"elementor-widget-wrap elementor-element-populated\">\n\t\t\t\t\t\t<div class=\"elementor-element elementor-element-be12965 elementor-position-top elementor-widget elementor-widget-image-box\" data-id=\"be12965\" data-element_type=\"widget\" data-e-type=\"widget\" data-widget_type=\"image-box.default\">\n\t\t\t\t<div class=\"elementor-widget-container\">\n\t\t\t\t\t<div class=\"elementor-image-box-wrapper\"><figure class=\"elementor-image-box-img\"><a href=\"https:\/\/mwb.com.pl\/mwb2017\/oferta\/wydawnictwa-archiwalne\/wydawnictwo3\/\" tabindex=\"-1\"><img decoding=\"async\" width=\"600\" height=\"850\" src=\"https:\/\/mwb.com.pl\/mwb2017\/wp-content\/uploads\/2021\/01\/pilsudski.jpg\" class=\"elementor-animation-grow attachment-full size-full wp-image-6510\" alt=\"1993 Adam Dobro\u0144ski, Krzysztof Filipow, Pi\u0142sudski w Bia\u0142ymstoku: honorowy obywatel miasta 21 VIII 1921 r.\" srcset=\"https:\/\/mwb.com.pl\/mwb2017\/wp-content\/uploads\/2021\/01\/pilsudski.jpg 600w, https:\/\/mwb.com.pl\/mwb2017\/wp-content\/uploads\/2021\/01\/pilsudski-212x300.jpg 212w, https:\/\/mwb.com.pl\/mwb2017\/wp-content\/uploads\/2021\/01\/pilsudski-500x708.jpg 500w\" sizes=\"(max-width: 600px) 100vw, 600px\" \/><\/a><\/figure><div class=\"elementor-image-box-content\"><p class=\"elementor-image-box-description\">Adam Dobro\u0144ski, Krzysztof Filipow, Pi\u0142sudski w Bia\u0142ymstoku: honorowy obywatel miasta 21 VIII 1921 r.<\/p><\/div><\/div>\t\t\t\t<\/div>\n\t\t\t\t<\/div>\n\t\t\t\t\t<\/div>\n\t\t<\/div>\n\t\t\t\t<div class=\"elementor-column elementor-col-50 elementor-top-column elementor-element elementor-element-ae60491\" data-id=\"ae60491\" data-element_type=\"column\" data-e-type=\"column\">\n\t\t\t<div class=\"elementor-widget-wrap elementor-element-populated\">\n\t\t\t\t\t\t<div class=\"elementor-element elementor-element-dcf2fbe elementor-position-top elementor-widget elementor-widget-image-box\" data-id=\"dcf2fbe\" data-element_type=\"widget\" data-e-type=\"widget\" data-widget_type=\"image-box.default\">\n\t\t\t\t<div class=\"elementor-widget-container\">\n\t\t\t\t\t<div class=\"elementor-image-box-wrapper\"><figure class=\"elementor-image-box-img\"><a href=\"https:\/\/mwb.com.pl\/mwb2017\/oferta\/wydawnictwa-archiwalne\/wydawnictwo4\/\" tabindex=\"-1\"><img loading=\"lazy\" decoding=\"async\" width=\"600\" height=\"852\" src=\"https:\/\/mwb.com.pl\/mwb2017\/wp-content\/uploads\/2021\/01\/osowiec-e1610367512299.jpg\" class=\"elementor-animation-grow attachment-full size-full wp-image-6512\" alt=\"\" srcset=\"https:\/\/mwb.com.pl\/mwb2017\/wp-content\/uploads\/2021\/01\/osowiec-e1610367512299.jpg 600w, https:\/\/mwb.com.pl\/mwb2017\/wp-content\/uploads\/2021\/01\/osowiec-e1610367512299-211x300.jpg 211w, https:\/\/mwb.com.pl\/mwb2017\/wp-content\/uploads\/2021\/01\/osowiec-e1610367512299-500x710.jpg 500w\" sizes=\"(max-width: 600px) 100vw, 600px\" \/><\/a><\/figure><div class=\"elementor-image-box-content\"><p class=\"elementor-image-box-description\">Anatol Wap, Twierdza Osowiec: zarys dziej\u00f3w<\/p><\/div><\/div>\t\t\t\t<\/div>\n\t\t\t\t<\/div>\n\t\t\t\t\t<\/div>\n\t\t<\/div>\n\t\t\t\t\t<\/div>\n\t\t<\/section>\n\t\t\t\t<section class=\"elementor-section elementor-top-section elementor-element elementor-element-b950e05 elementor-section-boxed elementor-section-height-default elementor-section-height-default\" data-id=\"b950e05\" data-element_type=\"section\" data-e-type=\"section\">\n\t\t\t\t\t\t<div class=\"elementor-container elementor-column-gap-default\">\n\t\t\t\t\t<div class=\"elementor-column elementor-col-50 elementor-top-column elementor-element elementor-element-937a4b9\" data-id=\"937a4b9\" data-element_type=\"column\" data-e-type=\"column\">\n\t\t\t<div class=\"elementor-widget-wrap elementor-element-populated\">\n\t\t\t\t\t\t<div class=\"elementor-element elementor-element-80da7a8 elementor-position-top elementor-widget elementor-widget-image-box\" data-id=\"80da7a8\" data-element_type=\"widget\" data-e-type=\"widget\" data-widget_type=\"image-box.default\">\n\t\t\t\t<div class=\"elementor-widget-container\">\n\t\t\t\t\t<div class=\"elementor-image-box-wrapper\"><figure class=\"elementor-image-box-img\"><a href=\"https:\/\/mwb.com.pl\/mwb2017\/oferta\/wydawnictwa-archiwalne\/wydawnictwo5\/\" tabindex=\"-1\"><img loading=\"lazy\" decoding=\"async\" width=\"600\" height=\"859\" src=\"https:\/\/mwb.com.pl\/mwb2017\/wp-content\/uploads\/2021\/01\/42pp.jpg\" class=\"elementor-animation-grow attachment-full size-full wp-image-6549\" alt=\"1996 Adam Dobro\u0144ski, Krzysztof Filipow, 42. Pu\u0142k Piechoty im. gen. Jana Henryka D\u0105browskiego\" srcset=\"https:\/\/mwb.com.pl\/mwb2017\/wp-content\/uploads\/2021\/01\/42pp.jpg 600w, https:\/\/mwb.com.pl\/mwb2017\/wp-content\/uploads\/2021\/01\/42pp-210x300.jpg 210w, https:\/\/mwb.com.pl\/mwb2017\/wp-content\/uploads\/2021\/01\/42pp-500x716.jpg 500w\" sizes=\"(max-width: 600px) 100vw, 600px\" \/><\/a><\/figure><div class=\"elementor-image-box-content\"><p class=\"elementor-image-box-description\">Adam Dobro\u0144ski, Krzysztof Filipow, 42. Pu\u0142k Piechoty im. gen. Jana Henryka D\u0105browskiego<\/p><\/div><\/div>\t\t\t\t<\/div>\n\t\t\t\t<\/div>\n\t\t\t\t\t<\/div>\n\t\t<\/div>\n\t\t\t\t<div class=\"elementor-column elementor-col-50 elementor-top-column elementor-element elementor-element-1e6b7a3\" data-id=\"1e6b7a3\" data-element_type=\"column\" data-e-type=\"column\">\n\t\t\t<div class=\"elementor-widget-wrap elementor-element-populated\">\n\t\t\t\t\t\t<div class=\"elementor-element elementor-element-17fbddc elementor-position-top elementor-widget elementor-widget-image-box\" data-id=\"17fbddc\" data-element_type=\"widget\" data-e-type=\"widget\" data-widget_type=\"image-box.default\">\n\t\t\t\t<div class=\"elementor-widget-container\">\n\t\t\t\t\t<div class=\"elementor-image-box-wrapper\"><figure class=\"elementor-image-box-img\"><a href=\"https:\/\/mwb.com.pl\/mwb2017\/oferta\/wydawnictwa-archiwalne\/wydawnictwo6\/\" tabindex=\"-1\"><img loading=\"lazy\" decoding=\"async\" width=\"600\" height=\"859\" src=\"https:\/\/mwb.com.pl\/mwb2017\/wp-content\/uploads\/2021\/01\/strzelcy.jpg\" class=\"elementor-animation-grow attachment-full size-full wp-image-6553\" alt=\"1996 Adam Dobro\u0144ski, Strzelcy kresowi z Zambrowa: 71. Pu\u0142k Piechoty\" srcset=\"https:\/\/mwb.com.pl\/mwb2017\/wp-content\/uploads\/2021\/01\/strzelcy.jpg 600w, https:\/\/mwb.com.pl\/mwb2017\/wp-content\/uploads\/2021\/01\/strzelcy-210x300.jpg 210w, https:\/\/mwb.com.pl\/mwb2017\/wp-content\/uploads\/2021\/01\/strzelcy-500x716.jpg 500w\" sizes=\"(max-width: 600px) 100vw, 600px\" \/><\/a><\/figure><div class=\"elementor-image-box-content\"><p class=\"elementor-image-box-description\">Adam Dobro\u0144ski, Strzelcy kresowi z Zambrowa: 71. Pu\u0142k Piechoty<\/p><\/div><\/div>\t\t\t\t<\/div>\n\t\t\t\t<\/div>\n\t\t\t\t\t<\/div>\n\t\t<\/div>\n\t\t\t\t\t<\/div>\n\t\t<\/section>\n\t\t\t\t<section class=\"elementor-section elementor-top-section elementor-element elementor-element-911bac6 elementor-section-boxed elementor-section-height-default elementor-section-height-default\" data-id=\"911bac6\" data-element_type=\"section\" data-e-type=\"section\">\n\t\t\t\t\t\t<div class=\"elementor-container elementor-column-gap-default\">\n\t\t\t\t\t<div class=\"elementor-column elementor-col-50 elementor-top-column elementor-element elementor-element-00c7b94\" data-id=\"00c7b94\" data-element_type=\"column\" data-e-type=\"column\">\n\t\t\t<div class=\"elementor-widget-wrap elementor-element-populated\">\n\t\t\t\t\t\t<div class=\"elementor-element elementor-element-3942984 elementor-position-top elementor-widget elementor-widget-image-box\" data-id=\"3942984\" data-element_type=\"widget\" data-e-type=\"widget\" data-widget_type=\"image-box.default\">\n\t\t\t\t<div class=\"elementor-widget-container\">\n\t\t\t\t\t<div class=\"elementor-image-box-wrapper\"><figure class=\"elementor-image-box-img\"><a href=\"https:\/\/mwb.com.pl\/mwb2017\/oferta\/wydawnictwa-archiwalne\/wydawnictwo7\/\" tabindex=\"-1\"><img loading=\"lazy\" decoding=\"async\" width=\"600\" height=\"858\" src=\"https:\/\/mwb.com.pl\/mwb2017\/wp-content\/uploads\/2021\/01\/komendanci.jpg\" class=\"elementor-animation-grow attachment-full size-full wp-image-6558\" alt=\"1997 Marek Gajewski, Krzysztof Filipow, Komendanci g\u0142\u00f3wni Policji Pa\u0144stwowej 1919-1939\" srcset=\"https:\/\/mwb.com.pl\/mwb2017\/wp-content\/uploads\/2021\/01\/komendanci.jpg 600w, https:\/\/mwb.com.pl\/mwb2017\/wp-content\/uploads\/2021\/01\/komendanci-210x300.jpg 210w, https:\/\/mwb.com.pl\/mwb2017\/wp-content\/uploads\/2021\/01\/komendanci-500x715.jpg 500w\" sizes=\"(max-width: 600px) 100vw, 600px\" \/><\/a><\/figure><div class=\"elementor-image-box-content\"><p class=\"elementor-image-box-description\">Marek Gajewski, Krzysztof Filipow, Komendanci g\u0142\u00f3wni Policji Pa\u0144stwowej 1919-1939<\/p><\/div><\/div>\t\t\t\t<\/div>\n\t\t\t\t<\/div>\n\t\t\t\t\t<\/div>\n\t\t<\/div>\n\t\t\t\t<div class=\"elementor-column elementor-col-50 elementor-top-column elementor-element elementor-element-1efdf7b\" data-id=\"1efdf7b\" data-element_type=\"column\" data-e-type=\"column\">\n\t\t\t<div class=\"elementor-widget-wrap elementor-element-populated\">\n\t\t\t\t\t\t<div class=\"elementor-element elementor-element-7f87a17 elementor-position-top elementor-widget elementor-widget-image-box\" data-id=\"7f87a17\" data-element_type=\"widget\" data-e-type=\"widget\" data-widget_type=\"image-box.default\">\n\t\t\t\t<div class=\"elementor-widget-container\">\n\t\t\t\t\t<div class=\"elementor-image-box-wrapper\"><figure class=\"elementor-image-box-img\"><a href=\"https:\/\/mwb.com.pl\/mwb2017\/oferta\/wydawnictwa-archiwalne\/wydawnictwo8\/\" tabindex=\"-1\"><img loading=\"lazy\" decoding=\"async\" width=\"600\" height=\"859\" src=\"https:\/\/mwb.com.pl\/mwb2017\/wp-content\/uploads\/2021\/01\/bibliografia.jpg\" class=\"elementor-animation-grow attachment-full size-full wp-image-6562\" alt=\"1998 Beata Jasielczuk, Bibliografia Muzeum Wojska w Bia\u0142ymstoku\" srcset=\"https:\/\/mwb.com.pl\/mwb2017\/wp-content\/uploads\/2021\/01\/bibliografia.jpg 600w, https:\/\/mwb.com.pl\/mwb2017\/wp-content\/uploads\/2021\/01\/bibliografia-210x300.jpg 210w, https:\/\/mwb.com.pl\/mwb2017\/wp-content\/uploads\/2021\/01\/bibliografia-500x716.jpg 500w\" sizes=\"(max-width: 600px) 100vw, 600px\" \/><\/a><\/figure><div class=\"elementor-image-box-content\"><p class=\"elementor-image-box-description\">Beata Jasielczuk, Bibliografia Muzeum Wojska w Bia\u0142ymstoku<\/p><\/div><\/div>\t\t\t\t<\/div>\n\t\t\t\t<\/div>\n\t\t\t\t\t<\/div>\n\t\t<\/div>\n\t\t\t\t\t<\/div>\n\t\t<\/section>\n\t\t\t\t<section class=\"elementor-section elementor-top-section elementor-element elementor-element-c600289 elementor-section-boxed elementor-section-height-default elementor-section-height-default\" data-id=\"c600289\" data-element_type=\"section\" data-e-type=\"section\">\n\t\t\t\t\t\t<div class=\"elementor-container elementor-column-gap-default\">\n\t\t\t\t\t<div class=\"elementor-column elementor-col-50 elementor-top-column elementor-element elementor-element-0043bcb\" data-id=\"0043bcb\" data-element_type=\"column\" data-e-type=\"column\">\n\t\t\t<div class=\"elementor-widget-wrap elementor-element-populated\">\n\t\t\t\t\t\t<div class=\"elementor-element elementor-element-e866f08 elementor-position-top elementor-widget elementor-widget-image-box\" data-id=\"e866f08\" data-element_type=\"widget\" data-e-type=\"widget\" data-widget_type=\"image-box.default\">\n\t\t\t\t<div class=\"elementor-widget-container\">\n\t\t\t\t\t<div class=\"elementor-image-box-wrapper\"><figure class=\"elementor-image-box-img\"><a href=\"https:\/\/mwb.com.pl\/mwb2017\/oferta\/wydawnictwa-archiwalne\/wydawnictwo9\/\" tabindex=\"-1\"><img loading=\"lazy\" decoding=\"async\" width=\"600\" height=\"850\" src=\"https:\/\/mwb.com.pl\/mwb2017\/wp-content\/uploads\/2021\/01\/huzarzy.jpg\" class=\"elementor-animation-grow attachment-full size-full wp-image-6566\" alt=\"\" srcset=\"https:\/\/mwb.com.pl\/mwb2017\/wp-content\/uploads\/2021\/01\/huzarzy.jpg 600w, https:\/\/mwb.com.pl\/mwb2017\/wp-content\/uploads\/2021\/01\/huzarzy-212x300.jpg 212w, https:\/\/mwb.com.pl\/mwb2017\/wp-content\/uploads\/2021\/01\/huzarzy-500x708.jpg 500w\" sizes=\"(max-width: 600px) 100vw, 600px\" \/><\/a><\/figure><div class=\"elementor-image-box-content\"><p class=\"elementor-image-box-description\">Marek Gajewski, Huzarzy \u015bmierci wojny 1920 r.<\/p><\/div><\/div>\t\t\t\t<\/div>\n\t\t\t\t<\/div>\n\t\t\t\t\t<\/div>\n\t\t<\/div>\n\t\t\t\t<div class=\"elementor-column elementor-col-50 elementor-top-column elementor-element elementor-element-4732b9c\" data-id=\"4732b9c\" data-element_type=\"column\" data-e-type=\"column\">\n\t\t\t<div class=\"elementor-widget-wrap elementor-element-populated\">\n\t\t\t\t\t\t<div class=\"elementor-element elementor-element-ab7c73b elementor-position-top elementor-widget elementor-widget-image-box\" data-id=\"ab7c73b\" data-element_type=\"widget\" data-e-type=\"widget\" data-widget_type=\"image-box.default\">\n\t\t\t\t<div class=\"elementor-widget-container\">\n\t\t\t\t\t<div class=\"elementor-image-box-wrapper\"><figure class=\"elementor-image-box-img\"><a href=\"https:\/\/mwb.com.pl\/mwb2017\/oferta\/wydawnictwa-archiwalne\/wydawnictwo10\/\" tabindex=\"-1\"><img loading=\"lazy\" decoding=\"async\" width=\"600\" height=\"844\" src=\"https:\/\/mwb.com.pl\/mwb2017\/wp-content\/uploads\/2021\/01\/zydzi.jpg\" class=\"elementor-animation-grow attachment-full size-full wp-image-6567\" alt=\"2003 \u017bydzi bia\u0142ostoccy: getto, KL Stutthoff, KL Auschwitz, red. Krzysztof Filipow, Urszula Kra\u015bnicka\" srcset=\"https:\/\/mwb.com.pl\/mwb2017\/wp-content\/uploads\/2021\/01\/zydzi.jpg 600w, https:\/\/mwb.com.pl\/mwb2017\/wp-content\/uploads\/2021\/01\/zydzi-213x300.jpg 213w, https:\/\/mwb.com.pl\/mwb2017\/wp-content\/uploads\/2021\/01\/zydzi-500x703.jpg 500w\" sizes=\"(max-width: 600px) 100vw, 600px\" \/><\/a><\/figure><div class=\"elementor-image-box-content\"><p class=\"elementor-image-box-description\">\u017bydzi bia\u0142ostoccy: getto, KL Stutthoff, KL Auschwitz, red. Krzysztof Filipow, Urszula Kra\u015bnicka<\/p><\/div><\/div>\t\t\t\t<\/div>\n\t\t\t\t<\/div>\n\t\t\t\t\t<\/div>\n\t\t<\/div>\n\t\t\t\t\t<\/div>\n\t\t<\/section>\n\t\t\t\t<section class=\"elementor-section elementor-top-section elementor-element elementor-element-81d0906 elementor-section-boxed elementor-section-height-default elementor-section-height-default\" data-id=\"81d0906\" data-element_type=\"section\" data-e-type=\"section\">\n\t\t\t\t\t\t<div class=\"elementor-container elementor-column-gap-default\">\n\t\t\t\t\t<div class=\"elementor-column elementor-col-50 elementor-top-column elementor-element elementor-element-7f6271b\" data-id=\"7f6271b\" data-element_type=\"column\" data-e-type=\"column\">\n\t\t\t<div class=\"elementor-widget-wrap elementor-element-populated\">\n\t\t\t\t\t\t<div class=\"elementor-element elementor-element-cc51bd2 elementor-position-top elementor-widget elementor-widget-image-box\" data-id=\"cc51bd2\" data-element_type=\"widget\" data-e-type=\"widget\" data-widget_type=\"image-box.default\">\n\t\t\t\t<div class=\"elementor-widget-container\">\n\t\t\t\t\t<div class=\"elementor-image-box-wrapper\"><figure class=\"elementor-image-box-img\"><a href=\"https:\/\/mwb.com.pl\/mwb2017\/oferta\/wydawnictwa-archiwalne\/wydawnictwo11\/\" tabindex=\"-1\"><img loading=\"lazy\" decoding=\"async\" width=\"600\" height=\"862\" src=\"https:\/\/mwb.com.pl\/mwb2017\/wp-content\/uploads\/2021\/01\/14dak.jpg\" class=\"elementor-animation-grow attachment-full size-full wp-image-6574\" alt=\"2004 Kajetan Szczepa\u0144ski, Wspomnienia o 14. Dywizjonie artylerii konnej\" srcset=\"https:\/\/mwb.com.pl\/mwb2017\/wp-content\/uploads\/2021\/01\/14dak.jpg 600w, https:\/\/mwb.com.pl\/mwb2017\/wp-content\/uploads\/2021\/01\/14dak-209x300.jpg 209w, https:\/\/mwb.com.pl\/mwb2017\/wp-content\/uploads\/2021\/01\/14dak-500x718.jpg 500w\" sizes=\"(max-width: 600px) 100vw, 600px\" \/><\/a><\/figure><div class=\"elementor-image-box-content\"><p class=\"elementor-image-box-description\">Kajetan Szczepa\u0144ski, Wspomnienia o 14. Dywizjonie artylerii konnej<\/p><\/div><\/div>\t\t\t\t<\/div>\n\t\t\t\t<\/div>\n\t\t\t\t\t<\/div>\n\t\t<\/div>\n\t\t\t\t<div class=\"elementor-column elementor-col-50 elementor-top-column elementor-element elementor-element-783bbd1\" data-id=\"783bbd1\" data-element_type=\"column\" data-e-type=\"column\">\n\t\t\t<div class=\"elementor-widget-wrap elementor-element-populated\">\n\t\t\t\t\t\t<div class=\"elementor-element elementor-element-443044a elementor-position-top elementor-widget elementor-widget-image-box\" data-id=\"443044a\" data-element_type=\"widget\" data-e-type=\"widget\" data-widget_type=\"image-box.default\">\n\t\t\t\t<div class=\"elementor-widget-container\">\n\t\t\t\t\t<div class=\"elementor-image-box-wrapper\"><figure class=\"elementor-image-box-img\"><a href=\"https:\/\/mwb.com.pl\/mwb2017\/oferta\/wydawnictwa-archiwalne\/wydawnictwo12\/\" tabindex=\"-1\"><img loading=\"lazy\" decoding=\"async\" width=\"600\" height=\"848\" src=\"https:\/\/mwb.com.pl\/mwb2017\/wp-content\/uploads\/2021\/01\/garnizon.jpg\" class=\"elementor-animation-grow attachment-full size-full wp-image-6578\" alt=\"2009 Bia\u0142ostocki Garnizon Wojskowy 1919-1939: katalog zbior\u00f3w Muzeum Wojska w Bia\u0142ymstoku\" srcset=\"https:\/\/mwb.com.pl\/mwb2017\/wp-content\/uploads\/2021\/01\/garnizon.jpg 600w, https:\/\/mwb.com.pl\/mwb2017\/wp-content\/uploads\/2021\/01\/garnizon-212x300.jpg 212w, https:\/\/mwb.com.pl\/mwb2017\/wp-content\/uploads\/2021\/01\/garnizon-500x707.jpg 500w\" sizes=\"(max-width: 600px) 100vw, 600px\" \/><\/a><\/figure><div class=\"elementor-image-box-content\"><p class=\"elementor-image-box-description\">Bia\u0142ostocki Garnizon Wojskowy 1919-1939: katalog zbior\u00f3w Muzeum Wojska w Bia\u0142ymstoku<\/p><\/div><\/div>\t\t\t\t<\/div>\n\t\t\t\t<\/div>\n\t\t\t\t\t<\/div>\n\t\t<\/div>\n\t\t\t\t\t<\/div>\n\t\t<\/section>\n\t\t\t\t<\/div>\n\t\t","protected":false},"excerpt":{"rendered":"<p>Adam Dobro\u0144ski, \u201eDziesi\u0105tacy z Bia\u0142egostoku\u201d. 10. Pu\u0142k U\u0142an\u00f3w Litewskich Adam Dobro\u0144ski, Krzysztof Filipow, \u201eDzieci Bia\u0142ostockie\u201d: 42. pu\u0142k piechoty im. gen. Jana Henryka D\u0105browskiego Adam Dobro\u0144ski, Krzysztof Filipow, Pi\u0142sudski w Bia\u0142ymstoku: honorowy obywatel miasta 21 VIII 1921 r. Anatol Wap, Twierdza Osowiec: zarys dziej\u00f3w Adam Dobro\u0144ski, Krzysztof Filipow, 42. Pu\u0142k Piechoty im. gen. Jana Henryka D\u0105browskiego [&hellip;]<\/p>\n","protected":false},"author":1,"featured_media":0,"parent":0,"menu_order":0,"comment_status":"closed","ping_status":"closed","template":"","meta":{"ngg_post_thumbnail":0,"h5ap_radio_sources":[],"_vp_format_video_url":"","_vp_image_focal_point":[],"footnotes":""},"class_list":["post-6501","page","type-page","status-publish","hentry"],"_links":{"self":[{"href":"https:\/\/mwb.com.pl\/mwb2017\/wp-json\/wp\/v2\/pages\/6501","targetHints":{"allow":["GET"]}}],"collection":[{"href":"https:\/\/mwb.com.pl\/mwb2017\/wp-json\/wp\/v2\/pages"}],"about":[{"href":"https:\/\/mwb.com.pl\/mwb2017\/wp-json\/wp\/v2\/types\/page"}],"author":[{"embeddable":true,"href":"https:\/\/mwb.com.pl\/mwb2017\/wp-json\/wp\/v2\/users\/1"}],"replies":[{"embeddable":true,"href":"https:\/\/mwb.com.pl\/mwb2017\/wp-json\/wp\/v2\/comments?post=6501"}],"version-history":[{"count":69,"href":"https:\/\/mwb.com.pl\/mwb2017\/wp-json\/wp\/v2\/pages\/6501\/revisions"}],"predecessor-version":[{"id":6635,"href":"https:\/\/mwb.com.pl\/mwb2017\/wp-json\/wp\/v2\/pages\/6501\/revisions\/6635"}],"wp:attachment":[{"href":"https:\/\/mwb.com.pl\/mwb2017\/wp-json\/wp\/v2\/media?parent=6501"}],"curies":[{"name":"wp","href":"https:\/\/api.w.org\/{rel}","templated":true}]}}