{"id":622,"date":"2017-03-17T14:14:55","date_gmt":"2017-03-17T13:14:55","guid":{"rendered":"http:\/\/mwb.com.pl\/mwb2017\/?page_id=622"},"modified":"2017-03-17T14:49:52","modified_gmt":"2017-03-17T13:49:52","slug":"limes-polonicus-gen-bryg-inz-jozef-burhardt","status":"publish","type":"page","link":"https:\/\/mwb.com.pl\/mwb2017\/limes-polonicus-gen-bryg-inz-jozef-burhardt\/","title":{"rendered":"&#8222;Limes Polonicus&#8221; gen. bryg. in\u017c. J\u00f3zef Burhardt"},"content":{"rendered":"<p><strong>Tom I<\/strong><\/p>\n<p><strong>Spis tre\u015bci:<\/strong><\/p>\n<p><strong>Wst\u0119p<br \/>\nStan bada\u0144 nad fortyfikacyjn\u0105 my\u015bl\u0105 wojskow\u0105 II Rzeczpospolitej<br \/>\nProjekt ufortyfikowania granic Polski wed\u0142ug gen. bryg. J\u00f3zefa Burhardta i jego recepcja w polskiej historiografii<br \/>\nZagadnienia badawcze i struktura pracy<br \/>\nOg\u00f3lna charakterystyka wykorzystanych \u017ar\u00f3de\u0142 i literatury<br \/>\nKwestie chronologiczne i terminologiczne<\/strong><br \/>\n<strong>Rozdzia\u0142 1<\/strong><br \/>\nJ\u00f3zef Burhardt w Biografistyce<br \/>\n<strong>Rozdzia\u0142 2<\/strong><br \/>\nTradycje rodzinne i dzieci\u0144stwo<br \/>\n<strong>Rozdzia\u0142 3<\/strong><br \/>\nW s\u0142u\u017cbie trzech car\u00f3w (1873-1909)<br \/>\nW 1. Petersburskim Gimnazjum Wojskowym ( 1873 -1880)<br \/>\nW 1. Paw\u0142owskiej Szkole Wojskowej (1880-1882)<br \/>\nW batalionach saperskich i pontonowych Petersburskiego, Odeskiego oraz Wile\u0144skiego Okr\u0119gu Wojskowego (1882-1887)<br \/>\nW Miko\u0142ajewskiej Akademii In\u017cynieryjnej w Petersburgu (1887-1890)<br \/>\nW 1. Moskiewskim Dystansie In\u017cynieryjnym Okr\u0119gowego Zarz\u0105du In\u017cynieryjnego Moskiewskiego Okr\u0119gu Wojskowego (1891-1904)<br \/>\nIrkuckim Dystansie In\u017cynieryjnym Syberyjskiego Okr\u0119gu Wojskowego (1903-1905)<br \/>\nW Irkuckiej Junkierskiej Szkole Piechoty (1905-1909)<br \/>\n<strong>Rozdzia\u0142 4<\/strong><br \/>\nW rezerwie i stanie spoczynku armii imperatorskiej (1909-1914), podczas wojny \u015bwiatowej, rewolucji i wojny domowej w Rosji (1914-1918)<br \/>\nW rezerwie (1909 -1913) i stanie spoczynku (1913 \u2013 1914) armii imperatorskiej<br \/>\nPodczas wojny \u015bwiatowej w dow\u00f3dztwie 2. Syberyjskiej Zapasowej Brygady Piechoty (1914-1915) oraz sztabie Irkuckiego Okr\u0119gu Wojskowego (1915-1917)<br \/>\nW sztabie Irkuckiego Okr\u0119gu Wojskowego podczas rewolucji i przewrotu bolszewickiego (1917-1918)<br \/>\n<strong>Rozdzia\u0142 5<\/strong><br \/>\nW wojsku polskim na Syberii i Dalekim Wschodzie (1919-1920)<br \/>\nNa stanowisku w\u0142adywostockiego przedstawiciela dow\u00f3dcy Wojska Polskiego we Wschodniej Rosji (1919-1920 r.)<br \/>\n<strong>Rozdzia\u0142 6<\/strong><br \/>\nW wojsku polskim po powrocie do kraju (1920-1922)<br \/>\n<strong>Rozdzia\u0142 7<\/strong><br \/>\nW stanie spoczynku (1922-1938)<br \/>\nPocz\u0105tki dzia\u0142alno\u015bci popularyzatorskiej i publicystycznej (1922-1923)<br \/>\nAutor niechcianego podr\u0119cznika fortyfikacji sta\u0142ej (1923)<br \/>\nDzia\u0142alno\u015b\u0107 w Ognisku Emeryt\u00f3w Wojskowych i Zwi\u0105zku Emeryt\u00f3w Wojskowych (1924-1925)<br \/>\nDzia\u0142alno\u015b\u0107 publicystyczna (1925-1926) oraz popularyzatorska w Sekcji Fortyfikacyjnej Zarz\u0105du G\u0142\u00f3wnego Towarzystwa Wiedzy Wojskowej (1926-1930)<br \/>\nNa emeryturze w Opaleniach<br \/>\n\u015amier\u0107 i pogrzeb genera\u0142a<br \/>\n<strong> Bibliografia Tomu I<\/strong><\/p>\n<p><strong>Tom II<\/strong><br \/>\n<strong>Rozdzia\u0142 8<\/strong><br \/>\nInspiracje \u2013 Wp\u0142yw rosyjskiej szko\u0142y fortyfikacyjnej, do\u015bwiadcze\u0144 wojny \u015bwiatowej oraz my\u015bli wojskowej pocz\u0105tku lat dwudziestych XX w. na pogl\u0105dy gen. bryg. in\u017c. J\u00f3zefa Burhardta<br \/>\nWp\u0142yw edukacji i do\u015bwiadczenia wojnowo0in\u017cynieryjnego z armii imperatorskiej na koncepcje fortyfikacyjne gen. bryg. in\u017c. J. Burhardta<br \/>\nWp\u0142yw europejskiej in\u017cynieryjnej my\u015bli wojskowej pocz\u0105tku lat dwudziestych XX w. na koncepcje fortyfikacyjne gen. bryg. in\u017c. J. Burhardta<br \/>\nWp\u0142yw polskiej in\u017cynieryjnej my\u015bli wojskowej pocz\u0105tku lat dwudziestych XX w. na koncepcje fortyfikacji gen. bryg. in\u017c. J. Burhardta<br \/>\nCharakter przysz\u0142ej wojny w pogl\u0105dach gen. bryg. in\u017c. J. Burhardta<br \/>\nForteczne pole walki przysz\u0142o\u015bci w wizji gen. bryg. in\u017c. J. Burhardta<br \/>\nFortyfikacja w pogl\u0105dach gen. bryg. in\u017c. J. Burhardta<br \/>\nTerminologia wojskowa i techniczna w publikacjach gen. bryg. in\u017c. J. Burhardta<br \/>\n<strong>Rozdzia\u0142 9<\/strong><br \/>\n\u201eVallum Barhardit\u201d \u2013 Taktyczno-techniczne za\u0142o\u017cenia \u201eLimesu\u201d fortyfikacyjnego gen. bryg. in\u017c. J\u00f3zefa Burhardta<br \/>\nChronologia narodzin i ewolucji taktyczno-technicznej koncepcji fortyfikacyjnej gen. bryg. in\u017c. J. Burhardta<br \/>\nOg\u00f3lne za\u0142o\u017cenia systemu gen. bryg. in\u017c. J. Burhardta<br \/>\nWariant maksymalny \u2013 \u201elimes\u201d w terenie r\u00f3wninnym<br \/>\na) przeszkoda g\u0142\u00f3wna \u2013 r\u00f3w z wa\u0142em i wzmocnion\u0105 przeciwskarp\u0105<br \/>\nb) flankowanie przeszk\u00f3d \u2013 obiekty artyleryjskie<br \/>\nc) schrony dla artylerii wie\u017cowej i broni maszynowej<br \/>\nd) pozycje piechoty, schrony bierne i komunikacje podziemne<br \/>\ne) przedwa\u0142 i przeszkody dodatkowe \u2013 druty kolczaste<br \/>\nf) stanowiska artylerii polowej, ci\u0119\u017ckiej i przeciwlotniczej, komunikacje naziemne oraz obiekty magazynowe<br \/>\ng) maskowanie umocnie\u0144<br \/>\nWarianty optymalne \u2013 \u201elimites\u201d z przeszkodami naturalnymi<br \/>\nZa\u0142ogi fortyfikacji gen. bryg. in\u017c. J. Burhardta<br \/>\nW obronie dogmat\u00f3w &#8211; gen. bryg. in\u017c. J. Burhardt wobec konkurencyjnych projekt\u00f3w fortyfikacyjnych<br \/>\nOcena taktyczno-techniczna za\u0142o\u017ce\u0144 \u201elimesu\u201d gen. bryg. in\u017c. J. Burhardta<br \/>\n<strong>Rozdzia\u0142 10<\/strong><br \/>\n\u201eLimes Polonicus\u201d \u2013 Rzeczpospolita jako \u201ePa\u0144stwo-twierdza\u201d w wizji gen. bryg. in\u017c. J. Burhardta<br \/>\nRegulacja zasad planowania fortyfikacyjnego w II Rzeczpospolitej<br \/>\n\u201eLimes polonicus\u201d u swych korzeni (1922-1927)<br \/>\n\u201eLimes polonicus\u201d wg koncepcji z czerwca 1930 r.<br \/>\na) \u201elimes\u201d pomorski<br \/>\nb) \u201elimes\u201d wile\u0144ski<br \/>\nc) \u201elimes\u201d Ma\u0142opolski Wschodniej<br \/>\nd) \u201elimes\u201d g\u00f3rno\u015bl\u0105ski<br \/>\ne) obszary pomi\u0119dzy \u201elimites\u201d i modernizowane twierdze w g\u0142\u0119bi kraju<br \/>\n\u201eLimes polonicus\u201d w liczbach<br \/>\n<strong>Rozdzia\u0142 11<\/strong><br \/>\nKoszty i czas \u2013 ocena realno\u015bci za\u0142o\u017ce\u0144 \u201elimesu\u201d fortyfikacyjnego gen. bryg. in\u017c. J. Burhardta<br \/>\nMilion frank\u00f3w francuskich za kilometr przez 40 lat \u2013 kalkulacja finansowa z 1922 r.<br \/>\nFortyfikacje ta\u0144sze, ni\u017c amunicja niezb\u0119dna do ich zniszczenia \u2013 kalkulacja finansowa z 1923 r.<br \/>\n\u201eLimes\u201d pomorski za 100 milion\u00f3w z\u0142 \u2013 kalkulacja finansowa z 1925 r.<br \/>\n\u201eLimes polonicus\u201d za 700 milion\u00f3w z\u0142 w 5 lat \u2013 kalkulacja finansowa z 1930 r.<br \/>\n\u201eKosztorysy\u201d umocnie\u0144 gen. bryg. in\u017c. J. Burhardta pod lup\u0105<br \/>\na) koszty wyw\u0142aszcze\u0144<br \/>\nb) koszty wykonania rob\u00f3t ziemnych<br \/>\nc) koszty wykonania przeszk\u00f3d drutowych<br \/>\nd) koszty rob\u00f3t betoniarskich<br \/>\ne) koszty wykonania element\u00f3w pancernych<br \/>\nf) koszt wyposa\u017cenia wewn\u0119trznego i sieci \u0142\u0105czno\u015bci<br \/>\ng) koszty uzbrojenia i amunicji<br \/>\nRzeczywista koszty \u201elimesu\u201d gen. bryg. in\u017c. J. Burhardta \u2013 podsumowanie<br \/>\n\u201eLimes polonicus\u201d w \u015bwietle mo\u017cliwo\u015bci bud\u017cetowych Wojska Polskiego i wydatk\u00f3w na budow\u0119 fortyfikacji w latach 1929-1938<br \/>\n<strong>Zako\u0144czenie<\/strong><\/p>\n","protected":false},"excerpt":{"rendered":"<p>Tom I Spis tre\u015bci: Wst\u0119p Stan bada\u0144 nad fortyfikacyjn\u0105 my\u015bl\u0105 wojskow\u0105 II Rzeczpospolitej Projekt ufortyfikowania granic Polski wed\u0142ug gen. bryg. J\u00f3zefa Burhardta i jego recepcja w polskiej historiografii Zagadnienia badawcze i struktura pracy Og\u00f3lna charakterystyka wykorzystanych \u017ar\u00f3de\u0142 i literatury Kwestie chronologiczne i terminologiczne Rozdzia\u0142 1 J\u00f3zef Burhardt w Biografistyce Rozdzia\u0142 2 Tradycje rodzinne i dzieci\u0144stwo [&hellip;]<\/p>\n","protected":false},"author":2,"featured_media":0,"parent":0,"menu_order":0,"comment_status":"closed","ping_status":"closed","template":"","meta":{"ngg_post_thumbnail":0,"h5ap_radio_sources":[],"_vp_format_video_url":"","_vp_image_focal_point":[],"footnotes":""},"class_list":["post-622","page","type-page","status-publish","hentry"],"_links":{"self":[{"href":"https:\/\/mwb.com.pl\/mwb2017\/wp-json\/wp\/v2\/pages\/622","targetHints":{"allow":["GET"]}}],"collection":[{"href":"https:\/\/mwb.com.pl\/mwb2017\/wp-json\/wp\/v2\/pages"}],"about":[{"href":"https:\/\/mwb.com.pl\/mwb2017\/wp-json\/wp\/v2\/types\/page"}],"author":[{"embeddable":true,"href":"https:\/\/mwb.com.pl\/mwb2017\/wp-json\/wp\/v2\/users\/2"}],"replies":[{"embeddable":true,"href":"https:\/\/mwb.com.pl\/mwb2017\/wp-json\/wp\/v2\/comments?post=622"}],"version-history":[{"count":5,"href":"https:\/\/mwb.com.pl\/mwb2017\/wp-json\/wp\/v2\/pages\/622\/revisions"}],"predecessor-version":[{"id":627,"href":"https:\/\/mwb.com.pl\/mwb2017\/wp-json\/wp\/v2\/pages\/622\/revisions\/627"}],"wp:attachment":[{"href":"https:\/\/mwb.com.pl\/mwb2017\/wp-json\/wp\/v2\/media?parent=622"}],"curies":[{"name":"wp","href":"https:\/\/api.w.org\/{rel}","templated":true}]}}