{"id":60,"date":"2017-02-28T13:17:18","date_gmt":"2017-02-28T12:17:18","guid":{"rendered":"http:\/\/mwb.com.pl\/mwb2017\/?page_id=60"},"modified":"2025-08-06T09:13:10","modified_gmt":"2025-08-06T07:13:10","slug":"dla-mediow","status":"publish","type":"page","link":"https:\/\/mwb.com.pl\/mwb2017\/kontakt\/dla-mediow\/","title":{"rendered":"Dla Medi\u00f3w"},"content":{"rendered":"<p>&nbsp;<\/p>\n<p><img fetchpriority=\"high\" decoding=\"async\" class=\"alignnone size-large wp-image-12619\" src=\"https:\/\/mwb.com.pl\/mwb2017\/wp-content\/uploads\/2024\/01\/logo_mwb-1024x1024.png\" alt=\"\" width=\"606\" height=\"606\" srcset=\"https:\/\/mwb.com.pl\/mwb2017\/wp-content\/uploads\/2024\/01\/logo_mwb-1024x1024.png 1024w, https:\/\/mwb.com.pl\/mwb2017\/wp-content\/uploads\/2024\/01\/logo_mwb-300x300.png 300w, https:\/\/mwb.com.pl\/mwb2017\/wp-content\/uploads\/2024\/01\/logo_mwb-150x150.png 150w, https:\/\/mwb.com.pl\/mwb2017\/wp-content\/uploads\/2024\/01\/logo_mwb-768x768.png 768w, https:\/\/mwb.com.pl\/mwb2017\/wp-content\/uploads\/2024\/01\/logo_mwb-500x500.png 500w, https:\/\/mwb.com.pl\/mwb2017\/wp-content\/uploads\/2024\/01\/logo_mwb-800x800.png 800w, https:\/\/mwb.com.pl\/mwb2017\/wp-content\/uploads\/2024\/01\/logo_mwb.png 1117w\" sizes=\"(max-width: 606px) 100vw, 606px\" \/><\/p>\n<p>Ka\u017cde u\u017cycie logotypu Muzeum Wojska w Bia\u0142ymstoku wymaga akceptacji Dzia\u0142u Edukacji i Wystaw. Projekty prosimy przesy\u0142a\u0107 na adres: biuro@mwb.com.pl<br \/>\n<a href=\"https:\/\/mwb.com.pl\/mwb2017\/wp-content\/uploads\/2024\/01\/logo_MWB_RGB.pdf\" target=\"_blank\" rel=\"noopener\">do pobrania &#8211; logo zielone w formacie pdf<\/a><br \/>\n<a href=\"https:\/\/mwb.com.pl\/mwb2017\/wp-content\/uploads\/2024\/01\/logo_MWB_Black.pdf\" target=\"_blank\" rel=\"noopener\">do pobrania &#8211; logo czarne w formacie pdf<\/a><\/p>\n<p>Kontakt dla medi\u00f3w:<br \/>\nTomasz Czy\u017cewski<br \/>\ntel: 85 741 64 49 wew. 13<br \/>\nkom: 535 931 707<br \/>\nemail: tczyzewski@mwb.com.pl<\/p>\n","protected":false},"excerpt":{"rendered":"<p>&nbsp; Ka\u017cde u\u017cycie logotypu Muzeum Wojska w Bia\u0142ymstoku wymaga akceptacji Dzia\u0142u Edukacji i Wystaw. Projekty prosimy przesy\u0142a\u0107 na adres: biuro@mwb.com.pl do pobrania &#8211; logo zielone w formacie pdf do pobrania &#8211; logo czarne w formacie pdf Kontakt dla medi\u00f3w: Tomasz Czy\u017cewski tel: 85 741 64 49 wew. 13 kom: 535 931 707 email: tczyzewski@mwb.com.pl<\/p>\n","protected":false},"author":2,"featured_media":0,"parent":14,"menu_order":0,"comment_status":"closed","ping_status":"closed","template":"","meta":{"ngg_post_thumbnail":0,"h5ap_radio_sources":[],"_vp_format_video_url":"","_vp_image_focal_point":[],"footnotes":""},"class_list":["post-60","page","type-page","status-publish","hentry"],"_links":{"self":[{"href":"https:\/\/mwb.com.pl\/mwb2017\/wp-json\/wp\/v2\/pages\/60","targetHints":{"allow":["GET"]}}],"collection":[{"href":"https:\/\/mwb.com.pl\/mwb2017\/wp-json\/wp\/v2\/pages"}],"about":[{"href":"https:\/\/mwb.com.pl\/mwb2017\/wp-json\/wp\/v2\/types\/page"}],"author":[{"embeddable":true,"href":"https:\/\/mwb.com.pl\/mwb2017\/wp-json\/wp\/v2\/users\/2"}],"replies":[{"embeddable":true,"href":"https:\/\/mwb.com.pl\/mwb2017\/wp-json\/wp\/v2\/comments?post=60"}],"version-history":[{"count":18,"href":"https:\/\/mwb.com.pl\/mwb2017\/wp-json\/wp\/v2\/pages\/60\/revisions"}],"predecessor-version":[{"id":14508,"href":"https:\/\/mwb.com.pl\/mwb2017\/wp-json\/wp\/v2\/pages\/60\/revisions\/14508"}],"up":[{"embeddable":true,"href":"https:\/\/mwb.com.pl\/mwb2017\/wp-json\/wp\/v2\/pages\/14"}],"wp:attachment":[{"href":"https:\/\/mwb.com.pl\/mwb2017\/wp-json\/wp\/v2\/media?parent=60"}],"curies":[{"name":"wp","href":"https:\/\/api.w.org\/{rel}","templated":true}]}}