{"id":56,"date":"2026-02-06T08:16:34","date_gmt":"2026-02-06T07:16:34","guid":{"rendered":"http:\/\/mwb.com.pl\/mwb2017\/?page_id=56"},"modified":"2026-04-08T15:10:29","modified_gmt":"2026-04-08T13:10:29","slug":"pracownicy","status":"publish","type":"page","link":"https:\/\/mwb.com.pl\/mwb2017\/kontakt\/pracownicy\/","title":{"rendered":"Pracownicy"},"content":{"rendered":"<h5><strong>Dyrektor Muzeum Wojska w Bia\u0142ymstoku<\/strong><\/h5>\n<p><strong>Robert Sadowski<\/strong><\/p>\n<h5><strong>Biuro Muzeum<\/strong><\/h5>\n<p>tel.: 85 741 54 48<br \/>\nemail: biuro@mwb.com.pl<\/p>\n<p>Aneta Bogdan<br \/>\ntel.: 85 741 54 48<br \/>\nemail: abogdan@mwb.com.pl<\/p>\n<p>Aneta Skonieczna-Dunda<br \/>\ntel.: 85 741 54 48<br \/>\nemail: adunda@mwb.com.pl<\/p>\n<h5><strong>Dzia\u0142 Ksi\u0119gowo\u015bci<\/strong><\/h5>\n<p><strong><font style=\"color: #0a875a;\">G\u0142\u00f3wny Ksi\u0119gowy<\/font><\/strong><br \/>\nAgnieszka Tyszkiewicz<br \/>\ntel.: 85 741 64 49 wew. 24<br \/>\nemail: atyszkiewicz@mwb.com.pl<\/p>\n<p>Monika Romaniuk<br \/>\ntel.: 85 741 64 49 wew. 24<br \/>\nemail: mromaniuk@mwb.com.pl<\/p>\n<h5><strong>Dzia\u0142 Administracyjny<\/strong><\/h5>\n<p><strong><font style=\"color: #0a875a;\">Kierownik<\/font><\/strong><br \/>\nJoanna Dubowska<br \/>\ntel.: 85 741 64 49 wew. 23<br \/>\nemail: jdubowska@mwb.com.pl<\/p>\n<p>Agnieszka Bo\u0142truczyk<br \/>\ntel.: 85 741 64 49 wew. 24<br \/>\nemail: aboltruczyk@mwb.com.pl<\/p>\n<p>Micha\u0142 Groman<br \/>\ntel.: 85 741 64 49 wew. 19<br \/>\nemail: mgroman@mwb.com.pl<\/p>\n<p>Miros\u0142aw Koz\u0142owski<br \/>\ntel.: 85 741 64 49 wew. 23<br \/>\nemail: mkozlowski@mwb.com.pl<\/p>\n<p>Beata Wi\u015bniewska-Lewoc<br \/>\ntel.: 85 741 64 49 wew. 23<br \/>\nemail: blewoc@mwb.com.pl<\/p>\n<h5><strong>Dzia\u0142 G\u0142\u00f3wnego Inwentaryzatora<\/strong><\/h5>\n<p><strong><font style=\"color: #0a875a;\">G\u0142\u00f3wny Inwentaryzator<\/font><\/strong><br \/>\ndr Sylwia Trzeciakowska<br \/>\ntel.: 85 741 64 49 wew. 15<br \/>\nemail: strzeciakowska@mwb.com.pl<\/p>\n<p>Wojciech B\u0105bczy\u0144ski<br \/>\ntel.: 85 741 64 49 wew. 18<br \/>\nemail: wbabczynski@mwb.com.pl<\/p>\n<p>Micha\u0142 Daszuta<br \/>\ntel.: 85 741 64 49 wew. 15<br \/>\nemail: mdaszuta@mwb.com.pl<\/p>\n<p>Wojciech Hry\u0144<br \/>\ntel.: 85 741 64 49 wew. 18<br \/>\nemail: whryn@mwb.com.pl<\/p>\n<p>Piotr Karczewski<br \/>\ntel.: 85 741 64 49 wew. 17<br \/>\nemail: pkarczewski@mwb.com.pl<\/p>\n<p>Dariusz Ko\u0142ban<br \/>\ntel.: 85 741 64 49 wew. 15<br \/>\nemail: dkolban@mwb.com.pl<\/p>\n<p>Monika Ko\u015bciukiewicz<br \/>\ntel.: 85 741 64 49 wew. 15<br \/>\nemail: mkosciukiewicz@mwb.com.pl<\/p>\n<p>dr Jan Niko\u0142ajuk<br \/>\ntel.: 85 741 64 49 wew. 15<br \/>\nemail: jnikolajuk@mwb.com.pl<\/p>\n<p>dr Katarzyna Zapolska<br \/>\ntel.: 85 741 64 49 wew. 18<br \/>\nemail: kzapolska@mwb.com.pl<\/p>\n<h5><strong>Dzia\u0142 Edukacji i Wystaw<\/strong><\/h5>\n<h5>&nbsp;<\/h5>\n<p><strong><font style=\"color: #0a875a;\">Kierownik<\/font><\/strong><br \/>\nMateusz Budzy\u0144ski<br \/>\ntel.: 85 741 64 49 wew. 28<br \/>\nemail: mbudzynski@mwb.com.pl<\/p>\n<p>Piotr Bia\u0142okozowicz<br \/>\nczasowa nieobecno\u015b\u0107<\/p>\n<p>Barbara Bielawiec<br \/>\ntel.: 85 741 64 49 wew. 17<br \/>\nemail: bbielawiec@mwb.com.pl<\/p>\n<p>Halina Chrostowska<br \/>\ntel.: 85 741 64 49 wew. 17<br \/>\nemail: hchrostowska@mwb.com.pl<\/p>\n<p>Maria Czyryk<br \/>\ntel.: 85 741 64 49 wew. 28<br \/>\nemail: mczyryk@mwb.com.pl<\/p>\n<p>Urszula Dunaj-Kapli\u0144ska<br \/>\ntel.: 85 741 64 49 wew. 17<br \/>\nemail: udunaj@mwb.com.pl<\/p>\n<p>R\u00f3\u017ca Gajek<br \/>\ntel.: 85 741 64 49 wew. 28<br \/>\nemail: rgajek@mwb.com.pl<\/p>\n<p>Karolina Haponik<br \/>\ntel.: 85 741 64 49 wew. 28<br \/>\nemail: khaponik@mwb.com.pl<\/p>\n<p>Jerzy Hungendorfer<br \/>\ntel.: 85 741 64 49 wew. 16<br \/>\nemail: jhungendorfer@mwb.com.pl<\/p>\n<p>Piotr Januszek<br \/>\ntel.: 85 741 64 49 wew. 11<br \/>\nemail: pjanuszek@mwb.com.pl<\/p>\n<p>\u0141ukasz Makowski<br \/>\ntel.: 85 741 64 49 wew. 19<br \/>\nemail: lmakowski@mwb.com.pl<\/p>\n<p>Patrycja Mozyrska<br \/>\ntel.: 85 741 64 49 wew. 11<br \/>\nemail: pmozyrska@mwb.com.pl<\/p>\n<p>Teresa Przepie\u015b\u0107-Misarko<br \/>\ntel.: 85 741 64 49 wew. 28<br \/>\nemail: tmisarko@mwb.com.pl<\/p>\n<p>Micha\u0142 Rogalski<br \/>\ntel.: 85 741 64 49 wew. 19<br \/>\nemail: mrogalski@mwb.com.pl<\/p>\n<p>Ewelina Sarosiek<br \/>\ntel.: 85 741 64 49 wew. 13<br \/>\nemail: esarosiek@mwb.com.pl<\/p>\n<p>Szczepan Skibicki<br \/>\ntel.: 85 741 64 49 wew. 17<br \/>\nemail: sskibicki@mwb.com.pl<\/p>\n<p>Marzena Wilczko<br \/>\ntel.: 85 741 64 49 wew. 13<br \/>\nemail: mwilczko@mwb.com.pl<\/p>\n<h5><strong>O\u015brodek Bada\u0144 Historii Wojskowej<\/strong><\/h5>\n<p><strong><font style=\"color: #0a875a;\">Kierownik<\/font><\/strong><br \/>\ndr \u0141ukasz Radulski<br \/>\ntel.: 85 741 64 49 wew. 16<br \/>\nemail: lradulski@mwb.com.pl<\/p>\n<p>Natalia Filinowicz<br \/>\ntel.: 85 741 64 49 wew. 16<br \/>\nemail: nfilinowicz@mwb.com.pl<\/p>\n<p>Dawid Raczko<br \/>\ntel.: 85 741 64 49 wew. 16<br \/>\nemail: draczko@mwb.com.pl<\/p>\n<p>Jakub Rafa\u0142owski<br \/>\ntel.: 85 741 64 49 wew. 16<br \/>\nemail: jrafalowski@mwb.com.pl<\/p>\n<p>dr Tomasz Weso\u0142owski<br \/>\ntel.: 85 741 64 49 wew. 16<br \/>\nemail: twesolowski@mwb.com.pl<\/p>\n<h5><strong>Biblioteka Fachowa<\/strong><\/h5>\n<p>Beata Jasielczuk<br \/>\ntel.: 85 741 64 49 wew. 16<br \/>\nemail: bjasielczuk@mwb.com.pl<\/p>\n<h5><strong>Dzia\u0142 Marketingu<\/strong><\/h5>\n<p>Tomasz Czy\u017cewski<br \/>\ntel.: 85 741 64 49 wew. 28<br \/>\nemail: tczyzewski@mwb.com.pl<\/p>\n<p>Michalina Klimowicz<br \/>\ntel.: 85 741 64 49 wew. 19<br \/>\nemail: mklimowicz@mwb.com.pl<\/p>\n<h5><strong>Oddzia\u0142 Muzeum &#8211; Galeria Bia\u0142ostockiego Sportu<\/strong><\/h5>\n<p><strong><font style=\"color: #0a875a;\">Kierownik<\/font><\/strong><br \/>\nMarcin Kozi\u0144ski<br \/>\ntel.: 85 741 64 49 wew. 17<br \/>\nemail: mkozinski@mwb.com.pl<\/p>\n<p>Jaros\u0142aw Dunda<br \/>\nemail: jdunda@mwb.com.pl<\/p>\n<p>Mateusz Jask\u00f3\u0142d<br \/>\ntel.: 85 741 64 49 wew. 17<br \/>\nemail: mjaskold@mwb.com.pl<\/p>\n<p>Robert Koz\u0142owski<br \/>\ntel.: 85 741 64 49 wew. 17<br \/>\nemail: rkozlowski@mwb.com.pl<\/p>\n<p>dr hab. Artur Pasko<br \/>\nemail: apasko@mwb.com.pl<\/p>\n<p>Pawe\u0142 Surmasiewicz<br \/>\ntel.: 85 741 64 49 wew. 17<br \/>\nemail: psurmasiewicz@mwb.com.pl<\/p>\n<p>Piotr Wo\u0142osik<br \/>\nemail: pwolosik@mwb.com.pl<\/p>\n","protected":false},"excerpt":{"rendered":"<p>Dyrektor Muzeum Wojska w Bia\u0142ymstoku Robert Sadowski Biuro Muzeum tel.: 85 741 54 48 email: biuro@mwb.com.pl Aneta Bogdan tel.: 85 741 54 48 email: abogdan@mwb.com.pl Aneta Skonieczna-Dunda tel.: 85 741 54 48 email: adunda@mwb.com.pl Dzia\u0142 Ksi\u0119gowo\u015bci G\u0142\u00f3wny Ksi\u0119gowy Agnieszka Tyszkiewicz tel.: 85 741 64 49 wew. 24 email: atyszkiewicz@mwb.com.pl Monika Romaniuk tel.: 85 741 64 [&hellip;]<\/p>\n","protected":false},"author":1,"featured_media":0,"parent":14,"menu_order":0,"comment_status":"closed","ping_status":"closed","template":"","meta":{"ngg_post_thumbnail":0,"h5ap_radio_sources":[],"_vp_format_video_url":"","_vp_image_focal_point":[],"footnotes":""},"class_list":["post-56","page","type-page","status-publish","hentry"],"_links":{"self":[{"href":"https:\/\/mwb.com.pl\/mwb2017\/wp-json\/wp\/v2\/pages\/56","targetHints":{"allow":["GET"]}}],"collection":[{"href":"https:\/\/mwb.com.pl\/mwb2017\/wp-json\/wp\/v2\/pages"}],"about":[{"href":"https:\/\/mwb.com.pl\/mwb2017\/wp-json\/wp\/v2\/types\/page"}],"author":[{"embeddable":true,"href":"https:\/\/mwb.com.pl\/mwb2017\/wp-json\/wp\/v2\/users\/1"}],"replies":[{"embeddable":true,"href":"https:\/\/mwb.com.pl\/mwb2017\/wp-json\/wp\/v2\/comments?post=56"}],"version-history":[{"count":104,"href":"https:\/\/mwb.com.pl\/mwb2017\/wp-json\/wp\/v2\/pages\/56\/revisions"}],"predecessor-version":[{"id":15254,"href":"https:\/\/mwb.com.pl\/mwb2017\/wp-json\/wp\/v2\/pages\/56\/revisions\/15254"}],"up":[{"embeddable":true,"href":"https:\/\/mwb.com.pl\/mwb2017\/wp-json\/wp\/v2\/pages\/14"}],"wp:attachment":[{"href":"https:\/\/mwb.com.pl\/mwb2017\/wp-json\/wp\/v2\/media?parent=56"}],"curies":[{"name":"wp","href":"https:\/\/api.w.org\/{rel}","templated":true}]}}