{"id":5378,"date":"2020-06-01T13:29:06","date_gmt":"2020-06-01T11:29:06","guid":{"rendered":"https:\/\/mwb.com.pl\/mwb2017\/?page_id=5378"},"modified":"2020-06-01T13:29:06","modified_gmt":"2020-06-01T11:29:06","slug":"formularz-zgloszeniowy","status":"publish","type":"page","link":"https:\/\/mwb.com.pl\/mwb2017\/oferta\/edukacja\/formularz-zgloszeniowy\/","title":{"rendered":"Formularz zg\u0142oszeniowy"},"content":{"rendered":"<p>Zapraszamy do wype\u0142nienia formularza.<br \/>\nPrzy zapisie wi\u0119cej ni\u017c jednego dziecka, kt\u00f3re korzysta\u0107 b\u0119d\u0105 z jednego komputera w trakcie zaj\u0119\u0107, prosimy o wype\u0142nienie jednego formularza na jedno dziecko. Kolejne dzieci prosimy wpisa\u0107 w tre\u015bci wiadomo\u015bci.<\/p>\n\n<div class=\"wpcf7 no-js\" id=\"wpcf7-f5377-o1\" lang=\"pl-PL\" dir=\"ltr\" data-wpcf7-id=\"5377\">\n<div class=\"screen-reader-response\"><p role=\"status\" aria-live=\"polite\" aria-atomic=\"true\"><\/p> <ul><\/ul><\/div>\n<form action=\"\/mwb2017\/wp-json\/wp\/v2\/pages\/5378#wpcf7-f5377-o1\" method=\"post\" class=\"wpcf7-form init\" aria-label=\"Formularz kontaktowy\" novalidate=\"novalidate\" data-status=\"init\">\n<fieldset class=\"hidden-fields-container\"><input type=\"hidden\" name=\"_wpcf7\" value=\"5377\" \/><input type=\"hidden\" name=\"_wpcf7_version\" value=\"6.1.5\" \/><input type=\"hidden\" name=\"_wpcf7_locale\" value=\"pl_PL\" \/><input type=\"hidden\" name=\"_wpcf7_unit_tag\" value=\"wpcf7-f5377-o1\" \/><input type=\"hidden\" name=\"_wpcf7_container_post\" value=\"0\" \/><input type=\"hidden\" name=\"_wpcf7_posted_data_hash\" value=\"\" \/>\n<\/fieldset>\n<p><label> Imi\u0119 dziecka (wymagane)<br \/>\n<span class=\"wpcf7-form-control-wrap\" data-name=\"your-name\"><input size=\"40\" maxlength=\"400\" class=\"wpcf7-form-control wpcf7-text wpcf7-validates-as-required\" aria-required=\"true\" aria-invalid=\"false\" value=\"\" type=\"text\" name=\"your-name\" \/><\/span> <\/label>\n<\/p>\n<p><label> Wiek dziecka (wymagane)<br \/>\n<span class=\"wpcf7-form-control-wrap\" data-name=\"your-age\"><input size=\"40\" maxlength=\"400\" class=\"wpcf7-form-control wpcf7-text wpcf7-validates-as-required\" aria-required=\"true\" aria-invalid=\"false\" value=\"\" type=\"text\" name=\"your-age\" \/><\/span> <\/label>\n<\/p>\n<p><label> Adres email (wymagane)<br \/>\n<span class=\"wpcf7-form-control-wrap\" data-name=\"your-email\"><input size=\"40\" maxlength=\"400\" class=\"wpcf7-form-control wpcf7-email wpcf7-validates-as-required wpcf7-text wpcf7-validates-as-email\" aria-required=\"true\" aria-invalid=\"false\" value=\"\" type=\"email\" name=\"your-email\" \/><\/span> <\/label>\n<\/p>\n<p><label> Telefon (opcjonalnie)<br \/>\n<span class=\"wpcf7-form-control-wrap\" data-name=\"your-tel\"><input size=\"40\" maxlength=\"400\" class=\"wpcf7-form-control wpcf7-text\" aria-invalid=\"false\" value=\"\" type=\"text\" name=\"your-tel\" \/><\/span> <\/label>\n<\/p>\n<p><label> Wiadomo\u015b\u0107 (opcjonalnie)<br \/>\n<span class=\"wpcf7-form-control-wrap\" data-name=\"your-message\"><textarea cols=\"40\" rows=\"10\" maxlength=\"2000\" class=\"wpcf7-form-control wpcf7-textarea\" aria-invalid=\"false\" name=\"your-message\"><\/textarea><\/span> <\/label>\n<\/p>\n<p><label> W celu utrudnienia rozsy\u0142ania spamu przez automaty, prosz\u0119 rozwi\u0105za\u0107 proste zadanie matematyczne.<br \/>\nDla przyk\u0142adu: 2+1 daje 3.<br \/>\n<span class=\"wpcf7-form-control-wrap\" data-name=\"quiz-496\"><label><span class=\"wpcf7-quiz-label\">5+2=<\/span> <input size=\"10\" class=\"wpcf7-form-control wpcf7-quiz\" autocomplete=\"off\" aria-required=\"true\" aria-invalid=\"false\" type=\"text\" name=\"quiz-496\" \/><\/label><input type=\"hidden\" name=\"_wpcf7_quiz_answer_quiz-496\" value=\"235007701a75b22d42c83df56a502a8e\" \/><\/span> <\/label>\n<\/p>\n<p><label><br \/>\n<span class=\"wpcf7-form-control-wrap\" data-name=\"acceptance-707\"><span class=\"wpcf7-form-control wpcf7-acceptance\"><span class=\"wpcf7-list-item\"><input type=\"checkbox\" name=\"acceptance-707\" value=\"1\" aria-invalid=\"false\" \/><\/span><\/span><\/span> O\u015bwiadczam, \u017ce jestem opiekunem prawnym dziecka zg\u0142aszane do udzia\u0142u w zaj\u0119ciach internetowych organizowanych przez Muzeum Wojska w Bia\u0142ymstoku i wyra\u017cam zgod\u0119 na jego udzia\u0142 w tych zaj\u0119ciach.<br \/>\n<\/label>\n<\/p>\n<p><label><br \/>\n<span class=\"wpcf7-form-control-wrap\" data-name=\"acceptance-706\"><span class=\"wpcf7-form-control wpcf7-acceptance\"><span class=\"wpcf7-list-item\"><input type=\"checkbox\" name=\"acceptance-706\" value=\"1\" aria-invalid=\"false\" \/><\/span><\/span><\/span> Wyra\u017cam zgod\u0119 na przetwarzanie danych osobowych mojego dziecka, zgodnie z obowi\u0105zuj\u0105cym prawem i <a href=\"https:\/\/mwb.com.pl\/mwb2017\/informacja-o-przetwarzaniu-danych-osobowych-przez-muzeum-wojska-w-bialymstoku\/\">Polityk\u0105 Prywatno\u015bci<\/a>, w zwi\u0105zku z rejestracj\u0105 na zaj\u0119cia.<br \/>\nPodanie danych jest dobrowolne, ale niezb\u0119dne do przetworzenia zg\u0142oszenia.<br \/>\nZosta\u0142em\/am poinformowany\/a, \u017ce przys\u0142uguje mi prawo dost\u0119pu do swoich danych, mo\u017cliwo\u015bci ich poprawiania, \u017c\u0105dania zaprzestania ich przetwarzania. Administratorem danych osobowych jest Muzeum Wojska w Bia\u0142ymstoku z siedzib\u0105 w Bia\u0142ymstoku, ul. Jana Kili\u0144skiego 7.<br \/>\n<\/label><br \/>\n<label><br \/>\n<\/label><br \/>\n<div id=\"cf7sr-69dba060b75da\" class=\"cf7sr-g-recaptcha\" data-theme=\"light\" data-type=\"image\" data-size=\"normal\" data-sitekey=\"6LfHzWUUAAAAAFUXAfFdy8sEZ0yc4IaOrk0mjRMB\"><\/div><span class=\"wpcf7-form-control-wrap cf7sr-recaptcha\" data-name=\"cf7sr-recaptcha\"><input type=\"hidden\" name=\"cf7sr-recaptcha\" value=\"\" class=\"wpcf7-form-control\"><\/span><br \/>\n<label><br \/>\n<\/label><br \/>\n<input class=\"wpcf7-form-control wpcf7-submit has-spinner\" type=\"submit\" value=\"Wy\u015blij formularz\" \/>\n<\/p><div class=\"wpcf7-response-output\" aria-hidden=\"true\"><\/div>\n<\/form>\n<\/div>\n\n","protected":false},"excerpt":{"rendered":"<p>Zapraszamy do wype\u0142nienia formularza. Przy zapisie wi\u0119cej ni\u017c jednego dziecka, kt\u00f3re korzysta\u0107 b\u0119d\u0105 z jednego komputera w trakcie zaj\u0119\u0107, prosimy o wype\u0142nienie jednego formularza na jedno dziecko. Kolejne dzieci prosimy wpisa\u0107 w tre\u015bci wiadomo\u015bci.<\/p>\n","protected":false},"author":1,"featured_media":0,"parent":18,"menu_order":0,"comment_status":"closed","ping_status":"closed","template":"","meta":{"ngg_post_thumbnail":0,"h5ap_radio_sources":[],"_vp_format_video_url":"","_vp_image_focal_point":[],"footnotes":""},"class_list":["post-5378","page","type-page","status-publish","hentry"],"_links":{"self":[{"href":"https:\/\/mwb.com.pl\/mwb2017\/wp-json\/wp\/v2\/pages\/5378","targetHints":{"allow":["GET"]}}],"collection":[{"href":"https:\/\/mwb.com.pl\/mwb2017\/wp-json\/wp\/v2\/pages"}],"about":[{"href":"https:\/\/mwb.com.pl\/mwb2017\/wp-json\/wp\/v2\/types\/page"}],"author":[{"embeddable":true,"href":"https:\/\/mwb.com.pl\/mwb2017\/wp-json\/wp\/v2\/users\/1"}],"replies":[{"embeddable":true,"href":"https:\/\/mwb.com.pl\/mwb2017\/wp-json\/wp\/v2\/comments?post=5378"}],"version-history":[{"count":1,"href":"https:\/\/mwb.com.pl\/mwb2017\/wp-json\/wp\/v2\/pages\/5378\/revisions"}],"predecessor-version":[{"id":5379,"href":"https:\/\/mwb.com.pl\/mwb2017\/wp-json\/wp\/v2\/pages\/5378\/revisions\/5379"}],"up":[{"embeddable":true,"href":"https:\/\/mwb.com.pl\/mwb2017\/wp-json\/wp\/v2\/pages\/18"}],"wp:attachment":[{"href":"https:\/\/mwb.com.pl\/mwb2017\/wp-json\/wp\/v2\/media?parent=5378"}],"curies":[{"name":"wp","href":"https:\/\/api.w.org\/{rel}","templated":true}]}}