{"id":48,"date":"2017-02-28T13:14:53","date_gmt":"2017-02-28T12:14:53","guid":{"rendered":"http:\/\/mwb.com.pl\/mwb2017\/?page_id=48"},"modified":"2023-10-26T10:44:41","modified_gmt":"2023-10-26T08:44:41","slug":"pozyskiwanie-ekspozycji","status":"publish","type":"page","link":"https:\/\/mwb.com.pl\/mwb2017\/muzeum\/pozyskiwanie-ekspozycji\/","title":{"rendered":"Pozyskiwanie eksponat\u00f3w"},"content":{"rendered":"<p>Ofert\u0119 daru lub sprzeda\u017cy nowego obiektu dla muzeum mo\u017cna sk\u0142ada\u0107:<\/p>\n<p>&#8211; osobi\u015bcie &#8211; w Dziale G\u0142\u00f3wnego Inwentaryzatora;<\/p>\n<p>&#8211; e-mailem &#8211; na adres dkolban@mwb.com.pl (prosimy o do\u0142\u0105czenie pliku ze zdj\u0119ciem przedmiotu).<\/p>\n<p>Przy sk\u0142adaniu oferty konieczne s\u0105 informacje dodatkowe dotycz\u0105ce zar\u00f3wno oferenta (imi\u0119, nazwisko, adres, telefon) jak obiekt\u00f3w (pochodzenie, historia itp.)<\/p>\n<p>Dary przyjmowane s\u0105 na podstawie umowy darowizny, kt\u00f3rej przygotowanie trwa zwykle oko\u0142o 15 minut. Ofiarodawcy otrzymaj\u0105 poczt\u0105 podzi\u0119kowanie i informacj\u0119 o wpisie do Ksi\u0105g Inwentarzowych.<\/p>\n<p>Oferty sprzeda\u017cy obiekt\u00f3w rozpatrywane s\u0105 w trakcie regularnych spotka\u0144 Komisji Zakupu Muzeali\u00f3w, odbywaj\u0105cych si\u0119 zazwyczaj w ostatnim tygodniu ka\u017cdego miesi\u0105ca. O decyzji KZM osoba sprzedaj\u0105ca przedmiot jest niezw\u0142ocznie informowana. W przypadku zakupu wyp\u0142ata nale\u017cno\u015bci nast\u0119puje w ci\u0105gu 7 dni od podpisania rachunku i umowy.<\/p>\n<p>Muzeum Wojska w Bia\u0142ymstoku informuje, \u017ce nie przyjmuje i nie kupuje wszystkich przedmiot\u00f3w, kt\u00f3re zostan\u0105 przed\u0142o\u017cone w ofercie darowizny lub zakupu.<\/p>\n","protected":false},"excerpt":{"rendered":"<p>Ofert\u0119 daru lub sprzeda\u017cy nowego obiektu dla muzeum mo\u017cna sk\u0142ada\u0107: &#8211; osobi\u015bcie &#8211; w Dziale G\u0142\u00f3wnego Inwentaryzatora; &#8211; e-mailem &#8211; na adres dkolban@mwb.com.pl (prosimy o do\u0142\u0105czenie pliku ze zdj\u0119ciem przedmiotu). Przy sk\u0142adaniu oferty konieczne s\u0105 informacje dodatkowe dotycz\u0105ce zar\u00f3wno oferenta (imi\u0119, nazwisko, adres, telefon) jak obiekt\u00f3w (pochodzenie, historia itp.) Dary przyjmowane s\u0105 na podstawie umowy [&hellip;]<\/p>\n","protected":false},"author":2,"featured_media":0,"parent":12,"menu_order":0,"comment_status":"closed","ping_status":"closed","template":"","meta":{"ngg_post_thumbnail":0,"h5ap_radio_sources":[],"_vp_format_video_url":"","_vp_image_focal_point":[],"footnotes":""},"class_list":["post-48","page","type-page","status-publish","hentry"],"_links":{"self":[{"href":"https:\/\/mwb.com.pl\/mwb2017\/wp-json\/wp\/v2\/pages\/48","targetHints":{"allow":["GET"]}}],"collection":[{"href":"https:\/\/mwb.com.pl\/mwb2017\/wp-json\/wp\/v2\/pages"}],"about":[{"href":"https:\/\/mwb.com.pl\/mwb2017\/wp-json\/wp\/v2\/types\/page"}],"author":[{"embeddable":true,"href":"https:\/\/mwb.com.pl\/mwb2017\/wp-json\/wp\/v2\/users\/2"}],"replies":[{"embeddable":true,"href":"https:\/\/mwb.com.pl\/mwb2017\/wp-json\/wp\/v2\/comments?post=48"}],"version-history":[{"count":60,"href":"https:\/\/mwb.com.pl\/mwb2017\/wp-json\/wp\/v2\/pages\/48\/revisions"}],"predecessor-version":[{"id":12332,"href":"https:\/\/mwb.com.pl\/mwb2017\/wp-json\/wp\/v2\/pages\/48\/revisions\/12332"}],"up":[{"embeddable":true,"href":"https:\/\/mwb.com.pl\/mwb2017\/wp-json\/wp\/v2\/pages\/12"}],"wp:attachment":[{"href":"https:\/\/mwb.com.pl\/mwb2017\/wp-json\/wp\/v2\/media?parent=48"}],"curies":[{"name":"wp","href":"https:\/\/api.w.org\/{rel}","templated":true}]}}