{"id":4613,"date":"2020-02-27T08:52:07","date_gmt":"2020-02-27T07:52:07","guid":{"rendered":"https:\/\/mwb.com.pl\/mwb2017\/?page_id=4613"},"modified":"2023-06-02T13:31:42","modified_gmt":"2023-06-02T11:31:42","slug":"misja-i-wizja","status":"publish","type":"page","link":"https:\/\/mwb.com.pl\/mwb2017\/muzeum\/misja-i-wizja\/","title":{"rendered":"Misja i wizja"},"content":{"rendered":"<div style=\"text-align: right;\">\n<a href=\"https:\/\/youtu.be\/wC1c69jJYIs\" target=\"_blank\" rel=\"noopener noreferrer\"><img decoding=\"async\" src=\"https:\/\/mwb.com.pl\/mwb2017\/wp-content\/uploads\/audio\/jezyk_migowy.jpg\" alt=\"j\u0119zyk migowy\" width=\"59px\" \/>&nbsp;<a href=\"https:\/\/mwb.com.pl\/mwb2017\/wp-content\/uploads\/jezyk_prosty\/muzeum_prosty.pdf\" target=\"_blank\" rel=\"noopener noreferrer\"><img decoding=\"async\" src=\"https:\/\/mwb.com.pl\/mwb2017\/wp-content\/uploads\/jezyk_prosty\/baner_jezyk_prosty2.jpg\" alt=\"tekst \u0142atwy do czytania i rozumienia\" width=\"60px\" \/><\/a>\n<\/div>\n<p style=\"text-align: center;\"><strong>Misja Muzeum Wojska w Bia\u0142ymstoku<\/strong><\/p>\n<p>Muzeum Wojska w Bia\u0142ymstoku jest najstarsz\u0105 i najwi\u0119ksz\u0105 na wsch\u00f3d od Wis\u0142y plac\u00f3wk\u0105 muzealn\u0105 oraz o\u015brodkiem naukowo-badawczym o charakterze historyczno-wojskowym. Nasz\u0105 misj\u0105 jest gromadzenie, konserwacja, przechowywanie i udost\u0119pnianie do cel\u00f3w wystawienniczych oraz badawczych d\u00f3br kultury zwi\u0105zanych z histori\u0105 i tradycj\u0105 wojskowo\u015bci w\u00a0p\u00f3\u0142nocno-wschodnim regionie Polski i jej dawnych kres\u00f3w wschodnich.<br \/>\nW swych zadaniach statutowych muzeum wykracza poza histori\u0119 or\u0119\u017ca polskiego, dokumentuj\u0105c i ukazuj\u0105c w spos\u00f3b rzetelny, zgodnie z prawd\u0105 historyczn\u0105, skomplikowane dzieje militarne regionu na szerokim tle wydarze\u0144 I wojny \u015bwiatowej, wojny polsko-bolszewickiej, kampanii wrze\u015bniowej 1939 r., okupacji sowieckiej z lat 1939-1941, niemieckiej z lat 1941-1944 oraz okresu po roku 1944. Szczeg\u00f3ln\u0105 uwag\u0119 muzeum po\u015bwi\u0119ca skomplikowanym losom mieszka\u0144c\u00f3w regionu w szeregach Polskich Si\u0142 Zbrojnych na Zachodzie, ludowego Wojska Polskiego oraz niepodleg\u0142o\u015bciowego podziemia zbrojnego.<br \/>\nMuzeum prowadzi \u015bcis\u0142\u0105 wsp\u00f3\u0142prac\u0119 z jednostkami samorz\u0105du terytorialnego, \u015brodowiskami kombatanckimi, Wojskiem Polskim, plac\u00f3wkami naukowo-badawczymi, stowarzyszeniami oraz regionalnym \u015brodowiskiem kolekcjonerskim.<\/p>\n<p style=\"text-align: center;\"><strong>Wizja Muzeum Wojska w Bia\u0142ymstoku<\/strong><\/p>\n<p>Muzeum Wojska w Bia\u0142ymstoku jest nowoczesn\u0105 platform\u0105 komunikacji pomi\u0119dzy histori\u0105 a\u00a0wsp\u00f3\u0142czesno\u015bci\u0105, skierowan\u0105 ku aktywnym odbiorcom. Nauczycielom, prowadz\u0105cym lekcje historii z m\u0142odzie\u017c\u0105, oferuje nowatorskie rozwi\u0105zania i \u015brodki techniczne \u2013 narracj\u0119 prowadzon\u0105 za pomoc\u0105 projektor\u00f3w i kiosk\u00f3w multimedialnych \u2013 stanowi\u0105ce doskona\u0142\u0105 pomoc dydaktyczn\u0105. Kolekcjonerom, hobbystom oraz mi\u0142o\u015bnikom broni i\u00a0barwy umo\u017cliwia kontakt nie tylko ze\u00a0szk\u0142em gablot, ale r\u00f3wnie\u017c licznymi eksponatami, kt\u00f3re mo\u017cna wzi\u0105\u0107 do r\u0119ki. Osobom spragnionym przeniesienia si\u0119 \u2013 w wyobra\u017ani \u2013 w przesz\u0142o\u015b\u0107, dynamiczne sceny dioram pozwalaj\u0105 znale\u017a\u0107 si\u0119 w okopach Nowogrodu nad Narwi\u0105, w\u015br\u00f3d skalistych stok\u00f3w Monte Cassino, na ulicach zdobytego Rothenburga, stan\u0105\u0107 w\u015br\u00f3d \u017co\u0142nierzy AK i NZW.<br \/>\nOdwiedzaj\u0105cym muzeum s\u0142u\u017cy pomoc\u0105 kompetentny i kreatywny zesp\u00f3\u0142 pracownik\u00f3w. Osobom, pragn\u0105cym pog\u0142\u0119bi\u0107 sw\u0105 wiedz\u0119 w zakresie dziej\u00f3w militarnych, oddaje do dyspozycji liczne publikacje naukowe oraz popularyzatorskie, swobodny dost\u0119p do gromadzonych zbior\u00f3w archiwalnych oraz bibliotecznych, a tak\u017ce mo\u017cliwo\u015b\u0107 uczestnictwa w aktywnych formach poznawania przesz\u0142o\u015bci \u2013 konkursach edukacyjnych, pokazach filmowych, rekonstrukcji historycznej, wycieczkach na pola bitewne. Dzi\u0119ki temu bia\u0142ostockie Muzeum Wojska wype\u0142nia z\u00a0nawi\u0105zk\u0105 postulaty, stawiane za cel instytucjom muzealnym: bada, dokumentuje, upami\u0119tnia, s\u0142u\u017cy pomoc\u0105 w nauczaniu historii m\u0142odych pokole\u0144, proponuj\u0105c zwiedzaj\u0105cym tak\u017ce rozrywk\u0119 intelektualn\u0105.<\/p>\n","protected":false},"excerpt":{"rendered":"<p>&nbsp; Misja Muzeum Wojska w Bia\u0142ymstoku Muzeum Wojska w Bia\u0142ymstoku jest najstarsz\u0105 i najwi\u0119ksz\u0105 na wsch\u00f3d od Wis\u0142y plac\u00f3wk\u0105 muzealn\u0105 oraz o\u015brodkiem naukowo-badawczym o charakterze historyczno-wojskowym. Nasz\u0105 misj\u0105 jest gromadzenie, konserwacja, przechowywanie i udost\u0119pnianie do cel\u00f3w wystawienniczych oraz badawczych d\u00f3br kultury zwi\u0105zanych z histori\u0105 i tradycj\u0105 wojskowo\u015bci w\u00a0p\u00f3\u0142nocno-wschodnim regionie Polski i jej dawnych kres\u00f3w wschodnich. [&hellip;]<\/p>\n","protected":false},"author":1,"featured_media":0,"parent":12,"menu_order":0,"comment_status":"closed","ping_status":"closed","template":"","meta":{"ngg_post_thumbnail":0,"h5ap_radio_sources":[],"_vp_format_video_url":"","_vp_image_focal_point":[],"footnotes":""},"class_list":["post-4613","page","type-page","status-publish","hentry"],"_links":{"self":[{"href":"https:\/\/mwb.com.pl\/mwb2017\/wp-json\/wp\/v2\/pages\/4613","targetHints":{"allow":["GET"]}}],"collection":[{"href":"https:\/\/mwb.com.pl\/mwb2017\/wp-json\/wp\/v2\/pages"}],"about":[{"href":"https:\/\/mwb.com.pl\/mwb2017\/wp-json\/wp\/v2\/types\/page"}],"author":[{"embeddable":true,"href":"https:\/\/mwb.com.pl\/mwb2017\/wp-json\/wp\/v2\/users\/1"}],"replies":[{"embeddable":true,"href":"https:\/\/mwb.com.pl\/mwb2017\/wp-json\/wp\/v2\/comments?post=4613"}],"version-history":[{"count":19,"href":"https:\/\/mwb.com.pl\/mwb2017\/wp-json\/wp\/v2\/pages\/4613\/revisions"}],"predecessor-version":[{"id":11581,"href":"https:\/\/mwb.com.pl\/mwb2017\/wp-json\/wp\/v2\/pages\/4613\/revisions\/11581"}],"up":[{"embeddable":true,"href":"https:\/\/mwb.com.pl\/mwb2017\/wp-json\/wp\/v2\/pages\/12"}],"wp:attachment":[{"href":"https:\/\/mwb.com.pl\/mwb2017\/wp-json\/wp\/v2\/media?parent=4613"}],"curies":[{"name":"wp","href":"https:\/\/api.w.org\/{rel}","templated":true}]}}