{"id":444,"date":"2017-03-09T16:33:55","date_gmt":"2017-03-09T15:33:55","guid":{"rendered":"http:\/\/mwb.com.pl\/mwb2017\/?page_id=444"},"modified":"2018-01-31T15:22:02","modified_gmt":"2018-01-31T14:22:02","slug":"studia-z-dziejow-wojskowosci-t-vi-2015","status":"publish","type":"page","link":"https:\/\/mwb.com.pl\/mwb2017\/oferta\/wydawnictwa\/studia-z-dziejow-wojskowosci-t-vi-2015\/","title":{"rendered":"&#8222;Studia z Dziej\u00f3w Wojskowo\u015bci&#8221;, t. IV, 2015"},"content":{"rendered":"<p><img fetchpriority=\"high\" decoding=\"async\" class=\"alignleft wp-image-440 size-medium\" src=\"http:\/\/mwb.com.pl\/mwb2017\/wp-content\/uploads\/2017\/03\/studia4-216x300.jpg\" alt=\"\" width=\"216\" height=\"300\" srcset=\"https:\/\/mwb.com.pl\/mwb2017\/wp-content\/uploads\/2017\/03\/studia4-216x300.jpg 216w, https:\/\/mwb.com.pl\/mwb2017\/wp-content\/uploads\/2017\/03\/studia4.jpg 585w\" sizes=\"(max-width: 216px) 100vw, 216px\" \/><\/p>\n<p><strong>&#8222;Studia z Dziej\u00f3w Wojskowo\u015bci&#8221;<\/strong>, t. IV, 2015<\/p>\n<p>T. IV, 292 str., mi\u0119kka oprawa, fot. cz.b., cena: 20,00 z\u0142<\/p>\n<p>&nbsp;<\/p>\n<p>&nbsp;<\/p>\n<p>&nbsp;<\/p>\n<p>&nbsp;<\/p>\n<p>&nbsp;<\/p>\n<p>&nbsp;<\/p>\n<p>&nbsp;<\/p>\n<p>&nbsp;<\/p>\n<p><strong>Spis tre\u015bci:<\/strong><\/p>\n<p><strong>Studia:<\/strong><br \/>\nMariusz Cie\u015bla &#8211; <em>Napier\u015bnik i naplecznik kostiumowy z Muzeum Wojska Polskiego w Warszawie na tle zbroi tego typu<\/em><br \/>\nWojciech Kucharski-<em>Rozbicie armii koronnej w dzia\u0142aniach wojennych 1648 r.<\/em><br \/>\nS\u0142awomir Karp &#8211; <em>Miejska siedziba oficera wojsk Wielkiego Ksi\u0119stwa Litewskiego w Rzeczypospolitej trzeciej \u0107wierci XVIII w. Przyczynek do bada\u0144 nad zamo\u017cno\u015bci\u0105 przedstawiciela kadry oficerskiej<\/em><br \/>\nAleksander Smoli\u0144ski &#8211; <em>Pierwsze formacje artylerii konnej Wojska Polskiego w polsko- ukrai\u0144skich bojach o Lw\u00f3w i Ma\u0142opolsk\u0119 Wschodni\u0105 w okresie od grudnia 1918 r. do 1919 r.<\/em><br \/>\nMicha\u0142 Chlipa\u0142a \u2014 <em>Oddzia\u0142 konny Policji Pa\u0144stwowej komendy Krak\u00f3w-miasto w latach 1919-1938<\/em><br \/>\nNatalia Filinowicz &#8211;<em> Internowanie spo\u0142eczno\u015bci japo\u0144skiej w Stanach Zjednoczonych w okresie II wojny \u015bwiatowej<\/em><br \/>\nJerzy Prochwicz (Piotrk\u00f3w Trybunalski) &#8211; <em>Wojsko Polskie w ochronie granic w okresie maj- grudzie\u0144 1945 r. \u00a0<\/em><br \/>\nPawe\u0142 Michalak &#8211;<em> Rekrutacja podchor\u0105\u017cych do Oficerskiej Szko\u0142y Piechoty nr 2 w Jeleniej G\u00f3rze w latach 1948-1955<\/em><\/p>\n<p><strong>Recenzje i polemiki:<\/strong><br \/>\nTomasz Weso\u0142owski &#8211; <em>Rzekome francuskie plany ufortyfikowania granic Rzeczpospolitej z lat 1928-1930, czyli rzecz o \u017ar\u00f3d\u0142ach i \u017cywocie fantom\u00f3w polskiej historiografii wojskowej <\/em><\/p>\n<p><strong>Informacje o autorach<\/strong><br \/>\n<strong>Instrukcja wydawnicza<\/strong><\/p>\n","protected":false},"excerpt":{"rendered":"<p>&#8222;Studia z Dziej\u00f3w Wojskowo\u015bci&#8221;, t. IV, 2015 T. IV, 292 str., mi\u0119kka oprawa, fot. cz.b., cena: 20,00 z\u0142 &nbsp; &nbsp; &nbsp; &nbsp; &nbsp; &nbsp; &nbsp; &nbsp; Spis tre\u015bci: Studia: Mariusz Cie\u015bla &#8211; Napier\u015bnik i naplecznik kostiumowy z Muzeum Wojska Polskiego w Warszawie na tle zbroi tego typu Wojciech Kucharski-Rozbicie armii koronnej w dzia\u0142aniach wojennych 1648 [&hellip;]<\/p>\n","protected":false},"author":2,"featured_media":0,"parent":22,"menu_order":0,"comment_status":"closed","ping_status":"closed","template":"","meta":{"ngg_post_thumbnail":0,"h5ap_radio_sources":[],"_vp_format_video_url":"","_vp_image_focal_point":[],"footnotes":""},"class_list":["post-444","page","type-page","status-publish","hentry"],"_links":{"self":[{"href":"https:\/\/mwb.com.pl\/mwb2017\/wp-json\/wp\/v2\/pages\/444","targetHints":{"allow":["GET"]}}],"collection":[{"href":"https:\/\/mwb.com.pl\/mwb2017\/wp-json\/wp\/v2\/pages"}],"about":[{"href":"https:\/\/mwb.com.pl\/mwb2017\/wp-json\/wp\/v2\/types\/page"}],"author":[{"embeddable":true,"href":"https:\/\/mwb.com.pl\/mwb2017\/wp-json\/wp\/v2\/users\/2"}],"replies":[{"embeddable":true,"href":"https:\/\/mwb.com.pl\/mwb2017\/wp-json\/wp\/v2\/comments?post=444"}],"version-history":[{"count":4,"href":"https:\/\/mwb.com.pl\/mwb2017\/wp-json\/wp\/v2\/pages\/444\/revisions"}],"predecessor-version":[{"id":1569,"href":"https:\/\/mwb.com.pl\/mwb2017\/wp-json\/wp\/v2\/pages\/444\/revisions\/1569"}],"up":[{"embeddable":true,"href":"https:\/\/mwb.com.pl\/mwb2017\/wp-json\/wp\/v2\/pages\/22"}],"wp:attachment":[{"href":"https:\/\/mwb.com.pl\/mwb2017\/wp-json\/wp\/v2\/media?parent=444"}],"curies":[{"name":"wp","href":"https:\/\/api.w.org\/{rel}","templated":true}]}}