{"id":442,"date":"2017-03-09T16:33:12","date_gmt":"2017-03-09T15:33:12","guid":{"rendered":"http:\/\/mwb.com.pl\/mwb2017\/?page_id=442"},"modified":"2017-03-14T15:05:49","modified_gmt":"2017-03-14T14:05:49","slug":"studia-z-dziejow-wojskowosci-t-v-2016","status":"publish","type":"page","link":"https:\/\/mwb.com.pl\/mwb2017\/oferta\/wydawnictwa\/studia-z-dziejow-wojskowosci-t-v-2016\/","title":{"rendered":"&#8222;Studia z Dziej\u00f3w Wojskowo\u015bci&#8221;, t. V, 2016"},"content":{"rendered":"<p><img fetchpriority=\"high\" decoding=\"async\" class=\"alignleft wp-image-437 size-medium\" src=\"http:\/\/mwb.com.pl\/mwb2017\/wp-content\/uploads\/2017\/03\/studia-tV-211x300.jpg\" alt=\"\" width=\"211\" height=\"300\" srcset=\"https:\/\/mwb.com.pl\/mwb2017\/wp-content\/uploads\/2017\/03\/studia-tV-211x300.jpg 211w, https:\/\/mwb.com.pl\/mwb2017\/wp-content\/uploads\/2017\/03\/studia-tV.jpg 640w\" sizes=\"(max-width: 211px) 100vw, 211px\" \/><\/p>\n<p>&#8222;Studia z Dziej\u00f3w Wojskowo\u015bci&#8221;, t. V, 2016<\/p>\n<p><strong>T. V, 286 str., mi\u0119kka oprawa, fot. cz.b., cena: 20,00 z\u0142<\/strong><\/p>\n<p>&nbsp;<\/p>\n<p>&nbsp;<\/p>\n<p>&nbsp;<\/p>\n<p>&nbsp;<\/p>\n<p>&nbsp;<\/p>\n<p>&nbsp;<\/p>\n<p>&nbsp;<\/p>\n<p><strong>Spis tre\u015bci:<\/strong><\/p>\n<p>Piotr Bia\u0142okozowicz \u2014 <em>O\u015brodek Bada\u0144 Historii Wojskowej Muzeum Wojska w Bia\u0142ymstoku<\/em><\/p>\n<p><strong>Materia\u0142y z sympozjum &#8222;Historiografii, publicystyka i mity. Szanse oraz zagro\u017cenia dla nauki Historycznych, edukacji i polityki&#8221;, Bia\u0142ystok, 22 kwietnia 2016r.<\/strong><br \/>\nTadeusz Zych &#8211; <em>Narodziny historycznego mitu na przyk\u0142adzie wrze\u015bnia 1939 roku<\/em><br \/>\nCzes\u0142aw Grzelak &#8211; <em>Czy historiogra\ufb01a kampanii polskiej I939 roku daje podstawy do powstawania wok\u00f3\u0142 niej legend i mit\u00f3w?<\/em><br \/>\nJan Szkudli\u0144ski &#8211; ,,<em>Kompozycja oczywistego niedouczenia z oczywist\u0105 z\u0142\u0105 wol\u0105\u201d.<\/em><br \/>\n<em> Refleksje na temat spor\u00f3w o role II Korpusu Polskiego w IV bitwie o Monte Cassino<\/em><br \/>\nWaldemar Rezmer &#8211; <em>Zbrodnia wo\u0142y\u0144ska i polityka<\/em><br \/>\n\u0141ukasz M\u0119czykowski <em>&#8211; Jak nie m\u00f3wi\u0107 dzieciom o wojnie, czyli co kryj\u0105 podr\u0119czniki sz\u00f3stoklasist\u00f3w<\/em><br \/>\nNatalia Filinowicz &#8211; <em>Sprawozdanie z sympozjum &#8222;Historiogra\ufb01a, publicystyka<\/em><br \/>\n<em> i mity. Szanse oraz zagro\u017cenia dla nauk historycznych, edukacji i polityki&#8221;, Bia\u0142ystok, 22 kwietnia 2016r.<\/em><\/p>\n<p><strong>Studia:<\/strong><br \/>\nMariusz Cie\u015bla \u2014<em> Cztery ciekawe he\u0142my ze zbior\u00f3w Muzeum Militari\u00f3w &#8211; Oddzia\u0142u Muzeum Miejskiego Wroc\u0142awia<\/em><br \/>\nWojciech Kucharski &#8211; <em>Wyprawa zborowska kr\u00f3la Jana II Kazimierza<\/em><br \/>\nMarek Groszkowski &#8211; <em>Jan Zygmunt von Loebel \u2014 komendant Bia\u0142ej Cerkwi.<\/em><br \/>\n<em> Dzia\u0142alno\u015b\u0107 w okresie sierpie\u0144 1669 &#8211; marzec 1670 r.<\/em><br \/>\nPiotr Andrzej Dmochowski, Andrzej Sikorski &#8211; <em>Tradycje wojskowe w rodzinie Toedwen\u00f3w<\/em><br \/>\nJerzy S. Wojciechowski \u2014<em>Pierwszy konkurs orkiestr wojskowych o mistrzostwo Wojska Polskiego w 1923r.<\/em><br \/>\nPawe\u0142 Jaroniec &#8211; <em>Obraz \u017co\u0142nierzy Armii Czerwonej we wspomnieniach kombatant\u00f3w &#8222;ludowego\u201d Wojska Polskiego walcz\u0105cego na froncie wschodnim w latach 1943-1945, <\/em><em>publikowanych w polskiej prasie codziennej w latach 70. XX w. Przyczynek do zagadnienia<\/em><br \/>\nJerzy Prochwicz &#8211; <em>Powstanie Wojsk Ochrony Pogranicza wrzesie\u0144- grudzie\u0144 1945 r.<\/em><\/p>\n<p><strong>Recenzje i om\u00f3wienia:<\/strong><br \/>\nAleksander Smoli\u0144ski &#8211; <em>,,Cytadela\u201d ze Lwowa &#8211; ma\u0142o znany w Polsce ukrai\u0144ski periodyk po\u015bwi\u0119cony historii wojskowej. Om\u00f3wienie tom\u00f3w od 1 do 7 oraz od 9 do za lata 2009-2013<\/em><\/p>\n<p><strong>Notki o autorach<\/strong><br \/>\n<strong> Instrukcja wydawnicza MWB<\/strong><\/p>\n<p>&nbsp;<\/p>\n<p>&nbsp;<\/p>\n<p>&nbsp;<\/p>\n","protected":false},"excerpt":{"rendered":"<p>&#8222;Studia z Dziej\u00f3w Wojskowo\u015bci&#8221;, t. V, 2016 T. V, 286 str., mi\u0119kka oprawa, fot. cz.b., cena: 20,00 z\u0142 &nbsp; &nbsp; &nbsp; &nbsp; &nbsp; &nbsp; &nbsp; Spis tre\u015bci: Piotr Bia\u0142okozowicz \u2014 O\u015brodek Bada\u0144 Historii Wojskowej Muzeum Wojska w Bia\u0142ymstoku Materia\u0142y z sympozjum &#8222;Historiografii, publicystyka i mity. Szanse oraz zagro\u017cenia dla nauki Historycznych, edukacji i polityki&#8221;, Bia\u0142ystok, [&hellip;]<\/p>\n","protected":false},"author":2,"featured_media":0,"parent":22,"menu_order":0,"comment_status":"closed","ping_status":"closed","template":"","meta":{"ngg_post_thumbnail":0,"h5ap_radio_sources":[],"_vp_format_video_url":"","_vp_image_focal_point":[],"footnotes":""},"class_list":["post-442","page","type-page","status-publish","hentry"],"_links":{"self":[{"href":"https:\/\/mwb.com.pl\/mwb2017\/wp-json\/wp\/v2\/pages\/442","targetHints":{"allow":["GET"]}}],"collection":[{"href":"https:\/\/mwb.com.pl\/mwb2017\/wp-json\/wp\/v2\/pages"}],"about":[{"href":"https:\/\/mwb.com.pl\/mwb2017\/wp-json\/wp\/v2\/types\/page"}],"author":[{"embeddable":true,"href":"https:\/\/mwb.com.pl\/mwb2017\/wp-json\/wp\/v2\/users\/2"}],"replies":[{"embeddable":true,"href":"https:\/\/mwb.com.pl\/mwb2017\/wp-json\/wp\/v2\/comments?post=442"}],"version-history":[{"count":5,"href":"https:\/\/mwb.com.pl\/mwb2017\/wp-json\/wp\/v2\/pages\/442\/revisions"}],"predecessor-version":[{"id":572,"href":"https:\/\/mwb.com.pl\/mwb2017\/wp-json\/wp\/v2\/pages\/442\/revisions\/572"}],"up":[{"embeddable":true,"href":"https:\/\/mwb.com.pl\/mwb2017\/wp-json\/wp\/v2\/pages\/22"}],"wp:attachment":[{"href":"https:\/\/mwb.com.pl\/mwb2017\/wp-json\/wp\/v2\/media?parent=442"}],"curies":[{"name":"wp","href":"https:\/\/api.w.org\/{rel}","templated":true}]}}