{"id":416,"date":"2017-03-09T16:09:32","date_gmt":"2017-03-09T15:09:32","guid":{"rendered":"http:\/\/mwb.com.pl\/mwb2017\/?page_id=416"},"modified":"2017-03-10T12:53:12","modified_gmt":"2017-03-10T11:53:12","slug":"zeszyt-naukowy-muzeum-wojska-nr-27-bialystok-2014","status":"publish","type":"page","link":"https:\/\/mwb.com.pl\/mwb2017\/oferta\/wydawnictwa\/zeszyt-naukowy-muzeum-wojska-nr-27-bialystok-2014\/","title":{"rendered":"&#8222;Zeszyt Naukowy Muzeum Wojska&#8221;, nr 27, Bia\u0142ystok 2014"},"content":{"rendered":"<p><img decoding=\"async\" class=\"alignleft size-full wp-image-436\" src=\"http:\/\/mwb.com.pl\/mwb2017\/wp-content\/uploads\/2017\/03\/ZNMW_27_.jpg\" alt=\"\" width=\"150\" height=\"214\" \/>&#8222;Zeszyt Naukowy Muzeum Wojska&#8221;, nr 27, Bia\u0142ystok 2014<\/p>\n<p>T. 27, 227 s., fot. cz.\/b. oraz kolor, cena 25,00 z\u0142<\/p>\n<p>&nbsp;<\/p>\n<p>&nbsp;<\/p>\n<p>&nbsp;<\/p>\n<p>&nbsp;<\/p>\n<p>&nbsp;<\/p>\n<p><strong>Spis Tre\u015bci:<\/strong><\/p>\n<p><strong>Artyku\u0142y:<\/strong><br \/>\nDominik Kasprzak, Marcin Kasprzak &#8211;<em> Oryginalno\u015b\u0107 w\u015br\u00f3d powtarzalno\u015bci \u2014 fortyfikacje pozycji \u201eLubliniec\u201d\u00a0 wyr\u00f3\u017cnikiem na tle polskich pozycji polowych z 1939 r., ze szczeg\u00f3lnym uwzgl\u0119dnieniem unikalnego schronu dla 37 mm armaty przeciwpancernej wz. 36<\/em><br \/>\nTomasz Weso\u0142owski &#8211; <em>Niemiecka artyleria kolejowa w pierwszych dniach operacji \u201eBarbarossa\u201d na tzw. \u0142uku bia\u0142ostockim (22-23 czerwca 1941 r.) \u2013 planowanie i przygotowanie dzia\u0142a\u0144, przyk\u0142ady u\u017cycia dzia\u0142 kolejowych.<\/em><br \/>\nKarol Usakiewicz &#8211; <em>Egzekucja 5 listopada 1942 r. w ogrodzie wi\u0119zienia bia\u0142ostockiego<\/em><br \/>\nPiotr \u0141api\u0144ski &#8211; <em>Militarne aspekty Ob\u0142awy Augustowskiej (lipiec 1945 r.)<\/em><br \/>\nBogus\u0142aw Kosel &#8211;<em> \u201eNikt nie chcia\u0142 umiera\u0107\u201d. Filmowy obraz podziemia antykomunistycznego w powojennej Litwie<\/em><\/p>\n<p><strong>Recenzje i polemiki:<\/strong><br \/>\nDariusz Andruszkiewicz &#8211; <em>Anna Zalewska, Stanis\u0142aw Kali\u0144ski, Jacek Czarnecki, Wielka Wojna nad Rawk\u0105 1914-1915 i materialne po niej pozosta\u0142o\u015bci, Instytut Archeologii i Etnologii PAN, Warszawa 2014, ss. 84.<\/em><\/p>\n<p>&nbsp;<\/p>\n","protected":false},"excerpt":{"rendered":"<p>&#8222;Zeszyt Naukowy Muzeum Wojska&#8221;, nr 27, Bia\u0142ystok 2014 T. 27, 227 s., fot. cz.\/b. oraz kolor, cena 25,00 z\u0142 &nbsp; &nbsp; &nbsp; &nbsp; &nbsp; Spis Tre\u015bci: Artyku\u0142y: Dominik Kasprzak, Marcin Kasprzak &#8211; Oryginalno\u015b\u0107 w\u015br\u00f3d powtarzalno\u015bci \u2014 fortyfikacje pozycji \u201eLubliniec\u201d\u00a0 wyr\u00f3\u017cnikiem na tle polskich pozycji polowych z 1939 r., ze szczeg\u00f3lnym uwzgl\u0119dnieniem unikalnego schronu dla 37 [&hellip;]<\/p>\n","protected":false},"author":2,"featured_media":0,"parent":22,"menu_order":0,"comment_status":"closed","ping_status":"closed","template":"","meta":{"ngg_post_thumbnail":0,"h5ap_radio_sources":[],"_vp_format_video_url":"","_vp_image_focal_point":[],"footnotes":""},"class_list":["post-416","page","type-page","status-publish","hentry"],"_links":{"self":[{"href":"https:\/\/mwb.com.pl\/mwb2017\/wp-json\/wp\/v2\/pages\/416","targetHints":{"allow":["GET"]}}],"collection":[{"href":"https:\/\/mwb.com.pl\/mwb2017\/wp-json\/wp\/v2\/pages"}],"about":[{"href":"https:\/\/mwb.com.pl\/mwb2017\/wp-json\/wp\/v2\/types\/page"}],"author":[{"embeddable":true,"href":"https:\/\/mwb.com.pl\/mwb2017\/wp-json\/wp\/v2\/users\/2"}],"replies":[{"embeddable":true,"href":"https:\/\/mwb.com.pl\/mwb2017\/wp-json\/wp\/v2\/comments?post=416"}],"version-history":[{"count":4,"href":"https:\/\/mwb.com.pl\/mwb2017\/wp-json\/wp\/v2\/pages\/416\/revisions"}],"predecessor-version":[{"id":554,"href":"https:\/\/mwb.com.pl\/mwb2017\/wp-json\/wp\/v2\/pages\/416\/revisions\/554"}],"up":[{"embeddable":true,"href":"https:\/\/mwb.com.pl\/mwb2017\/wp-json\/wp\/v2\/pages\/22"}],"wp:attachment":[{"href":"https:\/\/mwb.com.pl\/mwb2017\/wp-json\/wp\/v2\/media?parent=416"}],"curies":[{"name":"wp","href":"https:\/\/api.w.org\/{rel}","templated":true}]}}