{"id":414,"date":"2017-03-09T16:09:03","date_gmt":"2017-03-09T15:09:03","guid":{"rendered":"http:\/\/mwb.com.pl\/mwb2017\/?page_id=414"},"modified":"2017-03-10T12:45:57","modified_gmt":"2017-03-10T11:45:57","slug":"zeszyt-naukowy-muzeum-wojska-nr-26-bialystok-2013","status":"publish","type":"page","link":"https:\/\/mwb.com.pl\/mwb2017\/oferta\/wydawnictwa\/zeszyt-naukowy-muzeum-wojska-nr-26-bialystok-2013\/","title":{"rendered":"&#8222;Zeszyt Naukowy Muzeum Wojska&#8221;, nr 26, Bia\u0142ystok 2013"},"content":{"rendered":"<p><img decoding=\"async\" class=\"alignleft size-full wp-image-434\" src=\"http:\/\/mwb.com.pl\/mwb2017\/wp-content\/uploads\/2017\/03\/zn_26_okladka_min.jpg\" alt=\"\" width=\"150\" height=\"214\" \/>&#8222;Zeszyt Naukowy Muzeum Wojska&#8221;, nr 26, Bia\u0142ystok 2013<\/p>\n<p>T. 26, 128 s., fot. cz.\/b. oraz kolor, cena 20,00 z\u0142<\/p>\n<p>&nbsp;<\/p>\n<p>&nbsp;<\/p>\n<p>&nbsp;<\/p>\n<p>&nbsp;<\/p>\n<p>&nbsp;<\/p>\n<p><strong>Spis tre\u015bci:<\/strong><\/p>\n<p><strong>Artyku\u0142y:<\/strong><br \/>\nJaros\u0142aw Szlaszy\u0144ski &#8211;<em> Pu\u0142kownik dyplomowany Edward Maliszewski<\/em><br \/>\nBogus\u0142aw Kosel &#8211; <em>Litewscy \u017co\u0142nierze kontraktowi w 2. Batalionie Komandos\u00f3w Zmotoryzowanych (PSZ)<\/em><br \/>\nNatalia Filinowicz &#8211; <em>\u201eJapo\u0144skie\u201d jednostki armii Stan\u00f3w Zjednoczonych. 100 (Samodzielny) Batalion Piechoty i 442 pu\u0142k piechoty w kampanii w\u0142oskiej<\/em><br \/>\nPiotr \u0141api\u0144ski &#8211; <em>Symbolika Pogotowia Akcji Specjalnej Komendy Okr\u0119gu Narodowego Zjednoczenia Wojskowego Bia\u0142ystok (jesie\u0144 1945\u2013jesie\u0144 1947 r.)<\/em><\/p>\n<p><strong>\u0179r\u00f3d\u0142a i materia\u0142y:<\/strong><br \/>\nBogus\u0142aw Kosel, Kristina Kosel &#8211; <em>Zenonas Blynas (1908-1946) i jego projekt memorandum do rz\u0105du III Rzeszy 95<\/em><\/p>\n<p><strong>Muzealnictwo wojskowe:<\/strong><br \/>\nPiotr Zawisza Januszek &#8211; <em>Wystawa czasowa \u201eSamuraje. Opowie\u015b\u0107 o ludziach, bitwach i honorze\u201d<\/em><\/p>\n<p>&nbsp;<\/p>\n<p>&nbsp;<\/p>\n","protected":false},"excerpt":{"rendered":"<p>&#8222;Zeszyt Naukowy Muzeum Wojska&#8221;, nr 26, Bia\u0142ystok 2013 T. 26, 128 s., fot. cz.\/b. oraz kolor, cena 20,00 z\u0142 &nbsp; &nbsp; &nbsp; &nbsp; &nbsp; Spis tre\u015bci: Artyku\u0142y: Jaros\u0142aw Szlaszy\u0144ski &#8211; Pu\u0142kownik dyplomowany Edward Maliszewski Bogus\u0142aw Kosel &#8211; Litewscy \u017co\u0142nierze kontraktowi w 2. Batalionie Komandos\u00f3w Zmotoryzowanych (PSZ) Natalia Filinowicz &#8211; \u201eJapo\u0144skie\u201d jednostki armii Stan\u00f3w Zjednoczonych. 100 [&hellip;]<\/p>\n","protected":false},"author":2,"featured_media":0,"parent":22,"menu_order":0,"comment_status":"closed","ping_status":"closed","template":"","meta":{"ngg_post_thumbnail":0,"h5ap_radio_sources":[],"_vp_format_video_url":"","_vp_image_focal_point":[],"footnotes":""},"class_list":["post-414","page","type-page","status-publish","hentry"],"_links":{"self":[{"href":"https:\/\/mwb.com.pl\/mwb2017\/wp-json\/wp\/v2\/pages\/414","targetHints":{"allow":["GET"]}}],"collection":[{"href":"https:\/\/mwb.com.pl\/mwb2017\/wp-json\/wp\/v2\/pages"}],"about":[{"href":"https:\/\/mwb.com.pl\/mwb2017\/wp-json\/wp\/v2\/types\/page"}],"author":[{"embeddable":true,"href":"https:\/\/mwb.com.pl\/mwb2017\/wp-json\/wp\/v2\/users\/2"}],"replies":[{"embeddable":true,"href":"https:\/\/mwb.com.pl\/mwb2017\/wp-json\/wp\/v2\/comments?post=414"}],"version-history":[{"count":3,"href":"https:\/\/mwb.com.pl\/mwb2017\/wp-json\/wp\/v2\/pages\/414\/revisions"}],"predecessor-version":[{"id":550,"href":"https:\/\/mwb.com.pl\/mwb2017\/wp-json\/wp\/v2\/pages\/414\/revisions\/550"}],"up":[{"embeddable":true,"href":"https:\/\/mwb.com.pl\/mwb2017\/wp-json\/wp\/v2\/pages\/22"}],"wp:attachment":[{"href":"https:\/\/mwb.com.pl\/mwb2017\/wp-json\/wp\/v2\/media?parent=414"}],"curies":[{"name":"wp","href":"https:\/\/api.w.org\/{rel}","templated":true}]}}