{"id":412,"date":"2017-03-09T16:03:49","date_gmt":"2017-03-09T15:03:49","guid":{"rendered":"http:\/\/mwb.com.pl\/mwb2017\/?page_id=412"},"modified":"2017-03-10T12:38:28","modified_gmt":"2017-03-10T11:38:28","slug":"zeszyt-naukowy-muzeum-wojska-nr-25-bialystok-2012","status":"publish","type":"page","link":"https:\/\/mwb.com.pl\/mwb2017\/oferta\/wydawnictwa\/zeszyt-naukowy-muzeum-wojska-nr-25-bialystok-2012\/","title":{"rendered":"&#8222;Zeszyt Naukowy Muzeum Wojska&#8221;, nr 25, Bia\u0142ystok 2012"},"content":{"rendered":"<p><img decoding=\"async\" class=\"alignleft size-full wp-image-433\" src=\"http:\/\/mwb.com.pl\/mwb2017\/wp-content\/uploads\/2017\/03\/ZN_25_okladka.jpg\" alt=\"\" width=\"150\" height=\"214\" \/>&#8222;Zeszyt Naukowy Muzeum Wojska&#8221;, nr 25, Bia\u0142ystok 2012<\/p>\n<p>T. 25, 177 s., fot. cz.\/b. oraz kolor, cena 20,00 z\u0142<\/p>\n<p>&nbsp;<\/p>\n<p>&nbsp;<\/p>\n<p>&nbsp;<\/p>\n<p>&nbsp;<\/p>\n<p>&nbsp;<\/p>\n<p><strong>Spis tre\u015bci:<\/strong><\/p>\n<p><strong>Artyku\u0142y:<\/strong><br \/>\nJacek Emil Szczepa\u0144ski &#8211; <em>Struktura organizacyjna sztabu i wojsk niemieckich w Gubernatorstwie Wojskowym M\u0142awa w latach 1915-1918<\/em><br \/>\nTomasz Weso\u0142owski &#8211; <em>\u201eAcht komma Acht\u201d przeciw polskim schronom bojowym. Niemieckie 88 mm armaty przeciwlotnicze jako \u015brodek zwalczania fortyfikacji sta\u0142ych i ich rola w prze\u0142amaniu umocnie\u0144 odcinka \u201eNowogr\u00f3d\u201d (9-10 wrze\u015bnia 1939 r.) \u2013 cz\u0119\u015b\u0107 2<\/em><br \/>\nBogus\u0142aw Kosel &#8211; <em>\u201ePierede\u0142ka\u201d Wojska Litewskiego w 29. Terytorialny Korpus Strzelecki Armii Czerwonej (sierpie\u0144 1940 \u2013 sierpie\u0144 1941 r.)<\/em><br \/>\n\u0141ukasz M\u0119czykowski &#8211; <em>Brytyjskie przygotowania do dzia\u0142a\u0144 partyzanckich na terenie Wielkiej Brytanii. Przyczynek do tematu<\/em><br \/>\nPiotr \u0141api\u0144ski &#8211; <em>Straty osobowe kadry kierowniczej powiatowych urz\u0119d\u00f3w bezpiecze\u0144stwa publicznego wojew\u00f3dztwa bia\u0142ostockiego w latach 1944\u20131956<\/em><\/p>\n<p><strong>\u0179r\u00f3d\u0142a i materia\u0142y<\/strong>:<br \/>\nMartin Dubanek &#8211; <em>Fotografie lotnicze XIX- i XX-wiecznych fortyfikacji na terenie Polski w zbiorach archiw\u00f3w w Republice Czeskiej<\/em><br \/>\n\u0141ukasz Radulski (oprac.) &#8211;<em> List Marii Wierzbickiej do rodzic\u00f3w o wydarzeniach 12-14 listopada 1918 r. w Bia\u0142ymstoku<\/em><\/p>\n<p><strong>Muzealnictwo wojskowe:<\/strong><br \/>\nAleksander Smoli\u0144ski &#8211;<em> Jeszcze raz o \u201enie\u015bmiertelnikach\u201d, czyli o znakach i dokumentach to\u017csamo\u015bci Wojska Polskiego<\/em><\/p>\n<p><strong>Recenzje i polemiki:<\/strong><br \/>\nTomasz Weso\u0142owski &#8211; <em>Mnogo\u015b\u0107 uwag o poziomie nauczania historycznego rozwoju fortyfikacji na podstawie \u201eniezb\u0119dnego przewodnika po rozleg\u0142ym obszarze wiedzy\u201d pp\u0142k. dr. Waldemara Kawki<\/em><\/p>\n","protected":false},"excerpt":{"rendered":"<p>&#8222;Zeszyt Naukowy Muzeum Wojska&#8221;, nr 25, Bia\u0142ystok 2012 T. 25, 177 s., fot. cz.\/b. oraz kolor, cena 20,00 z\u0142 &nbsp; &nbsp; &nbsp; &nbsp; &nbsp; Spis tre\u015bci: Artyku\u0142y: Jacek Emil Szczepa\u0144ski &#8211; Struktura organizacyjna sztabu i wojsk niemieckich w Gubernatorstwie Wojskowym M\u0142awa w latach 1915-1918 Tomasz Weso\u0142owski &#8211; \u201eAcht komma Acht\u201d przeciw polskim schronom bojowym. Niemieckie [&hellip;]<\/p>\n","protected":false},"author":2,"featured_media":0,"parent":22,"menu_order":0,"comment_status":"closed","ping_status":"closed","template":"","meta":{"ngg_post_thumbnail":0,"h5ap_radio_sources":[],"_vp_format_video_url":"","_vp_image_focal_point":[],"footnotes":""},"class_list":["post-412","page","type-page","status-publish","hentry"],"_links":{"self":[{"href":"https:\/\/mwb.com.pl\/mwb2017\/wp-json\/wp\/v2\/pages\/412","targetHints":{"allow":["GET"]}}],"collection":[{"href":"https:\/\/mwb.com.pl\/mwb2017\/wp-json\/wp\/v2\/pages"}],"about":[{"href":"https:\/\/mwb.com.pl\/mwb2017\/wp-json\/wp\/v2\/types\/page"}],"author":[{"embeddable":true,"href":"https:\/\/mwb.com.pl\/mwb2017\/wp-json\/wp\/v2\/users\/2"}],"replies":[{"embeddable":true,"href":"https:\/\/mwb.com.pl\/mwb2017\/wp-json\/wp\/v2\/comments?post=412"}],"version-history":[{"count":3,"href":"https:\/\/mwb.com.pl\/mwb2017\/wp-json\/wp\/v2\/pages\/412\/revisions"}],"predecessor-version":[{"id":548,"href":"https:\/\/mwb.com.pl\/mwb2017\/wp-json\/wp\/v2\/pages\/412\/revisions\/548"}],"up":[{"embeddable":true,"href":"https:\/\/mwb.com.pl\/mwb2017\/wp-json\/wp\/v2\/pages\/22"}],"wp:attachment":[{"href":"https:\/\/mwb.com.pl\/mwb2017\/wp-json\/wp\/v2\/media?parent=412"}],"curies":[{"name":"wp","href":"https:\/\/api.w.org\/{rel}","templated":true}]}}