{"id":410,"date":"2017-03-09T16:03:01","date_gmt":"2017-03-09T15:03:01","guid":{"rendered":"http:\/\/mwb.com.pl\/mwb2017\/?page_id=410"},"modified":"2017-03-10T12:29:27","modified_gmt":"2017-03-10T11:29:27","slug":"zeszyt-naukowy-muzeum-wojska-nr-24-bialystok-2011","status":"publish","type":"page","link":"https:\/\/mwb.com.pl\/mwb2017\/oferta\/wydawnictwa\/zeszyt-naukowy-muzeum-wojska-nr-24-bialystok-2011\/","title":{"rendered":"&#8222;Zeszyt Naukowy Muzeum Wojska&#8221;, nr 24, Bia\u0142ystok 2011"},"content":{"rendered":"<p><img fetchpriority=\"high\" decoding=\"async\" class=\"alignleft size-medium wp-image-435\" src=\"http:\/\/mwb.com.pl\/mwb2017\/wp-content\/uploads\/2017\/03\/ZN24-210x300.jpg\" alt=\"\" width=\"210\" height=\"300\" srcset=\"https:\/\/mwb.com.pl\/mwb2017\/wp-content\/uploads\/2017\/03\/ZN24-210x300.jpg 210w, https:\/\/mwb.com.pl\/mwb2017\/wp-content\/uploads\/2017\/03\/ZN24.jpg 356w\" sizes=\"(max-width: 210px) 100vw, 210px\" \/>&#8222;Zeszyt Naukowy Muzeum Wojska&#8221;, nr 24, Bia\u0142ystok 2011<\/p>\n<p>T. 24, 159 s., fot. cz.\/b. oraz kolor, cena 20,00 z\u0142<\/p>\n<p>&nbsp;<\/p>\n<p>&nbsp;<\/p>\n<p>&nbsp;<\/p>\n<p>&nbsp;<\/p>\n<p>&nbsp;<\/p>\n<p>&nbsp;<\/p>\n<p>&nbsp;<\/p>\n<p>&nbsp;<\/p>\n<p><strong>Spis tre\u015bci:<\/strong><\/p>\n<p><strong>Artyku\u0142y:<\/strong><br \/>\nTomasz Weso\u0142owski \u2013 <em>U\u017cycie przeciwlotniczych armat 88 mm w walkach o Nowogr\u00f3d w 1939 r. (cz. 1)<\/em><br \/>\nBogus\u0142aw Kosel \u2013 <em>Przyczynek do bada\u0144 nad pierwszym etapem sowietyzacji Wojska Litewskiego (15 czerwca &#8211; 30 sierpnia 1940 r.)<\/em><br \/>\nJan Niko\u0142ajuk\u2013 <em>Pograniczne Wojska NKWD na \u201ewyst\u0119pie bia\u0142ostockim\u201d na przyk\u0142adzie 88. Oddzia\u0142u w Szepietowie 1939-1941<\/em><br \/>\nMicha\u0142 Koz\u0142owski \u2013 <em>Schrony dla ludno\u015bci cywilnej Bia\u0142egostoku jako element budownictwa przeciwlotniczego i przeciwatomowego PRL okresu \u201ezimnej wojny\u201d<\/em><\/p>\n<p><strong>\u0179r\u00f3d\u0142a i materia\u0142y:<\/strong><br \/>\nAdam Dobro\u0144ski (red.) \u2013 <em>Rtm. Zdzis\u0142aw Budy\u0144 \u2013 Wspomnienia (cz. 2)<\/em><\/p>\n<p><strong>Muzealnictwo wojskowe:<\/strong><br \/>\nPiotr Karczewski \u2013<em> Ekspozycja sta\u0142a Muzeum Wojska w Bia\u0142ymstoku pt. \u201eWojsko Polskie 1956-2010\u201d<\/em><\/p>\n<p><strong>Recenzje i polemiki:<\/strong><br \/>\nPiotr \u0141api\u0144ski \u2013 <em>Tomasz Dudzi\u0144ski, 9. pu\u0142k strzelc\u00f3w konnych 1921\u20131939, Wyd. Towarzystwo Przyjaci\u00f3\u0142 9 PSK w Grajewie, Grajewo 2009, s. 440.<\/em><\/p>\n","protected":false},"excerpt":{"rendered":"<p>&#8222;Zeszyt Naukowy Muzeum Wojska&#8221;, nr 24, Bia\u0142ystok 2011 T. 24, 159 s., fot. cz.\/b. oraz kolor, cena 20,00 z\u0142 &nbsp; &nbsp; &nbsp; &nbsp; &nbsp; &nbsp; &nbsp; &nbsp; Spis tre\u015bci: Artyku\u0142y: Tomasz Weso\u0142owski \u2013 U\u017cycie przeciwlotniczych armat 88 mm w walkach o Nowogr\u00f3d w 1939 r. (cz. 1) Bogus\u0142aw Kosel \u2013 Przyczynek do bada\u0144 nad pierwszym [&hellip;]<\/p>\n","protected":false},"author":2,"featured_media":0,"parent":22,"menu_order":0,"comment_status":"closed","ping_status":"closed","template":"","meta":{"ngg_post_thumbnail":0,"h5ap_radio_sources":[],"_vp_format_video_url":"","_vp_image_focal_point":[],"footnotes":""},"class_list":["post-410","page","type-page","status-publish","hentry"],"_links":{"self":[{"href":"https:\/\/mwb.com.pl\/mwb2017\/wp-json\/wp\/v2\/pages\/410","targetHints":{"allow":["GET"]}}],"collection":[{"href":"https:\/\/mwb.com.pl\/mwb2017\/wp-json\/wp\/v2\/pages"}],"about":[{"href":"https:\/\/mwb.com.pl\/mwb2017\/wp-json\/wp\/v2\/types\/page"}],"author":[{"embeddable":true,"href":"https:\/\/mwb.com.pl\/mwb2017\/wp-json\/wp\/v2\/users\/2"}],"replies":[{"embeddable":true,"href":"https:\/\/mwb.com.pl\/mwb2017\/wp-json\/wp\/v2\/comments?post=410"}],"version-history":[{"count":4,"href":"https:\/\/mwb.com.pl\/mwb2017\/wp-json\/wp\/v2\/pages\/410\/revisions"}],"predecessor-version":[{"id":544,"href":"https:\/\/mwb.com.pl\/mwb2017\/wp-json\/wp\/v2\/pages\/410\/revisions\/544"}],"up":[{"embeddable":true,"href":"https:\/\/mwb.com.pl\/mwb2017\/wp-json\/wp\/v2\/pages\/22"}],"wp:attachment":[{"href":"https:\/\/mwb.com.pl\/mwb2017\/wp-json\/wp\/v2\/media?parent=410"}],"curies":[{"name":"wp","href":"https:\/\/api.w.org\/{rel}","templated":true}]}}