{"id":406,"date":"2017-03-09T16:00:27","date_gmt":"2017-03-09T15:00:27","guid":{"rendered":"http:\/\/mwb.com.pl\/mwb2017\/?page_id=406"},"modified":"2017-03-10T11:47:52","modified_gmt":"2017-03-10T10:47:52","slug":"zeszyt-naukowy-muzeum-wojska-nr-18-bialystok-2005","status":"publish","type":"page","link":"https:\/\/mwb.com.pl\/mwb2017\/oferta\/wydawnictwa\/zeszyt-naukowy-muzeum-wojska-nr-18-bialystok-2005\/","title":{"rendered":"&#8222;Zeszyt Naukowy Muzeum Wojska&#8221;, nr 18, Bia\u0142ystok 2005"},"content":{"rendered":"<p><img fetchpriority=\"high\" decoding=\"async\" class=\"alignleft size-full wp-image-428\" src=\"http:\/\/mwb.com.pl\/mwb2017\/wp-content\/uploads\/2017\/03\/zn_18.jpg\" alt=\"\" width=\"200\" height=\"299\" \/>&#8222;Zeszyt Naukowy Muzeum Wojska&#8221;, nr 18, Bia\u0142ystok 2005<\/p>\n<p>T. 18, 221 str., fot. cz.\/b., cena: 5,00 z\u0142<\/p>\n<p>&nbsp;<\/p>\n<p>&nbsp;<\/p>\n<p>&nbsp;<\/p>\n<p>&nbsp;<\/p>\n<p>&nbsp;<\/p>\n<p>&nbsp;<\/p>\n<p>&nbsp;<\/p>\n<p>&nbsp;<\/p>\n<p>&nbsp;<\/p>\n<p><strong>Spis tre\u015bci:<\/strong><\/p>\n<p><strong>Artyku\u0142y:<\/strong><br \/>\nTadeusz Dubicki, Grzegorz \u0141ukomski \u2013 <em>Kszta\u0142towanie wschodniej granicy pa\u0144stwa polskiego 1918-1920<\/em><br \/>\nKajetan Szczepa\u0144ski \u2013 <em>Ochrona granicy wschodniej w latach 1918-1924. <\/em><em>Transformacje struktur formacji granicznych po odzyskaniu niepodleg\u0142o\u015bci<\/em><br \/>\nBarbara Kuklik \u2013<em> Podzia\u0142 terytorialny Polski po 1918r.<\/em><br \/>\nEriks Jekabsons \u2013<em> Walki Wojska Polskiego z Armi\u0105 Czerwon\u0105 w okolicach Dyneburga we wrze\u015bniu 1919r.<\/em><br \/>\nStanis\u0142aw Jaczy\u0144ski \u2013 <em>Wy\u017csi oficerowie Wojska Polskiego wojny 1919-1920<\/em><br \/>\nMicha\u0142 Klimecki \u2013 <em>Okupacja Ma\u0142opolski Wschodniej przez Armi\u0119 Czerwon\u0105 latem 1920 r.<\/em><br \/>\nMarek Gajewski \u2013<em> Pocz\u0105tki organizacyjne bia\u0142ostockiej policji i jej udzia\u0142 w wojnie polsko-bolszewickiej 1920 r.<\/em><br \/>\nZdzis\u0142aw J\u00f3zef Cutter \u2013 <em>\u201eBunt\u201d gen. dyw. Lucjana \u017beligowskiego<\/em><br \/>\nJoanna Gierowska-Ka\u0142\u0142aur &#8211; <em>Litwa \u015brodkowa (1920-1922)<\/em><br \/>\nMariusz Nowak \u2013 <em>Postawy polskiej arystokracji w okresie kampanii wrze\u015bniowej (IX-X 1939) \u2013 uczestnictwo jej przedstawicieli w obronie kraju w szeregach Wojska Polskiego<\/em><\/p>\n<p><strong>Materia\u0142y:<\/strong><br \/>\nMarek Gajewski \u2013 <em>Wspomnienia bia\u0142ostockiego policjanta z pobytu w wi\u0119zieniach i \u0142agrach sowieckich 1939-1941<\/em><\/p>\n<p><strong>Zbiory:<\/strong><br \/>\nKra\u015bnicka Urszula- <em>Wyposa\u017cenie z polskich kasyn w latach 1919-1945 w zbiorach Muzeum Wojska w Bia\u0142ymstoku<\/em><br \/>\nMarcin Kozi\u0144ski \u2013 <em>Tadeusz Micha\u0142 Du\u0144czyk, \u017co\u0142nierz Polskich Si\u0142 Zbrojnych na Zachodzie i jego pami\u0105tki z zbiorach Muzeum Wojska w Bia\u0142ymstoku<\/em><br \/>\nMarek Gajewski \u2013 <em>Pistolety maszynowe w zbiorach Muzeum Wojska w Bia\u0142ystoku \u00a0<\/em><br \/>\nSylwia Trzeciakowska \u2013 <em>Zbi\u00f3r fotografii stereoskopowych<\/em><br \/>\nUrszula Kra\u015bnicka &#8211; <em>Nieznany gwasz autorstwa Edwarda Rydza-\u015amig\u0142ego w zbiorach Muzeum Wojska<\/em><br \/>\nSylwia Trzeciakowska \u2013<em> Zbi\u00f3r odznacze\u0144 po Bohdanie Wendorffie \u2013 ostatnim szefie kancelarii cywilnej prezydenta RP na uchod\u017astwie<\/em><\/p>\n<p><strong>Recenzje, polemiki:<\/strong><br \/>\nMarcin Kozi\u0144ski \u2013 <em>Marek Gajewski, 213 Policyjny Pu\u0142k Piechoty wojny 1920r., O\u015brodek Bada\u0144 Historii Wojskowej Muzeum Wojska w Bia\u0142ymstoku, Bia\u0142ystok 2003.<\/em><br \/>\nUrszula Kra\u015bnicka &#8211; <em>\u201eTeki Historyczne\u201d tom XXIII, Polskie Towarzystwo Historyczne w Wielkiej Brytanii, Londyn 2004.<\/em><br \/>\nAdolf Stachula \u2013 <em>Wojciech Sk\u00f3ra, Konsulat RP w Szczecinie w latach 1925-1939. Powstanie i dzia\u0142alno\u015b\u0107, S\u0142upsk 2001.<\/em><\/p>\n","protected":false},"excerpt":{"rendered":"<p>&#8222;Zeszyt Naukowy Muzeum Wojska&#8221;, nr 18, Bia\u0142ystok 2005 T. 18, 221 str., fot. cz.\/b., cena: 5,00 z\u0142 &nbsp; &nbsp; &nbsp; &nbsp; &nbsp; &nbsp; &nbsp; &nbsp; &nbsp; Spis tre\u015bci: Artyku\u0142y: Tadeusz Dubicki, Grzegorz \u0141ukomski \u2013 Kszta\u0142towanie wschodniej granicy pa\u0144stwa polskiego 1918-1920 Kajetan Szczepa\u0144ski \u2013 Ochrona granicy wschodniej w latach 1918-1924. Transformacje struktur formacji granicznych po odzyskaniu [&hellip;]<\/p>\n","protected":false},"author":2,"featured_media":0,"parent":22,"menu_order":0,"comment_status":"closed","ping_status":"closed","template":"","meta":{"ngg_post_thumbnail":0,"h5ap_radio_sources":[],"_vp_format_video_url":"","_vp_image_focal_point":[],"footnotes":""},"class_list":["post-406","page","type-page","status-publish","hentry"],"_links":{"self":[{"href":"https:\/\/mwb.com.pl\/mwb2017\/wp-json\/wp\/v2\/pages\/406","targetHints":{"allow":["GET"]}}],"collection":[{"href":"https:\/\/mwb.com.pl\/mwb2017\/wp-json\/wp\/v2\/pages"}],"about":[{"href":"https:\/\/mwb.com.pl\/mwb2017\/wp-json\/wp\/v2\/types\/page"}],"author":[{"embeddable":true,"href":"https:\/\/mwb.com.pl\/mwb2017\/wp-json\/wp\/v2\/users\/2"}],"replies":[{"embeddable":true,"href":"https:\/\/mwb.com.pl\/mwb2017\/wp-json\/wp\/v2\/comments?post=406"}],"version-history":[{"count":3,"href":"https:\/\/mwb.com.pl\/mwb2017\/wp-json\/wp\/v2\/pages\/406\/revisions"}],"predecessor-version":[{"id":517,"href":"https:\/\/mwb.com.pl\/mwb2017\/wp-json\/wp\/v2\/pages\/406\/revisions\/517"}],"up":[{"embeddable":true,"href":"https:\/\/mwb.com.pl\/mwb2017\/wp-json\/wp\/v2\/pages\/22"}],"wp:attachment":[{"href":"https:\/\/mwb.com.pl\/mwb2017\/wp-json\/wp\/v2\/media?parent=406"}],"curies":[{"name":"wp","href":"https:\/\/api.w.org\/{rel}","templated":true}]}}