{"id":404,"date":"2017-03-09T15:58:49","date_gmt":"2017-03-09T14:58:49","guid":{"rendered":"http:\/\/mwb.com.pl\/mwb2017\/?page_id=404"},"modified":"2017-03-10T12:11:28","modified_gmt":"2017-03-10T11:11:28","slug":"zeszyt-naukowy-muzeum-wojska-nr-21-bialystok-2008","status":"publish","type":"page","link":"https:\/\/mwb.com.pl\/mwb2017\/oferta\/wydawnictwa\/zeszyt-naukowy-muzeum-wojska-nr-21-bialystok-2008\/","title":{"rendered":"&#8222;Zeszyt Naukowy Muzeum Wojska&#8221;, nr 21, Bia\u0142ystok 2008"},"content":{"rendered":"<p><img fetchpriority=\"high\" decoding=\"async\" class=\"alignleft size-full wp-image-431\" src=\"http:\/\/mwb.com.pl\/mwb2017\/wp-content\/uploads\/2017\/03\/zn_21.jpg\" alt=\"\" width=\"200\" height=\"283\" \/>&#8222;Zeszyt Naukowy Muzeum Wojska&#8221;, nr 21, Bia\u0142ystok 2008<\/p>\n<p>T. 21, 238 s., fot. cz\/b, cena: 5,00<\/p>\n<p>&nbsp;<\/p>\n<p>&nbsp;<\/p>\n<p>&nbsp;<\/p>\n<p>&nbsp;<\/p>\n<p>&nbsp;<\/p>\n<p>&nbsp;<\/p>\n<p>&nbsp;<\/p>\n<p><strong>Spis tre\u015bci:<\/strong><\/p>\n<p><strong>Artyku\u0142y:<\/strong><br \/>\nEriks Jekabsons \u2013 <em>Kobiety \u0142otewskie w armii podczas I wojny \u015bwiatowej<\/em><br \/>\nMicha\u0142 Klimecki \u2013 <em>Olena Stepaniw-Daszkiewicz. \u017bycie dla niepodleg\u0142ej Ukrainy<\/em><br \/>\nTomasz Grzeforczyk \u2013 <em>Rola kobiet w walkach o Kresy po\u0142udniowo-wschodnie Polski (1918-1920)<\/em><br \/>\nMarek Gajewski \u2013<em> Ochotnicza Legia Kobiet w wojnie 1919-1920 r.<\/em><br \/>\nWies\u0142aw Jan Wysocki \u2013 <em>Organizacja Przysposobienia Wojskowego Kobiet<\/em><br \/>\nHanna Szczechowicz \u2013 <em>Zofia Kossak-Szczucka. Lata wojny 1939 -1945<\/em><br \/>\nJerzy S. Wojciechowski \u2013 <em>Dzieje Grupy Zanieme\u0144skiej (gen. Lasockiego) na Froncie Litewsko-Bia\u0142oruskim w 1919 roku<\/em><br \/>\nPrzemys\u0142aw Kwiatkowski- <em>W przededniu II wojny \u015bwiatowej. Polska dyplomacja wobec Stan\u00f3w Zjednoczonych ( pa\u017adziernik 1938 \u2013 sierpie\u0144 1939)<\/em><br \/>\n\u0141ukasz Radulski \u2013 <em>Sowieckie wojska zmechanizowane w Zachodnim Specjalnym Okr\u0119gu Wojskowym prze 22 czerwca 1941 roku. <\/em><\/p>\n<p><strong>Materia\u0142y<\/strong>:<br \/>\nAndrzej Suchcitz \u2013<em> Materia\u0142y do historii PWSK w Archiwum Instytutu Polskiego i Muzeum im. Gen. Sikorskiego w Londynie<\/em><br \/>\nKrzysztof Filipow \u2013 <em>Krzy\u017c Polskiej Organizacji Wojskowej<\/em><br \/>\nMarcin Kozi\u0144ski \u2013<em> Czy nadchodzi zmierzch muzealnictwa?<\/em><\/p>\n<p><strong>Zbiory:<\/strong><br \/>\nMonika Ko\u015bciukiewicz \u2013 <em>Niemiecka niewola w \u015bwietle korespondencji Stanis\u0142awa Ucha\u0144skiego, \u017co\u0142nierza 1 Pu\u0142ku Strzelc\u00f3w Konnych<\/em><br \/>\nMarcin Kozi\u0144ski \u2013 <em>Obraz Mariana Adamczewskiego Biwak \u017co\u0142nierzy napoleo\u0144skich ze zbior\u00f3w Muzeum Wojska w Bia\u0142ymstoku<\/em><\/p>\n<p><strong>Sprawozdania, recenzje, polemiki:<\/strong><br \/>\nSylwia Templin \u2013 <em>Marek Jab\u0142o\u0144ski red.: Ministrowie Spraw Wojskowych 1918 -1944. Z bada\u0144 nad polityk\u0105 wojskow\u0105 Polski, Pu\u0142tusk 2005<\/em>.<br \/>\nTomasz Demidowicz- <em>Mariusz Wojciech Majewski, Samoloty i Zak\u0142ady Lotnicze II Rzeczpospolitej, Wydawca Z. P. Poligrafia, Warszawa 2006.<\/em><br \/>\nUrszula Kosicka \u2013 <em>Wojciech Schattlach, Dzia\u0142ania Niemieckiej 2 Dywizji Strzelc\u00f3w Spadochronowych we W\u0142oszech oraz na wyspach Elbie i Leros w czasie II wojny \u015bwiatowej w 1943 roku, Wydawnictwo Adam Marsza\u0142ek, Toru\u0144 2006<\/em>.<br \/>\nPawe\u0142 Rutkowski \u2013 <em>Obrady panelu historycznego na Mi\u0119dzynarodowej Konferencji Naukowej w Szczawie<\/em><\/p>\n<p><strong>Bibliografia:<\/strong><br \/>\nBeata Jasielczuk \u2013 bibliografia Muzeum Wojska w Bia\u0142ymstoku ( 01 VII 1998 \u2013 31 X 2008)<\/p>\n","protected":false},"excerpt":{"rendered":"<p>&#8222;Zeszyt Naukowy Muzeum Wojska&#8221;, nr 21, Bia\u0142ystok 2008 T. 21, 238 s., fot. cz\/b, cena: 5,00 &nbsp; &nbsp; &nbsp; &nbsp; &nbsp; &nbsp; &nbsp; Spis tre\u015bci: Artyku\u0142y: Eriks Jekabsons \u2013 Kobiety \u0142otewskie w armii podczas I wojny \u015bwiatowej Micha\u0142 Klimecki \u2013 Olena Stepaniw-Daszkiewicz. \u017bycie dla niepodleg\u0142ej Ukrainy Tomasz Grzeforczyk \u2013 Rola kobiet w walkach o Kresy [&hellip;]<\/p>\n","protected":false},"author":2,"featured_media":0,"parent":22,"menu_order":0,"comment_status":"closed","ping_status":"closed","template":"","meta":{"ngg_post_thumbnail":0,"h5ap_radio_sources":[],"_vp_format_video_url":"","_vp_image_focal_point":[],"footnotes":""},"class_list":["post-404","page","type-page","status-publish","hentry"],"_links":{"self":[{"href":"https:\/\/mwb.com.pl\/mwb2017\/wp-json\/wp\/v2\/pages\/404","targetHints":{"allow":["GET"]}}],"collection":[{"href":"https:\/\/mwb.com.pl\/mwb2017\/wp-json\/wp\/v2\/pages"}],"about":[{"href":"https:\/\/mwb.com.pl\/mwb2017\/wp-json\/wp\/v2\/types\/page"}],"author":[{"embeddable":true,"href":"https:\/\/mwb.com.pl\/mwb2017\/wp-json\/wp\/v2\/users\/2"}],"replies":[{"embeddable":true,"href":"https:\/\/mwb.com.pl\/mwb2017\/wp-json\/wp\/v2\/comments?post=404"}],"version-history":[{"count":4,"href":"https:\/\/mwb.com.pl\/mwb2017\/wp-json\/wp\/v2\/pages\/404\/revisions"}],"predecessor-version":[{"id":530,"href":"https:\/\/mwb.com.pl\/mwb2017\/wp-json\/wp\/v2\/pages\/404\/revisions\/530"}],"up":[{"embeddable":true,"href":"https:\/\/mwb.com.pl\/mwb2017\/wp-json\/wp\/v2\/pages\/22"}],"wp:attachment":[{"href":"https:\/\/mwb.com.pl\/mwb2017\/wp-json\/wp\/v2\/media?parent=404"}],"curies":[{"name":"wp","href":"https:\/\/api.w.org\/{rel}","templated":true}]}}