{"id":402,"date":"2017-03-09T15:57:27","date_gmt":"2017-03-09T14:57:27","guid":{"rendered":"http:\/\/mwb.com.pl\/mwb2017\/?page_id=402"},"modified":"2017-03-10T12:04:31","modified_gmt":"2017-03-10T11:04:31","slug":"zeszyt-naukowy-muzeum-wojska-nr-20-bialystok-2007","status":"publish","type":"page","link":"https:\/\/mwb.com.pl\/mwb2017\/oferta\/wydawnictwa\/zeszyt-naukowy-muzeum-wojska-nr-20-bialystok-2007\/","title":{"rendered":"&#8222;Zeszyt Naukowy Muzeum Wojska&#8221;, nr 20, Bia\u0142ystok 2007"},"content":{"rendered":"<p><img fetchpriority=\"high\" decoding=\"async\" class=\"alignleft size-full wp-image-430\" src=\"http:\/\/mwb.com.pl\/mwb2017\/wp-content\/uploads\/2017\/03\/zn_20.jpg\" alt=\"\" width=\"200\" height=\"298\" \/>&#8222;Zeszyt Naukowy Muzeum Wojska&#8221;, nr 20, Bia\u0142ystok 2007<\/p>\n<p>T. 20, 194 str., fot. cz.\/b., cena: 5,00 z\u0142<\/p>\n<p>&nbsp;<\/p>\n<p>&nbsp;<\/p>\n<p>&nbsp;<\/p>\n<p>&nbsp;<\/p>\n<p>&nbsp;<\/p>\n<p>&nbsp;<\/p>\n<p>&nbsp;<\/p>\n<p>&nbsp;<\/p>\n<p><strong>Spis tre\u015bci:<\/strong><\/p>\n<p><strong>Artyku\u0142:<\/strong><br \/>\nRobert Kisiel \u2013 <em>Armia sardy\u0144ska w po\u0142owie XVIII wieku<\/em><br \/>\nMarek Rutkowski \u2013 <em>Kaukaskie plany i porozumienia zwierzchnika Konstantynopolita\u0144skiej Agencji Hotelu Lambert z lat 40. XIX w<\/em>.<br \/>\nAndrzej Malinowski \u2013 <em>Lotnictwo bu\u0142garskie w czasie pierwszej wojny \u015bwiatowej 1915-1918<\/em><br \/>\nKrzysztof Filipow \u2013 <em>Szwole\u017cerowie w Armii Polskiej we Francji i odtworzenie pu\u0142ku szwole\u017cer\u00f3w w Wojsku Polskim 1918-1919<\/em><br \/>\nMicha\u0142 Klimecki \u2013 <em>Jesie\u0144 1918 r. w Galicji Wschodniej<\/em><br \/>\nHanna Szczechowicz &#8211; <em>Ukrai\u0144ska niepodleg\u0142o\u015bci 1917-1920<\/em><br \/>\nMicha\u0142 Klimecki \u2013 <em>Polsko-litewskie dzia\u0142ania zbrojne w latach 1919-1920<\/em><br \/>\nTomasz Demidowicz- <em>1 Pu\u0142k Aeronautyczny Wojska Polskiego w walkach o utrzymanie linii Bugu 1-8 VIII 1920 r.<\/em><br \/>\nMarek Gajewski \u2013 <em>Jazda wojsk Litwy \u015brodkowej 1920-1922<\/em><br \/>\nBarbara Kuklik \u2013 <em>Podzia\u0142 terytorialny dla cel\u00f3w administracji specjalnej do 1928 r. ( wybrane problemy)<\/em><br \/>\nZdzis\u0142aw Cutter \u2013 <em>Kontrowersje (sp\u00f3r) w zakresie organizacji naczelnych w\u0142adz wojskowych w latach 1923-1926<\/em><\/p>\n<p><strong>Materia\u0142y:<\/strong><br \/>\nPiotr S. Szlezynger \u2013 <em>Przebieg kampanii tabor\u00f3w na zapleczu dzia\u0142a\u0144 bojowych 3 pu\u0142ku szwole\u017cer\u00f3w na Bia\u0142ostocczy\u017anie w \u015bwietle wspomnie\u0144 jego dow\u00f3dcy<\/em><br \/>\nJanusz S\u0119kowski \u2013<em> Przegl\u0105d literatury zwi\u0105zanej z bia\u0142\u0105 broni\u0105 sieczn\u0105 u\u017cywan\u0105 w Polsce od XVI wieku<\/em><\/p>\n<p><strong>Zbiory:<\/strong><br \/>\nPiotr Zawisza Januszek \u2013<em> Kompleks uzbrojenia ofensywnego od IX do pocz\u0105tku XI wieku na Rusi. Na podstawie znalezisk z poch\u00f3wk\u00f3w<\/em><br \/>\nSylwia Trzeciakowska &#8211; <em>Tw\u00f3rczo\u015b\u0107 artyst\u00f3w legionowych w zbiorach Muzeum Wojska w Bia\u0142ymstoku<\/em><br \/>\nMarcin Kozi\u0144ski \u2013 <em>Sztandar wile\u0144skiego gniazda Towarzystwa Gimnastycznego Sok\u00f3\u0142 w zbiorach Muzeum Wojska w Bia\u0142ymstoku<\/em><br \/>\nMarek Gajewski- <em>Zegarek kieszonkowy marynarza niemieckiego U-Boota ze zbior\u00f3w Muzeum Wojska w Bia\u0142ymstoku<\/em><\/p>\n<p><strong>Recenzje, polemiki, sprawozdania:<\/strong><br \/>\nWaldemar Jaskulski \u2013<em> Kilka uwag i sprostowa\u0107 do pracy Beaty Koz\u0142owskiej \u201dPu\u0142kownika Mozdyniewicz. \u017bo\u0142nierz Polski Niepodleg\u0142ej\u201d, \u0141\u00f3d\u017a 2003<\/em><br \/>\nTomasz Grzegorczyk \u2013 <em>Aleksander Smoli\u0144ski \u201eZarys dziej\u00f3w I Armii Konnej (1919-1923), EKO-Dom Sp. z oo, Grajewo 2003<\/em><br \/>\nTomasz Demidowicz \u2013 <em>Pawe\u0142 Borek, Garnizon Wojska Polskiego w Bia\u0142ej Podlaskiej w latach 1918-1939<\/em><br \/>\n\u0141ukasz Radulski \u2013 <em>Sprawozdanie z konferencji naukowej \u201eWok\u00f3\u0142 potopu szwedzkiego i moskiewskiego w p\u00f3\u0142nocno- wschodniej Polsce. Militaria \u2013 polityka \u2013 spo\u0142ecze\u0144stwo\u201d<\/em><br \/>\nSzczepan Skibicki \u2013 <em>Sprawozdanie z III konferencji z cyklu Muzea dla edukacji \u201eNowe formy aktywno\u015bci muzealnej\u201d<\/em><\/p>\n","protected":false},"excerpt":{"rendered":"<p>&#8222;Zeszyt Naukowy Muzeum Wojska&#8221;, nr 20, Bia\u0142ystok 2007 T. 20, 194 str., fot. cz.\/b., cena: 5,00 z\u0142 &nbsp; &nbsp; &nbsp; &nbsp; &nbsp; &nbsp; &nbsp; &nbsp; Spis tre\u015bci: Artyku\u0142: Robert Kisiel \u2013 Armia sardy\u0144ska w po\u0142owie XVIII wieku Marek Rutkowski \u2013 Kaukaskie plany i porozumienia zwierzchnika Konstantynopolita\u0144skiej Agencji Hotelu Lambert z lat 40. XIX w. Andrzej [&hellip;]<\/p>\n","protected":false},"author":2,"featured_media":0,"parent":22,"menu_order":0,"comment_status":"closed","ping_status":"closed","template":"","meta":{"ngg_post_thumbnail":0,"h5ap_radio_sources":[],"_vp_format_video_url":"","_vp_image_focal_point":[],"footnotes":""},"class_list":["post-402","page","type-page","status-publish","hentry"],"_links":{"self":[{"href":"https:\/\/mwb.com.pl\/mwb2017\/wp-json\/wp\/v2\/pages\/402","targetHints":{"allow":["GET"]}}],"collection":[{"href":"https:\/\/mwb.com.pl\/mwb2017\/wp-json\/wp\/v2\/pages"}],"about":[{"href":"https:\/\/mwb.com.pl\/mwb2017\/wp-json\/wp\/v2\/types\/page"}],"author":[{"embeddable":true,"href":"https:\/\/mwb.com.pl\/mwb2017\/wp-json\/wp\/v2\/users\/2"}],"replies":[{"embeddable":true,"href":"https:\/\/mwb.com.pl\/mwb2017\/wp-json\/wp\/v2\/comments?post=402"}],"version-history":[{"count":4,"href":"https:\/\/mwb.com.pl\/mwb2017\/wp-json\/wp\/v2\/pages\/402\/revisions"}],"predecessor-version":[{"id":527,"href":"https:\/\/mwb.com.pl\/mwb2017\/wp-json\/wp\/v2\/pages\/402\/revisions\/527"}],"up":[{"embeddable":true,"href":"https:\/\/mwb.com.pl\/mwb2017\/wp-json\/wp\/v2\/pages\/22"}],"wp:attachment":[{"href":"https:\/\/mwb.com.pl\/mwb2017\/wp-json\/wp\/v2\/media?parent=402"}],"curies":[{"name":"wp","href":"https:\/\/api.w.org\/{rel}","templated":true}]}}