{"id":400,"date":"2017-03-09T15:56:36","date_gmt":"2017-03-09T14:56:36","guid":{"rendered":"http:\/\/mwb.com.pl\/mwb2017\/?page_id=400"},"modified":"2017-03-10T11:58:30","modified_gmt":"2017-03-10T10:58:30","slug":"zeszyt-naukowy-muzeum-wojska-nr-19-bialystok-2006-2","status":"publish","type":"page","link":"https:\/\/mwb.com.pl\/mwb2017\/oferta\/wydawnictwa\/zeszyt-naukowy-muzeum-wojska-nr-19-bialystok-2006-2\/","title":{"rendered":"&#8222;Zeszyt Naukowy Muzeum Wojska&#8221;, nr 19, Bia\u0142ystok 2006"},"content":{"rendered":"<p><img fetchpriority=\"high\" decoding=\"async\" class=\"alignleft size-full wp-image-429\" src=\"http:\/\/mwb.com.pl\/mwb2017\/wp-content\/uploads\/2017\/03\/zn_19.jpg\" alt=\"\" width=\"200\" height=\"295\" \/>&#8222;Zeszyt Naukowy Muzeum Wojska&#8221;, nr 19, Bia\u0142ystok 2006<\/p>\n<p>T. 19, 279 str., fot. cz\/b, cena: 5,00 z\u0142<\/p>\n<p>&nbsp;<\/p>\n<p>&nbsp;<\/p>\n<p>&nbsp;<\/p>\n<p>&nbsp;<\/p>\n<p>&nbsp;<\/p>\n<p>&nbsp;<\/p>\n<p>&nbsp;<\/p>\n<p>&nbsp;<\/p>\n<p><strong>Spis tre\u015bci:<\/strong><\/p>\n<p><strong>Artyku\u0142y:<\/strong><br \/>\nAndrzej Pep\u0142o\u0144ski \u2013 <em>Formacje bezpiecze\u0144stwa poprzedzaj\u0105ce Policj\u0119 Pa\u0144stwow\u0105<\/em><br \/>\nJoanna Gierowska-Ka\u0142\u0142aur \u2013 <em>Organizacja s\u0142u\u017cby bezpiecze\u0144stwa w Okr\u0119gu Mi\u0144skim Zarz\u0105du Cywilnego Ziem Wschodnich<\/em><br \/>\nBernard Kayzer \u2013<em> Organizacja \u017bandarmerii Krajowej i Policji w Ma\u0142opolsce wschodniej w latach 1918-1922<\/em><br \/>\nEriks Jekabsons \u2013 <em>Dzia\u0142alno\u015b\u0107 policji \u0142otewskiej w zaj\u0119tym przez Wojsko Polskie Dyneburgu w 1920 roku.<\/em><br \/>\nDorota Pawlak \u2013 <em>Powstanie, organizacja i dzia\u0142alno\u015b\u0107 policji kobiecej w Polsce<\/em><br \/>\nStanis\u0142aw Kozdrowski \u2013 <em>Organizacja i wyszkolenie Policji \u015aledczej w II Rzeczpospolitej<\/em><br \/>\nGrzegorz Gryz- <em>Specyfika s\u0142u\u017cby funkcjonariuszy Policji\u00a0 Pa\u0144stwowej w okresie II RP (zarys problematyki)<\/em><br \/>\nMarek Gajewski \u2013 <em>Komendanci Policji Pa\u0144stwowej wojew\u00f3dztwa bia\u0142ostockiego 1919-1939<\/em><br \/>\nWojciech \u015aleszy\u0144ski \u2013 <em>Struktura organ\u00f3w terenowych i podleg\u0142o\u015b\u0107 s\u0142u\u017cbowa Policji Pa\u0144stwowej na kresach p\u00f3\u0142nocno-wschodnich II Rzeczpospolitej<\/em><br \/>\nTadeusz Radziwonowicz \u2013 <em>O pracy i funkcjonowaniu policji w okresie mi\u0119dzywojennym w \u015bwietle akt s\u0105dowych<\/em><br \/>\nBoles\u0142aw Sprengel \u2013 <em>Polityka informacyjna Policji Pa\u0144stwowej (zarys problematyki)<\/em><br \/>\nZdzis\u0142aw Cutter \u2013 <em>Gen. bryg. J\u00f3zef Ignacy Kordian-Zamorski \u2013 Komendant G\u0142\u00f3wny Policji Pa\u0144stwowej w latach 1935-1939<\/em><br \/>\nAndrzej Suchcitz- <em>\u0179r\u00f3d\u0142a do historii Policji Pa\u0144stwowej w Instytucie Polskim i Muzeum im. gen. bryg. J\u00f3zefa Kardiana-Zamorskiego<\/em><\/p>\n<p><strong>Materia\u0142y:<\/strong><br \/>\nJerzy S. Wojciechowski \u2013 <em>Mundury Przysposobienia Wojskowego<\/em><br \/>\nArtur Ocha\u0142 \u2013<em> Do\u015bwiadczalne narciarskie \u0107wiczenia jednostek 6 p\u00f3\u0142brygady KOP \u201eGrodno\u201d na Suwalszczy\u017anie w 1929 roku<\/em><\/p>\n<p><strong>Zbiory:<\/strong><br \/>\nPiotr Zawisza Januszek \u2013 <em>Wschodni \u0142uk kompozytowy<\/em><br \/>\nMarcin Kozi\u0144ski- <em>Obraz Wojciecha i Jerzego Kossak\u00f3w w zbiorach Muzeum Wojska w Bia\u0142ymstoku<\/em><br \/>\nSylwia Trzeciakowska- <em>Dzia\u0142alno\u015b\u0107 kulturowo-o\u015bwiatowa polskich je\u0144c\u00f3w wojennych w obozach Wehrmachtu<\/em><br \/>\nBeata Jasielczuk- <em>Znaki w\u0142asno\u015bciowe ksi\u0105\u017cek w bibliotece Muzeum Wojska w Bia\u0142ymstoku<\/em><\/p>\n<p><strong>Recenzje, polemiki:<\/strong><br \/>\nAleksander Smoli\u0144ski \u2013 Kilka uwag w kwestii ewentualnego pierwowzoru odznaki \u201eZa s\u0142u\u017cb\u0119 Graniczn\u0105\u201d<br \/>\nTomasz Demidowicz-<em> J\u00f3zef Zieli\u0144ski, Tadeusz Krzystek, Dow\u00f3dcy Dywizjon\u00f3w Polskich Si\u0142 Powietrznych za Zachodzie. Commanders of the Polish Air Force Squadrons in the West, Wydawca Redakcja Czasopism WLOP przy wsp\u00f3\u0142pracy z Domem Wydawniczym, Bellona, Pozna\u0144 2002<\/em><br \/>\nTomasz Demidowicz- <em>Jerzy Pawlak, Absolwenci Szko\u0142y Orl\u0105t 1925-1939, wydawnictwo Retro-Art., Warszawa 2001.<\/em><br \/>\nMariusz Nowak \u2013 <em>Andrzej Pep\u0142o\u0144ski, Kontrwywiad II Rzeczpospolitej, Dom Wydawniczy \u201eBellona\u201d, Warszawa 2002.<\/em><br \/>\n<strong>PRO MEMORIA:<\/strong><br \/>\nProf. zw. dr hab. Antoni Giza (1947-2005)<\/p>\n","protected":false},"excerpt":{"rendered":"<p>&#8222;Zeszyt Naukowy Muzeum Wojska&#8221;, nr 19, Bia\u0142ystok 2006 T. 19, 279 str., fot. cz\/b, cena: 5,00 z\u0142 &nbsp; &nbsp; &nbsp; &nbsp; &nbsp; &nbsp; &nbsp; &nbsp; Spis tre\u015bci: Artyku\u0142y: Andrzej Pep\u0142o\u0144ski \u2013 Formacje bezpiecze\u0144stwa poprzedzaj\u0105ce Policj\u0119 Pa\u0144stwow\u0105 Joanna Gierowska-Ka\u0142\u0142aur \u2013 Organizacja s\u0142u\u017cby bezpiecze\u0144stwa w Okr\u0119gu Mi\u0144skim Zarz\u0105du Cywilnego Ziem Wschodnich Bernard Kayzer \u2013 Organizacja \u017bandarmerii Krajowej [&hellip;]<\/p>\n","protected":false},"author":2,"featured_media":0,"parent":22,"menu_order":0,"comment_status":"closed","ping_status":"closed","template":"","meta":{"ngg_post_thumbnail":0,"h5ap_radio_sources":[],"_vp_format_video_url":"","_vp_image_focal_point":[],"footnotes":""},"class_list":["post-400","page","type-page","status-publish","hentry"],"_links":{"self":[{"href":"https:\/\/mwb.com.pl\/mwb2017\/wp-json\/wp\/v2\/pages\/400","targetHints":{"allow":["GET"]}}],"collection":[{"href":"https:\/\/mwb.com.pl\/mwb2017\/wp-json\/wp\/v2\/pages"}],"about":[{"href":"https:\/\/mwb.com.pl\/mwb2017\/wp-json\/wp\/v2\/types\/page"}],"author":[{"embeddable":true,"href":"https:\/\/mwb.com.pl\/mwb2017\/wp-json\/wp\/v2\/users\/2"}],"replies":[{"embeddable":true,"href":"https:\/\/mwb.com.pl\/mwb2017\/wp-json\/wp\/v2\/comments?post=400"}],"version-history":[{"count":3,"href":"https:\/\/mwb.com.pl\/mwb2017\/wp-json\/wp\/v2\/pages\/400\/revisions"}],"predecessor-version":[{"id":524,"href":"https:\/\/mwb.com.pl\/mwb2017\/wp-json\/wp\/v2\/pages\/400\/revisions\/524"}],"up":[{"embeddable":true,"href":"https:\/\/mwb.com.pl\/mwb2017\/wp-json\/wp\/v2\/pages\/22"}],"wp:attachment":[{"href":"https:\/\/mwb.com.pl\/mwb2017\/wp-json\/wp\/v2\/media?parent=400"}],"curies":[{"name":"wp","href":"https:\/\/api.w.org\/{rel}","templated":true}]}}