{"id":391,"date":"2017-03-09T15:23:23","date_gmt":"2017-03-09T14:23:23","guid":{"rendered":"http:\/\/mwb.com.pl\/mwb2017\/?page_id=391"},"modified":"2017-03-10T11:31:47","modified_gmt":"2017-03-10T10:31:47","slug":"zeszyt-naukowy-muzeum-wojska-nr-16-bialystok-2003","status":"publish","type":"page","link":"https:\/\/mwb.com.pl\/mwb2017\/oferta\/wydawnictwa\/zeszyt-naukowy-muzeum-wojska-nr-16-bialystok-2003\/","title":{"rendered":"&#8222;Zeszyt Naukowy Muzeum Wojska&#8221;, nr 16, Bia\u0142ystok 2003"},"content":{"rendered":"<p><img fetchpriority=\"high\" decoding=\"async\" class=\"alignleft size-full wp-image-424\" src=\"http:\/\/mwb.com.pl\/mwb2017\/wp-content\/uploads\/2017\/03\/zn_16.jpg\" alt=\"\" width=\"200\" height=\"293\" \/>&#8222;Zeszyt Naukowy Muzeum Wojska&#8221;, nr 16, Bia\u0142ystok 2003<\/p>\n<p>T. 16, 152 str., fot. cz\/b., cena 5,00 z\u0142<\/p>\n<p>&nbsp;<\/p>\n<p>&nbsp;<\/p>\n<p>&nbsp;<\/p>\n<p>&nbsp;<\/p>\n<p>&nbsp;<\/p>\n<p>&nbsp;<\/p>\n<p>&nbsp;<\/p>\n<p>&nbsp;<\/p>\n<p><strong>Spis tre\u015bci:<\/strong><\/p>\n<p><strong>Artyku\u0142y:<\/strong><br \/>\nMarek Dawidziuk \u2013 <em>Za\u0142oga wojsk polskich i litewskich w Moskwie (1610-1612)<\/em><br \/>\nPawe\u0142 Kornacki \u2013 <em>Burzliwe losy Mohylewa w II po\u0142. XVII i w pierwszych latach XVIII wieku w \u015bwietle kronik<\/em> <em>miejskich<\/em><br \/>\nMarek Rutkowski \u2013 <em>Prawne i finansowe podstawy dzia\u0142a\u0144 wojska rosyjskiego stacjonuj\u0105cego w Kr\u00f3lestwie Polskim w pierwszych latach po upadku Powstania Listopadowego<\/em><br \/>\nAntoni Giza &#8211; <em>Polityczne i militarne aspekty konflikt\u00f3w ba\u0142ka\u0144skich w latach 1875-1876 i wojny rosyjsko-tureckiej w latach 1877-1878<\/em><br \/>\nMarek Gajewski \u2013 <em>Bitwa pod Janowem \u2013 jako przyk\u0142ad operatywnego dzia\u0142ania polskiej jazdy w wojnie 1920r. <\/em><\/p>\n<p><strong>Materia\u0142y:<\/strong><br \/>\nZenon Kachnicz- <em>Akcja wojskowa w mie\u015bcie Sierpc, jako przyk\u0142ad wsp\u00f3\u0142pracy rosyjsko-niemieckiej w okresie wojny polsko- bolszewickiej roku 1920<\/em><br \/>\nMarek G\u00f3ry\u0144ski \u2013 <em>29 Baon KOP \u201eSuwa\u0142ki\u201d \u2013 \u015bwi\u0119tuje imieniny Pierwszego Marsza\u0142ka Polski J\u00f3zefa Pi\u0142sudskiego<\/em><br \/>\nJanusz \u0141uniewski \u2013 <em>Ppor. c.w. dr med. Irena Bia\u0142a ps. \u201eBronka\u201d (1900-1982)<\/em><\/p>\n<p><strong>Zbiory:<\/strong><br \/>\nUrszula Kra\u015bnicka-<em> Akwarele i rysunki Waleriana Bieleckiego<\/em><br \/>\nMarcin Kozi\u0144ski \u2013 <em>Obraz Janiny Bagi\u0144skiej \u2013 \u201eMartwa Natura\u201d<\/em><br \/>\nUrszula Kra\u015bnicka \u2013 <em>Druki ulotne formacji zbrojnych obozu niepodleg\u0142o\u015bciowego lat 1944 -1947 w zbiorach Muzeum Wojska w Bia\u0142ystoku<\/em><\/p>\n<p><strong>Recenzje, sprawozdania:<\/strong><br \/>\nRobert Kisiel &#8211; <em>M. Baczkowski, W s\u0142u\u017cbie Habsburg\u00f3w. Polacy ochotnicy w austriackich si\u0142ach zbrojnych w latach 1772-1815, Krak\u00f3w 1998<\/em><br \/>\nRobert Kisiel &#8211; <em>R.H. Bochenek \u2013 Twierdza Jasna G\u00f3ra, Warszawa 1997<\/em><br \/>\nMarek Gajewski &#8211; <em>Sprawozdanie z mi\u0119dzynarodowej konferencji naukowej \u201eGranice i ich ochrona\u201d<\/em><br \/>\nMarek Gajewski \u2013 <em>Sprawozdanie z mi\u0119dzynarodowej sesji naukowej \u201eMarsza\u0142ek Edward \u015amig\u0142y- Rydz w 60 rocznic\u0119 \u015bmierci\u201d<\/em><\/p>\n","protected":false},"excerpt":{"rendered":"<p>&#8222;Zeszyt Naukowy Muzeum Wojska&#8221;, nr 16, Bia\u0142ystok 2003 T. 16, 152 str., fot. cz\/b., cena 5,00 z\u0142 &nbsp; &nbsp; &nbsp; &nbsp; &nbsp; &nbsp; &nbsp; &nbsp; Spis tre\u015bci: Artyku\u0142y: Marek Dawidziuk \u2013 Za\u0142oga wojsk polskich i litewskich w Moskwie (1610-1612) Pawe\u0142 Kornacki \u2013 Burzliwe losy Mohylewa w II po\u0142. XVII i w pierwszych latach XVIII wieku [&hellip;]<\/p>\n","protected":false},"author":2,"featured_media":0,"parent":22,"menu_order":0,"comment_status":"closed","ping_status":"closed","template":"","meta":{"ngg_post_thumbnail":0,"h5ap_radio_sources":[],"_vp_format_video_url":"","_vp_image_focal_point":[],"footnotes":""},"class_list":["post-391","page","type-page","status-publish","hentry"],"_links":{"self":[{"href":"https:\/\/mwb.com.pl\/mwb2017\/wp-json\/wp\/v2\/pages\/391","targetHints":{"allow":["GET"]}}],"collection":[{"href":"https:\/\/mwb.com.pl\/mwb2017\/wp-json\/wp\/v2\/pages"}],"about":[{"href":"https:\/\/mwb.com.pl\/mwb2017\/wp-json\/wp\/v2\/types\/page"}],"author":[{"embeddable":true,"href":"https:\/\/mwb.com.pl\/mwb2017\/wp-json\/wp\/v2\/users\/2"}],"replies":[{"embeddable":true,"href":"https:\/\/mwb.com.pl\/mwb2017\/wp-json\/wp\/v2\/comments?post=391"}],"version-history":[{"count":3,"href":"https:\/\/mwb.com.pl\/mwb2017\/wp-json\/wp\/v2\/pages\/391\/revisions"}],"predecessor-version":[{"id":507,"href":"https:\/\/mwb.com.pl\/mwb2017\/wp-json\/wp\/v2\/pages\/391\/revisions\/507"}],"up":[{"embeddable":true,"href":"https:\/\/mwb.com.pl\/mwb2017\/wp-json\/wp\/v2\/pages\/22"}],"wp:attachment":[{"href":"https:\/\/mwb.com.pl\/mwb2017\/wp-json\/wp\/v2\/media?parent=391"}],"curies":[{"name":"wp","href":"https:\/\/api.w.org\/{rel}","templated":true}]}}