{"id":389,"date":"2017-03-09T15:22:19","date_gmt":"2017-03-09T14:22:19","guid":{"rendered":"http:\/\/mwb.com.pl\/mwb2017\/?page_id=389"},"modified":"2017-03-10T11:23:11","modified_gmt":"2017-03-10T10:23:11","slug":"zeszyt-naukowy-muzeum-wojska-nr-15-bialystok-2002","status":"publish","type":"page","link":"https:\/\/mwb.com.pl\/mwb2017\/oferta\/wydawnictwa\/zeszyt-naukowy-muzeum-wojska-nr-15-bialystok-2002\/","title":{"rendered":"&#8222;Zeszyt Naukowy Muzeum Wojska&#8221;, nr 15, Bia\u0142ystok 2002"},"content":{"rendered":"<p><img fetchpriority=\"high\" decoding=\"async\" class=\"alignleft size-full wp-image-423\" src=\"http:\/\/mwb.com.pl\/mwb2017\/wp-content\/uploads\/2017\/03\/zn_15.jpg\" alt=\"\" width=\"200\" height=\"288\" \/>&#8222;Zeszyt Naukowy Muzeum Wojska&#8221;, nr 15, Bia\u0142ystok 2002<\/p>\n<p><strong>T. 15, 151 str., fot. cz\/b., cena: 5,00 z\u0142<\/strong><\/p>\n<p>&nbsp;<\/p>\n<p>&nbsp;<\/p>\n<p>&nbsp;<\/p>\n<p>&nbsp;<\/p>\n<p>&nbsp;<\/p>\n<p>&nbsp;<\/p>\n<p>&nbsp;<\/p>\n<p>&nbsp;<\/p>\n<p><strong>Spis tre\u015bci:<\/strong><\/p>\n<p><strong>Artyku\u0142y:<\/strong><br \/>\nAndrzej \u0141ukaszewicz &#8211;<em> \u041a\u0440\u044d\u043f\u0430\u0441\u0446i \u045e \u0440\u0430\u0441i\u0439\u0441\u043a\u0430\u0439 \u043a\u0430\u043d\u0446\u044d\u043f\u0446\u044bi \u0430\u0445\u043e\u0432\u044b \u0437\u0430\u0445\u043e\u0434\u043di\u0445 \u0433\u0440\u0430\u043di\u0446 i\u043c\u043f\u044d\u0440\u044bi\u00a0 (70 &#8211;\u00a0\u00a0 \u044f \u0433\u0433. XVIII \u0441\u0442.\u00a0 1802 \u0433.)<\/em><br \/>\nSwiet\u0142ana Kul-Salwiestrowa &#8211; <em>\u0410\u0440\u0433\u0430\u043di\u0437\u0430\u0446\u044b\u044f \u043f\u0430\u043c\u0435\u0436\u043d\u0430\u0439 \u0432\u0430\u0440\u0442\u044b \u043d\u0430 \u0442\u044d\u0440\u044b\u0442\u043e\u0440\u044bi\u00a0 \u0413\u0440\u043e\u0434\u0437\u0435\u043d\u0441\u043a\u0430\u0439 \u0433\u0443\u0431\u0435\u0440\u043di \u045e 1802 \u2013 1803 \u2013 \u044f \u0433\u0430\u0434\u044b<\/em><br \/>\nZbigniew Romaniuk \u2013 <em>Zachodnia granica obwodu bia\u0142ostockiego z 1807r.<\/em><br \/>\nMarek Rutkowski \u2013<em> Potwierdzanie, ochrona oraz przekraczanie granic Kr\u00f3lestwa Polskiego w pierwszych latach po upadku Powstania Listopadowego<\/em><br \/>\nWitali Kornieluk &#8211; <em>\u0413\u0440\u043e\u0434\u0437\u0435\u043d\u0441\u043a\u0430\u044f \u043a\u0440\u044d\u043f\u0430\u0441\u0446\u044c , \u044f\u043a \u043f\u043e\u043c\u043di\u043a \u0433i\u0441\u0442\u043e\u0440\u044bi\u00a0 \u041f\u0435\u0440\u0448\u0430\u0439 \u0441\u0443\u0441\u0432\u0435\u0442\u043d\u0430\u0439 \u0432\u0430\u0439\u043d\u044b 1914-\u00a0 1918 \u0433.<\/em><br \/>\nMicha\u0142 Klimecki \u2013<em> Polska granica wschodnia w latach 1918-1921<\/em><br \/>\nMarek G\u00f3ry\u0144ski \u2013 <em>Organiczenia obowi\u0105zuj\u0105ce na pograniczu polsko-pruskim II Rzeczpospolitej<\/em><br \/>\nTadeusz Radziwonowicz \u2013 <em>Policja w ochronie granicy na odcinku suwalskim<\/em><br \/>\nErik Jekabsons \u2013 <em>Granica \u0142otewsko-polska 1919-1939<\/em><br \/>\nUrszula Kra\u015bnicka \u2013 <em>Budownictwo Korpusu Ochrony Pogranicza w latach 1924-1938<\/em><br \/>\nKrzysztof Filipow \u2013<em> Falerystyka Korpusu Ochrony Pogranicza (1926-1939)<\/em><br \/>\nWiktor Bie\u0142azarowicz-\u00a0 <em>\u041c\u0435\u0440\u044b \u043f\u0430 \u043f\u0430\u0434\u0440\u044b\u0445\u0442\u043e\u045e\u0446\u044b \u0434\u0430 \u0432\u044f\u043bi\u043a\u0430\u0439 \u0430\u0439\u0447\u044b\u043d\u043d\u0430\u0439 \u0432\u0430\u0439\u043d\u044b \u043d\u0430 \u0411\u044f\u043b\u0430\u0441\u0442\u043e\u0447\u044b\u043d\u0435 \u045e 1940- 1941 \u0433.<\/em><br \/>\nMarek Kitli\u0144ski \u2013<em> Delimitacja polskiej granicy wschodniej 1944-1950<\/em><\/p>\n<p><strong>Materia\u0142y:<\/strong><br \/>\nJerzy S. Wojciechowski \u2013 <em>\u201eAsystencja 21 Pu\u0142ku U\u0142an\u00f3w Nadwi\u015bla\u0144skich\u201d Przyczynek do dziej\u00f3w 21 Pu\u0142ku U\u0142an\u00f3w Nadwi\u015bla\u0144skich<\/em><br \/>\nEustachy Rakoczy- <em>Jasnog\u00f3rski ryngraf znakiem opieki Bogarodzicy w zmaganiach o Niepodleg\u0142o\u015bci Rzeczypospolitej<\/em><\/p>\n<p><strong>Zbiory:<\/strong><br \/>\nUrszula Kra\u015bnicka \u2013 <em>Tryptyk Jerzego Kossaka \u201eBitwa pod Rafaj\u0142ow\u0105\u201d<\/em><br \/>\nMariusz Klarecki \u2013 <em>Blask napoleo\u0144skich or\u0142\u00f3w<\/em><\/p>\n<p><strong>Recenzje, sprawozdania, zapiski:<\/strong><br \/>\nSylwia Trzeciakowska \u2013<em> Wystawa \u201eFormacje graniczne Polski p\u00f3\u0142nocno-wschodniej 1918-1939\u201d w Muzeum Wojska w Bia\u0142ymstoku<\/em><br \/>\nMarek Dawidziuk \u2013 <em>Recenzja ksi\u0105\u017cki \u201e Karaimai Kariuomeneje\u201d Michailas Zajonockovskisa<\/em><\/p>\n","protected":false},"excerpt":{"rendered":"<p>&#8222;Zeszyt Naukowy Muzeum Wojska&#8221;, nr 15, Bia\u0142ystok 2002 T. 15, 151 str., fot. cz\/b., cena: 5,00 z\u0142 &nbsp; &nbsp; &nbsp; &nbsp; &nbsp; &nbsp; &nbsp; &nbsp; Spis tre\u015bci: Artyku\u0142y: Andrzej \u0141ukaszewicz &#8211; \u041a\u0440\u044d\u043f\u0430\u0441\u0446i \u045e \u0440\u0430\u0441i\u0439\u0441\u043a\u0430\u0439 \u043a\u0430\u043d\u0446\u044d\u043f\u0446\u044bi \u0430\u0445\u043e\u0432\u044b \u0437\u0430\u0445\u043e\u0434\u043di\u0445 \u0433\u0440\u0430\u043di\u0446 i\u043c\u043f\u044d\u0440\u044bi\u00a0 (70 &#8211;\u00a0\u00a0 \u044f \u0433\u0433. XVIII \u0441\u0442.\u00a0 1802 \u0433.) Swiet\u0142ana Kul-Salwiestrowa &#8211; \u0410\u0440\u0433\u0430\u043di\u0437\u0430\u0446\u044b\u044f \u043f\u0430\u043c\u0435\u0436\u043d\u0430\u0439 \u0432\u0430\u0440\u0442\u044b \u043d\u0430 \u0442\u044d\u0440\u044b\u0442\u043e\u0440\u044bi\u00a0 [&hellip;]<\/p>\n","protected":false},"author":2,"featured_media":0,"parent":22,"menu_order":0,"comment_status":"closed","ping_status":"closed","template":"","meta":{"ngg_post_thumbnail":0,"h5ap_radio_sources":[],"_vp_format_video_url":"","_vp_image_focal_point":[],"footnotes":""},"class_list":["post-389","page","type-page","status-publish","hentry"],"_links":{"self":[{"href":"https:\/\/mwb.com.pl\/mwb2017\/wp-json\/wp\/v2\/pages\/389","targetHints":{"allow":["GET"]}}],"collection":[{"href":"https:\/\/mwb.com.pl\/mwb2017\/wp-json\/wp\/v2\/pages"}],"about":[{"href":"https:\/\/mwb.com.pl\/mwb2017\/wp-json\/wp\/v2\/types\/page"}],"author":[{"embeddable":true,"href":"https:\/\/mwb.com.pl\/mwb2017\/wp-json\/wp\/v2\/users\/2"}],"replies":[{"embeddable":true,"href":"https:\/\/mwb.com.pl\/mwb2017\/wp-json\/wp\/v2\/comments?post=389"}],"version-history":[{"count":5,"href":"https:\/\/mwb.com.pl\/mwb2017\/wp-json\/wp\/v2\/pages\/389\/revisions"}],"predecessor-version":[{"id":505,"href":"https:\/\/mwb.com.pl\/mwb2017\/wp-json\/wp\/v2\/pages\/389\/revisions\/505"}],"up":[{"embeddable":true,"href":"https:\/\/mwb.com.pl\/mwb2017\/wp-json\/wp\/v2\/pages\/22"}],"wp:attachment":[{"href":"https:\/\/mwb.com.pl\/mwb2017\/wp-json\/wp\/v2\/media?parent=389"}],"curies":[{"name":"wp","href":"https:\/\/api.w.org\/{rel}","templated":true}]}}