{"id":387,"date":"2017-03-09T15:21:11","date_gmt":"2017-03-09T14:21:11","guid":{"rendered":"http:\/\/mwb.com.pl\/mwb2017\/?page_id=387"},"modified":"2017-03-10T11:10:18","modified_gmt":"2017-03-10T10:10:18","slug":"zeszyt-naukowy-muzeum-wojska-nr-14-bialystok-2000","status":"publish","type":"page","link":"https:\/\/mwb.com.pl\/mwb2017\/oferta\/wydawnictwa\/zeszyt-naukowy-muzeum-wojska-nr-14-bialystok-2000\/","title":{"rendered":"&#8222;Zeszyt Naukowy Muzeum Wojska&#8221;, nr 14, Bia\u0142ystok 2000"},"content":{"rendered":"<p><img fetchpriority=\"high\" decoding=\"async\" class=\"alignleft size-full wp-image-422\" src=\"http:\/\/mwb.com.pl\/mwb2017\/wp-content\/uploads\/2017\/03\/zn_14.jpg\" alt=\"\" width=\"200\" height=\"286\" \/>&#8222;Zeszyt Naukowy Muzeum Wojska&#8221;, nr 14, Bia\u0142ystok 2000<\/p>\n<p>T.14, 202 str., fot. cz\/b., cena: 5,00 z\u0142<\/p>\n<p>&nbsp;<\/p>\n<p>&nbsp;<\/p>\n<p>&nbsp;<\/p>\n<p>&nbsp;<\/p>\n<p>&nbsp;<\/p>\n<p>&nbsp;<\/p>\n<p>&nbsp;<\/p>\n<p>&nbsp;<\/p>\n<p><strong>Spis tre\u015bci:<\/strong><\/p>\n<p><strong>Artyku\u0142y:<\/strong><br \/>\nTomasz Strzembosz \u2013 <em>Konspiracja i partyzantka na Nowogr\u00f3dczy\u017anie 1939-1941 (tezy do referatu)<\/em><br \/>\nPiotr Niwi\u0144ski \u2013<em> Konspiracja polska na Wile\u0144szczy\u017anie w latach 1939-1941<\/em><br \/>\nBernadetta Gronek \u2013 <em>Konspiracja antysowiecka na terenie Zachodniej Bia\u0142orusi w latach 1939-1941. Zarys w \u015bwietle dokument\u00f3w NKWD<\/em><br \/>\nKrzysztof Filipow- <em>Ruch oporu na ternie Bia\u0142ostocczyzny pod okupacj\u0105 sowieck\u0105 w latach 1939-1941<\/em><br \/>\nZbigniew Romaniuk- <em>W\u00f3jt tykoci\u0144ski Piotr z Gumowa ( koniec XIV w. \u2013 po 1459r.)<\/em><br \/>\nMarek Rutkowski- <em>Podstawy prawne dzia\u0142alno\u015bci w Kr\u00f3lestwie Polskim rosyjskich Naczelnik\u00f3w i Komendant\u00f3w Wojennych po upadku Powstania Listopadowego<\/em><br \/>\nAntoni Giza- <em>Sytuacja rosyjskiej floty ba\u0142tyckiej w po\u0142owie XIX w.<\/em><br \/>\nPiotr Silniewicz \u2013 <em>Wspomnienie o Wac\u0142awie Malinowskim dow\u00f3dcy 42 pu\u0142ku piechoty. Kawalerze Krzy\u017ca Virtuti Militari<\/em><br \/>\nEriks Jekabsons- Je\u0144cy \u2013 <em>\u0141otysze w niewoli polskiej (1918-1921)<\/em><br \/>\nMarek G\u00f3ry\u0144ski \u2013 <em>Granica i pogranicze polsko-pruskie w okresie mi\u0119dzywojennym (ustalenia, wytyczne i utrzymanie)<\/em><br \/>\nWojciech \u015aleszy\u0144ski \u2013 <em>Muzea sowieckie w obwodzie bia\u0142ostockim w latach 1939-1941<\/em><\/p>\n<p><strong>Materia\u0142y:<\/strong><br \/>\nAdam Miodowski \u2013 <em>Sprawozdanie z II Zjazdu Delegat\u00f3w Wojskowych Polak\u00f3w Frontu Zachodniego w Rosji<\/em><br \/>\nJerzy S. Wojciechowski \u2013 <em>Wojenne dzieje 1 Szwadronu 1 Pu\u0142ku Szwole\u017cer\u00f3w J\u00f3zefa Pi\u0142sudskiego<\/em><br \/>\nMarek Gajewski- Bracia Bronis\u0142aw i Wiktor Ludwikowscy \u2013<em> Inspektorzy Policji Pa\u0144stwowej II Rzeczypospolitej<\/em><\/p>\n<p><strong>Zbiory:<\/strong><br \/>\nMarek Gajewski \u2013 <em>Miniatura sztandaru 42 pu\u0142ku piechoty<\/em><br \/>\nMarek Gajewski \u2013 <em>Sztandar 3 Pu\u0142ku Strzelc\u00f3w Konnych z Wo\u0142kowyska<\/em><br \/>\nSylwia Trzeciakowska \u2013 <em>Kolekcja he\u0142m\u00f3w w zbiorach Muzeum Wojska w Bia\u0142ymstoku<\/em><br \/>\nTadeusz Demidowicz \u2013 <em>Andrzej Przedpe\u0142ski, Lotnictwo Wojska Polskiego 1819-1996. Zarys historii<\/em><\/p>\n<p><strong>Recenzje, Sprawozdania, Zapiski:<\/strong><br \/>\nEwa Pankiewicz- <em>\u201eBitwa Niemie\u0144ska\u201d 29 VIII -18 X 1920.<\/em><\/p>\n<p>&nbsp;<\/p>\n<p>&nbsp;<\/p>\n<p>&nbsp;<\/p>\n<p>&nbsp;<\/p>\n<p>&nbsp;<\/p>\n<p>&nbsp;<\/p>\n<p>&nbsp;<\/p>\n<p>&nbsp;<\/p>\n","protected":false},"excerpt":{"rendered":"<p>&#8222;Zeszyt Naukowy Muzeum Wojska&#8221;, nr 14, Bia\u0142ystok 2000 T.14, 202 str., fot. cz\/b., cena: 5,00 z\u0142 &nbsp; &nbsp; &nbsp; &nbsp; &nbsp; &nbsp; &nbsp; &nbsp; Spis tre\u015bci: Artyku\u0142y: Tomasz Strzembosz \u2013 Konspiracja i partyzantka na Nowogr\u00f3dczy\u017anie 1939-1941 (tezy do referatu) Piotr Niwi\u0144ski \u2013 Konspiracja polska na Wile\u0144szczy\u017anie w latach 1939-1941 Bernadetta Gronek \u2013 Konspiracja antysowiecka na [&hellip;]<\/p>\n","protected":false},"author":2,"featured_media":0,"parent":22,"menu_order":0,"comment_status":"closed","ping_status":"closed","template":"","meta":{"ngg_post_thumbnail":0,"h5ap_radio_sources":[],"_vp_format_video_url":"","_vp_image_focal_point":[],"footnotes":""},"class_list":["post-387","page","type-page","status-publish","hentry"],"_links":{"self":[{"href":"https:\/\/mwb.com.pl\/mwb2017\/wp-json\/wp\/v2\/pages\/387","targetHints":{"allow":["GET"]}}],"collection":[{"href":"https:\/\/mwb.com.pl\/mwb2017\/wp-json\/wp\/v2\/pages"}],"about":[{"href":"https:\/\/mwb.com.pl\/mwb2017\/wp-json\/wp\/v2\/types\/page"}],"author":[{"embeddable":true,"href":"https:\/\/mwb.com.pl\/mwb2017\/wp-json\/wp\/v2\/users\/2"}],"replies":[{"embeddable":true,"href":"https:\/\/mwb.com.pl\/mwb2017\/wp-json\/wp\/v2\/comments?post=387"}],"version-history":[{"count":3,"href":"https:\/\/mwb.com.pl\/mwb2017\/wp-json\/wp\/v2\/pages\/387\/revisions"}],"predecessor-version":[{"id":473,"href":"https:\/\/mwb.com.pl\/mwb2017\/wp-json\/wp\/v2\/pages\/387\/revisions\/473"}],"up":[{"embeddable":true,"href":"https:\/\/mwb.com.pl\/mwb2017\/wp-json\/wp\/v2\/pages\/22"}],"wp:attachment":[{"href":"https:\/\/mwb.com.pl\/mwb2017\/wp-json\/wp\/v2\/media?parent=387"}],"curies":[{"name":"wp","href":"https:\/\/api.w.org\/{rel}","templated":true}]}}