{"id":379,"date":"2017-03-09T14:58:13","date_gmt":"2017-03-09T13:58:13","guid":{"rendered":"http:\/\/mwb.com.pl\/mwb2017\/?page_id=379"},"modified":"2017-03-10T08:34:34","modified_gmt":"2017-03-10T07:34:34","slug":"zeszyt-naukowy-muzeum-wojska-nr-9-bialystok-1995","status":"publish","type":"page","link":"https:\/\/mwb.com.pl\/mwb2017\/oferta\/wydawnictwa\/zeszyt-naukowy-muzeum-wojska-nr-9-bialystok-1995\/","title":{"rendered":"&#8222;Zeszyt Naukowy Muzeum Wojska&#8221;, nr 9, Bia\u0142ystok 1995"},"content":{"rendered":"<p><img fetchpriority=\"high\" decoding=\"async\" class=\"wp-image-380 size-full alignleft\" src=\"http:\/\/mwb.com.pl\/mwb2017\/wp-content\/uploads\/2017\/03\/zn_09.jpg\" alt=\"\" width=\"200\" height=\"293\" \/><\/p>\n<p>&nbsp;<\/p>\n<p>&#8222;Zeszyt Naukowy Muzeum Wojska&#8221;, nr 9, Bia\u0142ystok 1995<\/p>\n<p>T.9, 164 str., fot. cz.\/b., cena: 5,00 z\u0142<\/p>\n<p>&nbsp;<\/p>\n<p>&nbsp;<\/p>\n<p>&nbsp;<\/p>\n<p>&nbsp;<\/p>\n<p>&nbsp;<\/p>\n<p>&nbsp;<\/p>\n<p>&nbsp;<\/p>\n<p><strong>Spis tre\u015bci:<\/strong><\/p>\n<p><strong>Artyku\u0142y:<\/strong><br \/>\nDorota Michaluk &#8211; <em>Rozw\u00f3j uk\u0142adu przestrzennego m. Narew w XV- XVIII w.<\/em><br \/>\nLeonarda Dacewicz \u2013 <em>Sposoby identyfikacji szlachty w XVI-wiecznej ziemi bielskiej<\/em><br \/>\nMarek Plewczy\u0144ski \u2013 <em>Towarzysze pochodzenia bia\u0142oruskiego w obronie potocznej w latach 1548-1564<\/em><br \/>\nEl\u017cbieta Bagi\u0144ska \u2013 <em>Szlachta podlaska w kr\u0119gu Radziwi\u0142\u0142\u00f3w bir\u017ca\u0144skich<\/em><br \/>\nAnna Laszuk \u2013<em> Du\u017ca i \u015brednia prywatna w\u0142asno\u015b\u0107 ziemska na Podlasiu w II po\u0142. XVII w.<\/em><br \/>\nJerzy Urwanowicz \u2013 <em>Funkcje i rola k\u00f3\u0142 wojskowych; zgromadzenia \u017co\u0142nierskie na Podlasiu w XVII i XVIII w.<\/em><br \/>\nAlina Sztachelska-Kokoczka \u2013 <em>Wojskowi oficjali\u015bci w s\u0142u\u017cbie Jana Klemensa Branickiego<\/em><br \/>\nJanusz Wojtasik \u2013<em> Tadeusz Ko\u015bciuszko i Insurekcja 1794r.<\/em><br \/>\nAriusz Ma\u0142ek \u2013 <em>Akta \u201dPreusische Ordnungs \u2013 Kommision\u201d (1799-1805) jako \u017ar\u00f3d\u0142o historii miast podlaskich<\/em><br \/>\nJoanna Tomalska \u2013<em> Literatura i sztuka religijna na Podlasiu jako bro\u0144 propagandowa w XIX w.<\/em><br \/>\nWaldemar Rezmer \u2013<em> Armia litewska w \u015bwietle raport\u00f3w Oddzia\u0142u II Sztabu Generalnego WP 1919-1920<\/em><br \/>\nBeata Pietrzak \u2013<em> Aleksander Prystor- kariera wojskowa i dzia\u0142alno\u015b\u0107 na Litwie w pierwszych latach niepodleg\u0142o\u015bci<\/em><br \/>\nPiotr Lidke \u2013 <em>Poje 10 Pu\u0142ku U\u0142an\u00f3w Litewskich nad Bugiem (30.07-7.08) w \u015bwietle materia\u0142\u00f3w i dokument\u00f3w Bitwy Warszawskiej<\/em><\/p>\n<p><strong>Materia\u0142y:<\/strong><br \/>\nDorota Michaluk \u2013<em> Dokumenty organizacji \u201ePolska Niepodleg\u0142a\u201d okr\u0119gu VII Bia\u0142ostockiego<\/em><\/p>\n<p><strong>Zbiory:<\/strong><br \/>\nDorota Michaluk \u2013 <em>T\u0142ok piecz\u0119tny do laku Aleksandra Bulterah. w\u0142asnego, starosty mielnickiego w latach 1738-1775<\/em><br \/>\nJoanna Tomalska- <em>Jana Czes\u0142awa Moniuszko \u2013 zapomniany malarz<\/em><br \/>\nAntol Wap \u2013 <em>Lance<\/em><br \/>\nKrzysztof Filipow \u2013 <em>Pier\u015bcienie pami\u0105tkowe (cz.3)<\/em><br \/>\nKrzysztof Filipow \u2013 <em>Ryngraf 1 Pu\u0142ku Artylerii Lekkiej<\/em><\/p>\n<p><strong>Sprawozdania, recenzje, zapiski<\/strong><br \/>\nTomasz Weso\u0142owski \u2013 <em>Nowe wydawnictwo Towarzystwa Przyjaci\u00f3\u0142 Fortyfikacji<\/em><br \/>\nJoanna Tomalska \u2013 <em>Sympozjum naukowe w Muzeum Wojska w Bia\u0142ymstoku<\/em><br \/>\nTomasz Py\u015bk \u2013 <em>\u201eBojownik Niepodleg\u0142o\u015bci\u201d<\/em><br \/>\nDorota Michaluk \u2013 <em>Kartografia wojskowa kraj\u00f3w strefy ba\u0142tyckiej XVI-XX w. \u2013 konferencja naukowa w Toruniu<\/em><br \/>\nBo\u017cena Lange-Kuczy\u0144ska \u2013 <em>Wystawy w Muzeum Wojska w 1994 r.<\/em><\/p>\n","protected":false},"excerpt":{"rendered":"<p>&nbsp; &#8222;Zeszyt Naukowy Muzeum Wojska&#8221;, nr 9, Bia\u0142ystok 1995 T.9, 164 str., fot. cz.\/b., cena: 5,00 z\u0142 &nbsp; &nbsp; &nbsp; &nbsp; &nbsp; &nbsp; &nbsp; Spis tre\u015bci: Artyku\u0142y: Dorota Michaluk &#8211; Rozw\u00f3j uk\u0142adu przestrzennego m. Narew w XV- XVIII w. Leonarda Dacewicz \u2013 Sposoby identyfikacji szlachty w XVI-wiecznej ziemi bielskiej Marek Plewczy\u0144ski \u2013 Towarzysze pochodzenia bia\u0142oruskiego [&hellip;]<\/p>\n","protected":false},"author":2,"featured_media":0,"parent":22,"menu_order":0,"comment_status":"closed","ping_status":"closed","template":"","meta":{"ngg_post_thumbnail":0,"h5ap_radio_sources":[],"_vp_format_video_url":"","_vp_image_focal_point":[],"footnotes":""},"class_list":["post-379","page","type-page","status-publish","hentry"],"_links":{"self":[{"href":"https:\/\/mwb.com.pl\/mwb2017\/wp-json\/wp\/v2\/pages\/379","targetHints":{"allow":["GET"]}}],"collection":[{"href":"https:\/\/mwb.com.pl\/mwb2017\/wp-json\/wp\/v2\/pages"}],"about":[{"href":"https:\/\/mwb.com.pl\/mwb2017\/wp-json\/wp\/v2\/types\/page"}],"author":[{"embeddable":true,"href":"https:\/\/mwb.com.pl\/mwb2017\/wp-json\/wp\/v2\/users\/2"}],"replies":[{"embeddable":true,"href":"https:\/\/mwb.com.pl\/mwb2017\/wp-json\/wp\/v2\/comments?post=379"}],"version-history":[{"count":8,"href":"https:\/\/mwb.com.pl\/mwb2017\/wp-json\/wp\/v2\/pages\/379\/revisions"}],"predecessor-version":[{"id":472,"href":"https:\/\/mwb.com.pl\/mwb2017\/wp-json\/wp\/v2\/pages\/379\/revisions\/472"}],"up":[{"embeddable":true,"href":"https:\/\/mwb.com.pl\/mwb2017\/wp-json\/wp\/v2\/pages\/22"}],"wp:attachment":[{"href":"https:\/\/mwb.com.pl\/mwb2017\/wp-json\/wp\/v2\/media?parent=379"}],"curies":[{"name":"wp","href":"https:\/\/api.w.org\/{rel}","templated":true}]}}