{"id":32,"date":"2017-02-28T13:11:27","date_gmt":"2017-02-28T12:11:27","guid":{"rendered":"http:\/\/mwb.com.pl\/mwb2017\/?page_id=32"},"modified":"2026-03-18T12:44:21","modified_gmt":"2026-03-18T11:44:21","slug":"ekspozycja-czasowa","status":"publish","type":"page","link":"https:\/\/mwb.com.pl\/mwb2017\/wystawy\/ekspozycja-czasowa\/","title":{"rendered":"Ekspozycje czasowe"},"content":{"rendered":"<div dir=\"auto\">\n<div dir=\"auto\">\n<h6><\/h6>\n<h6>Wystawa<\/h6>\n<h6><strong>\u00a0\u201e<\/strong><\/h6>\n<h6><strong>By\u0142em oficerem 42. pu\u0142ku piechoty\u201d<\/strong><\/h6>\n<\/div>\n<\/div>\n<div class=\"x11i5rnm xat24cr x1mh8g0r x1vvkbs xtlvy1s x126k92a\">\n<div dir=\"auto\">Zapraszamy do zobaczenia wystawy plenerowej pt. \u201eBy\u0142em oficerem 42. pu\u0142ku piechoty\u201d, prezentowanej na ogrodzeniu przy ko\u015bciele Rzymskokatolickim pw Naj\u015bwi\u0119tszego Serca Jezusa (ul. Romualda Traugutta 25, Bia\u0142ystok).<\/div>\n<p>&nbsp;<\/p>\n<div dir=\"auto\"><img fetchpriority=\"high\" decoding=\"async\" class=\"aligncenter wp-image-14247 size-large\" src=\"https:\/\/mwb.com.pl\/mwb2017\/wp-content\/uploads\/2025\/05\/Traug_1-1024x683.jpg\" alt=\"Fotografia wystawy w plenerze. Plansze umieszczone na ogrodzeniu.\" width=\"606\" height=\"404\" srcset=\"https:\/\/mwb.com.pl\/mwb2017\/wp-content\/uploads\/2025\/05\/Traug_1-1024x683.jpg 1024w, https:\/\/mwb.com.pl\/mwb2017\/wp-content\/uploads\/2025\/05\/Traug_1-300x200.jpg 300w, https:\/\/mwb.com.pl\/mwb2017\/wp-content\/uploads\/2025\/05\/Traug_1-768x512.jpg 768w, https:\/\/mwb.com.pl\/mwb2017\/wp-content\/uploads\/2025\/05\/Traug_1-1536x1024.jpg 1536w, https:\/\/mwb.com.pl\/mwb2017\/wp-content\/uploads\/2025\/05\/Traug_1-2048x1365.jpg 2048w, https:\/\/mwb.com.pl\/mwb2017\/wp-content\/uploads\/2025\/05\/Traug_1-500x333.jpg 500w, https:\/\/mwb.com.pl\/mwb2017\/wp-content\/uploads\/2025\/05\/Traug_1-800x533.jpg 800w, https:\/\/mwb.com.pl\/mwb2017\/wp-content\/uploads\/2025\/05\/Traug_1-1280x853.jpg 1280w, https:\/\/mwb.com.pl\/mwb2017\/wp-content\/uploads\/2025\/05\/Traug_1-1920x1280.jpg 1920w, https:\/\/mwb.com.pl\/mwb2017\/wp-content\/uploads\/2025\/05\/Traug_1-1320x880.jpg 1320w\" sizes=\"(max-width: 606px) 100vw, 606px\" \/><\/div>\n<\/div>\n<div class=\"x11i5rnm xat24cr x1mh8g0r x1vvkbs xtlvy1s x126k92a\">\n<div dir=\"auto\"><\/div>\n<div dir=\"auto\"><\/div>\n<p>&nbsp;<\/p>\n<div dir=\"auto\">Ekspozycja prezentuje fotograficzne portrety 20 wybranych oficer\u00f3w 42. Pu\u0142ku Piechoty z lat 1919\u20131939, w\u015br\u00f3d kt\u00f3rych znale\u017ali si\u0119 m.in. dow\u00f3dcy pu\u0142ku oraz oficerowie kadry dow\u00f3dczej \u2013 dow\u00f3dcy batalion\u00f3w i kompanii. Wystawa nawi\u0105zuje do wsp\u00f3lnej historii Wojskowego Klubu Sportowego 42. Pu\u0142ku Piechoty im. gen. Jana Henryka D\u0105browskiego oraz Bia\u0142ostockiego Klubu Sportowego Jagiellonia z okresu mi\u0119dzywojennego. Autorem wystawy jest Marek Gajewski.<\/div>\n<\/div>\n<\/div>\n<div class=\"x11i5rnm xat24cr x1mh8g0r x1vvkbs xtlvy1s x126k92a\"><\/div>\n<div>\n<div dir=\"auto\">\n<div class=\"x11i5rnm xat24cr x1mh8g0r x1vvkbs xtlvy1s x126k92a\">\n<h6>Wystawa migawkowa.\u00a0<strong><br \/>\n<\/strong><\/h6>\n<h6><strong>\u201e<\/strong>Olimpijski sparing w Bia\u0142ymstoku. Mecz Polska \u2013 NRD z 1979 roku<\/h6>\n<h6>\u201d<\/h6>\n<div dir=\"auto\">\n<p><strong>W marcu, w ramach cyklu \u201eWystawy migawkowej\u201d prezentujemy wyb\u00f3r zdj\u0119\u0107 z Olimpijskiego sparingu w Bia\u0142ymstoku. Mecz Polska \u2013 NRD z 1979 roku. Zdj\u0119cia mo\u017cna zobaczy\u0107 w siedzibie g\u0142\u00f3wnej MWB przy ul. Kili\u0144skiego 7, od wtorku do niedzieli w godz. 9:30-17:00. We wtorki wst\u0119p bezp\u0142atny.<\/p>\n<p>Jest to nowa seria, w ramach kt\u00f3rej b\u0119dziemy Pa\u0144stwu prezentowa\u0107 eksponaty z powstaj\u0105cej Galerii Bia\u0142ostockiego Sportu. W nowym oddziale Muzeum znajd\u0105 si\u0119 liczne pami\u0105tki bia\u0142ostockich sportowc\u00f3w, a do czasu powstania siedziby GBS na stadionie Miejskim przy ulicy S\u0142onecznej, b\u0119dziemy uchyla\u0107 r\u0105bka zbior\u00f3w w siedzibie g\u0142\u00f3wnej na ul. Kili\u0144skiego 7.<\/strong><\/p>\n<p><img decoding=\"async\" src=\"https:\/\/mwb.com.pl\/mwb2017\/wp-content\/uploads\/2026\/03\/W_8-300x200.jpg\" alt=\"Zdj\u0119cie z meczu Polska - NRD rozegranego w Bia\u0142ymstoku\" width=\"600\" height=\"400\" class=\"alignnone size-medium wp-image-15197\" srcset=\"https:\/\/mwb.com.pl\/mwb2017\/wp-content\/uploads\/2026\/03\/W_8-300x200.jpg 300w, https:\/\/mwb.com.pl\/mwb2017\/wp-content\/uploads\/2026\/03\/W_8-1024x683.jpg 1024w, https:\/\/mwb.com.pl\/mwb2017\/wp-content\/uploads\/2026\/03\/W_8-768x512.jpg 768w, https:\/\/mwb.com.pl\/mwb2017\/wp-content\/uploads\/2026\/03\/W_8-1536x1025.jpg 1536w, https:\/\/mwb.com.pl\/mwb2017\/wp-content\/uploads\/2026\/03\/W_8-2048x1366.jpg 2048w, https:\/\/mwb.com.pl\/mwb2017\/wp-content\/uploads\/2026\/03\/W_8-500x333.jpg 500w, https:\/\/mwb.com.pl\/mwb2017\/wp-content\/uploads\/2026\/03\/W_8-800x534.jpg 800w, https:\/\/mwb.com.pl\/mwb2017\/wp-content\/uploads\/2026\/03\/W_8-1280x854.jpg 1280w, https:\/\/mwb.com.pl\/mwb2017\/wp-content\/uploads\/2026\/03\/W_8-1920x1281.jpg 1920w, https:\/\/mwb.com.pl\/mwb2017\/wp-content\/uploads\/2026\/03\/W_8-1320x880.jpg 1320w\" sizes=\"(max-width: 600px) 100vw, 600px\" \/><\/p>\n<\/div>\n<\/div>\n<div class=\"xdj266r x11i5rnm xat24cr x1mh8g0r x1vvkbs x126k92a\">\n<div dir=\"auto\">\n<blockquote>\n<div dir=\"auto\"><strong>Mateusz Jask\u00f3\u0142d: Wystawa przedstawia fotografie wykonane podczas meczu Polska \u2013 NRD. Mecz odby\u0142 si\u0119 na stadionie Gwardii w Bia\u0142ymstoku w roku 1979. Wygrane przez Polak\u00f3w 2:1 spotkanie na trybunach obejrza\u0142o niemal 30 tysi\u0119cy kibic\u00f3w. <\/p>\n<p>Na wystawie prezentujemy eksponaty i fotografie ze zbior\u00f3w Galerii Bia\u0142ostockiego Sportu.<\/p>\n<p><\/strong><\/div>\n<\/blockquote>\n<p><a href=\"https:\/\/mwb.com.pl\/sport\/\"><img decoding=\"async\" src=\"https:\/\/mwb.com.pl\/mwb2017\/wp-content\/uploads\/2025\/10\/baner_GBS-300x171.jpg\" alt=\"\" width=\"600\" height=\"343\" class=\"alignnone size-medium wp-image-14851\" srcset=\"https:\/\/mwb.com.pl\/mwb2017\/wp-content\/uploads\/2025\/10\/baner_GBS-300x171.jpg 300w, https:\/\/mwb.com.pl\/mwb2017\/wp-content\/uploads\/2025\/10\/baner_GBS-274x156.jpg 274w, https:\/\/mwb.com.pl\/mwb2017\/wp-content\/uploads\/2025\/10\/baner_GBS-500x285.jpg 500w, https:\/\/mwb.com.pl\/mwb2017\/wp-content\/uploads\/2025\/10\/baner_GBS.jpg 549w\" sizes=\"(max-width: 600px) 100vw, 600px\" \/><\/a><\/p>\n<\/div>\n<\/div>\n<h6 style=\"text-align: left;\">Wystawa jednego eksponatu. <strong>Wios\u0142o jednopi\u00f3rowe (pagaj) trenera Ireneusza Skowro\u0144skiego<\/strong><\/h6>\n<div dir=\"auto\">\n<p><strong>W marcu, w ramach cyklu \u201eWystawa jednego eksponatu\u201d prezentujemy Wios\u0142o jednopi\u00f3rowe (pagaj) trenera Ireneusza Skowro\u0144skiego. Przedmiot mo\u017cna zobaczy\u0107 w siedzibie g\u0142\u00f3wnej MWB przy ul. Kili\u0144skiego 7, od wtorku do niedzieli w godz. 9:30-17:00. We wtorki wst\u0119p bezp\u0142atny.<\/p>\n<p>Jest to nowa seria, w ramach kt\u00f3rej b\u0119dziemy Pa\u0144stwu prezentowa\u0107 eksponaty z powstaj\u0105cej Galerii Bia\u0142ostockiego Sportu. W nowym oddziale Muzeum znajd\u0105 si\u0119 liczne pami\u0105tki bia\u0142ostockich sportowc\u00f3w, a do czasu powstania siedziby GBS na stadionie Miejskim przy ulicy S\u0142onecznej, b\u0119dziemy uchyla\u0107 r\u0105bka zbior\u00f3w w siedzibie g\u0142\u00f3wnej na ul. Kili\u0144skiego 7.<\/strong><\/p>\n<p><img loading=\"lazy\" decoding=\"async\" src=\"https:\/\/mwb.com.pl\/mwb2017\/wp-content\/uploads\/2026\/03\/W_2-300x200.jpg\" alt=\"Na zdj\u0119ciu wios\u0142o typu pagaj \" width=\"600\" height=\"400\" class=\"alignnone size-medium wp-image-15198\" srcset=\"https:\/\/mwb.com.pl\/mwb2017\/wp-content\/uploads\/2026\/03\/W_2-300x200.jpg 300w, https:\/\/mwb.com.pl\/mwb2017\/wp-content\/uploads\/2026\/03\/W_2-1024x683.jpg 1024w, https:\/\/mwb.com.pl\/mwb2017\/wp-content\/uploads\/2026\/03\/W_2-768x512.jpg 768w, https:\/\/mwb.com.pl\/mwb2017\/wp-content\/uploads\/2026\/03\/W_2-1536x1025.jpg 1536w, https:\/\/mwb.com.pl\/mwb2017\/wp-content\/uploads\/2026\/03\/W_2-2048x1366.jpg 2048w, https:\/\/mwb.com.pl\/mwb2017\/wp-content\/uploads\/2026\/03\/W_2-500x333.jpg 500w, https:\/\/mwb.com.pl\/mwb2017\/wp-content\/uploads\/2026\/03\/W_2-800x534.jpg 800w, https:\/\/mwb.com.pl\/mwb2017\/wp-content\/uploads\/2026\/03\/W_2-1280x854.jpg 1280w, https:\/\/mwb.com.pl\/mwb2017\/wp-content\/uploads\/2026\/03\/W_2-1920x1281.jpg 1920w, https:\/\/mwb.com.pl\/mwb2017\/wp-content\/uploads\/2026\/03\/W_2-1320x880.jpg 1320w\" sizes=\"(max-width: 600px) 100vw, 600px\" \/><\/p>\n<blockquote><p><strong>Mateusz Jask\u00f3\u0142d: Wystawa przedstawia drewniane wios\u0142o jednopi\u00f3rowe (pagaj) trenera Ireneusza Skowro\u0144skiego. Jako trener zwi\u0105zany z klubami KS Cresovia Bia\u0142ystok oraz UKS Dojlidy wychowa\u0142 wielu utalentowanych zawodnik\u00f3w, w tym reprezentant\u00f3w Polski. Ka\u017cdego roku na Zalewie Dojlidy organizowane s\u0105 zawody sportowe po\u015bwi\u0119cone jego pami\u0119ci. Ich inicjatorem jest syn trenera Pawe\u0142 Skowro\u0144ski.<br \/>\nPrezentowany egzemplarz pochodzi ze zbior\u00f3w Muzeum Wojska w Bia\u0142ymstoku.<\/p>\n<p><\/strong><\/p><\/blockquote>\n<\/div>\n<p><\/strong><\/div>\n<\/blockquote>\n<p><a href=\"https:\/\/mwb.com.pl\/sport\/\"><img decoding=\"async\" src=\"https:\/\/mwb.com.pl\/mwb2017\/wp-content\/uploads\/2025\/10\/baner_GBS-300x171.jpg\" alt=\"\" width=\"600\" height=\"343\" class=\"alignnone size-medium wp-image-14851\" srcset=\"https:\/\/mwb.com.pl\/mwb2017\/wp-content\/uploads\/2025\/10\/baner_GBS-300x171.jpg 300w, https:\/\/mwb.com.pl\/mwb2017\/wp-content\/uploads\/2025\/10\/baner_GBS-274x156.jpg 274w, https:\/\/mwb.com.pl\/mwb2017\/wp-content\/uploads\/2025\/10\/baner_GBS-500x285.jpg 500w, https:\/\/mwb.com.pl\/mwb2017\/wp-content\/uploads\/2025\/10\/baner_GBS.jpg 549w\" sizes=\"(max-width: 600px) 100vw, 600px\" \/><\/a><\/p>\n<div dir=\"auto\">\n<div dir=\"auto\">\n<p>&nbsp;<\/p>\n<\/div>\n<\/div>\n","protected":false},"excerpt":{"rendered":"<p>Wystawa \u00a0\u201e By\u0142em oficerem 42. pu\u0142ku piechoty\u201d Zapraszamy do zobaczenia wystawy plenerowej pt. \u201eBy\u0142em oficerem 42. pu\u0142ku piechoty\u201d, prezentowanej na ogrodzeniu przy ko\u015bciele Rzymskokatolickim pw Naj\u015bwi\u0119tszego Serca Jezusa (ul. Romualda Traugutta 25, Bia\u0142ystok). &nbsp; &nbsp; Ekspozycja prezentuje fotograficzne portrety 20 wybranych oficer\u00f3w 42. Pu\u0142ku Piechoty z lat 1919\u20131939, w\u015br\u00f3d kt\u00f3rych znale\u017ali si\u0119 m.in. dow\u00f3dcy pu\u0142ku [&hellip;]<\/p>\n","protected":false},"author":13,"featured_media":0,"parent":16,"menu_order":0,"comment_status":"closed","ping_status":"closed","template":"","meta":{"ngg_post_thumbnail":0,"h5ap_radio_sources":[],"_vp_format_video_url":"","_vp_image_focal_point":[],"footnotes":""},"class_list":["post-32","page","type-page","status-publish","hentry"],"_links":{"self":[{"href":"https:\/\/mwb.com.pl\/mwb2017\/wp-json\/wp\/v2\/pages\/32","targetHints":{"allow":["GET"]}}],"collection":[{"href":"https:\/\/mwb.com.pl\/mwb2017\/wp-json\/wp\/v2\/pages"}],"about":[{"href":"https:\/\/mwb.com.pl\/mwb2017\/wp-json\/wp\/v2\/types\/page"}],"author":[{"embeddable":true,"href":"https:\/\/mwb.com.pl\/mwb2017\/wp-json\/wp\/v2\/users\/13"}],"replies":[{"embeddable":true,"href":"https:\/\/mwb.com.pl\/mwb2017\/wp-json\/wp\/v2\/comments?post=32"}],"version-history":[{"count":277,"href":"https:\/\/mwb.com.pl\/mwb2017\/wp-json\/wp\/v2\/pages\/32\/revisions"}],"predecessor-version":[{"id":15199,"href":"https:\/\/mwb.com.pl\/mwb2017\/wp-json\/wp\/v2\/pages\/32\/revisions\/15199"}],"up":[{"embeddable":true,"href":"https:\/\/mwb.com.pl\/mwb2017\/wp-json\/wp\/v2\/pages\/16"}],"wp:attachment":[{"href":"https:\/\/mwb.com.pl\/mwb2017\/wp-json\/wp\/v2\/media?parent=32"}],"curies":[{"name":"wp","href":"https:\/\/api.w.org\/{rel}","templated":true}]}}