{"id":3035,"date":"2019-01-04T12:10:45","date_gmt":"2019-01-04T11:10:45","guid":{"rendered":"https:\/\/mwb.com.pl\/mwb2017\/?page_id=3035"},"modified":"2019-11-20T11:49:41","modified_gmt":"2019-11-20T10:49:41","slug":"ogloszenie-275","status":"publish","type":"page","link":"https:\/\/mwb.com.pl\/mwb2017\/muzeum\/pozyskiwanie-ekspozycji\/ogloszenie-275\/","title":{"rendered":"Og\u0142oszenie 275"},"content":{"rendered":"<p style=\"text-align: right;\">Bia\u0142ystok, dn. 04.01.2019 r.<\/p>\n<p><strong>Muzeum Wojska w Bia\u0142ymstoku<\/strong><br \/>\nul. Jana Kili\u0144skiego 7<br \/>\n15-089 Bia\u0142ystok<br \/>\ntel\/fax: +48 85 741 54 48<br \/>\nbiuro@mwb.com.pl<br \/>\nwww.mwb.com.pl<\/p>\n<p style=\"text-align: center;\"><strong>OG\u0141OSZENIE<\/strong><br \/>\n<strong>&#8211; zaproszenie do sk\u0142adania ofert<\/strong><\/p>\n<p><strong>I. ZAMAWIAJ\u0104CY<\/strong><\/p>\n<p><strong>Muzeum Wojska w Bia\u0142ymstoku (Muzeum)<\/strong><br \/>\nul. Jana Kili\u0144skiego 7<br \/>\n15-089 Bia\u0142ystok<br \/>\nNIP: 542-12-90-558, REGON: 000671160, RIK: 04\/94<\/p>\n<p><strong>II. PRZEDMIOT ZAM\u00d3WIENIA<\/strong><\/p>\n<p>Muzeum Wojska w Bia\u0142ymstoku jest zainteresowane zakupem:<br \/>\n&#8211; fotografii z okresu II wojny \u015bwiatowej.<\/p>\n<p>III. MIEJSCE SK\u0141ADANIA OFERT<\/p>\n<p>Oferta powinna by\u0107 przes\u0142ana za po\u015brednictwem: poczty elektronicznej na adres: dkolban@mwb.com.pl, faksem na nr: 85 741 54 48, poczty, kuriera lub te\u017c do<strong>starczona osobi\u015bcie na adres: ul. Jana Kili\u0144skiego 7, 15-089 Bia\u0142ystok.<\/strong><\/p>\n<p>IV. DODATKOWE INFORMACJE<\/p>\n<p>Dodatkowych informacji udziela Dariusz Ko\u0142ban pod numerem telefonu: 85 741 64 49 wewn. 15 oraz adresem email: dkolban@mwb.com.pl.<\/p>\n","protected":false},"excerpt":{"rendered":"<p>Bia\u0142ystok, dn. 04.01.2019 r. Muzeum Wojska w Bia\u0142ymstoku ul. Jana Kili\u0144skiego 7 15-089 Bia\u0142ystok tel\/fax: +48 85 741 54 48 biuro@mwb.com.pl www.mwb.com.pl OG\u0141OSZENIE &#8211; zaproszenie do sk\u0142adania ofert I. ZAMAWIAJ\u0104CY Muzeum Wojska w Bia\u0142ymstoku (Muzeum) ul. Jana Kili\u0144skiego 7 15-089 Bia\u0142ystok NIP: 542-12-90-558, REGON: 000671160, RIK: 04\/94 II. PRZEDMIOT ZAM\u00d3WIENIA Muzeum Wojska w Bia\u0142ymstoku jest [&hellip;]<\/p>\n","protected":false},"author":1,"featured_media":0,"parent":48,"menu_order":0,"comment_status":"closed","ping_status":"closed","template":"","meta":{"ngg_post_thumbnail":0,"h5ap_radio_sources":[],"_vp_format_video_url":"","_vp_image_focal_point":[],"footnotes":""},"class_list":["post-3035","page","type-page","status-publish","hentry"],"_links":{"self":[{"href":"https:\/\/mwb.com.pl\/mwb2017\/wp-json\/wp\/v2\/pages\/3035","targetHints":{"allow":["GET"]}}],"collection":[{"href":"https:\/\/mwb.com.pl\/mwb2017\/wp-json\/wp\/v2\/pages"}],"about":[{"href":"https:\/\/mwb.com.pl\/mwb2017\/wp-json\/wp\/v2\/types\/page"}],"author":[{"embeddable":true,"href":"https:\/\/mwb.com.pl\/mwb2017\/wp-json\/wp\/v2\/users\/1"}],"replies":[{"embeddable":true,"href":"https:\/\/mwb.com.pl\/mwb2017\/wp-json\/wp\/v2\/comments?post=3035"}],"version-history":[{"count":5,"href":"https:\/\/mwb.com.pl\/mwb2017\/wp-json\/wp\/v2\/pages\/3035\/revisions"}],"predecessor-version":[{"id":4083,"href":"https:\/\/mwb.com.pl\/mwb2017\/wp-json\/wp\/v2\/pages\/3035\/revisions\/4083"}],"up":[{"embeddable":true,"href":"https:\/\/mwb.com.pl\/mwb2017\/wp-json\/wp\/v2\/pages\/48"}],"wp:attachment":[{"href":"https:\/\/mwb.com.pl\/mwb2017\/wp-json\/wp\/v2\/media?parent=3035"}],"curies":[{"name":"wp","href":"https:\/\/api.w.org\/{rel}","templated":true}]}}