{"id":2782,"date":"2019-02-01T08:39:44","date_gmt":"2019-02-01T07:39:44","guid":{"rendered":"https:\/\/mwb.com.pl\/mwb2017\/?page_id=2782"},"modified":"2019-02-01T11:36:55","modified_gmt":"2019-02-01T10:36:55","slug":"audiodeskrypcja-komiksu-inka-pamiec-patriotyzm","status":"publish","type":"page","link":"https:\/\/mwb.com.pl\/mwb2017\/oferta\/projekty\/audiodeskrypcja-komiksu-inka-pamiec-patriotyzm\/","title":{"rendered":"Audiodeskrypcja komiksu &#8222;Inka-Pami\u0119\u0107-Patriotyzm&#8221;"},"content":{"rendered":"<p>Wydawca &#8211; Muzeum Wojska w Bia\u0142ymstoku<br \/>\nScenariusz: Paulina Kr\u00f3likowska<br \/>\nRysunki, projekt i sk\u0142ad ok\u0142adki: Daniel Baum<\/p>\n<p>&nbsp;<\/p>\n<p><strong>Wprowadzenie<\/strong><br \/>\n<audio class=\"wp-audio-shortcode\" id=\"audio-2782-1\" preload=\"none\" style=\"width: 100%;\" controls=\"controls\"><source type=\"audio\/mpeg\" src=\"http:\/\/mwb.com.pl\/mwb2017\/wp-content\/uploads\/Inka\/komiks_mp3\/INKA.mp3?_=1\" \/><a href=\"http:\/\/mwb.com.pl\/mwb2017\/wp-content\/uploads\/Inka\/komiks_mp3\/INKA.mp3\">http:\/\/mwb.com.pl\/mwb2017\/wp-content\/uploads\/Inka\/komiks_mp3\/INKA.mp3<\/a><\/audio><\/p>\n<p><a href=\"http:\/\/mwb.com.pl\/mwb2017\/wp-content\/uploads\/Inka\/komiks_mp3\/INKA.mp3\" rel=\"noopener\">do pobrania<\/a><\/p>\n<p>&nbsp;<\/p>\n<p><strong>Plansza 0<\/strong><br \/>\n<audio class=\"wp-audio-shortcode\" id=\"audio-2782-2\" preload=\"none\" style=\"width: 100%;\" controls=\"controls\"><source type=\"audio\/mpeg\" src=\"http:\/\/mwb.com.pl\/mwb2017\/wp-content\/uploads\/Inka\/komiks_mp3\/plansza0.mp3?_=2\" \/><a href=\"http:\/\/mwb.com.pl\/mwb2017\/wp-content\/uploads\/Inka\/komiks_mp3\/plansza0.mp3\">http:\/\/mwb.com.pl\/mwb2017\/wp-content\/uploads\/Inka\/komiks_mp3\/plansza0.mp3<\/a><\/audio><\/p>\n<p><a href=\"http:\/\/mwb.com.pl\/mwb2017\/wp-content\/uploads\/Inka\/komiks_mp3\/plansza0.mp3\" download=\"\">do pobrania<\/a><\/p>\n<p>&nbsp;<\/p>\n<p><strong>Plansza 01<\/strong><br \/>\n<audio class=\"wp-audio-shortcode\" id=\"audio-2782-3\" preload=\"none\" style=\"width: 100%;\" controls=\"controls\"><source type=\"audio\/mpeg\" src=\"http:\/\/mwb.com.pl\/mwb2017\/wp-content\/uploads\/Inka\/komiks_mp3\/plansza1.mp3?_=3\" \/><a href=\"http:\/\/mwb.com.pl\/mwb2017\/wp-content\/uploads\/Inka\/komiks_mp3\/plansza1.mp3\">http:\/\/mwb.com.pl\/mwb2017\/wp-content\/uploads\/Inka\/komiks_mp3\/plansza1.mp3<\/a><\/audio><\/p>\n<p><a href=\"http:\/\/mwb.com.pl\/mwb2017\/wp-content\/uploads\/Inka\/komiks_mp3\/plansza1.mp3\" download=\"\">do pobrania<\/a><\/p>\n<p>&nbsp;<\/p>\n<p><strong>Plansza 02<\/strong><br \/>\n<audio class=\"wp-audio-shortcode\" id=\"audio-2782-4\" preload=\"none\" style=\"width: 100%;\" controls=\"controls\"><source type=\"audio\/mpeg\" src=\"http:\/\/mwb.com.pl\/mwb2017\/wp-content\/uploads\/Inka\/komiks_mp3\/plansza2.mp3?_=4\" \/><a href=\"http:\/\/mwb.com.pl\/mwb2017\/wp-content\/uploads\/Inka\/komiks_mp3\/plansza2.mp3\">http:\/\/mwb.com.pl\/mwb2017\/wp-content\/uploads\/Inka\/komiks_mp3\/plansza2.mp3<\/a><\/audio><\/p>\n<p><a href=\"http:\/\/mwb.com.pl\/mwb2017\/wp-content\/uploads\/Inka\/komiks_mp3\/plansza2.mp3\" download=\"\">do pobrania<\/a><\/p>\n<p>&nbsp;<\/p>\n<p><strong>Plansza 03<\/strong><br \/>\n<audio class=\"wp-audio-shortcode\" id=\"audio-2782-5\" preload=\"none\" style=\"width: 100%;\" controls=\"controls\"><source type=\"audio\/mpeg\" src=\"http:\/\/mwb.com.pl\/mwb2017\/wp-content\/uploads\/Inka\/komiks_mp3\/plansza3.mp3?_=5\" \/><a href=\"http:\/\/mwb.com.pl\/mwb2017\/wp-content\/uploads\/Inka\/komiks_mp3\/plansza3.mp3\">http:\/\/mwb.com.pl\/mwb2017\/wp-content\/uploads\/Inka\/komiks_mp3\/plansza3.mp3<\/a><\/audio><\/p>\n<p><a href=\"http:\/\/mwb.com.pl\/mwb2017\/wp-content\/uploads\/Inka\/komiks_mp3\/plansza3.mp3\" download=\"\">do pobrania<\/a><\/p>\n<p>&nbsp;<\/p>\n<p><strong>Plansza 04<\/strong><br \/>\n<audio class=\"wp-audio-shortcode\" id=\"audio-2782-6\" preload=\"none\" style=\"width: 100%;\" controls=\"controls\"><source type=\"audio\/mpeg\" src=\"http:\/\/mwb.com.pl\/mwb2017\/wp-content\/uploads\/Inka\/komiks_mp3\/plansza4.mp3?_=6\" \/><a href=\"http:\/\/mwb.com.pl\/mwb2017\/wp-content\/uploads\/Inka\/komiks_mp3\/plansza4.mp3\">http:\/\/mwb.com.pl\/mwb2017\/wp-content\/uploads\/Inka\/komiks_mp3\/plansza4.mp3<\/a><\/audio><\/p>\n<p><a href=\"http:\/\/mwb.com.pl\/mwb2017\/wp-content\/uploads\/Inka\/komiks_mp3\/plansza4.mp3\" download=\"\">do pobrania<\/a><\/p>\n<p>&nbsp;<\/p>\n<p><strong>Plansza 05<\/strong><br \/>\n<audio class=\"wp-audio-shortcode\" id=\"audio-2782-7\" preload=\"none\" style=\"width: 100%;\" controls=\"controls\"><source type=\"audio\/mpeg\" src=\"http:\/\/mwb.com.pl\/mwb2017\/wp-content\/uploads\/Inka\/komiks_mp3\/plansza5.mp3?_=7\" \/><a href=\"http:\/\/mwb.com.pl\/mwb2017\/wp-content\/uploads\/Inka\/komiks_mp3\/plansza5.mp3\">http:\/\/mwb.com.pl\/mwb2017\/wp-content\/uploads\/Inka\/komiks_mp3\/plansza5.mp3<\/a><\/audio><\/p>\n<p><a href=\"http:\/\/mwb.com.pl\/mwb2017\/wp-content\/uploads\/Inka\/komiks_mp3\/plansza5.mp3\" download=\"\">do pobrania<\/a><\/p>\n<p>&nbsp;<\/p>\n<p><strong>Plansza 06<\/strong><br \/>\n<audio class=\"wp-audio-shortcode\" id=\"audio-2782-8\" preload=\"none\" style=\"width: 100%;\" controls=\"controls\"><source type=\"audio\/mpeg\" src=\"http:\/\/mwb.com.pl\/mwb2017\/wp-content\/uploads\/Inka\/komiks_mp3\/plansza6.mp3?_=8\" \/><a href=\"http:\/\/mwb.com.pl\/mwb2017\/wp-content\/uploads\/Inka\/komiks_mp3\/plansza6.mp3\">http:\/\/mwb.com.pl\/mwb2017\/wp-content\/uploads\/Inka\/komiks_mp3\/plansza6.mp3<\/a><\/audio><\/p>\n<p><a href=\"http:\/\/mwb.com.pl\/mwb2017\/wp-content\/uploads\/Inka\/komiks_mp3\/plansza6.mp3\" download=\"\">do pobrania<\/a><\/p>\n<p>&nbsp;<\/p>\n<p><strong>Plansza 07<\/strong><br \/>\n<audio class=\"wp-audio-shortcode\" id=\"audio-2782-9\" preload=\"none\" style=\"width: 100%;\" controls=\"controls\"><source type=\"audio\/mpeg\" src=\"http:\/\/mwb.com.pl\/mwb2017\/wp-content\/uploads\/Inka\/komiks_mp3\/plansza7.mp3?_=9\" \/><a href=\"http:\/\/mwb.com.pl\/mwb2017\/wp-content\/uploads\/Inka\/komiks_mp3\/plansza7.mp3\">http:\/\/mwb.com.pl\/mwb2017\/wp-content\/uploads\/Inka\/komiks_mp3\/plansza7.mp3<\/a><\/audio><\/p>\n<p><a href=\"http:\/\/mwb.com.pl\/mwb2017\/wp-content\/uploads\/Inka\/komiks_mp3\/plansza7.mp3\" download=\"\">do pobrania<\/a><\/p>\n<p>&nbsp;<\/p>\n<p><strong>Plansza 08<\/strong><br \/>\n<audio class=\"wp-audio-shortcode\" id=\"audio-2782-10\" preload=\"none\" style=\"width: 100%;\" controls=\"controls\"><source type=\"audio\/mpeg\" src=\"http:\/\/mwb.com.pl\/mwb2017\/wp-content\/uploads\/Inka\/komiks_mp3\/plansza8.mp3?_=10\" \/><a href=\"http:\/\/mwb.com.pl\/mwb2017\/wp-content\/uploads\/Inka\/komiks_mp3\/plansza8.mp3\">http:\/\/mwb.com.pl\/mwb2017\/wp-content\/uploads\/Inka\/komiks_mp3\/plansza8.mp3<\/a><\/audio><\/p>\n<p><a href=\"http:\/\/mwb.com.pl\/mwb2017\/wp-content\/uploads\/Inka\/komiks_mp3\/plansza8.mp3\" download=\"\">do pobrania<\/a><\/p>\n<p>&nbsp;<\/p>\n<p><strong>Plansza 09<\/strong><br \/>\n<audio class=\"wp-audio-shortcode\" id=\"audio-2782-11\" preload=\"none\" style=\"width: 100%;\" controls=\"controls\"><source type=\"audio\/mpeg\" src=\"http:\/\/mwb.com.pl\/mwb2017\/wp-content\/uploads\/Inka\/komiks_mp3\/plansza9.mp3?_=11\" \/><a href=\"http:\/\/mwb.com.pl\/mwb2017\/wp-content\/uploads\/Inka\/komiks_mp3\/plansza9.mp3\">http:\/\/mwb.com.pl\/mwb2017\/wp-content\/uploads\/Inka\/komiks_mp3\/plansza9.mp3<\/a><\/audio><\/p>\n<p><a href=\"http:\/\/mwb.com.pl\/mwb2017\/wp-content\/uploads\/Inka\/komiks_mp3\/plansza9.mp3\" download=\"\">do pobrania<\/a><\/p>\n<p>&nbsp;<\/p>\n<p><strong>Plansza 10<\/strong><br \/>\n<audio class=\"wp-audio-shortcode\" id=\"audio-2782-12\" preload=\"none\" style=\"width: 100%;\" controls=\"controls\"><source type=\"audio\/mpeg\" src=\"http:\/\/mwb.com.pl\/mwb2017\/wp-content\/uploads\/Inka\/komiks_mp3\/plansza10.mp3?_=12\" \/><a href=\"http:\/\/mwb.com.pl\/mwb2017\/wp-content\/uploads\/Inka\/komiks_mp3\/plansza10.mp3\">http:\/\/mwb.com.pl\/mwb2017\/wp-content\/uploads\/Inka\/komiks_mp3\/plansza10.mp3<\/a><\/audio><\/p>\n<p><a href=\"http:\/\/mwb.com.pl\/mwb2017\/wp-content\/uploads\/Inka\/komiks_mp3\/plansza10.mp3\" download=\"\">do pobrania<\/a><\/p>\n<p>&nbsp;<\/p>\n<p><strong>Plansza 11<\/strong><br \/>\n<audio class=\"wp-audio-shortcode\" id=\"audio-2782-13\" preload=\"none\" style=\"width: 100%;\" controls=\"controls\"><source type=\"audio\/mpeg\" src=\"http:\/\/mwb.com.pl\/mwb2017\/wp-content\/uploads\/Inka\/komiks_mp3\/plansza11.mp3?_=13\" \/><a href=\"http:\/\/mwb.com.pl\/mwb2017\/wp-content\/uploads\/Inka\/komiks_mp3\/plansza11.mp3\">http:\/\/mwb.com.pl\/mwb2017\/wp-content\/uploads\/Inka\/komiks_mp3\/plansza11.mp3<\/a><\/audio><\/p>\n<p><a href=\"http:\/\/mwb.com.pl\/mwb2017\/wp-content\/uploads\/Inka\/komiks_mp3\/plansza11.mp3\" download=\"\">do pobrania<\/a><\/p>\n<p>&nbsp;<\/p>\n<p><strong>Plansza 12<\/strong><br \/>\n<audio class=\"wp-audio-shortcode\" id=\"audio-2782-14\" preload=\"none\" style=\"width: 100%;\" controls=\"controls\"><source type=\"audio\/mpeg\" src=\"http:\/\/mwb.com.pl\/mwb2017\/wp-content\/uploads\/Inka\/komiks_mp3\/plansza12.mp3?_=14\" \/><a href=\"http:\/\/mwb.com.pl\/mwb2017\/wp-content\/uploads\/Inka\/komiks_mp3\/plansza12.mp3\">http:\/\/mwb.com.pl\/mwb2017\/wp-content\/uploads\/Inka\/komiks_mp3\/plansza12.mp3<\/a><\/audio><\/p>\n<p><a href=\"http:\/\/mwb.com.pl\/mwb2017\/wp-content\/uploads\/Inka\/komiks_mp3\/plansza12.mp3\" download=\"\">do pobrania<\/a><\/p>\n<p>&nbsp;<\/p>\n<p><strong>Plansza 13<\/strong><br \/>\n<audio class=\"wp-audio-shortcode\" id=\"audio-2782-15\" preload=\"none\" style=\"width: 100%;\" controls=\"controls\"><source type=\"audio\/mpeg\" src=\"http:\/\/mwb.com.pl\/mwb2017\/wp-content\/uploads\/Inka\/komiks_mp3\/plansza13.mp3?_=15\" \/><a href=\"http:\/\/mwb.com.pl\/mwb2017\/wp-content\/uploads\/Inka\/komiks_mp3\/plansza13.mp3\">http:\/\/mwb.com.pl\/mwb2017\/wp-content\/uploads\/Inka\/komiks_mp3\/plansza13.mp3<\/a><\/audio><\/p>\n<p><a href=\"http:\/\/mwb.com.pl\/mwb2017\/wp-content\/uploads\/Inka\/komiks_mp3\/plansza13.mp3\" download=\"\">do pobrania<\/a><\/p>\n<p>&nbsp;<\/p>\n<p><strong>Plansza 14<\/strong><br \/>\n<audio class=\"wp-audio-shortcode\" id=\"audio-2782-16\" preload=\"none\" style=\"width: 100%;\" controls=\"controls\"><source type=\"audio\/mpeg\" src=\"http:\/\/mwb.com.pl\/mwb2017\/wp-content\/uploads\/Inka\/komiks_mp3\/plansza14.mp3?_=16\" \/><a href=\"http:\/\/mwb.com.pl\/mwb2017\/wp-content\/uploads\/Inka\/komiks_mp3\/plansza14.mp3\">http:\/\/mwb.com.pl\/mwb2017\/wp-content\/uploads\/Inka\/komiks_mp3\/plansza14.mp3<\/a><\/audio><\/p>\n<p><a href=\"http:\/\/mwb.com.pl\/mwb2017\/wp-content\/uploads\/Inka\/komiks_mp3\/plansza14.mp3\" download=\"\">do pobrania<\/a><\/p>\n<p>&nbsp;<\/p>\n<p><strong>Plansza 15<\/strong><br \/>\n<audio class=\"wp-audio-shortcode\" id=\"audio-2782-17\" preload=\"none\" style=\"width: 100%;\" controls=\"controls\"><source type=\"audio\/mpeg\" src=\"http:\/\/mwb.com.pl\/mwb2017\/wp-content\/uploads\/Inka\/komiks_mp3\/plansza15.mp3?_=17\" \/><a href=\"http:\/\/mwb.com.pl\/mwb2017\/wp-content\/uploads\/Inka\/komiks_mp3\/plansza15.mp3\">http:\/\/mwb.com.pl\/mwb2017\/wp-content\/uploads\/Inka\/komiks_mp3\/plansza15.mp3<\/a><\/audio><\/p>\n<p><a href=\"http:\/\/mwb.com.pl\/mwb2017\/wp-content\/uploads\/Inka\/komiks_mp3\/plansza15.mp3\" download=\"\">do pobrania<\/a><\/p>\n<p>&nbsp;<\/p>\n<p><strong>Plansza 16<\/strong><br \/>\n<audio class=\"wp-audio-shortcode\" id=\"audio-2782-18\" preload=\"none\" style=\"width: 100%;\" controls=\"controls\"><source type=\"audio\/mpeg\" src=\"http:\/\/mwb.com.pl\/mwb2017\/wp-content\/uploads\/Inka\/komiks_mp3\/plansza16.mp3?_=18\" \/><a href=\"http:\/\/mwb.com.pl\/mwb2017\/wp-content\/uploads\/Inka\/komiks_mp3\/plansza16.mp3\">http:\/\/mwb.com.pl\/mwb2017\/wp-content\/uploads\/Inka\/komiks_mp3\/plansza16.mp3<\/a><\/audio><\/p>\n<p><a href=\"http:\/\/mwb.com.pl\/mwb2017\/wp-content\/uploads\/Inka\/komiks_mp3\/plansza16.mp3\" download=\"\">do pobrania<\/a><\/p>\n<p>&nbsp;<\/p>\n<p><strong>Plansza 17<\/strong><br \/>\n<audio class=\"wp-audio-shortcode\" id=\"audio-2782-19\" preload=\"none\" style=\"width: 100%;\" controls=\"controls\"><source type=\"audio\/mpeg\" src=\"http:\/\/mwb.com.pl\/mwb2017\/wp-content\/uploads\/Inka\/komiks_mp3\/plansza17.mp3?_=19\" \/><a href=\"http:\/\/mwb.com.pl\/mwb2017\/wp-content\/uploads\/Inka\/komiks_mp3\/plansza17.mp3\">http:\/\/mwb.com.pl\/mwb2017\/wp-content\/uploads\/Inka\/komiks_mp3\/plansza17.mp3<\/a><\/audio><\/p>\n<p><a href=\"http:\/\/mwb.com.pl\/mwb2017\/wp-content\/uploads\/Inka\/komiks_mp3\/plansza17.mp3\" download=\"\">do pobrania<\/a><\/p>\n<p>&nbsp;<\/p>\n<p><strong>Plansza 18<\/strong><br \/>\n<audio class=\"wp-audio-shortcode\" id=\"audio-2782-20\" preload=\"none\" style=\"width: 100%;\" controls=\"controls\"><source type=\"audio\/mpeg\" src=\"http:\/\/mwb.com.pl\/mwb2017\/wp-content\/uploads\/Inka\/komiks_mp3\/plansza18.mp3?_=20\" \/><a href=\"http:\/\/mwb.com.pl\/mwb2017\/wp-content\/uploads\/Inka\/komiks_mp3\/plansza18.mp3\">http:\/\/mwb.com.pl\/mwb2017\/wp-content\/uploads\/Inka\/komiks_mp3\/plansza18.mp3<\/a><\/audio><\/p>\n<p><a href=\"http:\/\/mwb.com.pl\/mwb2017\/wp-content\/uploads\/Inka\/komiks_mp3\/plansza18.mp3\" download=\"\">do pobrania<\/a><\/p>\n<p>&nbsp;<\/p>\n<p><strong>Plansza 19<\/strong><br \/>\n<audio class=\"wp-audio-shortcode\" id=\"audio-2782-21\" preload=\"none\" style=\"width: 100%;\" controls=\"controls\"><source type=\"audio\/mpeg\" src=\"http:\/\/mwb.com.pl\/mwb2017\/wp-content\/uploads\/Inka\/komiks_mp3\/plansza19.mp3?_=21\" \/><a href=\"http:\/\/mwb.com.pl\/mwb2017\/wp-content\/uploads\/Inka\/komiks_mp3\/plansza19.mp3\">http:\/\/mwb.com.pl\/mwb2017\/wp-content\/uploads\/Inka\/komiks_mp3\/plansza19.mp3<\/a><\/audio><\/p>\n<p><a href=\"http:\/\/mwb.com.pl\/mwb2017\/wp-content\/uploads\/Inka\/komiks_mp3\/plansza19.mp3\" download=\"\">do pobrania<\/a><\/p>\n<p>&nbsp;<\/p>\n<p><strong>Plansza 20<\/strong><br \/>\n<audio class=\"wp-audio-shortcode\" id=\"audio-2782-22\" preload=\"none\" style=\"width: 100%;\" controls=\"controls\"><source type=\"audio\/mpeg\" src=\"http:\/\/mwb.com.pl\/mwb2017\/wp-content\/uploads\/Inka\/komiks_mp3\/plansza20.mp3?_=22\" \/><a href=\"http:\/\/mwb.com.pl\/mwb2017\/wp-content\/uploads\/Inka\/komiks_mp3\/plansza20.mp3\">http:\/\/mwb.com.pl\/mwb2017\/wp-content\/uploads\/Inka\/komiks_mp3\/plansza20.mp3<\/a><\/audio><\/p>\n<p><a href=\"http:\/\/mwb.com.pl\/mwb2017\/wp-content\/uploads\/Inka\/komiks_mp3\/plansza20.mp3\" download=\"\">do pobrania<\/a><\/p>\n<p>&nbsp;<\/p>\n<p><strong>Plansza 21<\/strong><br \/>\n<strong>  <\/strong><\/p>\n<audio class=\"wp-audio-shortcode\" id=\"audio-2782-23\" preload=\"none\" style=\"width: 100%;\" controls=\"controls\"><source type=\"audio\/mpeg\" src=\"http:\/\/mwb.com.pl\/mwb2017\/wp-content\/uploads\/Inka\/komiks_mp3\/plansza21.mp3?_=23\" \/><a href=\"http:\/\/mwb.com.pl\/mwb2017\/wp-content\/uploads\/Inka\/komiks_mp3\/plansza21.mp3\">http:\/\/mwb.com.pl\/mwb2017\/wp-content\/uploads\/Inka\/komiks_mp3\/plansza21.mp3<\/a><\/audio>\n<p><a href=\"http:\/\/mwb.com.pl\/mwb2017\/wp-content\/uploads\/Inka\/komiks_mp3\/plansza21.mp3\" download=\"\">do pobrania<\/a><\/p>\n<p>&nbsp;<\/p>\n<p><strong>Plansza 22<\/strong><br \/>\n<audio class=\"wp-audio-shortcode\" id=\"audio-2782-24\" preload=\"none\" style=\"width: 100%;\" controls=\"controls\"><source type=\"audio\/mpeg\" src=\"http:\/\/mwb.com.pl\/mwb2017\/wp-content\/uploads\/Inka\/komiks_mp3\/plansza22.mp3?_=24\" \/><a href=\"http:\/\/mwb.com.pl\/mwb2017\/wp-content\/uploads\/Inka\/komiks_mp3\/plansza22.mp3\">http:\/\/mwb.com.pl\/mwb2017\/wp-content\/uploads\/Inka\/komiks_mp3\/plansza22.mp3<\/a><\/audio><\/p>\n<p><a href=\"http:\/\/mwb.com.pl\/mwb2017\/wp-content\/uploads\/Inka\/komiks_mp3\/plansza22.mp3\" download=\"\">do pobrania<\/a><\/p>\n<p>&nbsp;<\/p>\n<p><strong>Plansza 23<\/strong><br \/>\n<audio class=\"wp-audio-shortcode\" id=\"audio-2782-25\" preload=\"none\" style=\"width: 100%;\" controls=\"controls\"><source type=\"audio\/mpeg\" src=\"http:\/\/mwb.com.pl\/mwb2017\/wp-content\/uploads\/Inka\/komiks_mp3\/plansza23.mp3?_=25\" \/><a href=\"http:\/\/mwb.com.pl\/mwb2017\/wp-content\/uploads\/Inka\/komiks_mp3\/plansza23.mp3\">http:\/\/mwb.com.pl\/mwb2017\/wp-content\/uploads\/Inka\/komiks_mp3\/plansza23.mp3<\/a><\/audio><\/p>\n<p><a href=\"http:\/\/mwb.com.pl\/mwb2017\/wp-content\/uploads\/Inka\/komiks_mp3\/plansza23.mp3\" download=\"\">do pobrania<\/a><\/p>\n<p>&nbsp;<\/p>\n<p><strong>Plansza 24<\/strong><br \/>\n<audio class=\"wp-audio-shortcode\" id=\"audio-2782-26\" preload=\"none\" style=\"width: 100%;\" controls=\"controls\"><source type=\"audio\/mpeg\" src=\"http:\/\/mwb.com.pl\/mwb2017\/wp-content\/uploads\/Inka\/komiks_mp3\/plansza24.mp3?_=26\" \/><a href=\"http:\/\/mwb.com.pl\/mwb2017\/wp-content\/uploads\/Inka\/komiks_mp3\/plansza24.mp3\">http:\/\/mwb.com.pl\/mwb2017\/wp-content\/uploads\/Inka\/komiks_mp3\/plansza24.mp3<\/a><\/audio><\/p>\n<p><a href=\"http:\/\/mwb.com.pl\/mwb2017\/wp-content\/uploads\/Inka\/komiks_mp3\/plansza24.mp3\" download=\"\">do pobrania<\/a><\/p>\n<p>&nbsp;<\/p>\n<p><strong>Plansza 25<\/strong><br \/>\n<audio class=\"wp-audio-shortcode\" id=\"audio-2782-27\" preload=\"none\" style=\"width: 100%;\" controls=\"controls\"><source type=\"audio\/mpeg\" src=\"http:\/\/mwb.com.pl\/mwb2017\/wp-content\/uploads\/Inka\/komiks_mp3\/plansza25.mp3?_=27\" \/><a href=\"http:\/\/mwb.com.pl\/mwb2017\/wp-content\/uploads\/Inka\/komiks_mp3\/plansza25.mp3\">http:\/\/mwb.com.pl\/mwb2017\/wp-content\/uploads\/Inka\/komiks_mp3\/plansza25.mp3<\/a><\/audio><\/p>\n<p><a href=\"http:\/\/mwb.com.pl\/mwb2017\/wp-content\/uploads\/Inka\/komiks_mp3\/plansza25.mp3\" download=\"\">do pobrania<\/a><\/p>\n<p>&nbsp;<\/p>\n<p><strong>Plansza 26<\/strong><br \/>\n<audio class=\"wp-audio-shortcode\" id=\"audio-2782-28\" preload=\"none\" style=\"width: 100%;\" controls=\"controls\"><source type=\"audio\/mpeg\" src=\"http:\/\/mwb.com.pl\/mwb2017\/wp-content\/uploads\/Inka\/komiks_mp3\/plansza26.mp3?_=28\" \/><a href=\"http:\/\/mwb.com.pl\/mwb2017\/wp-content\/uploads\/Inka\/komiks_mp3\/plansza26.mp3\">http:\/\/mwb.com.pl\/mwb2017\/wp-content\/uploads\/Inka\/komiks_mp3\/plansza26.mp3<\/a><\/audio><\/p>\n<p><a href=\"http:\/\/mwb.com.pl\/mwb2017\/wp-content\/uploads\/Inka\/komiks_mp3\/plansza26.mp3\" download=\"\">do pobrania<\/a><\/p>\n<p>&nbsp;<\/p>\n<p><strong>Plansza 27<\/strong><br \/>\n<audio class=\"wp-audio-shortcode\" id=\"audio-2782-29\" preload=\"none\" style=\"width: 100%;\" controls=\"controls\"><source type=\"audio\/mpeg\" src=\"http:\/\/mwb.com.pl\/mwb2017\/wp-content\/uploads\/Inka\/komiks_mp3\/plansza27.mp3?_=29\" \/><a href=\"http:\/\/mwb.com.pl\/mwb2017\/wp-content\/uploads\/Inka\/komiks_mp3\/plansza27.mp3\">http:\/\/mwb.com.pl\/mwb2017\/wp-content\/uploads\/Inka\/komiks_mp3\/plansza27.mp3<\/a><\/audio><\/p>\n<p><a href=\"http:\/\/mwb.com.pl\/mwb2017\/wp-content\/uploads\/Inka\/komiks_mp3\/plansza27.mp3\" download=\"\">do pobrania<\/a><\/p>\n<p>&nbsp;<\/p>\n<p><strong>Plansza 28<\/strong><br \/>\n<audio class=\"wp-audio-shortcode\" id=\"audio-2782-30\" preload=\"none\" style=\"width: 100%;\" controls=\"controls\"><source type=\"audio\/mpeg\" src=\"http:\/\/mwb.com.pl\/mwb2017\/wp-content\/uploads\/Inka\/komiks_mp3\/plansza28.mp3?_=30\" \/><a href=\"http:\/\/mwb.com.pl\/mwb2017\/wp-content\/uploads\/Inka\/komiks_mp3\/plansza28.mp3\">http:\/\/mwb.com.pl\/mwb2017\/wp-content\/uploads\/Inka\/komiks_mp3\/plansza28.mp3<\/a><\/audio><\/p>\n<p><a href=\"http:\/\/mwb.com.pl\/mwb2017\/wp-content\/uploads\/Inka\/komiks_mp3\/plansza28.mp3\" download=\"\">do pobrania<\/a><\/p>\n<p>&nbsp;<\/p>\n<p><strong>Plansza 29<\/strong><br \/>\n<audio class=\"wp-audio-shortcode\" id=\"audio-2782-31\" preload=\"none\" style=\"width: 100%;\" controls=\"controls\"><source type=\"audio\/mpeg\" src=\"http:\/\/mwb.com.pl\/mwb2017\/wp-content\/uploads\/Inka\/komiks_mp3\/plansza29.mp3?_=31\" \/><a href=\"http:\/\/mwb.com.pl\/mwb2017\/wp-content\/uploads\/Inka\/komiks_mp3\/plansza29.mp3\">http:\/\/mwb.com.pl\/mwb2017\/wp-content\/uploads\/Inka\/komiks_mp3\/plansza29.mp3<\/a><\/audio><\/p>\n<p><a href=\"http:\/\/mwb.com.pl\/mwb2017\/wp-content\/uploads\/Inka\/komiks_mp3\/plansza29.mp3\" download=\"\">do pobrania<\/a><\/p>\n<p>&nbsp;<\/p>\n<p><strong>Plansza 30<\/strong><br \/>\n<audio class=\"wp-audio-shortcode\" id=\"audio-2782-32\" preload=\"none\" style=\"width: 100%;\" controls=\"controls\"><source type=\"audio\/mpeg\" src=\"http:\/\/mwb.com.pl\/mwb2017\/wp-content\/uploads\/Inka\/komiks_mp3\/plansza30.mp3?_=32\" \/><a href=\"http:\/\/mwb.com.pl\/mwb2017\/wp-content\/uploads\/Inka\/komiks_mp3\/plansza30.mp3\">http:\/\/mwb.com.pl\/mwb2017\/wp-content\/uploads\/Inka\/komiks_mp3\/plansza30.mp3<\/a><\/audio><\/p>\n<p><a href=\"http:\/\/mwb.com.pl\/mwb2017\/wp-content\/uploads\/Inka\/komiks_mp3\/plansza30.mp3\" download=\"\">do pobrania<\/a><\/p>\n<p>&nbsp;<\/p>\n<p><strong>Plansza 31<\/strong><br \/>\n<audio class=\"wp-audio-shortcode\" id=\"audio-2782-33\" preload=\"none\" style=\"width: 100%;\" controls=\"controls\"><source type=\"audio\/mpeg\" src=\"http:\/\/mwb.com.pl\/mwb2017\/wp-content\/uploads\/Inka\/komiks_mp3\/plansza31.mp3?_=33\" \/><a href=\"http:\/\/mwb.com.pl\/mwb2017\/wp-content\/uploads\/Inka\/komiks_mp3\/plansza31.mp3\">http:\/\/mwb.com.pl\/mwb2017\/wp-content\/uploads\/Inka\/komiks_mp3\/plansza31.mp3<\/a><\/audio><\/p>\n<p><a href=\"http:\/\/mwb.com.pl\/mwb2017\/wp-content\/uploads\/Inka\/komiks_mp3\/plansza31.mp3\" download=\"\">do pobrania<\/a><\/p>\n<p>&nbsp;<\/p>\n<p><strong>Plansza 32<\/strong><br \/>\n<strong>  <\/strong><\/p>\n<audio class=\"wp-audio-shortcode\" id=\"audio-2782-34\" preload=\"none\" style=\"width: 100%;\" controls=\"controls\"><source type=\"audio\/mpeg\" src=\"http:\/\/mwb.com.pl\/mwb2017\/wp-content\/uploads\/Inka\/komiks_mp3\/plansza32.mp3?_=34\" \/><a href=\"http:\/\/mwb.com.pl\/mwb2017\/wp-content\/uploads\/Inka\/komiks_mp3\/plansza32.mp3\">http:\/\/mwb.com.pl\/mwb2017\/wp-content\/uploads\/Inka\/komiks_mp3\/plansza32.mp3<\/a><\/audio>\n<p><a href=\"http:\/\/mwb.com.pl\/mwb2017\/wp-content\/uploads\/Inka\/komiks_mp3\/plansza32.mp3\" download=\"\">do pobrania<\/a><\/p>\n<p>&nbsp;<\/p>\n<p><strong>Plansza 33<\/strong><br \/>\n<audio class=\"wp-audio-shortcode\" id=\"audio-2782-35\" preload=\"none\" style=\"width: 100%;\" controls=\"controls\"><source type=\"audio\/mpeg\" src=\"http:\/\/mwb.com.pl\/mwb2017\/wp-content\/uploads\/Inka\/komiks_mp3\/plansza33.mp3?_=35\" \/><a href=\"http:\/\/mwb.com.pl\/mwb2017\/wp-content\/uploads\/Inka\/komiks_mp3\/plansza33.mp3\">http:\/\/mwb.com.pl\/mwb2017\/wp-content\/uploads\/Inka\/komiks_mp3\/plansza33.mp3<\/a><\/audio><\/p>\n<p><a href=\"http:\/\/mwb.com.pl\/mwb2017\/wp-content\/uploads\/Inka\/komiks_mp3\/plansza34.mp3\" download=\"\">do pobrania<\/a><\/p>\n<p>&nbsp;<\/p>\n<p><strong>Plansza 34<\/strong><br \/>\n<strong>  <\/strong><\/p>\n<audio class=\"wp-audio-shortcode\" id=\"audio-2782-36\" preload=\"none\" style=\"width: 100%;\" controls=\"controls\"><source type=\"audio\/mpeg\" src=\"http:\/\/mwb.com.pl\/mwb2017\/wp-content\/uploads\/Inka\/komiks_mp3\/plansza34.mp3?_=36\" \/><a href=\"http:\/\/mwb.com.pl\/mwb2017\/wp-content\/uploads\/Inka\/komiks_mp3\/plansza34.mp3\">http:\/\/mwb.com.pl\/mwb2017\/wp-content\/uploads\/Inka\/komiks_mp3\/plansza34.mp3<\/a><\/audio>\n<p><a href=\"http:\/\/mwb.com.pl\/mwb2017\/wp-content\/uploads\/Inka\/komiks_mp3\/plansza32.mp3\" download=\"\">do pobrania<\/a><\/p>\n<p>&nbsp;<\/p>\n<p><strong>Plansza 35<\/strong><br \/>\n<audio class=\"wp-audio-shortcode\" id=\"audio-2782-37\" preload=\"none\" style=\"width: 100%;\" controls=\"controls\"><source type=\"audio\/mpeg\" src=\"http:\/\/mwb.com.pl\/mwb2017\/wp-content\/uploads\/Inka\/komiks_mp3\/plansza35.mp3?_=37\" \/><a href=\"http:\/\/mwb.com.pl\/mwb2017\/wp-content\/uploads\/Inka\/komiks_mp3\/plansza35.mp3\">http:\/\/mwb.com.pl\/mwb2017\/wp-content\/uploads\/Inka\/komiks_mp3\/plansza35.mp3<\/a><\/audio><\/p>\n<p><a href=\"http:\/\/mwb.com.pl\/mwb2017\/wp-content\/uploads\/Inka\/komiks_mp3\/plansza35.mp3\" download=\"\">do pobrania<\/a><\/p>\n<p>&nbsp;<\/p>\n<p><strong>Plansza 36<\/strong><br \/>\n<audio class=\"wp-audio-shortcode\" id=\"audio-2782-38\" preload=\"none\" style=\"width: 100%;\" controls=\"controls\"><source type=\"audio\/mpeg\" src=\"http:\/\/mwb.com.pl\/mwb2017\/wp-content\/uploads\/Inka\/komiks_mp3\/plansza36.mp3?_=38\" \/><a href=\"http:\/\/mwb.com.pl\/mwb2017\/wp-content\/uploads\/Inka\/komiks_mp3\/plansza36.mp3\">http:\/\/mwb.com.pl\/mwb2017\/wp-content\/uploads\/Inka\/komiks_mp3\/plansza36.mp3<\/a><\/audio><\/p>\n<p><a href=\"http:\/\/mwb.com.pl\/mwb2017\/wp-content\/uploads\/Inka\/komiks_mp3\/plansza36.mp3\" download=\"\">do pobrania<\/a><\/p>\n<p>&nbsp;<\/p>\n","protected":false},"excerpt":{"rendered":"<p>Wydawca &#8211; Muzeum Wojska w Bia\u0142ymstoku Scenariusz: Paulina Kr\u00f3likowska Rysunki, projekt i sk\u0142ad ok\u0142adki: Daniel Baum &nbsp; Wprowadzenie do pobrania &nbsp; Plansza 0 do pobrania &nbsp; Plansza 01 do pobrania &nbsp; Plansza 02 do pobrania &nbsp; Plansza 03 do pobrania &nbsp; Plansza 04 do pobrania &nbsp; Plansza 05 do pobrania &nbsp; Plansza 06 do pobrania [&hellip;]<\/p>\n","protected":false},"author":1,"featured_media":0,"parent":28,"menu_order":0,"comment_status":"closed","ping_status":"closed","template":"","meta":{"ngg_post_thumbnail":0,"h5ap_radio_sources":[],"_vp_format_video_url":"","_vp_image_focal_point":[],"footnotes":""},"class_list":["post-2782","page","type-page","status-publish","hentry"],"_links":{"self":[{"href":"https:\/\/mwb.com.pl\/mwb2017\/wp-json\/wp\/v2\/pages\/2782","targetHints":{"allow":["GET"]}}],"collection":[{"href":"https:\/\/mwb.com.pl\/mwb2017\/wp-json\/wp\/v2\/pages"}],"about":[{"href":"https:\/\/mwb.com.pl\/mwb2017\/wp-json\/wp\/v2\/types\/page"}],"author":[{"embeddable":true,"href":"https:\/\/mwb.com.pl\/mwb2017\/wp-json\/wp\/v2\/users\/1"}],"replies":[{"embeddable":true,"href":"https:\/\/mwb.com.pl\/mwb2017\/wp-json\/wp\/v2\/comments?post=2782"}],"version-history":[{"count":5,"href":"https:\/\/mwb.com.pl\/mwb2017\/wp-json\/wp\/v2\/pages\/2782\/revisions"}],"predecessor-version":[{"id":2796,"href":"https:\/\/mwb.com.pl\/mwb2017\/wp-json\/wp\/v2\/pages\/2782\/revisions\/2796"}],"up":[{"embeddable":true,"href":"https:\/\/mwb.com.pl\/mwb2017\/wp-json\/wp\/v2\/pages\/28"}],"wp:attachment":[{"href":"https:\/\/mwb.com.pl\/mwb2017\/wp-json\/wp\/v2\/media?parent=2782"}],"curies":[{"name":"wp","href":"https:\/\/api.w.org\/{rel}","templated":true}]}}