{"id":2695,"date":"2019-01-03T12:16:24","date_gmt":"2019-01-03T11:16:24","guid":{"rendered":"https:\/\/mwb.com.pl\/mwb2017\/?page_id=2695"},"modified":"2019-01-03T12:16:24","modified_gmt":"2019-01-03T11:16:24","slug":"zeszyt-naukowy-muzeum-wojska-nr-31-bialystok-2018","status":"publish","type":"page","link":"https:\/\/mwb.com.pl\/mwb2017\/zeszyt-naukowy-muzeum-wojska-nr-31-bialystok-2018\/","title":{"rendered":"\u201eZeszyt Naukowy Muzeum Wojska\u201d, nr 31, Bia\u0142ystok 2018"},"content":{"rendered":"<p><img fetchpriority=\"high\" decoding=\"async\" class=\"alignleft  wp-image-2696\" src=\"https:\/\/mwb.com.pl\/mwb2017\/wp-content\/uploads\/2019\/01\/zeszyt_31_ok\u0142adka-710x1024.jpg\" alt=\"\" width=\"206\" height=\"312\" \/>\u201eZeszyt Naukowy Muzeum Wojska\u201d, nr 31, Bia\u0142ystok 2018<\/p>\n<p>T. 31, 270 s., fot. cz.\/b. oraz kolor, cena 30,00 z\u0142<\/p>\n<p>&nbsp;<\/p>\n<p>&nbsp;<\/p>\n<p>&nbsp;<\/p>\n<p>&nbsp;<\/p>\n<p>&nbsp;<\/p>\n<p>&nbsp;<\/p>\n<p>&nbsp;<\/p>\n<p>&nbsp;<\/p>\n<p>&nbsp;<\/p>\n<p>Spis tre\u015bci:<\/p>\n<p>Artyku\u0142y<\/p>\n<p>Natalia Filinowicz \u2013 Pu\u0142kownik Kazimierz Bogaczewicz 1888-1940. Rys biograficzny<\/p>\n<p>Jaros\u0142aw Szlaszy\u0144ski \u2013 Dow\u00f3dcy 1. Pu\u0142ku U\u0142an\u00f3w Krechowieckich im. p\u0142k. Boles\u0142awa Mo\u015bcickiego<\/p>\n<p>Tomasz Bo\u017cerocki, Albert Wo\u0142k \u2013 Zwi\u0105zek oficer\u00f3w rezerwy 13. Pu\u0142ku U\u0142an\u00f3w Wile\u0144skich<\/p>\n<p>Tomasz Weso\u0142owski \u2013 \u201eRozwini\u0119cie niemieckie. Studium podstawowe\u201d \u2013 mo\u017cliwo\u015bci mobilizacyjne, ugrupowanie si\u0142 i potencjalne kierunki dzia\u0142a\u0144 Wehrmachtu w przewidywaniach Oddzia\u0142u III Sztabu G\u0142\u00f3wnego z lutego i pocz\u0105tku marca 1939 r.<\/p>\n<p>Juliusz S. Tym \u2013 B\u00f3j 18. Pu\u0142ku U\u0142an\u00f3w Pomorskich w rejonie Chojnic 1 wrze\u015bnia 1939 roku jako przyk\u0142ad dzia\u0142a\u0144 op\u00f3\u017aniaj\u0105cych ze zwrotem zaczepnym w skali taktycznej. Cz. 2<\/p>\n<p>Jan Niko\u0142ajuk \u2013 Dostawy czo\u0142g\u00f3w nowych typ\u00f3w i ich u\u017cytkowanie w korpusach zmechanizowanych RKKA stacjonuj\u0105cych na Bia\u0142ostocczy\u017anie (pa\u017adziernik 1949 \u2013 czerwiec 1941)<\/p>\n<p>\u0179r\u00f3d\u0142a<\/p>\n<p>\u0141ukasz Radulski \u2013 Relacja strz. Stanis\u0142awa Porowskiego. Ponury obraz kampanii wrze\u015bniowej 1939 r. i losu \u017co\u0142nierzy Wojska Polskiego w sowieckiej niewoli<\/p>\n<p>Beata Jasielczuk \u2013 Bibliografia zawarto\u015bci czasopisma \u201eZeszyt Naukowy Muzeum Wojska\u201d (1988-2017)<\/p>\n","protected":false},"excerpt":{"rendered":"<p>\u201eZeszyt Naukowy Muzeum Wojska\u201d, nr 31, Bia\u0142ystok 2018 T. 31, 270 s., fot. cz.\/b. oraz kolor, cena 30,00 z\u0142 &nbsp; &nbsp; &nbsp; &nbsp; &nbsp; &nbsp; &nbsp; &nbsp; &nbsp; Spis tre\u015bci: Artyku\u0142y Natalia Filinowicz \u2013 Pu\u0142kownik Kazimierz Bogaczewicz 1888-1940. Rys biograficzny Jaros\u0142aw Szlaszy\u0144ski \u2013 Dow\u00f3dcy 1. Pu\u0142ku U\u0142an\u00f3w Krechowieckich im. p\u0142k. Boles\u0142awa Mo\u015bcickiego Tomasz Bo\u017cerocki, Albert [&hellip;]<\/p>\n","protected":false},"author":2,"featured_media":0,"parent":0,"menu_order":0,"comment_status":"closed","ping_status":"closed","template":"","meta":{"ngg_post_thumbnail":0,"h5ap_radio_sources":[],"_vp_format_video_url":"","_vp_image_focal_point":[],"footnotes":""},"class_list":["post-2695","page","type-page","status-publish","hentry"],"_links":{"self":[{"href":"https:\/\/mwb.com.pl\/mwb2017\/wp-json\/wp\/v2\/pages\/2695","targetHints":{"allow":["GET"]}}],"collection":[{"href":"https:\/\/mwb.com.pl\/mwb2017\/wp-json\/wp\/v2\/pages"}],"about":[{"href":"https:\/\/mwb.com.pl\/mwb2017\/wp-json\/wp\/v2\/types\/page"}],"author":[{"embeddable":true,"href":"https:\/\/mwb.com.pl\/mwb2017\/wp-json\/wp\/v2\/users\/2"}],"replies":[{"embeddable":true,"href":"https:\/\/mwb.com.pl\/mwb2017\/wp-json\/wp\/v2\/comments?post=2695"}],"version-history":[{"count":1,"href":"https:\/\/mwb.com.pl\/mwb2017\/wp-json\/wp\/v2\/pages\/2695\/revisions"}],"predecessor-version":[{"id":2697,"href":"https:\/\/mwb.com.pl\/mwb2017\/wp-json\/wp\/v2\/pages\/2695\/revisions\/2697"}],"wp:attachment":[{"href":"https:\/\/mwb.com.pl\/mwb2017\/wp-json\/wp\/v2\/media?parent=2695"}],"curies":[{"name":"wp","href":"https:\/\/api.w.org\/{rel}","templated":true}]}}