{"id":2499,"date":"2018-12-07T12:43:11","date_gmt":"2018-12-07T11:43:11","guid":{"rendered":"https:\/\/mwb.com.pl\/mwb2017\/?page_id=2499"},"modified":"2018-12-07T15:19:20","modified_gmt":"2018-12-07T14:19:20","slug":"studia-z-dziejow-wojskowosci-t-vii-2018","status":"publish","type":"page","link":"https:\/\/mwb.com.pl\/mwb2017\/studia-z-dziejow-wojskowosci-t-vii-2018\/","title":{"rendered":"&#8222;Studia z Dziej\u00f3w Wojskowo\u015bci&#8221;, t. VII, 2018"},"content":{"rendered":"\n<div class=\"wp-block-image\" padding=\"0px\"><figure class=\"alignleft is-resized\" >\n<img decoding=\"async\" src=\"https:\/\/mwb.com.pl\/mwb2017\/wp-content\/uploads\/2018\/12\/Ok\u0142adka-713x1024.jpg\" alt=\"\" class=\"wp-image-2500\" width=\"200\" srcset=\"https:\/\/mwb.com.pl\/mwb2017\/wp-content\/uploads\/2018\/12\/Ok\u0142adka-713x1024.jpg 713w, https:\/\/mwb.com.pl\/mwb2017\/wp-content\/uploads\/2018\/12\/Ok\u0142adka-209x300.jpg 209w, https:\/\/mwb.com.pl\/mwb2017\/wp-content\/uploads\/2018\/12\/Ok\u0142adka-768x1102.jpg 768w, https:\/\/mwb.com.pl\/mwb2017\/wp-content\/uploads\/2018\/12\/Ok\u0142adka-600x861.jpg 600w, https:\/\/mwb.com.pl\/mwb2017\/wp-content\/uploads\/2018\/12\/Ok\u0142adka.jpg 1983w\" sizes=\"(max-width: 713px) 100vw, 713px\" \/><\/figure>\n\n\n<p><strong>&#8222;Studia z Dziej\u00f3w Wojskowo\u015bci&#8221;<\/strong>, t. VII, 2018,\u00a0 400 str., mi\u0119kka oprawa, fot.cz.b., kolor, cena: 30,00 z\u0142<\/p>\n<p>\u00a0<\/p>\n<p>\u00a0<\/p>\n<p>\u00a0<\/p>\n<p>\u00a0<\/p>\n<p>\u00a0<\/p>\n<p>\u00a0<\/p>\n<p>\u00a0<\/p>\n<p>Spis tre\u015bci<\/p>\n<p><!-- \/wp:post-content --><\/p>\n<p><!-- wp:paragraph --><\/p>\n<p>Od Redakcji<\/p>\n<p><!-- \/wp:paragraph --><\/p>\n<p><!-- wp:paragraph --><\/p>\n<p>Studia<\/p>\n<p><!-- \/wp:paragraph --><\/p>\n<p><!-- wp:paragraph --><\/p>\n<p>Mariusz Cie\u015bla \u2013 Napier\u015bnik zbroi z warsztatu mediola\u0144skiego w kolekcji Muzeum Wojska Polskiego w Warszawie. Analiza por\u00f3wnawcza<\/p>\n<p><!-- \/wp:paragraph --><\/p>\n<p><!-- wp:paragraph --><\/p>\n<p>Krzysztof Kuczy\u0144ski \u2013 \u201eMa\u0142a woyna\u201d genera\u0142a Dominika Dziewanowskiego. Teoria i jej praktyczne wykorzystanie w kampanii 1812 r. na przyk\u0142adzie dzia\u0142a\u0144 28. Brygady Lekkiej Jazdy<\/p>\n<p><!-- \/wp:paragraph --><\/p>\n<p><!-- wp:paragraph --><\/p>\n<p>W\u0142odzimierz Nabywaniec \u2013 Seweryn Fredro (1785\u20131845). Zarys biografii oficera szwole\u017cer\u00f3w<\/p>\n<p><!-- \/wp:paragraph --><\/p>\n<p><!-- wp:paragraph --><\/p>\n<p>Andrzej Chojnacki \u2013 Studium nad operacyjnym wykorzystaniem mi\u0119dzyrzecza Wis\u0142y, Bugu i Wieprza w dobie wojen napoleo\u0144skich (1795\u20131813)<\/p>\n<p><!-- \/wp:paragraph --><\/p>\n<p><!-- wp:paragraph --><\/p>\n<p>Przemys\u0142aw Gorza\u0142ka \u2013 Sprawa kapitana Neidhardta, czyli o sukcesach \u201es\u0142u\u017cb sekretnych\u201d Ksi\u0119stwa Warszawskiego<\/p>\n<p><!-- \/wp:paragraph --><\/p>\n<p><!-- wp:paragraph --><\/p>\n<p>Pawe\u0142 Krokosz \u2013 Bohaterstwo \u017co\u0142nierzy armii rosyjskiej czasu<br \/>\u201ewojny ojczy\u017anianej 1812 roku\u201d \u2013 temat prac rosyjskich artyst\u00f3w malarzy XIX \u2013<br \/>pocz. XX w.<\/p>\n<p><!-- \/wp:paragraph --><\/p>\n<p><!-- wp:paragraph --><\/p>\n<p>Rafa\u0142 Mieczkowski \u2013 Mimowolne \u201egwiazdy\u201d obiektywu. Wrakiczo\u0142g\u00f3w Mark II pod Bullecourt w uj\u0119ciu niemieckiej fotografii propagandowej Wielkiej Wojny<\/p>\n<p><!-- \/wp:paragraph --><\/p>\n<p><!-- wp:paragraph --><\/p>\n<p>Aleksander Smoli\u0144ski \u2013 Zachodnia Dywizja Strzelecka Robotniczo-Ch\u0142opskiej Armii Czerwonej z lat 1917\u20131919 \u2013 pierwsza polskoj\u0119zyczna wielka jednostka sowieckich si\u0142 zbrojnych<\/p>\n<p><!-- \/wp:paragraph --><\/p>\n<p><!-- wp:paragraph --><\/p>\n<p>Jerzy S. Wojciechowski \u2013 Przyczynek do dziej\u00f3w pierwszego kursu Przysposobienia Wojskowego Broni Pancernej<\/p>\n<p><!-- \/wp:paragraph --><\/p>\n<p><!-- wp:paragraph --><\/p>\n<p>Tomasz Weso\u0142owski \u2013 Pierwszy etap prac Sztabu G\u0142\u00f3wnego nad planem operacyjnym \u201eZach\u00f3d\u201d (luty \u2013 po\u0142owa marca 1939 r.) w dokumentach,relacjach i wspomnieniach jego tw\u00f3rc\u00f3w<\/p>\n<p><!-- \/wp:paragraph --><\/p>\n<p><!-- wp:paragraph --><\/p>\n<p>Pawe\u0142 Jaroniec \u2013 Obraz dzia\u0142a\u0144 jednostek \u201eludowego\u201d Wojska Polskiego na Wale Pomorskim, Pomorzu Zachodnim i Ko\u0142obrzegu mi\u0119dzy styczniem a marcem 1945 r. w \u015bwietle relacji i wspomnie\u0144 kombatant\u00f3w zamieszczanych w prasie codziennej PRL<\/p>\n<p><!-- \/wp:paragraph --><\/p>\n<p><!-- wp:paragraph --><\/p>\n<p>\u0179R\u00d3D\u0141A<\/p>\n<p><!-- \/wp:paragraph --><\/p>\n<p><!-- wp:paragraph --><\/p>\n<p>Marcin Baranowski, Maciej Tr\u0105bski \u2013 Dwa \u017ar\u00f3d\u0142a do plan\u00f3w modernizacji twierdzy cz\u0119stochowskiej w czasach Ksi\u0119stwa Warszawskiego<\/p>\n<p><!-- \/wp:paragraph --><\/p>\n<p><!-- wp:paragraph --><\/p>\n<p>RECENZJE I OM\u00d3WIENIA<\/p>\n<p><!-- \/wp:paragraph --><\/p>\n<p><!-- wp:paragraph --><\/p>\n<p>Aleksander Smoli\u0144ski \u2013 Monografia dotycz\u0105ca nowo\u017cytnych fortyfikacji z obszar\u00f3w dawnej Rzeczypospolitej Obojga Narod\u00f3w<\/p>\n<p><!-- \/wp:paragraph --><\/p>\n<p><!-- wp:paragraph --><\/p>\n<p>Karol Olejnik (Pozna\u0144) \u2013 Sprawozdanie z konferencji<br \/>\u201ePierwsze dni niepodleg\u0142o\u015bci\u201d, Bia\u0142ystok 14\u201316 marca 2018 r.<\/p>\n<p><!-- \/wp:paragraph --><\/p>","protected":false},"excerpt":{"rendered":"<p>&#8222;Studia z Dziej\u00f3w Wojskowo\u015bci&#8221;, t. VII, 2018,\u00a0 400 str., mi\u0119kka oprawa, fot.cz.b., kolor, cena: 30,00 z\u0142 \u00a0 \u00a0 \u00a0 \u00a0 \u00a0 \u00a0 \u00a0 Spis tre\u015bci Od Redakcji Studia Mariusz Cie\u015bla \u2013 Napier\u015bnik zbroi z warsztatu mediola\u0144skiego w kolekcji Muzeum Wojska Polskiego w Warszawie. Analiza por\u00f3wnawcza Krzysztof Kuczy\u0144ski \u2013 \u201eMa\u0142a woyna\u201d genera\u0142a Dominika Dziewanowskiego. Teoria i [&hellip;]<\/p>\n","protected":false},"author":2,"featured_media":0,"parent":0,"menu_order":0,"comment_status":"closed","ping_status":"closed","template":"","meta":{"ngg_post_thumbnail":0,"h5ap_radio_sources":[],"_vp_format_video_url":"","_vp_image_focal_point":[],"footnotes":""},"class_list":["post-2499","page","type-page","status-publish","hentry"],"_links":{"self":[{"href":"https:\/\/mwb.com.pl\/mwb2017\/wp-json\/wp\/v2\/pages\/2499","targetHints":{"allow":["GET"]}}],"collection":[{"href":"https:\/\/mwb.com.pl\/mwb2017\/wp-json\/wp\/v2\/pages"}],"about":[{"href":"https:\/\/mwb.com.pl\/mwb2017\/wp-json\/wp\/v2\/types\/page"}],"author":[{"embeddable":true,"href":"https:\/\/mwb.com.pl\/mwb2017\/wp-json\/wp\/v2\/users\/2"}],"replies":[{"embeddable":true,"href":"https:\/\/mwb.com.pl\/mwb2017\/wp-json\/wp\/v2\/comments?post=2499"}],"version-history":[{"count":41,"href":"https:\/\/mwb.com.pl\/mwb2017\/wp-json\/wp\/v2\/pages\/2499\/revisions"}],"predecessor-version":[{"id":2575,"href":"https:\/\/mwb.com.pl\/mwb2017\/wp-json\/wp\/v2\/pages\/2499\/revisions\/2575"}],"wp:attachment":[{"href":"https:\/\/mwb.com.pl\/mwb2017\/wp-json\/wp\/v2\/media?parent=2499"}],"curies":[{"name":"wp","href":"https:\/\/api.w.org\/{rel}","templated":true}]}}