{"id":24,"date":"2017-02-28T13:09:25","date_gmt":"2017-02-28T12:09:25","guid":{"rendered":"http:\/\/mwb.com.pl\/mwb2017\/?page_id=24"},"modified":"2019-07-18T10:43:18","modified_gmt":"2019-07-18T08:43:18","slug":"sklepik","status":"publish","type":"page","link":"https:\/\/mwb.com.pl\/mwb2017\/oferta\/sklepik\/","title":{"rendered":"Sklepik"},"content":{"rendered":"<p>Gad\u017cety s\u0105 do nabycia w punkcie kasowym muzeum od wtorku do niedzieli w godz. 9.30-16.30.<\/p>\n<p>&nbsp;<\/p>\n<p><img decoding=\"async\" class=\"alignleft wp-image-2668\" src=\"https:\/\/mwb.com.pl\/mwb2017\/wp-content\/uploads\/2018\/12\/brelok3-1024x683.jpg\" alt=\"\" width=\"254\" height=\"172\" \/><\/p>\n<p>&nbsp;<\/p>\n<p>&nbsp;<\/p>\n<p>&nbsp;<\/p>\n<p>&nbsp;<\/p>\n<p>&nbsp;<\/p>\n<p>&nbsp;<\/p>\n<p>Brelok: pistolet VIS<br \/>\nCena: 15 z\u0142<\/p>\n<p><img decoding=\"async\" class=\"alignleft wp-image-2669\" src=\"https:\/\/mwb.com.pl\/mwb2017\/wp-content\/uploads\/2018\/12\/d\u0142ugopis-1024x683.jpg\" alt=\"\" width=\"264\" height=\"181\" \/><\/p>\n<p>&nbsp;<\/p>\n<p>&nbsp;<\/p>\n<p>&nbsp;<\/p>\n<p>&nbsp;<\/p>\n<p>&nbsp;<\/p>\n<p>&nbsp;<\/p>\n<p>&nbsp;<\/p>\n<p>D\u0142ugopis z etui<br \/>\nCena: 2 z\u0142<\/p>\n<p>&nbsp;<\/p>\n<p>&nbsp;<\/p>\n<p><img decoding=\"async\" class=\"alignleft size-full wp-image-2679\" src=\"https:\/\/mwb.com.pl\/mwb2017\/wp-content\/uploads\/2018\/12\/g_17.jpg\" alt=\"\" width=\"240\" height=\"135\" \/><\/p>\n<p>&nbsp;<\/p>\n<p>&nbsp;<\/p>\n<p>&nbsp;<\/p>\n<p>&nbsp;<\/p>\n<p>&nbsp;<\/p>\n<p>Brelok z \u017cetonem<br \/>\nCena: 8 z\u0142<\/p>\n<p>&nbsp;<\/p>\n<p><img loading=\"lazy\" decoding=\"async\" class=\"wp-image-1394 alignnone\" src=\"http:\/\/mwb.com.pl\/mwb2017\/wp-content\/uploads\/2017\/11\/g_01-300x200.jpg\" alt=\"\" width=\"249\" height=\"166\" srcset=\"https:\/\/mwb.com.pl\/mwb2017\/wp-content\/uploads\/2017\/11\/g_01-300x200.jpg 300w, https:\/\/mwb.com.pl\/mwb2017\/wp-content\/uploads\/2017\/11\/g_01-768x512.jpg 768w, https:\/\/mwb.com.pl\/mwb2017\/wp-content\/uploads\/2017\/11\/g_01-1024x683.jpg 1024w, https:\/\/mwb.com.pl\/mwb2017\/wp-content\/uploads\/2017\/11\/g_01-600x400.jpg 600w\" sizes=\"(max-width: 249px) 100vw, 249px\" \/><\/p>\n<p>Torba szaro-zielona ETNO<br \/>\ncena: 25 z\u0142<\/p>\n<p><img loading=\"lazy\" decoding=\"async\" class=\"wp-image-1397 alignnone\" src=\"http:\/\/mwb.com.pl\/mwb2017\/wp-content\/uploads\/2017\/11\/g_02-300x200.jpg\" alt=\"\" width=\"243\" height=\"162\" srcset=\"https:\/\/mwb.com.pl\/mwb2017\/wp-content\/uploads\/2017\/11\/g_02-300x200.jpg 300w, https:\/\/mwb.com.pl\/mwb2017\/wp-content\/uploads\/2017\/11\/g_02-768x512.jpg 768w, https:\/\/mwb.com.pl\/mwb2017\/wp-content\/uploads\/2017\/11\/g_02-1024x683.jpg 1024w, https:\/\/mwb.com.pl\/mwb2017\/wp-content\/uploads\/2017\/11\/g_02-600x400.jpg 600w\" sizes=\"(max-width: 243px) 100vw, 243px\" \/><\/p>\n<p>Torba szara ETNO<br \/>\ncena: 25 z\u0142<\/p>\n<p>&nbsp;<\/p>\n<p><img loading=\"lazy\" decoding=\"async\" class=\"wp-image-1402 alignnone\" style=\"border: 1px solid #778899;\" src=\"http:\/\/mwb.com.pl\/mwb2017\/wp-content\/uploads\/2017\/11\/g_51GOTOWE-300x200.jpg\" alt=\"\" width=\"242\" height=\"161\" \/><\/p>\n<p>Koszulki ETNO<br \/>\ncena: 25 z\u0142<\/p>\n<p><img loading=\"lazy\" decoding=\"async\" class=\"wp-image-1412 alignnone\" src=\"http:\/\/mwb.com.pl\/mwb2017\/wp-content\/uploads\/2017\/11\/parasol1-300x169.jpg\" alt=\"\" width=\"247\" height=\"139\" srcset=\"https:\/\/mwb.com.pl\/mwb2017\/wp-content\/uploads\/2017\/11\/parasol1-300x169.jpg 300w, https:\/\/mwb.com.pl\/mwb2017\/wp-content\/uploads\/2017\/11\/parasol1.jpg 600w\" sizes=\"(max-width: 247px) 100vw, 247px\" \/><\/p>\n<p>Parasol automatyczny<br \/>\ncena: 25 z\u0142<\/p>\n<p><img loading=\"lazy\" decoding=\"async\" class=\"alignnone size-full wp-image-477\" style=\"border: 1px solid #778899;\" src=\"http:\/\/mwb.com.pl\/mwb2017\/wp-content\/uploads\/2017\/03\/karabinczyk_sklepik.jpg\" alt=\"\" width=\"240\" height=\"135\" \/><br \/>\nBrelok &#8211; smycz z karabi\u0144czykiem<br \/>\ncena: 5 z\u0142<\/p>\n<p><img loading=\"lazy\" decoding=\"async\" class=\"alignleft size-full wp-image-3068\" src=\"https:\/\/mwb.com.pl\/mwb2017\/wp-content\/uploads\/2019\/05\/niezbednik.jpg\" alt=\"\" width=\"240\" height=\"135\" \/><\/p>\n<p>&nbsp;<\/p>\n<p>&nbsp;<\/p>\n<p>&nbsp;<\/p>\n<p>&nbsp;<\/p>\n<p>&nbsp;<\/p>\n<p>Niezb\u0119dnik<br \/>\ncena: 25 z\u0142<\/p>\n<p>&nbsp;<\/p>\n","protected":false},"excerpt":{"rendered":"<p>Gad\u017cety s\u0105 do nabycia w punkcie kasowym muzeum od wtorku do niedzieli w godz. 9.30-16.30. &nbsp; &nbsp; &nbsp; &nbsp; &nbsp; &nbsp; &nbsp; Brelok: pistolet VIS Cena: 15 z\u0142 &nbsp; &nbsp; &nbsp; &nbsp; &nbsp; &nbsp; &nbsp; D\u0142ugopis z etui Cena: 2 z\u0142 &nbsp; &nbsp; &nbsp; &nbsp; &nbsp; &nbsp; &nbsp; Brelok z \u017cetonem Cena: 8 z\u0142 &nbsp; [&hellip;]<\/p>\n","protected":false},"author":1,"featured_media":0,"parent":8,"menu_order":0,"comment_status":"closed","ping_status":"closed","template":"","meta":{"ngg_post_thumbnail":0,"h5ap_radio_sources":[],"_vp_format_video_url":"","_vp_image_focal_point":[],"footnotes":""},"class_list":["post-24","page","type-page","status-publish","hentry"],"_links":{"self":[{"href":"https:\/\/mwb.com.pl\/mwb2017\/wp-json\/wp\/v2\/pages\/24","targetHints":{"allow":["GET"]}}],"collection":[{"href":"https:\/\/mwb.com.pl\/mwb2017\/wp-json\/wp\/v2\/pages"}],"about":[{"href":"https:\/\/mwb.com.pl\/mwb2017\/wp-json\/wp\/v2\/types\/page"}],"author":[{"embeddable":true,"href":"https:\/\/mwb.com.pl\/mwb2017\/wp-json\/wp\/v2\/users\/1"}],"replies":[{"embeddable":true,"href":"https:\/\/mwb.com.pl\/mwb2017\/wp-json\/wp\/v2\/comments?post=24"}],"version-history":[{"count":78,"href":"https:\/\/mwb.com.pl\/mwb2017\/wp-json\/wp\/v2\/pages\/24\/revisions"}],"predecessor-version":[{"id":3272,"href":"https:\/\/mwb.com.pl\/mwb2017\/wp-json\/wp\/v2\/pages\/24\/revisions\/3272"}],"up":[{"embeddable":true,"href":"https:\/\/mwb.com.pl\/mwb2017\/wp-json\/wp\/v2\/pages\/8"}],"wp:attachment":[{"href":"https:\/\/mwb.com.pl\/mwb2017\/wp-json\/wp\/v2\/media?parent=24"}],"curies":[{"name":"wp","href":"https:\/\/api.w.org\/{rel}","templated":true}]}}