{"id":2322,"date":"2018-09-17T10:24:56","date_gmt":"2018-09-17T08:24:56","guid":{"rendered":"https:\/\/mwb.com.pl\/mwb2017\/?page_id=2322"},"modified":"2019-01-23T12:20:48","modified_gmt":"2019-01-23T11:20:48","slug":"operacja-muzeum","status":"publish","type":"page","link":"https:\/\/mwb.com.pl\/mwb2017\/oferta\/edukacja\/operacja-muzeum\/","title":{"rendered":"OPERACJA MUZEUM"},"content":{"rendered":"<p>Cel? Opanowanie muzealnych ekspozycji i poznanie historii w oparciu o prawdziwe zabytki, a nie tylko o podr\u0119czniki szkolne. W jaki spos\u00f3b? Wystarczy skontaktowa\u0107 si\u0119 z muzealnym edukatorem oraz wskaza\u0107 temat aktualnie realizowany na lekcji historii. Zorganizowane w muzeum zaj\u0119cia pozwol\u0105 uczniom w niecodzienny i kreatywny spos\u00f3b pozna\u0107 dane zagadnienie, pog\u0142\u0119bi\u0107 je lub powt\u00f3rzy\u0107. Obowi\u0105zuj\u0105 zapisy z dwutygodniowym wyprzedzeniem.<\/p>\n<div align=\"center\"><a href=\"https:\/\/mwb.com.pl\/rezerwacja\/oferta-dodatkowa\/operacja-muzeum\/\" target=\"_blank\"><img decoding=\"async\" class=\"aligncenter wp-image-2736 size-thumbnail\" src=\"https:\/\/mwb.com.pl\/mwb2017\/wp-content\/uploads\/2019\/01\/booking-150x150.png\" alt=\"ikona rezerwacji\" width=\"150\" height=\"150\" srcset=\"https:\/\/mwb.com.pl\/mwb2017\/wp-content\/uploads\/2019\/01\/booking-150x150.png 150w, https:\/\/mwb.com.pl\/mwb2017\/wp-content\/uploads\/2019\/01\/booking.png 256w\" sizes=\"(max-width: 150px) 100vw, 150px\" \/><br \/>\nZarezerwuj online<\/a><\/div>\n","protected":false},"excerpt":{"rendered":"<p>Cel? Opanowanie muzealnych ekspozycji i poznanie historii w oparciu o prawdziwe zabytki, a nie tylko o podr\u0119czniki szkolne. W jaki spos\u00f3b? Wystarczy skontaktowa\u0107 si\u0119 z muzealnym edukatorem oraz wskaza\u0107 temat aktualnie realizowany na lekcji historii. Zorganizowane w muzeum zaj\u0119cia pozwol\u0105 uczniom w niecodzienny i kreatywny spos\u00f3b pozna\u0107 dane zagadnienie, pog\u0142\u0119bi\u0107 je lub powt\u00f3rzy\u0107. Obowi\u0105zuj\u0105 zapisy [&hellip;]<\/p>\n","protected":false},"author":2,"featured_media":0,"parent":18,"menu_order":0,"comment_status":"closed","ping_status":"closed","template":"","meta":{"ngg_post_thumbnail":0,"h5ap_radio_sources":[],"_vp_format_video_url":"","_vp_image_focal_point":[],"footnotes":""},"class_list":["post-2322","page","type-page","status-publish","hentry"],"_links":{"self":[{"href":"https:\/\/mwb.com.pl\/mwb2017\/wp-json\/wp\/v2\/pages\/2322","targetHints":{"allow":["GET"]}}],"collection":[{"href":"https:\/\/mwb.com.pl\/mwb2017\/wp-json\/wp\/v2\/pages"}],"about":[{"href":"https:\/\/mwb.com.pl\/mwb2017\/wp-json\/wp\/v2\/types\/page"}],"author":[{"embeddable":true,"href":"https:\/\/mwb.com.pl\/mwb2017\/wp-json\/wp\/v2\/users\/2"}],"replies":[{"embeddable":true,"href":"https:\/\/mwb.com.pl\/mwb2017\/wp-json\/wp\/v2\/comments?post=2322"}],"version-history":[{"count":2,"href":"https:\/\/mwb.com.pl\/mwb2017\/wp-json\/wp\/v2\/pages\/2322\/revisions"}],"predecessor-version":[{"id":2764,"href":"https:\/\/mwb.com.pl\/mwb2017\/wp-json\/wp\/v2\/pages\/2322\/revisions\/2764"}],"up":[{"embeddable":true,"href":"https:\/\/mwb.com.pl\/mwb2017\/wp-json\/wp\/v2\/pages\/18"}],"wp:attachment":[{"href":"https:\/\/mwb.com.pl\/mwb2017\/wp-json\/wp\/v2\/media?parent=2322"}],"curies":[{"name":"wp","href":"https:\/\/api.w.org\/{rel}","templated":true}]}}