{"id":2318,"date":"2018-09-17T10:22:57","date_gmt":"2018-09-17T08:22:57","guid":{"rendered":"https:\/\/mwb.com.pl\/mwb2017\/?page_id=2318"},"modified":"2020-09-07T14:36:32","modified_gmt":"2020-09-07T12:36:32","slug":"interaktywne-zwiedzanie","status":"publish","type":"page","link":"https:\/\/mwb.com.pl\/mwb2017\/oferta\/edukacja\/interaktywne-zwiedzanie\/","title":{"rendered":"INTERAKTYWNE ZWIEDZANIE"},"content":{"rendered":"<p>Interaktywne zwiedzanie to jedna z naszych propozycji dla najm\u0142odszych. Przewodnik opowie o historii z perspektywy m\u0142odego cz\u0142owieka, uczestnika wydarze\u0144, kogo\u015b z kim dzieci mog\u0105 si\u0119 uto\u017csamia\u0107. Wykorzysta wystaw\u0119, przygotowane rekwizyty oraz\u00a0 ponadczasowe gry i zabawy aby wprowadzi\u0107 nas w atmosfer\u0119 epoki. Na interaktywnym zwiedzaniu nie ma czasu na nud\u0119! Autork\u0105 scenariusza zaj\u0119\u0107 jest aktorka i re\u017cyserka teatralna Justyna Schabowska.<\/p>\n<div align=\"center\"><a href=\"https:\/\/mwb.com.pl\/rezerwacja\/oferta-dodatkowa\/interaktywne-zwiedzanie\/\" target=\"_blank\" rel=\"noopener noreferrer\"><img decoding=\"async\" class=\"aligncenter wp-image-2736 size-thumbnail\" src=\"https:\/\/mwb.com.pl\/mwb2017\/wp-content\/uploads\/2019\/01\/booking-150x150.png\" alt=\"ikona rezerwacji\" width=\"150\" height=\"150\" srcset=\"https:\/\/mwb.com.pl\/mwb2017\/wp-content\/uploads\/2019\/01\/booking-150x150.png 150w, https:\/\/mwb.com.pl\/mwb2017\/wp-content\/uploads\/2019\/01\/booking.png 256w\" sizes=\"(max-width: 150px) 100vw, 150px\" \/><br \/>\nZarezerwuj online<\/a><\/div>\n<p>&nbsp;<\/p>\n","protected":false},"excerpt":{"rendered":"<p>Interaktywne zwiedzanie to jedna z naszych propozycji dla najm\u0142odszych. Przewodnik opowie o historii z perspektywy m\u0142odego cz\u0142owieka, uczestnika wydarze\u0144, kogo\u015b z kim dzieci mog\u0105 si\u0119 uto\u017csamia\u0107. Wykorzysta wystaw\u0119, przygotowane rekwizyty oraz\u00a0 ponadczasowe gry i zabawy aby wprowadzi\u0107 nas w atmosfer\u0119 epoki. Na interaktywnym zwiedzaniu nie ma czasu na nud\u0119! Autork\u0105 scenariusza zaj\u0119\u0107 jest aktorka i [&hellip;]<\/p>\n","protected":false},"author":2,"featured_media":0,"parent":18,"menu_order":0,"comment_status":"closed","ping_status":"closed","template":"","meta":{"ngg_post_thumbnail":0,"h5ap_radio_sources":[],"_vp_format_video_url":"","_vp_image_focal_point":[],"footnotes":""},"class_list":["post-2318","page","type-page","status-publish","hentry"],"_links":{"self":[{"href":"https:\/\/mwb.com.pl\/mwb2017\/wp-json\/wp\/v2\/pages\/2318","targetHints":{"allow":["GET"]}}],"collection":[{"href":"https:\/\/mwb.com.pl\/mwb2017\/wp-json\/wp\/v2\/pages"}],"about":[{"href":"https:\/\/mwb.com.pl\/mwb2017\/wp-json\/wp\/v2\/types\/page"}],"author":[{"embeddable":true,"href":"https:\/\/mwb.com.pl\/mwb2017\/wp-json\/wp\/v2\/users\/2"}],"replies":[{"embeddable":true,"href":"https:\/\/mwb.com.pl\/mwb2017\/wp-json\/wp\/v2\/comments?post=2318"}],"version-history":[{"count":12,"href":"https:\/\/mwb.com.pl\/mwb2017\/wp-json\/wp\/v2\/pages\/2318\/revisions"}],"predecessor-version":[{"id":6013,"href":"https:\/\/mwb.com.pl\/mwb2017\/wp-json\/wp\/v2\/pages\/2318\/revisions\/6013"}],"up":[{"embeddable":true,"href":"https:\/\/mwb.com.pl\/mwb2017\/wp-json\/wp\/v2\/pages\/18"}],"wp:attachment":[{"href":"https:\/\/mwb.com.pl\/mwb2017\/wp-json\/wp\/v2\/media?parent=2318"}],"curies":[{"name":"wp","href":"https:\/\/api.w.org\/{rel}","templated":true}]}}