{"id":22,"date":"2017-02-28T13:08:57","date_gmt":"2017-02-28T12:08:57","guid":{"rendered":"http:\/\/mwb.com.pl\/mwb2017\/?page_id=22"},"modified":"2019-07-18T12:51:38","modified_gmt":"2019-07-18T10:51:38","slug":"wydawnictwa","status":"publish","type":"page","link":"https:\/\/mwb.com.pl\/mwb2017\/oferta\/wydawnictwa\/","title":{"rendered":"Czasopisma"},"content":{"rendered":"<h4><strong>&#8222;Zeszyty Naukowe Muzeum Wojska&#8221;<\/strong><\/h4>\n<p><a href=\"https:\/\/mwb.com.pl\/mwb2017\/zeszyt-naukowy-muzeum-wojska-nr-31-bialystok-2018\/\" target=\"_blank\" rel=\"noopener noreferrer\">-&#8222;Zeszyt Naukowy Muzeum Wojska&#8221;, nr 31, Bia\u0142ystok 2018<\/a><\/p>\n<p><a href=\"http:\/\/mwb.com.pl\/mwb2017\/zeszyt-naukowy-muzeum-wojska-nr-30-bialystok-2018\/\" target=\"_blank\" rel=\"noopener noreferrer\">-&#8222;Zeszyt Naukowy Muzeum Wojska&#8221;, nr 30, Bia\u0142ystok 2017<\/a><\/p>\n<p><a href=\"http:\/\/mwb.com.pl\/mwb2017\/oferta\/wydawnictwa\/zeszyt-naukowy-muzeum-wojska-nr-2829-bialystok-2016\/\" target=\"_blank\" rel=\"noopener noreferrer\">-&#8222;Zeszyt Naukowy Muzeum Wojska&#8221;, nr 28\/29, Bia\u0142ystok 2016<\/a><\/p>\n<p><a href=\"http:\/\/mwb.com.pl\/mwb2017\/oferta\/wydawnictwa\/zeszyt-naukowy-muzeum-wojska-nr-27-bialystok-2014\/\" target=\"_blank\" rel=\"noopener noreferrer\">-&#8222;Zeszyt Naukowy Muzeum Wojska&#8221;, nr 27, Bia\u0142ystok 2014<\/a><\/p>\n<p><a href=\"http:\/\/mwb.com.pl\/mwb2017\/oferta\/wydawnictwa\/zeszyt-naukowy-muzeum-wojska-nr-26-bialystok-2013\/\" target=\"_blank\" rel=\"noopener noreferrer\">-&#8222;Zeszyt Naukowy Muzeum Wojska&#8221;, nr 26, Bia\u0142ystok 2013<\/a><\/p>\n<p><a href=\"http:\/\/mwb.com.pl\/mwb2017\/oferta\/wydawnictwa\/zeszyt-naukowy-muzeum-wojska-nr-25-bialystok-2012\/\" target=\"_blank\" rel=\"noopener noreferrer\">-&#8222;Zeszyt Naukowy Muzeum Wojska&#8221;, nr 25, Bia\u0142ystok 2012<\/a><\/p>\n<p><a href=\"http:\/\/mwb.com.pl\/mwb2017\/oferta\/wydawnictwa\/zeszyt-naukowy-muzeum-wojska-nr-24-bialystok-2011\/\" target=\"_blank\" rel=\"noopener noreferrer\">-&#8222;Zeszyt Naukowy Muzeum Wojska&#8221;, nr 24, Bia\u0142ystok 2011<\/a><\/p>\n<p><a href=\"http:\/\/mwb.com.pl\/mwb2017\/oferta\/wydawnictwa\/zeszyt-naukowy-muzeum-wojska-nr-22-bialystok-2009\/\" target=\"_blank\" rel=\"noopener noreferrer\">-&#8222;Zeszyt Naukowy Muzeum Wojska&#8221;, nr 22, Bia\u0142ystok 2009<\/a><\/p>\n<p><a href=\"http:\/\/mwb.com.pl\/mwb2017\/oferta\/wydawnictwa\/zeszyt-naukowy-muzeum-wojska-nr-21-bialystok-2008\/\" target=\"_blank\" rel=\"noopener noreferrer\">-&#8222;Zeszyt Naukowy Muzeum Wojska&#8221;, nr 21, Bia\u0142ystok 2008<\/a><\/p>\n<p><a href=\"http:\/\/mwb.com.pl\/mwb2017\/oferta\/wydawnictwa\/zeszyt-naukowy-muzeum-wojska-nr-20-bialystok-2007\/\" target=\"_blank\" rel=\"noopener noreferrer\">-&#8222;Zeszyt Naukowy Muzeum Wojska&#8221;, nr 20, Bia\u0142ystok 2007<\/a><\/p>\n<p><a href=\"http:\/\/mwb.com.pl\/mwb2017\/oferta\/wydawnictwa\/zeszyt-naukowy-muzeum-wojska-nr-19-bialystok-2006-2\/\" target=\"_blank\" rel=\"noopener noreferrer\">-&#8222;Zeszyt Naukowy Muzeum Wojska&#8221;, nr 19, Bia\u0142ystok 2006<\/a><\/p>\n<p><a href=\"http:\/\/mwb.com.pl\/mwb2017\/oferta\/wydawnictwa\/zeszyt-naukowy-muzeum-wojska-nr-18-bialystok-2005\/\" target=\"_blank\" rel=\"noopener noreferrer\">-&#8222;Zeszyt Naukowy Muzeum Wojska&#8221;, nr 18, Bia\u0142ystok 2005<\/a><\/p>\n<p><a href=\"http:\/\/mwb.com.pl\/mwb2017\/oferta\/wydawnictwa\/zeszyt-naukowy-muzeum-wojska-nr-17-bialystok-2004\/\" target=\"_blank\" rel=\"noopener noreferrer\">-&#8222;Zeszyt Naukowy Muzeum Wojska&#8221;, nr 17, Bia\u0142ystok 2004<\/a><\/p>\n<p><a href=\"http:\/\/mwb.com.pl\/mwb2017\/oferta\/wydawnictwa\/zeszyt-naukowy-muzeum-wojska-nr-16-bialystok-2003\/\" target=\"_blank\" rel=\"noopener noreferrer\">-&#8222;Zeszyt Naukowy Muzeum Wojska&#8221;, nr 16, Bia\u0142ystok 2003<\/a><\/p>\n<p><a href=\"http:\/\/mwb.com.pl\/mwb2017\/oferta\/wydawnictwa\/zeszyt-naukowy-muzeum-wojska-nr-15-bialystok-2002\/\" target=\"_blank\" rel=\"noopener noreferrer\">-&#8222;Zeszyt Naukowy Muzeum Wojska&#8221;, nr 15, Bia\u0142ystok 2002<\/a><\/p>\n<p><a href=\"http:\/\/mwb.com.pl\/mwb2017\/oferta\/wydawnictwa\/zeszyt-naukowy-muzeum-wojska-nr-14-bialystok-2000\/\" target=\"_blank\" rel=\"noopener noreferrer\">-&#8222;Zeszyt Naukowy Muzeum Wojska&#8221;, nr 14, Bia\u0142ystok 2000<\/a><\/p>\n<p><a href=\"http:\/\/mwb.com.pl\/mwb2017\/oferta\/wydawnictwa\/zeszyt-naukowy-muzeum-wojska-nr-13-bialystok-2000\/\" target=\"_blank\" rel=\"noopener noreferrer\">-&#8222;Zeszyt Naukowy Muzeum Wojska&#8221;, nr 13, Bia\u0142ystok 2000<\/a><\/p>\n<p><a href=\"http:\/\/mwb.com.pl\/mwb2017\/oferta\/wydawnictwa\/zeszyt-naukowy-muzeum-wojska-nr-9-bialystok-1995\/\" target=\"_blank\" rel=\"noopener noreferrer\">-&#8222;Zeszyt Naukowy Muzeum Wojska&#8221;, nr 9, Bia\u0142ystok 1995<\/a><\/p>\n<h4><strong><a href=\"http:\/\/mwb.com.pl\/studia\" target=\"&quot;_blank\" rel=\"noopener noreferrer\">&#8222;Studia z Dziej\u00f3w Wojskowo\u015bci&#8221; &#8211; odno\u015bnik do dedykowanej witryny<\/a><\/strong><\/h4>\n<p><a href=\"https:\/\/mwb.com.pl\/mwb2017\/studia-z-dziejow-wojskowosci-t-vii-2018\/\" target=\"_blank\" rel=\"noopener noreferrer\"><strong>-&#8222;Studia z Dziej\u00f3w Wojskowo\u015bci&#8221;<\/strong>, t. VII, 2018<\/a><\/p>\n<p><a href=\"http:\/\/mwb.com.pl\/mwb2017\/1568-2\/\" target=\"_blank\" rel=\"noopener noreferrer\"><strong>-&#8222;Studia z Dziej\u00f3w Wojskowo\u015bci&#8221;<\/strong>, t. VI, 2017<\/a><\/p>\n<p><a href=\"http:\/\/mwb.com.pl\/mwb2017\/oferta\/wydawnictwa\/studia-z-dziejow-wojskowosci-t-v-2016\/\" target=\"_blank\" rel=\"noopener noreferrer\"><strong>-&#8222;Studia z Dziej\u00f3w Wojskowo\u015bci&#8221;<\/strong>, t. V, 2016<\/a><\/p>\n<p><a href=\"http:\/\/mwb.com.pl\/mwb2017\/oferta\/wydawnictwa\/studia-z-dziejow-wojskowosci-t-vi-2015\/\" target=\"_blank\" rel=\"noopener noreferrer\"><strong>-&#8222;Studia z Dziej\u00f3w Wojskowo\u015bci&#8221;<\/strong>, t. VI, 2015<\/a><\/p>\n<p><a href=\"http:\/\/mwb.com.pl\/mwb2017\/oferta\/wydawnictwa\/studia-z-dziejow-wojskowosci-t-iii-2014\/\" target=\"_blank\" rel=\"noopener noreferrer\"><strong>-&#8222;Studia z Dziej\u00f3w Wojskowo\u015bci&#8221;<\/strong>, t. III, 2014<\/a><\/p>\n<p>Wydawnictwa mo\u017cna naby\u0107 telefonicznie:<br \/>\nBeata Jasielczuk<br \/>\ntel: 85 741 64 49 wew. 16<br \/>\ne-mail: bjasielczuk@mwb.com.pl<\/p>\n","protected":false},"excerpt":{"rendered":"<p>&#8222;Zeszyty Naukowe Muzeum Wojska&#8221; -&#8222;Zeszyt Naukowy Muzeum Wojska&#8221;, nr 31, Bia\u0142ystok 2018 -&#8222;Zeszyt Naukowy Muzeum Wojska&#8221;, nr 30, Bia\u0142ystok 2017 -&#8222;Zeszyt Naukowy Muzeum Wojska&#8221;, nr 28\/29, Bia\u0142ystok 2016 -&#8222;Zeszyt Naukowy Muzeum Wojska&#8221;, nr 27, Bia\u0142ystok 2014 -&#8222;Zeszyt Naukowy Muzeum Wojska&#8221;, nr 26, Bia\u0142ystok 2013 -&#8222;Zeszyt Naukowy Muzeum Wojska&#8221;, nr 25, Bia\u0142ystok 2012 -&#8222;Zeszyt Naukowy Muzeum [&hellip;]<\/p>\n","protected":false},"author":2,"featured_media":0,"parent":8,"menu_order":0,"comment_status":"closed","ping_status":"closed","template":"","meta":{"ngg_post_thumbnail":0,"h5ap_radio_sources":[],"_vp_format_video_url":"","_vp_image_focal_point":[],"footnotes":""},"class_list":["post-22","page","type-page","status-publish","hentry"],"_links":{"self":[{"href":"https:\/\/mwb.com.pl\/mwb2017\/wp-json\/wp\/v2\/pages\/22","targetHints":{"allow":["GET"]}}],"collection":[{"href":"https:\/\/mwb.com.pl\/mwb2017\/wp-json\/wp\/v2\/pages"}],"about":[{"href":"https:\/\/mwb.com.pl\/mwb2017\/wp-json\/wp\/v2\/types\/page"}],"author":[{"embeddable":true,"href":"https:\/\/mwb.com.pl\/mwb2017\/wp-json\/wp\/v2\/users\/2"}],"replies":[{"embeddable":true,"href":"https:\/\/mwb.com.pl\/mwb2017\/wp-json\/wp\/v2\/comments?post=22"}],"version-history":[{"count":35,"href":"https:\/\/mwb.com.pl\/mwb2017\/wp-json\/wp\/v2\/pages\/22\/revisions"}],"predecessor-version":[{"id":3281,"href":"https:\/\/mwb.com.pl\/mwb2017\/wp-json\/wp\/v2\/pages\/22\/revisions\/3281"}],"up":[{"embeddable":true,"href":"https:\/\/mwb.com.pl\/mwb2017\/wp-json\/wp\/v2\/pages\/8"}],"wp:attachment":[{"href":"https:\/\/mwb.com.pl\/mwb2017\/wp-json\/wp\/v2\/media?parent=22"}],"curies":[{"name":"wp","href":"https:\/\/api.w.org\/{rel}","templated":true}]}}