{"id":20,"date":"2017-02-28T13:08:18","date_gmt":"2017-02-28T12:08:18","guid":{"rendered":"http:\/\/mwb.com.pl\/mwb2017\/?page_id=20"},"modified":"2023-04-11T08:57:46","modified_gmt":"2023-04-11T06:57:46","slug":"wolontariat","status":"publish","type":"page","link":"https:\/\/mwb.com.pl\/mwb2017\/oferta\/wolontariat\/","title":{"rendered":"Wolontariat"},"content":{"rendered":"<div style=\"text-align: right;\">\n<a href=\"https:\/\/mwb.com.pl\/mwb2017\/wp-content\/uploads\/jezyk_prosty\/wolontariat_prosty.pdf\" target=\"_blank\" rel=\"noopener noreferrer\"><img decoding=\"async\" src=\"https:\/\/mwb.com.pl\/mwb2017\/wp-content\/uploads\/jezyk_prosty\/baner_jezyk_prosty2.jpg\" alt=\"tekst \u0142atwy do czytania i rozumienia\" width=\"60px\" \/><\/a>\n<\/div>\n<p>Zapraszamy do aktywno\u015bci wolontariackiej w Muzeum Wojska w Bia\u0142ymstoku. Je\u015bli lubisz pracowa\u0107 w grupie, jeste\u015b kreatywny, masz g\u0142ow\u0119 pe\u0142n\u0105 pomys\u0142\u00f3w, nie boisz si\u0119 wyzwa\u0144, wiesz czego oczekujesz od siebie i innych, masz wolny czas \u2013 zg\u0142o\u015b si\u0119 do nas.<\/p>\n<p><img fetchpriority=\"high\" decoding=\"async\" class=\"aligncenter size-full wp-image-235\" src=\"http:\/\/mwb.com.pl\/mwb2017\/wp-content\/uploads\/2017\/02\/0027.jpg\" alt=\"Zdj\u0119cie z zaj\u0119\u0107 dla wolontariuszy, kula kolorowych sznurk\u00f3w.\" width=\"1024\" height=\"683\" srcset=\"https:\/\/mwb.com.pl\/mwb2017\/wp-content\/uploads\/2017\/02\/0027.jpg 1024w, https:\/\/mwb.com.pl\/mwb2017\/wp-content\/uploads\/2017\/02\/0027-300x200.jpg 300w, https:\/\/mwb.com.pl\/mwb2017\/wp-content\/uploads\/2017\/02\/0027-768x512.jpg 768w\" sizes=\"(max-width: 1024px) 100vw, 1024px\" \/><\/p>\n<p>Zesp\u00f3\u0142 Muzeum Wojska zaprasza do wsp\u00f3\u0142pracy osoby zainteresowane udzia\u0142em w wolontariacie kompetencyjnym. Poszukiwane s\u0105 osoby kreatywne, samodzielne oraz otwarte na zupe\u0142nie nowe wyzwania. Mile widziane b\u0119d\u0105 umiej\u0119tno\u015bci z innych dziedzin: sztuk plastycznych, muzyki, filmu, fotografii. Zaanga\u017cowani do programu wolontariusze wezm\u0105 udzia\u0142 w specjalnym cyklu szkoleniowym obejmuj\u0105cym m.in. poznanie kolekcji muzeum, zagadnienia zwi\u0105zane z dzia\u0142aniem instytucji kultury (edukacji kulturalnej), projektowanie oferty kulturalnej, dost\u0119pno\u015b\u0107 i otwarto\u015b\u0107 plac\u00f3wki.<\/p>\n<p>Do zada\u0144 wolontariuszy b\u0119dzie nale\u017ce\u0107 w szczeg\u00f3lno\u015bci:<\/p>\n<p>&#8211; pomoc przy prowadzeniu zaj\u0119\u0107 edukacyjnych;<\/p>\n<p>&#8211; instrukta\u017c edukacyjny w nowopowsta\u0142ym Parku Militarnym Muzeum Wojska w Bia\u0142ymstoku;<\/p>\n<p>&#8211; wsp\u00f3\u0142praca przy organizacji wyk\u0142ad\u00f3w, spotka\u0144, wydarze\u0144 kulturalnych;<\/p>\n<p>&#8211; mo\u017cliwe przygotowanie i realizacja autorskiego projektu.<\/p>\n<p>Aby zg\u0142osi\u0107 si\u0119 do programu nale\u017cy wype\u0142ni\u0107 formularz zg\u0142oszeniowy i dostarczy\u0107 go do siedziby Muzeum (poczt\u0105 mailow\u0105 na podany ni\u017cej adres lub osobi\u015bcie).\u00a0<\/p>\n<p>Wi\u0119cej informacji mo\u017cna uzyska\u0107 kontaktuj\u0105c si\u0119 z R\u00f3\u017c\u0105 Gajek:<br \/>\ntel: 85 741 64 49 wew. 19<br \/>\nemail: rgajek@mwb.com.pl<\/p>\n<p><strong>Dokumenty do pobrania:<\/strong><\/p>\n<p><a href=\"https:\/\/mwb.com.pl\/mwb2017\/wp-content\/uploads\/dokumenty\/wolontariat\/formularz.doc\" target=\"_blank\" rel=\"noopener noreferrer\">Formularz zg\u0142oszeniowy<\/a><\/p>\n<p><a href=\"https:\/\/mwb.com.pl\/mwb2017\/wp-content\/uploads\/2022\/02\/Regulamin-WOLONTARIAT.pdf\" target=\"_blank\" rel=\"noopener noreferrer\">Regulamin w formacie pdf<\/a><\/p>\n","protected":false},"excerpt":{"rendered":"<p>Zapraszamy do aktywno\u015bci wolontariackiej w Muzeum Wojska w Bia\u0142ymstoku. Je\u015bli lubisz pracowa\u0107 w grupie, jeste\u015b kreatywny, masz g\u0142ow\u0119 pe\u0142n\u0105 pomys\u0142\u00f3w, nie boisz si\u0119 wyzwa\u0144, wiesz czego oczekujesz od siebie i innych, masz wolny czas \u2013 zg\u0142o\u015b si\u0119 do nas. Zesp\u00f3\u0142 Muzeum Wojska zaprasza do wsp\u00f3\u0142pracy osoby zainteresowane udzia\u0142em w wolontariacie kompetencyjnym. Poszukiwane s\u0105 osoby kreatywne, [&hellip;]<\/p>\n","protected":false},"author":2,"featured_media":0,"parent":8,"menu_order":0,"comment_status":"closed","ping_status":"closed","template":"","meta":{"ngg_post_thumbnail":0,"h5ap_radio_sources":[],"_vp_format_video_url":"","_vp_image_focal_point":[],"footnotes":""},"class_list":["post-20","page","type-page","status-publish","hentry"],"_links":{"self":[{"href":"https:\/\/mwb.com.pl\/mwb2017\/wp-json\/wp\/v2\/pages\/20","targetHints":{"allow":["GET"]}}],"collection":[{"href":"https:\/\/mwb.com.pl\/mwb2017\/wp-json\/wp\/v2\/pages"}],"about":[{"href":"https:\/\/mwb.com.pl\/mwb2017\/wp-json\/wp\/v2\/types\/page"}],"author":[{"embeddable":true,"href":"https:\/\/mwb.com.pl\/mwb2017\/wp-json\/wp\/v2\/users\/2"}],"replies":[{"embeddable":true,"href":"https:\/\/mwb.com.pl\/mwb2017\/wp-json\/wp\/v2\/comments?post=20"}],"version-history":[{"count":29,"href":"https:\/\/mwb.com.pl\/mwb2017\/wp-json\/wp\/v2\/pages\/20\/revisions"}],"predecessor-version":[{"id":11177,"href":"https:\/\/mwb.com.pl\/mwb2017\/wp-json\/wp\/v2\/pages\/20\/revisions\/11177"}],"up":[{"embeddable":true,"href":"https:\/\/mwb.com.pl\/mwb2017\/wp-json\/wp\/v2\/pages\/8"}],"wp:attachment":[{"href":"https:\/\/mwb.com.pl\/mwb2017\/wp-json\/wp\/v2\/media?parent=20"}],"curies":[{"name":"wp","href":"https:\/\/api.w.org\/{rel}","templated":true}]}}