{"id":18,"date":"2025-08-26T09:05:26","date_gmt":"2025-08-26T07:05:26","guid":{"rendered":"http:\/\/mwb.com.pl\/mwb2017\/?page_id=18"},"modified":"2026-04-09T14:50:27","modified_gmt":"2026-04-09T12:50:27","slug":"edukacja","status":"publish","type":"page","link":"https:\/\/mwb.com.pl\/mwb2017\/oferta\/edukacja\/","title":{"rendered":"Edukacja"},"content":{"rendered":"<div style=\"text-align: right;\"><a href=\"https:\/\/mwb.com.pl\/mwb2017\/wp-content\/uploads\/jezyk_prosty\/edukacja_prosty.pdf\" target=\"_blank\" rel=\"noopener noreferrer\"><img decoding=\"async\" src=\"https:\/\/mwb.com.pl\/mwb2017\/wp-content\/uploads\/jezyk_prosty\/baner_jezyk_prosty2.jpg\" alt=\"tekst \u0142atwy do czytania i rozumienia\" width=\"60px\"><\/a><\/div>\n<div style=\"text-align: center;\">OFERTA WAKACYJNA 2026<\/div>\n<p align=\"justify\">Serdecznie zapraszamy do zapoznania si\u0119 z nasz\u0105 now\u0105 ofert\u0105 wakacyjn\u0105. Przygotowali\u015bmy szereg nowych propozycji, kt\u00f3re z pewno\u015bci\u0105 zainteresuj\u0105 dzieci i m\u0142odzie\u017c. Zaj\u0119cia podczas wakacji b\u0119d\u0105 odbywa\u0107 si\u0119 w dw\u00f3ch lokalizacjach: w Centrum Edukacji przy ulicy Henryka Sienkiewicza 26 oraz w Parku Militarnym przy ulicy W\u0119glowej 3.<\/p>\n<p align=\"justify\">Zaj\u0119cia w Centrum Edukacji przy ulicy Henryka Sienkiewicza 26 odbywaj\u0105 si\u0119 od poniedzia\u0142ku do pi\u0105tku od godziny 9:30, a w Parku Militarnym przy ulicy W\u0119glowej 3 od \u015brody do pi\u0105tku od godziny 9:30. <\/p>\n<p>P\u0142atno\u015b\u0107: grupy zarejestrowane na warsztaty w Centrum Edukacji Muzeum Wojska w Bia\u0142ymstoku powinny ui\u015bci\u0107 op\u0142at\u0119 w kasie Muzeum przy ul. J. Kili\u0144skiego 7, a grupy zarejestrowane na warsztaty w Parku Militarnym powinny ui\u015bci\u0107 op\u0142at\u0119 w kasie Parku.<\/p>\n<p>Koszt udzia\u0142u w zaj\u0119ciach: 10 z\u0142 od osoby\/ opiekunowie bezp\u0142atnie<\/p>\n<p>Pytania dotycz\u0105ce organizacji zaj\u0119\u0107 mo\u017cna zadawa\u0107 pod nr tel. 535 956 007<\/p>\n<div style=\"text-align: center;\">REZERWACJE<\/div>\n<p><strong>Centrum Edukacji Muzeum Wojska w Bia\u0142ymstoku<\/strong><br \/>\nul. Sienkiewicza 26, Bia\u0142ystok<br \/>\nP\u0142atno\u015b\u0107 za zaj\u0119cia odbywa si\u0119 w kasie Muzeum Wojska w Bia\u0142ymstoku przy<br \/>\nul. Kili\u0144skiego 7<\/p>\n<p><a href=\"https:\/\/mwb.com.pl\/rezerwacja\/wakacje-2\/w-sredniowiecznym-grodzie\/\" target=\"_blank\" rel=\"noopener noreferrer\"><strong>1. W \u015bredniowiecznym grodzie &#8211; rezerwacja<\/strong><\/a><br \/>\nZaj\u0119cia przenios\u0105 uczestnik\u00f3w do \u015bredniowiecza, gdzie poznaj\u0105 codzienne \u017cycie mieszka\u0144c\u00f3w dawnego grodu. Dzieci, pracuj\u0105c z wielkoformatow\u0105 map\u0105, zapoznaj\u0105 si\u0119 z uk\u0142adem \u015bredniowiecznego grodu, dowiedz\u0105 si\u0119, gdzie znajdowa\u0142y si\u0119 najwa\u017cniejsze budynki oraz jakie pe\u0142ni\u0142y funkcje (m.in. ratusz, ko\u015bci\u00f3\u0142, mury obronne, warsztaty rzemie\u015blnicze).<br \/>\nPodczas zaj\u0119\u0107 uczestnicy poznaj\u0105 wybrane zawody \u015bredniowieczne, dopasowuj\u0105c drewniane pionki przedstawiaj\u0105ce mieszka\u0144c\u00f3w grodu do odpowiednich obiekt\u00f3w.<br \/>\nNa zako\u0144czenie ka\u017cdy uczestnik wykona w\u0142asn\u0105, niewielk\u0105 prac\u0119 plastyczn\u0105 w formie makiety grodu, wykorzystuj\u0105c patyczki, sklejk\u0119 oraz farby.<\/p>\n<p><a href=\"https:\/\/mwb.com.pl\/rezerwacja\/wakacje-2\/na-krolewskim-jarmarku\/\" target=\"_blank\" rel=\"noopener noreferrer\"><strong>2. Na kr\u00f3lewskim jarmarku &#8211; rezerwacja<\/strong><\/a><br \/>\nPodczas zaj\u0119\u0107 uczestnicy poznaj\u0105 funkcjonowanie \u015bredniowiecznego jarmarku kr\u00f3lewskiego oraz jego znaczenie w \u017cyciu codziennym mieszka\u0144c\u00f3w miast. Dzieci dowiedz\u0105 si\u0119, dlaczego jarmarki odgrywa\u0142y istotn\u0105 rol\u0119 w handlu i kulturze oraz kogo mo\u017cna by\u0142o na nich spotka\u0107 (kupc\u00f3w, rzemie\u015blnik\u00f3w, artyst\u00f3w, rycerzy).<br \/>\nW trakcie zaj\u0119\u0107 uczestnicy wykonaj\u0105 \u0107wiczenie polegaj\u0105ce na dopasowywaniu towar\u00f3w do odpowiednich rzemie\u015blnik\u00f3w, poznaj\u0105c w ten spos\u00f3b specyfik\u0119 pracy handlarzy i wytw\u00f3rc\u00f3w.<br \/>\nNa zako\u0144czenie odb\u0119dzie si\u0119 cz\u0119\u015b\u0107 plastyczna, podczas kt\u00f3rej ka\u017cdy uczestnik wybierze swoj\u0105 rol\u0119 na jarmarku i stworzy w\u0142asn\u0105 tabliczk\u0119 handlow\u0105 na drewnianej sklejce.<\/p>\n<p><strong>Park Militarny<\/strong><br \/>\nul. W\u0119glowa 3, Bia\u0142ystok<br \/>\nP\u0142atno\u015b\u0107 za zaj\u0119cia odbywa si\u0119 w kasie Parku Militarnego<br \/>\n<a href=\"https:\/\/mwb.com.pl\/rezerwacja\/wakacje-2\/badz-w-gotowosci-niezbednik-kryzysowy\/\" target=\"_blank\" rel=\"noopener noreferrer\"><strong>1. B\u0105d\u017a w gotowo\u015bci! \u2013 niezb\u0119dnik kryzysowy &#8211; rezerwacja<\/strong><\/a><br \/>\nPodczas zaj\u0119\u0107 \u201eB\u0105d\u017a w gotowo\u015bci!\u201d uczestnicy w przyst\u0119pny spos\u00f3b poznaj\u0105 podstawy radzenia sobie w sytuacjach kryzysowych. Na pocz\u0105tku wprowadzani s\u0105 w temat poprzez rozmow\u0119 i proste przyk\u0142ady zagro\u017ce\u0144, a nast\u0119pnie bior\u0105 udzia\u0142 w r\u00f3\u017cnych zadaniach i zabawach. Ucz\u0105 si\u0119, co warto zabra\u0107 do plecaka ewakuacyjnego oraz jak podejmowa\u0107 decyzje w trudnych sytuacjach. Pracuj\u0105c w grupach, tworz\u0105 w\u0142asne plany dzia\u0142ania i sprawdzaj\u0105 nabyte wiadomo\u015bci w praktyce. Ca\u0142o\u015b\u0107 odbywa si\u0119 w lu\u017anej atmosferze, z naciskiem na wsp\u00f3\u0142prac\u0119, samodzielno\u015b\u0107 i nauk\u0119 poprzez dzia\u0142anie.<\/p>\n<p><a href=\"https:\/\/mwb.com.pl\/rezerwacja\/wakacje-2\/na-ratunek-pierwsza-pomoc\/\" target=\"_blank\" rel=\"noopener noreferrer\"><strong>2. Na ratunek! &#8211; pierwsza pomoc &#8211; rezerwacja<\/strong><\/a><br \/>\nZaj\u0119cia \u201eNa ratunek!\u201d to aktywne i anga\u017cuj\u0105ce spotkanie, podczas kt\u00f3rego uczestnicy w przyst\u0119pny spos\u00f3b poznaj\u0105 podstawy pierwszej pomocy. Na pocz\u0105tku wprowadzani s\u0105 w najwa\u017cniejsze zasady i ucz\u0105 si\u0119, jak reagowa\u0107 w prostych sytuacjach zagro\u017cenia. Nast\u0119pnie bior\u0105 udzia\u0142 w grze, gdzie w grupach wykonuj\u0105 r\u00f3\u017cnorodne zadania \u2013 od wzywania pomocy po rozpoznawanie zawarto\u015bci apteczki. Dzi\u0119ki temu ucz\u0105 si\u0119 poprzez dzia\u0142anie, wsp\u00f3\u0142prac\u0119 i zabaw\u0119. Ca\u0142o\u015b\u0107 ko\u0144czy si\u0119 wsp\u00f3lnym podsumowaniem w lekkiej, przyjaznej atmosferze.<\/p>\n<p><a href=\"https:\/\/mwb.com.pl\/rezerwacja\/wakacje-2\/nie-daj-sie-zgubic-terenoznawstwo\/\" target=\"_blank\" rel=\"noopener noreferrer\"><strong>3. Nie daj si\u0119 zgubi\u0107! \u2013 terenoznawstwo &#8211; rezerwacja<\/strong><\/a><br \/>\n\u201eNie daj si\u0119 zgubi\u0107!\u201d to ruchowe i anga\u017cuj\u0105ce zaj\u0119cia, podczas kt\u00f3rych uczestnicy w prosty, zabawowy spos\u00f3b poznaj\u0105 podstawy orientacji w terenie. Najpierw zapoznaj\u0105 si\u0119 z map\u0105, atlasem i kompasem oraz ucz\u0105 si\u0119 wyznacza\u0107 kierunki \u015bwiata. Nast\u0119pnie pracuj\u0105 w grupach, rozwi\u0105zuj\u0105c zadania i planuj\u0105c trasy, a zdobyt\u0105 wiedz\u0119 sprawdzaj\u0105 w praktyce podczas dzia\u0142a\u0144 w terenie. Na koniec bior\u0105 udzia\u0142 w grze z kr\u00f3tkofal\u00f3wkami, rozwijaj\u0105c wsp\u00f3\u0142prac\u0119 i orientacj\u0119 w przestrzeni, wszystko w lekkiej i przyjaznej atmosferze.<\/p>\n<hr>\n<div style=\"text-align: center;\">OFERTA EDUKACYJNA NA ROK SZKOLNY 2025\/2026<\/div>\n<p align=\"justify\">Serdecznie zapraszamy do zapoznania si\u0119 z nasz\u0105 now\u0105 ofert\u0105 edukacyjn\u0105. Na rok szkolny 2025\/2026 przygotowali\u015bmy szereg nowych propozycji, kt\u00f3re z pewno\u015bci\u0105 zainteresuj\u0105 dzieci i m\u0142odzie\u017c. W bie\u017c\u0105cym roku szkolnym zaj\u0119cia odbywaj\u0105 si\u0119 w dw\u00f3ch lokalizacjach: siedzibie g\u0142\u00f3wnej Muzeum przy ulicy Jana Kili\u0144skiego 7 i w Centrum Edukacji przy ulicy Henryka Sienkiewicza 26.<\/p>\n<p align=\"justify\"><strong>Uwaga! Informujemy, \u017ce grupy zarejestrowane na warsztaty w Centrum Edukacji Muzeum Wojska w Bia\u0142ymstoku (ul. H. Sienkiewicza 26) powinny ui\u015bci\u0107 op\u0142at\u0119 w kasie muzeum przy ul. J. Kili\u0144skiego 7 w dniu warsztat\u00f3w.<\/strong><\/p>\n<p>Pytania dotycz\u0105ce organizacji zaj\u0119\u0107 mo\u017cna zadawa\u0107 pod nr tel. 535 956 007<\/p>\n<p style=\"text-align: center;\"><img fetchpriority=\"high\" decoding=\"async\" class=\"alignnone size-medium wp-image-10747\" src=\"https:\/\/mwb.com.pl\/mwb2017\/wp-content\/uploads\/edukacja2024-25\/1.jpg\" alt=\"oferta edukacyjna\" width=\"450\" height=\"300\"><\/p>\n<p>Tytu\u0142y zaj\u0119\u0107 z podzia\u0142em na grupy wiekowe znajduj\u0105 si\u0119 poni\u017cej, szczeg\u00f3\u0142owe opisy znajduj\u0105 si\u0119 w rozszerzeniach.<\/p>\n<p>&nbsp;<\/p>\n<p style=\"text-align: center;\"><strong>CENTRUM EDUKACJI MUZEUM WOJSKA<\/strong><\/p>\n<p style=\"text-align: center;\"><img decoding=\"async\" class=\"alignnone size-medium wp-image-10748\" src=\"https:\/\/mwb.com.pl\/mwb2017\/wp-content\/uploads\/edukacja2024-25\/centrum-edukacji.jpg\" alt=\"\" width=\"450\" height=\"300\"><\/p>\n<p align=\"justify\">W specjalnie zaaran\u017cowanej, kolorowej przestrzeni, dzieci mog\u0105 zapozna\u0107 si\u0119 z czasami \u015bredniowiecza, poznaj\u0105c pocz\u0105tki pa\u0144stwa polskiego i jednocze\u015bnie doskonale si\u0119 bawi\u0105c! Oferta dla grup przedszkolnych (4-6 lat) i klas I-III szk\u00f3\u0142 podstawowych realizowana w punkcie przy ulicy Sienkiewicza 26.<\/p>\n<p style=\"text-align: center;\"><strong>Koszt udzia\u0142u w warsztatach &#8211; 10 z\u0142\/os.<\/strong><\/p>\n<p><a href=\"https:\/\/mwb.com.pl\/mwb2017\/oferta\/edukacja\/jak-sie-nosil-czlowiek-1000-lat-temu\/\" target=\"_blank\" rel=\"noopener noreferrer\"><strong>&#8222;JAK SI\u0118 NOSI\u0141 CZ\u0141OWIEK 1000 LAT TEMU?&#8221;<\/strong><\/a><\/p>\n<p><a href=\"https:\/\/mwb.com.pl\/mwb2017\/oferta\/edukacja\/co-sie-kryje-w-laboratorium-alchemika\/\" target=\"_blank\" rel=\"noopener noreferrer\"><strong>&#8222;CO SI\u0118 KRYJE W LABORATORIUM ALCHEMIKA?&#8221;<\/strong><\/a><\/p>\n<p><a href=\"https:\/\/mwb.com.pl\/mwb2017\/oferta\/edukacja\/jak-bylo-dawno-dawno-temu\/\" target=\"_blank\" rel=\"noopener noreferrer\"><strong>&#8222;JAK BY\u0141O DAWNO, DAWNO TEMU?&#8221;&nbsp;<\/strong><\/a><\/p>\n<p><a href=\"https:\/\/mwb.com.pl\/mwb2017\/oferta\/edukacja\/co-serwowali-sredniowieczni-kucharze\/\" target=\"_blank\" rel=\"noopener noreferrer\"><strong>&#8222;CO SERWOWALI \u015aREDNIOWIECZNI KUCHARZE? &#8221;&nbsp;<\/strong><\/a><\/p>\n<p>&nbsp;<\/p>\n<p style=\"text-align: center;\"><strong>MUZEUM DOST\u0118PNE<\/strong><\/p>\n<p style=\"text-align: center;\"><img decoding=\"async\" class=\"alignnone size-medium wp-image-10621\" src=\"https:\/\/mwb.com.pl\/mwb2017\/wp-content\/uploads\/edukacja2024-25\/4.jpg\" alt=\"\" width=\"450\" height=\"300\"><\/p>\n<p align=\"justify\"><strong>\u201eWarsztaty o wojnie\u201d<\/strong> to propozycja edukacyjna Muzeum, kt\u00f3ra powsta\u0142a w ramach przedsi\u0119wzi\u0119cia grantowego <strong>\u201ePoprawa dost\u0119pno\u015bci oferty kulturalnej Muzeum Wojska w Bia\u0142ymstoku dla os\u00f3b ze szczeg\u00f3lnymi potrzebami\u201d<\/strong>. Ide\u0105 warsztat\u00f3w jest dotarcie z tematyk\u0105 II wojny do os\u00f3b ze szczeg\u00f3lnymi potrzebami. Celem spotka\u0144 w muzeum b\u0119dzie nie tylko podniesienie \u015bwiadomo\u015bci historycznej dzieci i m\u0142odzie\u017cy z niepe\u0142nosprawno\u015bciami, ale tak\u017ce rozwijanie umiej\u0119tno\u015bci komunikacyjnych, poznawczych, skupienia, zdolno\u015bci manualnych czy pobudzanie kreatywno\u015bci.<\/p>\n<p><a href=\"https:\/\/mwb.com.pl\/mwb2017\/edukacja\/warsztaty-o-wojnie\/\" target=\"_blank\" rel=\"noopener noreferrer\"><strong>&#8222;WARSZTATY O WOJNIE&#8221;<\/strong><\/a><\/p>\n<p><a href=\"https:\/\/mwb.com.pl\/mwb2017\/edukacja\/zolnierze-w-miescie\/\" target=\"_blank\" rel=\"noopener noreferrer\"><strong>&#8222;\u017bO\u0141NIERZE W MIE\u015aCIE&#8221;<\/strong><\/a><\/p>\n<p>&nbsp;<\/p>\n<p style=\"text-align: center;\"><strong>MALEC W MUZEUM: PRZEDSZKOLA (4-6 LAT)<\/strong><\/p>\n<p style=\"text-align: center;\"><img loading=\"lazy\" decoding=\"async\" class=\"alignnone size-medium wp-image-10760\" src=\"https:\/\/mwb.com.pl\/mwb2017\/wp-content\/uploads\/edukacja2024-25\/malec-w-muzeum.jpg\" alt=\"\" width=\"450\" height=\"300\"><\/p>\n<p align=\"justify\"><strong>&#8222;Malec w Muzeum&#8221;<\/strong> to oferta dla grup przedszkolnych w wieku od 4 do 6 lat, realizowana w Muzeum przy ulicy Kili\u0144skiego 7.<\/p>\n<p style=\"text-align: center;\"><strong>Koszt udzia\u0142u w warsztatach &#8211; 10 z\u0142\/os.<\/strong><\/p>\n<p><a href=\"https:\/\/mwb.com.pl\/mwb2017\/oferta\/edukacja\/mis-wojtek\/\" target=\"_blank\" rel=\"noopener noreferrer\"><strong>&#8222;MI\u015a WOJTEK&#8221;<\/strong><\/a><\/p>\n<p><a href=\"https:\/\/mwb.com.pl\/mwb2017\/oferta\/edukacja\/muzealne-tajemnice\/\" target=\"_blank\" rel=\"noopener noreferrer\"><strong>&#8222;MUZEALNE TAJEMNICE&#8221;<\/strong><\/a><\/p>\n<p><a href=\"https:\/\/mwb.com.pl\/mwb2017\/oferta\/edukacja\/jak-orzel-na-godlo-przylecial\/\" target=\"_blank\" rel=\"noopener noreferrer\"><strong>&#8222;JAK ORZE\u0141 NA GOD\u0141O PRZYLECIA\u0141\u2026&#8221;<\/strong><\/a><\/p>\n<p>&nbsp;<\/p>\n<p style=\"text-align: center;\"><strong>PIERWSZE KROKI W MUZEUM<\/strong><\/p>\n<p style=\"text-align: center;\"><img loading=\"lazy\" decoding=\"async\" class=\"alignnone size-medium wp-image-10760\" src=\"https:\/\/mwb.com.pl\/mwb2017\/wp-content\/uploads\/edukacja2024-25\/6.jpg\" alt=\"\" width=\"450\" height=\"300\"><\/p>\n<p align=\"justify\"><strong>&#8222;Pierwsze kroki w Muzeum&#8221;<\/strong> to oferta dla klas I-III szk\u00f3\u0142 podstawowych, realizowana w Muzeum przy ulicy Kili\u0144skiego 7. Na tych zaj\u0119ciach zag\u0142\u0119biamy si\u0119 w tematyk\u0119 w\u0142a\u015bciwego zachowania na ekspozycjach muzealnych, pierwszych termin\u00f3w zwi\u0105zanych z wojskiem czy pokazywaniu i budowaniu postaw patriotycznych u najm\u0142odszych odwiedzaj\u0105cych. Ka\u017cdy warsztat to nie tylko wiedza zdobyta podczas 60 minut edukacji, ale te\u017c anga\u017cuj\u0105ce prace plastyczne.<\/p>\n<p style=\"text-align: center;\"><strong>Koszt udzia\u0142u w warsztatach &#8211; 10 z\u0142\/os.<\/strong><\/p>\n<p><a href=\"https:\/\/mwb.com.pl\/mwb2017\/oferta\/edukacja\/otwieramy-wlasne-muzeum\/\" target=\"_blank\" rel=\"noopener noreferrer\"><strong>&#8222;OTWIERAMY W\u0141ASNE MUZEUM!&#8221;<\/strong><\/a><\/p>\n<p><a href=\"https:\/\/mwb.com.pl\/mwb2017\/oferta\/edukacja\/opowiesc-z-zolnierskiego-plecaka\/\" target=\"_blank\" rel=\"noopener noreferrer\"><strong>&#8222;OPOWIE\u015a\u0106 Z \u017bO\u0141NIERSKIEGO PLECAKA&#8221;<\/strong><\/a><\/p>\n<p><strong>Cykl zaj\u0119\u0107 patriotycznych dla klas I\u2013III <\/strong><\/p>\n<p>Cykl ten zosta\u0142 zaprojektowany z my\u015bl\u0105 o wprowadzeniu najm\u0142odszych uczni\u00f3w w zagadnienia patriotyzmu \u2013 krok po kroku, w spos\u00f3b dostosowany do ich wieku i wra\u017cliwo\u015bci. Zaj\u0119cia \u0142\u0105cz\u0105 opowie\u015b\u0107 historyczn\u0105 z dzia\u0142aniami plastycznymi, muzycznymi i emocjonalnymi, pomagaj\u0105c dzieciom zrozumie\u0107, czym jest mi\u0142o\u015b\u0107 do ojczyzny \u2013 tej du\u017cej i tej ca\u0142kiem ma\u0142ej.<\/p>\n<p><strong>Marzec &#8211; Maj<\/strong><br \/>\n<a href=\"https:\/\/mwb.com.pl\/mwb2017\/oferta\/edukacja\/symbole-narodowe\/\" target=\"_blank\" rel=\"noopener noreferrer\"><strong>&#8222;SYMBOLE NARODOWE&#8221;<\/strong><\/a><\/p>\n<p>Zaj\u0119cia prowadzone s\u0105 niezale\u017cnie, tj. nie ma konieczno\u015bci uczestnictwa we wszystkich trzech tematach (cho\u0107 gor\u0105co do tego zach\u0119camy!) <\/p>\n<p>&nbsp;<\/p>\n<p style=\"text-align: center;\"><strong>NA TROPIE HISTORII<\/strong><\/p>\n<p style=\"text-align: center;\"><img loading=\"lazy\" decoding=\"async\" class=\"alignnone size-medium wp-image-10754\" src=\"https:\/\/mwb.com.pl\/mwb2017\/wp-content\/uploads\/edukacja2024-25\/3.jpg\" alt=\"\" width=\"450\" height=\"300\"><\/p>\n<p align=\"justify\"><strong>&#8222;Na tropie historii&#8221;<\/strong> to oferta dla klas IV-VI szk\u00f3\u0142 podstawowych realizowana w Muzeum przy ulicy Kili\u0144skiego 7. S\u0105 to zaj\u0119cia odpowiadaj\u0105ce na potrzeby dzieci, dostosowane do podstawy programowej z zakresu historii i wiedzy o spo\u0142ecze\u0144stwie. Warsztaty zosta\u0142y zaprojektowane w taki spos\u00f3b, aby aktywizowa\u0107 wszystkich uczestnik\u00f3w, anga\u017cuj\u0105c w gry, zabawy i poszukiwania na muzealnych ekspozycjach.<\/p>\n<p style=\"text-align: center;\"><strong>Koszt udzia\u0142u w warsztatach &#8211; 10 z\u0142\/os. <\/strong><\/p>\n<p><a href=\"https:\/\/mwb.com.pl\/mwb2017\/oferta\/edukacja\/historie-rodzinnych-pamiatek\/\" target=\"_blank\" rel=\"noopener noreferrer\"><strong>&#8222;HISTORIE RODZINNYCH PAMI\u0104TEK&#8221;<\/strong><\/a><\/p>\n<p><a href=\"https:\/\/mwb.com.pl\/mwb2017\/oferta\/edukacja\/wojskowy-poligon-2-0\/\" target=\"_blank\" rel=\"noopener noreferrer\"><strong>&#8222;WOJSKOWY POLIGON 2.0&#8221;<\/strong><\/a><\/p>\n<p><a href=\"https:\/\/mwb.com.pl\/mwb2017\/oferta\/edukacja\/fotografie-z-bialegostoku\/\" target=\"_blank\" rel=\"noopener noreferrer\"><strong>&#8222;FOTOGRAFIE Z BIA\u0141EGOSTOKU&#8221;<\/strong><\/a><\/p>\n<p>&nbsp;<\/p>\n<p style=\"text-align: center;\"><strong>HISTORIA BLISKA<\/strong><\/p>\n<p style=\"text-align: center;\"><img loading=\"lazy\" decoding=\"async\" class=\"alignnone size-medium wp-image-10753\" src=\"https:\/\/mwb.com.pl\/mwb2017\/wp-content\/uploads\/edukacja2024-25\/7.jpg\" alt=\"\" width=\"450\" height=\"300\"><\/p>\n<p align=\"justify\"><strong>&#8222;Historia bliska&#8221;<\/strong> to oferta dla klas VII-VIII szk\u00f3\u0142 podstawowych i szk\u00f3\u0142 ponadpodstawowych, realizowana w Muzeum przy ulicy Kili\u0144skiego 7. Porusza ona istotne tematy z historii lokalnej oraz mi\u0119dzynarodowej. Podczas zaj\u0119\u0107 m\u0142odzie\u017c ma okazj\u0119 pracowa\u0107 ze \u017ar\u00f3d\u0142ami, dzi\u0119ki kt\u00f3rym lepiej poznaje dany okres historyczny.<\/p>\n<p style=\"text-align: center;\"><strong>Koszt udzia\u0142u w warsztatach &#8211; 10 z\u0142\/os.<\/strong><\/p>\n<p style=\"text-align: center;\"><strong>KLASY VII &#8211; VIII<\/strong><\/p>\n<p><a href=\"https:\/\/mwb.com.pl\/mwb2017\/oferta\/edukacja\/miasto-dwoch-okupacji-1939-1944-2\/\" target=\"_blank\" rel=\"noopener noreferrer\"><strong>&#8222;MIASTO DW\u00d3CH OKUPACJI 1939-1944&#8221;<\/strong><\/a><\/p>\n<p><a href=\"https:\/\/mwb.com.pl\/mwb2017\/oferta\/edukacja\/wrzesien-1939-wirtualnie\/\" target=\"_blank\" rel=\"noopener noreferrer\"><strong>&#8222;WRZESIE\u0143 1939 WIRTUALNIE<\/strong><\/a><\/p>\n<p><a href=\"https:\/\/mwb.com.pl\/mwb2017\/oferta\/edukacja\/dezinformacja-jako-bron-i-narzedzie-rezimu-od-propagandy-do-fake-newsow\/\" target=\"_blank\" rel=\"noopener noreferrer\"><strong>&#8222;DEZINFORMACJA JAKO BRO\u0143 I NARZ\u0118DZIE RE\u017bIMU \u2013 OD PROPAGANDY DO FAKE NEWS\u00d3W<\/strong><\/a><\/p>\n<p>&nbsp;<\/p>\n<p style=\"text-align: center;\"><strong>DAWNE DZIEJE &#8211; NOWE ZAINTERESOWANIA<\/strong><\/p>\n<p style=\"text-align: center;\"><strong>cykl warsztat\u00f3w dla senior\u00f3w<\/strong><\/p>\n<p style=\"text-align: center;\"><img loading=\"lazy\" decoding=\"async\" class=\"alignnone size-medium wp-image-10753\" src=\"https:\/\/mwb.com.pl\/mwb2017\/wp-content\/uploads\/edukacja2023-24\/seniorzy.jpg\" alt=\"\" width=\"450\" height=\"300\"><\/p>\n<p align=\"justify\">Muzeum Wojska w Bia\u0142ymstoku, z my\u015bl\u0105 o osobach w wieku 60+, przygotowa\u0142o bogat\u0105 ofert\u0119 edukacyjn\u0105: cykl warsztat\u00f3w, spacery historyczne , wyk\u0142ady oraz interaktywne zwiedzanie Muzeum, a w okresie letnim zwiedzanie Parku Militarnego w po\u0142\u0105czeniu z aktywno\u015bciami fizycznymi.<\/p>\n<p>Zapraszamy do Muzeum senior\u00f3w, kt\u00f3rzy pragn\u0105 wraz z Nami kultywowa\u0107 dziedzictwo narodowe, a dzi\u0119ki aktywno\u015bci tw\u00f3rczej b\u0119d\u0105 mogli pobudza\u0107 kreatywno\u015b\u0107 i realizowa\u0107 w\u0142asne pomys\u0142y oraz budowa\u0107 relacje z innymi uczestnikami warsztat\u00f3w.<\/p>\n<p style=\"text-align: center;\"><strong>Koszt udzia\u0142u w warsztatach &#8211; bezp\u0142atnie<\/strong><\/p>\n<p><a href=\"https:\/\/mwb.com.pl\/mwb2017\/oferta\/edukacja\/historia-zapisana-w-fotografii\/\" target=\"_blank\" rel=\"noopener noreferrer\"><strong>&#8222;HISTORIA ZAPISANA W FOTOGRAFII&#8221;<\/strong><\/a><\/p>\n<p><a href=\"https:\/\/mwb.com.pl\/mwb2017\/oferta\/edukacja\/wspomnien-czar\/\" target=\"_blank\" rel=\"noopener noreferrer\"><strong>&#8222;WSPOMNIE\u0143 CZAR&#8221;<\/strong><\/a><\/p>\n<p>&nbsp;<\/p>\n<p style=\"text-align: center;\"><strong>OFERTA DODATKOWA<\/strong><\/p>\n<p style=\"text-align: center;\"><img loading=\"lazy\" decoding=\"async\" class=\"alignnone size-medium wp-image-10756\" src=\"https:\/\/mwb.com.pl\/mwb2017\/wp-content\/uploads\/edukacja2024-25\/2.jpg\" alt=\"\" width=\"450\" height=\"300\"><\/p>\n<p align=\"justify\"><strong>&#8222;Oferta dodatkowa&#8221;<\/strong> to szerokie spektrum aktywno\u015bci muzealnych, kt\u00f3re nie zosta\u0142y wyczerpane w powy\u017cszych tematach. Znajduj\u0105 si\u0119 tutaj lekcje tematyczne na indywidualne zam\u00f3wienie, zwiedzanie z przewodnikiem czy zwiedzanie z wykorzystaniem replik muzealnych oraz wszystko co mo\u017ce Pa\u0144stwu przyj\u015b\u0107 do g\u0142owy. Je\u015bli jest jaki\u015b nietypowy pomys\u0142, zapraszamy do kontaktu. Sprawd\u017amy co mo\u017cemy razem zrobi\u0107.<\/p>\n<p><a href=\"https:\/\/mwb.com.pl\/mwb2017\/oferta\/edukacja\/interaktywne-zwiedzanie\/\" target=\"_blank\" rel=\"noopener noreferrer\"><strong>&#8222;INTERAKTYWNE ZWIEDZANIE&#8221;<\/strong><\/a><\/p>\n<p><a href=\"https:\/\/mwb.com.pl\/mwb2017\/oferta\/edukacja\/operacja-muzeum\/\" target=\"_blank\" rel=\"noopener noreferrer\"><strong>&#8222;OPERACJA: MUZEUM&#8221;<\/strong><\/a><\/p>\n<p>&nbsp;<\/p>\n<p><a href=\"https:\/\/mwb.com.pl\/mwb2017\/wp-content\/uploads\/edukacja\/oferta_edu_2025.pdf\" target=\"_blank\" rel=\"noopener noreferrer\">FOLDER &#8211; OFERTA EDUKACYJNA NA ROK SZKOLNY 2025\/26 (w formacie pdf)<\/a><br \/>\n&nbsp;<\/p>\n<p>REGULAMIN \u015aWIADCZENIA US\u0141UG PRZEZ MUZEUM WOJSKA W BIA\u0141YMSTOKU ORAZ CENNIK ZA TE US\u0141UGI<\/p>\n<p><a href=\"https:\/\/mwb.com.pl\/mwb2017\/wp-content\/uploads\/dokumenty\/regulamin_USLUG_MWB.pdf\" rel=\"noopener noreferrer\">PLIK W PDF<\/a><\/p>\n<p><a href=\"https:\/\/mwb.com.pl\/mwb2017\/wp-content\/uploads\/dokumenty\/regulamin_USLUG_MWB.doc\" rel=\"noopener noreferrer\">PLIK W DOC<\/a><\/p>\n<p>STANDARDY OCHRONY MA\u0141OLETNICH W MUZEUM WOJSKA W BIA\u0141YMSTOKU<\/p>\n<p><a href=\"https:\/\/mwb.com.pl\/mwb2017\/wp-content\/uploads\/dokumenty\/Standardy_Ochrony_Maloletnich.pdf\" rel=\"noopener noreferrer\">PLIK W PDF<\/a><\/p>\n<p><a href=\"https:\/\/mwb.com.pl\/mwb2017\/wp-content\/uploads\/dokumenty\/Standardy_Ochrony_Maloletnich.doc\" rel=\"noopener noreferrer\">PLIK W DOC<\/a><\/p>\n","protected":false},"excerpt":{"rendered":"<p>OFERTA WAKACYJNA 2026 Serdecznie zapraszamy do zapoznania si\u0119 z nasz\u0105 now\u0105 ofert\u0105 wakacyjn\u0105. Przygotowali\u015bmy szereg nowych propozycji, kt\u00f3re z pewno\u015bci\u0105 zainteresuj\u0105 dzieci i m\u0142odzie\u017c. Zaj\u0119cia podczas wakacji b\u0119d\u0105 odbywa\u0107 si\u0119 w dw\u00f3ch lokalizacjach: w Centrum Edukacji przy ulicy Henryka Sienkiewicza 26 oraz w Parku Militarnym przy ulicy W\u0119glowej 3. Zaj\u0119cia w Centrum Edukacji przy ulicy [&hellip;]<\/p>\n","protected":false},"author":1,"featured_media":0,"parent":8,"menu_order":0,"comment_status":"closed","ping_status":"closed","template":"","meta":{"ngg_post_thumbnail":0,"h5ap_radio_sources":[],"_vp_format_video_url":"","_vp_image_focal_point":[],"footnotes":""},"class_list":["post-18","page","type-page","status-publish","hentry"],"_links":{"self":[{"href":"https:\/\/mwb.com.pl\/mwb2017\/wp-json\/wp\/v2\/pages\/18","targetHints":{"allow":["GET"]}}],"collection":[{"href":"https:\/\/mwb.com.pl\/mwb2017\/wp-json\/wp\/v2\/pages"}],"about":[{"href":"https:\/\/mwb.com.pl\/mwb2017\/wp-json\/wp\/v2\/types\/page"}],"author":[{"embeddable":true,"href":"https:\/\/mwb.com.pl\/mwb2017\/wp-json\/wp\/v2\/users\/1"}],"replies":[{"embeddable":true,"href":"https:\/\/mwb.com.pl\/mwb2017\/wp-json\/wp\/v2\/comments?post=18"}],"version-history":[{"count":276,"href":"https:\/\/mwb.com.pl\/mwb2017\/wp-json\/wp\/v2\/pages\/18\/revisions"}],"predecessor-version":[{"id":15267,"href":"https:\/\/mwb.com.pl\/mwb2017\/wp-json\/wp\/v2\/pages\/18\/revisions\/15267"}],"up":[{"embeddable":true,"href":"https:\/\/mwb.com.pl\/mwb2017\/wp-json\/wp\/v2\/pages\/8"}],"wp:attachment":[{"href":"https:\/\/mwb.com.pl\/mwb2017\/wp-json\/wp\/v2\/media?parent=18"}],"curies":[{"name":"wp","href":"https:\/\/api.w.org\/{rel}","templated":true}]}}