{"id":16,"date":"2017-02-28T13:04:51","date_gmt":"2017-02-28T12:04:51","guid":{"rendered":"http:\/\/mwb.com.pl\/mwb2017\/?page_id=16"},"modified":"2017-04-27T12:18:46","modified_gmt":"2017-04-27T10:18:46","slug":"wystawy","status":"publish","type":"page","link":"https:\/\/mwb.com.pl\/mwb2017\/wystawy\/","title":{"rendered":"Wystawy"},"content":{"rendered":"<p>Najistotniejsz\u0105 cz\u0119\u015bci\u0105 oferty wystawienniczej Muzeum Wojska w Bia\u0142ymstoku s\u0105 ekspozycje sta\u0142e. Pokazujemy na nich pe\u0142en przekr\u00f3j historii Polski p\u00f3\u0142nocno-wschodniej w XX wieku, eksponuj\u0105c w\u0105tki wojskowe na tle wydarze\u0144 spo\u0142ecznych, kulturalnych i obyczajowych tego okresu. Muzeum jest plac\u00f3wk\u0105 nowoczesn\u0105, zapewniaj\u0105c\u0105 zwiedzaj\u0105cym zar\u00f3wno narracj\u0119 w tradycyjnym stylu, jak te\u017c przy wykorzystaniu kiosk\u00f3w multimedialnych, stacji ods\u0142uchowych, materia\u0142\u00f3w wideo, systemu zdj\u0119\u0107 3D czy audioprzewodnik\u00f3w.<\/p>\n<p>Uzupe\u0142nieniem sta\u0142ej propozycji wystawienniczej s\u0105 regularnie przygotowywane ekspozycje czasowe oraz wystawy organizowane w przestrzeni miejskiej (plenerowe).<\/p>\n<p><a href=\"http:\/\/mwb.com.pl\/mwb2017\/wp-content\/uploads\/dokumenty\/zasady_wstepu.pdf\">Regulamin &#8211; zasady wst\u0119pu do muzeum<\/a><\/p>\n","protected":false},"excerpt":{"rendered":"<p>Najistotniejsz\u0105 cz\u0119\u015bci\u0105 oferty wystawienniczej Muzeum Wojska w Bia\u0142ymstoku s\u0105 ekspozycje sta\u0142e. Pokazujemy na nich pe\u0142en przekr\u00f3j historii Polski p\u00f3\u0142nocno-wschodniej w XX wieku, eksponuj\u0105c w\u0105tki wojskowe na tle wydarze\u0144 spo\u0142ecznych, kulturalnych i obyczajowych tego okresu. Muzeum jest plac\u00f3wk\u0105 nowoczesn\u0105, zapewniaj\u0105c\u0105 zwiedzaj\u0105cym zar\u00f3wno narracj\u0119 w tradycyjnym stylu, jak te\u017c przy wykorzystaniu kiosk\u00f3w multimedialnych, stacji ods\u0142uchowych, materia\u0142\u00f3w wideo, [&hellip;]<\/p>\n","protected":false},"author":2,"featured_media":0,"parent":0,"menu_order":0,"comment_status":"closed","ping_status":"closed","template":"","meta":{"ngg_post_thumbnail":0,"h5ap_radio_sources":[],"_vp_format_video_url":"","_vp_image_focal_point":[],"footnotes":""},"class_list":["post-16","page","type-page","status-publish","hentry"],"_links":{"self":[{"href":"https:\/\/mwb.com.pl\/mwb2017\/wp-json\/wp\/v2\/pages\/16","targetHints":{"allow":["GET"]}}],"collection":[{"href":"https:\/\/mwb.com.pl\/mwb2017\/wp-json\/wp\/v2\/pages"}],"about":[{"href":"https:\/\/mwb.com.pl\/mwb2017\/wp-json\/wp\/v2\/types\/page"}],"author":[{"embeddable":true,"href":"https:\/\/mwb.com.pl\/mwb2017\/wp-json\/wp\/v2\/users\/2"}],"replies":[{"embeddable":true,"href":"https:\/\/mwb.com.pl\/mwb2017\/wp-json\/wp\/v2\/comments?post=16"}],"version-history":[{"count":4,"href":"https:\/\/mwb.com.pl\/mwb2017\/wp-json\/wp\/v2\/pages\/16\/revisions"}],"predecessor-version":[{"id":771,"href":"https:\/\/mwb.com.pl\/mwb2017\/wp-json\/wp\/v2\/pages\/16\/revisions\/771"}],"wp:attachment":[{"href":"https:\/\/mwb.com.pl\/mwb2017\/wp-json\/wp\/v2\/media?parent=16"}],"curies":[{"name":"wp","href":"https:\/\/api.w.org\/{rel}","templated":true}]}}