{"id":1568,"date":"2018-01-31T15:25:33","date_gmt":"2018-01-31T14:25:33","guid":{"rendered":"http:\/\/mwb.com.pl\/mwb2017\/?page_id=1568"},"modified":"2018-01-31T15:26:16","modified_gmt":"2018-01-31T14:26:16","slug":"1568-2","status":"publish","type":"page","link":"https:\/\/mwb.com.pl\/mwb2017\/1568-2\/","title":{"rendered":"&#8222;Studia z Dziej\u00f3w Wojskowo\u015bci&#8221;, t. VI, 2017"},"content":{"rendered":"<p><img fetchpriority=\"high\" decoding=\"async\" class=\"alignleft size-medium wp-image-1570\" src=\"http:\/\/mwb.com.pl\/mwb2017\/wp-content\/uploads\/2018\/01\/Studia-200x300.jpg\" alt=\"\" width=\"200\" height=\"300\" srcset=\"https:\/\/mwb.com.pl\/mwb2017\/wp-content\/uploads\/2018\/01\/Studia-200x300.jpg 200w, https:\/\/mwb.com.pl\/mwb2017\/wp-content\/uploads\/2018\/01\/Studia-768x1150.jpg 768w, https:\/\/mwb.com.pl\/mwb2017\/wp-content\/uploads\/2018\/01\/Studia-684x1024.jpg 684w, https:\/\/mwb.com.pl\/mwb2017\/wp-content\/uploads\/2018\/01\/Studia-600x898.jpg 600w\" sizes=\"(max-width: 200px) 100vw, 200px\" \/><strong>&#8222;Studia z Dziej\u00f3w Wojskowo\u015bci&#8221;<\/strong>, t. VI, 2017<\/p>\n<p>T. VI, 452 str., mi\u0119kka oprawa, fot. cz.b., cena: 30,00 z\u0142<\/p>\n<p>&nbsp;<\/p>\n<p>&nbsp;<\/p>\n<p>&nbsp;<\/p>\n<p>&nbsp;<\/p>\n<p>&nbsp;<\/p>\n<p>&nbsp;<\/p>\n<p>&nbsp;<\/p>\n<p>Spis Tre\u015bci:<\/p>\n<p>Od Redakcji<\/p>\n<p><strong>Studia<\/strong><\/p>\n<p>Mariusz Cie\u015bla \u2013 Uzbrojenie kr\u00f3l\u00f3w Polski<\/p>\n<p>Aleksander Bo\u0142dyrew \u2013 Horyzont geograficzny \u017co\u0142nierzy zaci\u0119\u017cnych w Polsce za ostatnich Jagiellon\u00f3w<\/p>\n<p>Przyczynek do bada\u0144 nad mobilno\u015bci\u0105 grupy zawodowej<\/p>\n<p>Wojciech Kucharski \u2013 Bitwa pod Zborowem 15\u201316 sierpnia 1649 r., cz. 2<\/p>\n<p>Micha\u0142 Kalinowski \u2013 Szlak bojowy Leibregimentu Ernesta Jana Korffa w latach 1658-1663<\/p>\n<p>Marek Groszkowski \u2013 Jan Zygmunt von Loebel \u2013 komendant Bia\u0142ej Cerkwi. Dzia\u0142alno\u015b\u0107 w 1671 r.<\/p>\n<p>Marek Plewczy\u0144ski \u2013 Napier\u015bniki husarii obrony potocznej w po\u0142owie XVI w.<\/p>\n<p>Aleksander Smoli\u0144ski \u2013 Polskie formacje wojskowe okresu I wojny \u015bwiatowej i Wolsko Polskie z lat 1918-1939 \u2013 w\u0119z\u0142owe problemy oraz stan bada\u0144 i postulaty badawcze<\/p>\n<p>Tomasz Weso\u0142owski \u2013 K\u0142opotliwa gra wojenna Generalobersta Franza Haldera. \u201eGeneralstabsreise 1939\u201d w powojennej historiografii<\/p>\n<p>Juliusz S. Tym \u2013 Dow\u00f3dcy pu\u0142k\u00f3w pancernych i kawalerii pancernej 2. Korpusu. Zarys portretu zbiorowego<\/p>\n<p>Pawe\u0142 Jaroniec \u2013 Analiza \u201eProtoko\u0142\u00f3w badania je\u0144c\u00f3w\u201d w niewoli \u017co\u0142nierzy \u201eludowego\u201d Wojska Polskiego podczas walk na ziemiach polskich pomi\u0119dzy sierpniem 1944 a kwietniem 1945 r.<\/p>\n<p><strong>\u0179r\u00f3d\u0142a<\/strong><\/p>\n<p>Arkadiusz Bo\u017cejewicz, J\u00f3zef Jarosz \u2013 \u201eOrdentlicher Bericht der Polnischen Niederlage und was die Schwedischen ferner wider die Stadt Thoren vorgenomen\u201d. Jeszcze jedno \u017ar\u00f3d\u0142o do dziej\u00f3w wojny polsko-szwedzkiej 1626-1629<\/p>\n<p>Jerzy S. Wojciechowski \u2013 1. Brygada Strzelc\u00f3w Podhala\u0144skich w bitwie o Grodno w 1920 r.<\/p>\n<p><strong>Recenzje i om\u00f3wienia<\/strong><\/p>\n<p>Aleksander Smoli\u0144ski \u2013 \u201eCytadela\u201d ze Lwowa \u2013 ma\u0142o znany w Polsce ukrai\u0144ski periodyk po\u015bwi\u0119cony historii wojskowej. Om\u00f3wienie tom\u00f3w 11 i 12 za lata 2014\u20132015<\/p>\n<p>&nbsp;<\/p>\n<p>Informacje o autorach<\/p>\n<p>Instrukcja wydawnicza<\/p>\n","protected":false},"excerpt":{"rendered":"<p>&#8222;Studia z Dziej\u00f3w Wojskowo\u015bci&#8221;, t. VI, 2017 T. VI, 452 str., mi\u0119kka oprawa, fot. cz.b., cena: 30,00 z\u0142 &nbsp; &nbsp; &nbsp; &nbsp; &nbsp; &nbsp; &nbsp; Spis Tre\u015bci: Od Redakcji Studia Mariusz Cie\u015bla \u2013 Uzbrojenie kr\u00f3l\u00f3w Polski Aleksander Bo\u0142dyrew \u2013 Horyzont geograficzny \u017co\u0142nierzy zaci\u0119\u017cnych w Polsce za ostatnich Jagiellon\u00f3w Przyczynek do bada\u0144 nad mobilno\u015bci\u0105 grupy zawodowej [&hellip;]<\/p>\n","protected":false},"author":2,"featured_media":0,"parent":0,"menu_order":0,"comment_status":"closed","ping_status":"closed","template":"","meta":{"ngg_post_thumbnail":0,"h5ap_radio_sources":[],"_vp_format_video_url":"","_vp_image_focal_point":[],"footnotes":""},"class_list":["post-1568","page","type-page","status-publish","hentry"],"_links":{"self":[{"href":"https:\/\/mwb.com.pl\/mwb2017\/wp-json\/wp\/v2\/pages\/1568","targetHints":{"allow":["GET"]}}],"collection":[{"href":"https:\/\/mwb.com.pl\/mwb2017\/wp-json\/wp\/v2\/pages"}],"about":[{"href":"https:\/\/mwb.com.pl\/mwb2017\/wp-json\/wp\/v2\/types\/page"}],"author":[{"embeddable":true,"href":"https:\/\/mwb.com.pl\/mwb2017\/wp-json\/wp\/v2\/users\/2"}],"replies":[{"embeddable":true,"href":"https:\/\/mwb.com.pl\/mwb2017\/wp-json\/wp\/v2\/comments?post=1568"}],"version-history":[{"count":3,"href":"https:\/\/mwb.com.pl\/mwb2017\/wp-json\/wp\/v2\/pages\/1568\/revisions"}],"predecessor-version":[{"id":1573,"href":"https:\/\/mwb.com.pl\/mwb2017\/wp-json\/wp\/v2\/pages\/1568\/revisions\/1573"}],"wp:attachment":[{"href":"https:\/\/mwb.com.pl\/mwb2017\/wp-json\/wp\/v2\/media?parent=1568"}],"curies":[{"name":"wp","href":"https:\/\/api.w.org\/{rel}","templated":true}]}}