{"id":1565,"date":"2018-01-31T15:18:39","date_gmt":"2018-01-31T14:18:39","guid":{"rendered":"http:\/\/mwb.com.pl\/mwb2017\/?page_id=1565"},"modified":"2018-01-31T15:18:39","modified_gmt":"2018-01-31T14:18:39","slug":"zeszyt-naukowy-muzeum-wojska-nr-30-bialystok-2018","status":"publish","type":"page","link":"https:\/\/mwb.com.pl\/mwb2017\/zeszyt-naukowy-muzeum-wojska-nr-30-bialystok-2018\/","title":{"rendered":"\u201eZeszyt Naukowy Muzeum Wojska\u201d, nr 30, Bia\u0142ystok 2018"},"content":{"rendered":"<p><img fetchpriority=\"high\" decoding=\"async\" class=\"alignleft size-medium wp-image-1566\" src=\"http:\/\/mwb.com.pl\/mwb2017\/wp-content\/uploads\/2018\/01\/zeszyty-ok\u0142adka-209x300.jpg\" alt=\"\" width=\"209\" height=\"300\" srcset=\"https:\/\/mwb.com.pl\/mwb2017\/wp-content\/uploads\/2018\/01\/zeszyty-ok\u0142adka-209x300.jpg 209w, https:\/\/mwb.com.pl\/mwb2017\/wp-content\/uploads\/2018\/01\/zeszyty-ok\u0142adka-768x1103.jpg 768w, https:\/\/mwb.com.pl\/mwb2017\/wp-content\/uploads\/2018\/01\/zeszyty-ok\u0142adka-713x1024.jpg 713w, https:\/\/mwb.com.pl\/mwb2017\/wp-content\/uploads\/2018\/01\/zeszyty-ok\u0142adka-600x862.jpg 600w\" sizes=\"(max-width: 209px) 100vw, 209px\" \/>&#8222;Zeszyt Naukowy Muzeum Wojska&#8221;, nr 30, Bia\u0142ystok 2017<\/p>\n<p>T. 30, 452 s., fot. cz.\/b. oraz kolor, cena 30,00 z\u0142<\/p>\n<p>&nbsp;<\/p>\n<p>&nbsp;<\/p>\n<p>&nbsp;<\/p>\n<p>&nbsp;<\/p>\n<p>&nbsp;<\/p>\n<p>&nbsp;<\/p>\n<p>&nbsp;<\/p>\n<p>Spis Tre\u015bci:<\/p>\n<p><strong>Artyku\u0142y<\/strong><\/p>\n<p>Tomasz Weso\u0142owski \u2013 Pan gry wojennej Sztabu Generalnego Wojsk L\u0105dowych (Generalstabreise) z marca 1939 r. \u2013 przyczynek do nowego spojrzenia na pocz\u0105tki planowania wojny przeciw Polsce (\u201eFall Weiss\u201d)<\/p>\n<p>Juliusz S. Tym \u2013 Walki 18. pu\u0142k u\u0142an\u00f3w Pomorskich w rejonie Chojnic 1 wrze\u015bnia 1939 roku<\/p>\n<p>\u0141ukasz Radulski \u2013 B\u00f3j pod Domanowem i Mniem 13 wrze\u015bnia 1939 r., cz. 2<\/p>\n<p>Jaros\u0142aw Strenkowski \u2013 Stalag 130 w Zambrowie<\/p>\n<p><strong>Muzealnictwo wojskowe<\/strong><\/p>\n<p>Piotr Karczewski \u2013 Polowe wyposa\u017cenie kuchenne armii rosyjskiej 1871-1918<\/p>\n<p><strong>Recenzje i polemiki<\/strong><\/p>\n<p>Dariusz Andruszkiewicz \u2013 Anna Zalewska, Jacek Czarnecki, \u015alady i \u015bwiadectwa Wielkiej Wojny nad Rawk\u0105 i Bzur\u0105, Fundacja Przydro\u017cne lekcje historii, Warszawa 2016, ss. 144<\/p>\n","protected":false},"excerpt":{"rendered":"<p>&#8222;Zeszyt Naukowy Muzeum Wojska&#8221;, nr 30, Bia\u0142ystok 2017 T. 30, 452 s., fot. cz.\/b. oraz kolor, cena 30,00 z\u0142 &nbsp; &nbsp; &nbsp; &nbsp; &nbsp; &nbsp; &nbsp; Spis Tre\u015bci: Artyku\u0142y Tomasz Weso\u0142owski \u2013 Pan gry wojennej Sztabu Generalnego Wojsk L\u0105dowych (Generalstabreise) z marca 1939 r. \u2013 przyczynek do nowego spojrzenia na pocz\u0105tki planowania wojny przeciw Polsce [&hellip;]<\/p>\n","protected":false},"author":2,"featured_media":0,"parent":0,"menu_order":0,"comment_status":"closed","ping_status":"closed","template":"","meta":{"ngg_post_thumbnail":0,"h5ap_radio_sources":[],"_vp_format_video_url":"","_vp_image_focal_point":[],"footnotes":""},"class_list":["post-1565","page","type-page","status-publish","hentry"],"_links":{"self":[{"href":"https:\/\/mwb.com.pl\/mwb2017\/wp-json\/wp\/v2\/pages\/1565","targetHints":{"allow":["GET"]}}],"collection":[{"href":"https:\/\/mwb.com.pl\/mwb2017\/wp-json\/wp\/v2\/pages"}],"about":[{"href":"https:\/\/mwb.com.pl\/mwb2017\/wp-json\/wp\/v2\/types\/page"}],"author":[{"embeddable":true,"href":"https:\/\/mwb.com.pl\/mwb2017\/wp-json\/wp\/v2\/users\/2"}],"replies":[{"embeddable":true,"href":"https:\/\/mwb.com.pl\/mwb2017\/wp-json\/wp\/v2\/comments?post=1565"}],"version-history":[{"count":1,"href":"https:\/\/mwb.com.pl\/mwb2017\/wp-json\/wp\/v2\/pages\/1565\/revisions"}],"predecessor-version":[{"id":1567,"href":"https:\/\/mwb.com.pl\/mwb2017\/wp-json\/wp\/v2\/pages\/1565\/revisions\/1567"}],"wp:attachment":[{"href":"https:\/\/mwb.com.pl\/mwb2017\/wp-json\/wp\/v2\/media?parent=1565"}],"curies":[{"name":"wp","href":"https:\/\/api.w.org\/{rel}","templated":true}]}}