{"id":15134,"date":"2026-02-10T08:54:23","date_gmt":"2026-02-10T07:54:23","guid":{"rendered":"https:\/\/mwb.com.pl\/mwb2017\/?page_id=15134"},"modified":"2026-02-10T08:54:23","modified_gmt":"2026-02-10T07:54:23","slug":"symbole-narodowe","status":"publish","type":"page","link":"https:\/\/mwb.com.pl\/mwb2017\/oferta\/edukacja\/symbole-narodowe\/","title":{"rendered":"Symbole narodowe"},"content":{"rendered":"<p><strong>Poziom edukacji: KLASY I &#8211; III<\/strong><\/p>\n<p>W tej cz\u0119\u015bci cyklu, prowadzonej w okolicach \u015awi\u0119ta Flagi i rocznicy uchwalenia Konstytucji 3 Maja, skupimy si\u0119 na symbolach narodowych. Dzieci naucz\u0105 si\u0119 rozpoznawa\u0107 flag\u0119, god\u0142o i hymn Polski, poznaj\u0105 zasady w\u0142a\u015bciwego obchodzenia si\u0119 z nimi oraz znaczenie tych symboli w historii i tera\u017aniejszo\u015bci. Wsp\u00f3lnie poznamy hymn, jego tre\u015b\u0107 i znaczenie poszczeg\u00f3lnych s\u0142\u00f3w. Zaj\u0119cia sprzyjaj\u0105 poczucia dumy z byci\u0105 cz\u0119\u015bci\u0105 wsp\u00f3lnoty narodowej.<\/p>\n<div align=\"center\"><a href=\"https:\/\/mwb.com.pl\/rezerwacja\/klasy-i-iii\/symbole-narodowe\/\" target=\"_blank\" rel=\"noopener noreferrer\"><img decoding=\"async\" class=\"aligncenter wp-image-2736 size-thumbnail\" src=\"https:\/\/mwb.com.pl\/mwb2017\/wp-content\/uploads\/2019\/01\/booking-150x150.png\" alt=\"ikona rezerwacji\" width=\"150\" height=\"150\" srcset=\"https:\/\/mwb.com.pl\/mwb2017\/wp-content\/uploads\/2019\/01\/booking-150x150.png 150w, https:\/\/mwb.com.pl\/mwb2017\/wp-content\/uploads\/2019\/01\/booking.png 256w\" sizes=\"(max-width: 150px) 100vw, 150px\" \/><br \/>\nZarezerwuj online<\/a><\/div>\n","protected":false},"excerpt":{"rendered":"<p>Poziom edukacji: KLASY I &#8211; III W tej cz\u0119\u015bci cyklu, prowadzonej w okolicach \u015awi\u0119ta Flagi i rocznicy uchwalenia Konstytucji 3 Maja, skupimy si\u0119 na symbolach narodowych. Dzieci naucz\u0105 si\u0119 rozpoznawa\u0107 flag\u0119, god\u0142o i hymn Polski, poznaj\u0105 zasady w\u0142a\u015bciwego obchodzenia si\u0119 z nimi oraz znaczenie tych symboli w historii i tera\u017aniejszo\u015bci. Wsp\u00f3lnie poznamy hymn, jego tre\u015b\u0107 [&hellip;]<\/p>\n","protected":false},"author":1,"featured_media":0,"parent":18,"menu_order":0,"comment_status":"closed","ping_status":"closed","template":"","meta":{"ngg_post_thumbnail":0,"h5ap_radio_sources":[],"_vp_format_video_url":"","_vp_image_focal_point":[],"footnotes":""},"class_list":["post-15134","page","type-page","status-publish","hentry"],"_links":{"self":[{"href":"https:\/\/mwb.com.pl\/mwb2017\/wp-json\/wp\/v2\/pages\/15134","targetHints":{"allow":["GET"]}}],"collection":[{"href":"https:\/\/mwb.com.pl\/mwb2017\/wp-json\/wp\/v2\/pages"}],"about":[{"href":"https:\/\/mwb.com.pl\/mwb2017\/wp-json\/wp\/v2\/types\/page"}],"author":[{"embeddable":true,"href":"https:\/\/mwb.com.pl\/mwb2017\/wp-json\/wp\/v2\/users\/1"}],"replies":[{"embeddable":true,"href":"https:\/\/mwb.com.pl\/mwb2017\/wp-json\/wp\/v2\/comments?post=15134"}],"version-history":[{"count":1,"href":"https:\/\/mwb.com.pl\/mwb2017\/wp-json\/wp\/v2\/pages\/15134\/revisions"}],"predecessor-version":[{"id":15135,"href":"https:\/\/mwb.com.pl\/mwb2017\/wp-json\/wp\/v2\/pages\/15134\/revisions\/15135"}],"up":[{"embeddable":true,"href":"https:\/\/mwb.com.pl\/mwb2017\/wp-json\/wp\/v2\/pages\/18"}],"wp:attachment":[{"href":"https:\/\/mwb.com.pl\/mwb2017\/wp-json\/wp\/v2\/media?parent=15134"}],"curies":[{"name":"wp","href":"https:\/\/api.w.org\/{rel}","templated":true}]}}