{"id":14606,"date":"2025-08-26T10:24:30","date_gmt":"2025-08-26T08:24:30","guid":{"rendered":"https:\/\/mwb.com.pl\/mwb2017\/?page_id=14606"},"modified":"2025-08-26T10:24:30","modified_gmt":"2025-08-26T08:24:30","slug":"co-serwowali-sredniowieczni-kucharze","status":"publish","type":"page","link":"https:\/\/mwb.com.pl\/mwb2017\/oferta\/edukacja\/co-serwowali-sredniowieczni-kucharze\/","title":{"rendered":"Co serwowali \u015bredniowieczni kucharze?"},"content":{"rendered":"<p><strong>Poziom edukacji: PRZEDSZKOLA (wiek 4-6 lat) i KLASY I-III<\/strong><\/p>\n<p>Sk\u0105d w \u015bredniowieczu bra\u0142 si\u0119 chleb i czy przyprawy pachnia\u0142y tak samo jak dzi\u015b? W czasie tych pe\u0142nych zapach\u00f3w, smak\u00f3w i ciekawostek zaj\u0119\u0107, dzieci poznaj\u0105 \u015bwiat kuchni sprzed tysi\u0105ca lat. Dowiedz\u0105 si\u0119, co jedli mieszka\u0144cy zamk\u00f3w i ch\u0142opskich chat, jak wygl\u0105da\u0142 proces wypieku chleba \u2014 od k\u0142osa po bochenek \u2014 i jak rozpoznawa\u0107 dawne przyprawy. W cz\u0119\u015bci warsztatowej dzieci bior\u0105 udzia\u0142 w zabawach sensorycznych, pr\u00f3buj\u0105 w\u0142asnor\u0119cznie \u201ezmieli\u0107\u201d zbo\u017ce oraz tworz\u0105 plastyczne wyklejanki inspirowane dawnym jad\u0142ospisem. To smakowita podr\u00f3\u017c do przesz\u0142o\u015bci, kt\u00f3ra anga\u017cuje zmys\u0142y i wyobra\u017ani\u0119.<\/p>\n<div align=\"center\"><a href=\"https:\/\/mwb.com.pl\/rezerwacja\/centrum-edukacji\/co-serwowali-sredniowieczni-kucharze\/\" target=\"_blank\" rel=\"noopener noreferrer\"><img decoding=\"async\" class=\"aligncenter wp-image-2736 size-thumbnail\" src=\"https:\/\/mwb.com.pl\/mwb2017\/wp-content\/uploads\/2019\/01\/booking-150x150.png\" alt=\"ikona rezerwacji\" width=\"150\" height=\"150\" srcset=\"https:\/\/mwb.com.pl\/mwb2017\/wp-content\/uploads\/2019\/01\/booking-150x150.png 150w, https:\/\/mwb.com.pl\/mwb2017\/wp-content\/uploads\/2019\/01\/booking.png 256w\" sizes=\"(max-width: 150px) 100vw, 150px\" \/><br \/>\nZarezerwuj online<\/a><\/div>\n","protected":false},"excerpt":{"rendered":"<p>Poziom edukacji: PRZEDSZKOLA (wiek 4-6 lat) i KLASY I-III Sk\u0105d w \u015bredniowieczu bra\u0142 si\u0119 chleb i czy przyprawy pachnia\u0142y tak samo jak dzi\u015b? W czasie tych pe\u0142nych zapach\u00f3w, smak\u00f3w i ciekawostek zaj\u0119\u0107, dzieci poznaj\u0105 \u015bwiat kuchni sprzed tysi\u0105ca lat. Dowiedz\u0105 si\u0119, co jedli mieszka\u0144cy zamk\u00f3w i ch\u0142opskich chat, jak wygl\u0105da\u0142 proces wypieku chleba \u2014 od [&hellip;]<\/p>\n","protected":false},"author":1,"featured_media":0,"parent":18,"menu_order":0,"comment_status":"closed","ping_status":"closed","template":"","meta":{"ngg_post_thumbnail":0,"h5ap_radio_sources":[],"_vp_format_video_url":"","_vp_image_focal_point":[],"footnotes":""},"class_list":["post-14606","page","type-page","status-publish","hentry"],"_links":{"self":[{"href":"https:\/\/mwb.com.pl\/mwb2017\/wp-json\/wp\/v2\/pages\/14606","targetHints":{"allow":["GET"]}}],"collection":[{"href":"https:\/\/mwb.com.pl\/mwb2017\/wp-json\/wp\/v2\/pages"}],"about":[{"href":"https:\/\/mwb.com.pl\/mwb2017\/wp-json\/wp\/v2\/types\/page"}],"author":[{"embeddable":true,"href":"https:\/\/mwb.com.pl\/mwb2017\/wp-json\/wp\/v2\/users\/1"}],"replies":[{"embeddable":true,"href":"https:\/\/mwb.com.pl\/mwb2017\/wp-json\/wp\/v2\/comments?post=14606"}],"version-history":[{"count":1,"href":"https:\/\/mwb.com.pl\/mwb2017\/wp-json\/wp\/v2\/pages\/14606\/revisions"}],"predecessor-version":[{"id":14607,"href":"https:\/\/mwb.com.pl\/mwb2017\/wp-json\/wp\/v2\/pages\/14606\/revisions\/14607"}],"up":[{"embeddable":true,"href":"https:\/\/mwb.com.pl\/mwb2017\/wp-json\/wp\/v2\/pages\/18"}],"wp:attachment":[{"href":"https:\/\/mwb.com.pl\/mwb2017\/wp-json\/wp\/v2\/media?parent=14606"}],"curies":[{"name":"wp","href":"https:\/\/api.w.org\/{rel}","templated":true}]}}