{"id":14604,"date":"2025-08-26T10:22:36","date_gmt":"2025-08-26T08:22:36","guid":{"rendered":"https:\/\/mwb.com.pl\/mwb2017\/?page_id=14604"},"modified":"2025-08-26T10:22:36","modified_gmt":"2025-08-26T08:22:36","slug":"jak-bylo-dawno-dawno-temu","status":"publish","type":"page","link":"https:\/\/mwb.com.pl\/mwb2017\/oferta\/edukacja\/jak-bylo-dawno-dawno-temu\/","title":{"rendered":"Jak by\u0142o dawno, dawno temu?"},"content":{"rendered":"<p><strong>Poziom edukacji: PRZEDSZKOLA (wiek 4-6 lat) i KLASY I-III<\/strong><\/p>\n<p>Podczas zaj\u0119\u0107 dzieci poznaj\u0105 najwa\u017cniejsze polskie legendy. Z wykorzystaniem prostego teatrzyku edukator czyta fragmenty opowie\u015bci, a dzieci aktywnie uczestnicz\u0105 w historii poprzez r\u00f3\u017cnorodne dzia\u0142ania: kolorowanie, zaznaczanie postaci czy rekwizyt\u00f3w na przygotowanych kartach. Po wprowadzeniu w temat legend uczestnicy pracuj\u0105 w grupach \u2013 ka\u017cda grupa losuje zestaw ilustracji i na jego podstawie wymy\u015bla w\u0142asn\u0105 legend\u0119, kt\u00f3r\u0105 nast\u0119pnie prezentuje pozosta\u0142ym. W drugiej cz\u0119\u015bci warsztat\u00f3w dzieci samodzielnie wykonuj\u0105 proste pacynki z papieru, tkanin i patyczk\u00f3w \u2013 tworz\u0105c postaci z legend. Zaj\u0119cia rozwijaj\u0105 wyobra\u017ani\u0119, oswajaj\u0105 z narracj\u0105 i struktur\u0105 opowie\u015bci, a tak\u017ce ucz\u0105 wsp\u00f3\u0142pracy i kreatywnego my\u015blenia.<\/p>\n<div align=\"center\"><a href=\"https:\/\/mwb.com.pl\/rezerwacja\/centrum-edukacji\/jak-bylo-dawno-dawno-temu\/\" target=\"_blank\" rel=\"noopener noreferrer\"><img decoding=\"async\" class=\"aligncenter wp-image-2736 size-thumbnail\" src=\"https:\/\/mwb.com.pl\/mwb2017\/wp-content\/uploads\/2019\/01\/booking-150x150.png\" alt=\"ikona rezerwacji\" width=\"150\" height=\"150\" srcset=\"https:\/\/mwb.com.pl\/mwb2017\/wp-content\/uploads\/2019\/01\/booking-150x150.png 150w, https:\/\/mwb.com.pl\/mwb2017\/wp-content\/uploads\/2019\/01\/booking.png 256w\" sizes=\"(max-width: 150px) 100vw, 150px\" \/><br \/>\nZarezerwuj online<\/a><\/div>\n","protected":false},"excerpt":{"rendered":"<p>Poziom edukacji: PRZEDSZKOLA (wiek 4-6 lat) i KLASY I-III Podczas zaj\u0119\u0107 dzieci poznaj\u0105 najwa\u017cniejsze polskie legendy. Z wykorzystaniem prostego teatrzyku edukator czyta fragmenty opowie\u015bci, a dzieci aktywnie uczestnicz\u0105 w historii poprzez r\u00f3\u017cnorodne dzia\u0142ania: kolorowanie, zaznaczanie postaci czy rekwizyt\u00f3w na przygotowanych kartach. Po wprowadzeniu w temat legend uczestnicy pracuj\u0105 w grupach \u2013 ka\u017cda grupa losuje zestaw [&hellip;]<\/p>\n","protected":false},"author":1,"featured_media":0,"parent":18,"menu_order":0,"comment_status":"closed","ping_status":"closed","template":"","meta":{"ngg_post_thumbnail":0,"h5ap_radio_sources":[],"_vp_format_video_url":"","_vp_image_focal_point":[],"footnotes":""},"class_list":["post-14604","page","type-page","status-publish","hentry"],"_links":{"self":[{"href":"https:\/\/mwb.com.pl\/mwb2017\/wp-json\/wp\/v2\/pages\/14604","targetHints":{"allow":["GET"]}}],"collection":[{"href":"https:\/\/mwb.com.pl\/mwb2017\/wp-json\/wp\/v2\/pages"}],"about":[{"href":"https:\/\/mwb.com.pl\/mwb2017\/wp-json\/wp\/v2\/types\/page"}],"author":[{"embeddable":true,"href":"https:\/\/mwb.com.pl\/mwb2017\/wp-json\/wp\/v2\/users\/1"}],"replies":[{"embeddable":true,"href":"https:\/\/mwb.com.pl\/mwb2017\/wp-json\/wp\/v2\/comments?post=14604"}],"version-history":[{"count":1,"href":"https:\/\/mwb.com.pl\/mwb2017\/wp-json\/wp\/v2\/pages\/14604\/revisions"}],"predecessor-version":[{"id":14605,"href":"https:\/\/mwb.com.pl\/mwb2017\/wp-json\/wp\/v2\/pages\/14604\/revisions\/14605"}],"up":[{"embeddable":true,"href":"https:\/\/mwb.com.pl\/mwb2017\/wp-json\/wp\/v2\/pages\/18"}],"wp:attachment":[{"href":"https:\/\/mwb.com.pl\/mwb2017\/wp-json\/wp\/v2\/media?parent=14604"}],"curies":[{"name":"wp","href":"https:\/\/api.w.org\/{rel}","templated":true}]}}