{"id":14600,"date":"2025-08-26T10:21:16","date_gmt":"2025-08-26T08:21:16","guid":{"rendered":"https:\/\/mwb.com.pl\/mwb2017\/?page_id=14600"},"modified":"2025-08-26T10:21:16","modified_gmt":"2025-08-26T08:21:16","slug":"co-sie-kryje-w-laboratorium-alchemika","status":"publish","type":"page","link":"https:\/\/mwb.com.pl\/mwb2017\/oferta\/edukacja\/co-sie-kryje-w-laboratorium-alchemika\/","title":{"rendered":"Co si\u0119 kryje w laboratorium alchemika?"},"content":{"rendered":"<p><strong>Poziom edukacji: PRZEDSZKOLA (wiek 4-6 lat) i KLASY I-III<\/strong><\/p>\n<p>Dzisiejszy \u015bwiat pe\u0142en jest cudownych odkry\u0107 i wynalazk\u00f3w. Ale dlaczego ludzie chcieli eksperymentowa\u0107? Alchemicy przez lata pr\u00f3bowali odnale\u017a\u0107 metod\u0119 zamiany o\u0142owiu w z\u0142oto czy odkry\u0107 panaceum na wszelkie choroby. Cz\u0119sto przez przypadek udawa\u0142o im si\u0119 odkry\u0107 co\u015b niezwyk\u0142ego. Na czas zaj\u0119\u0107 zmienimy Centrum Edukacji w laboratorium. B\u0119dziemy eksperymentowa\u0107, miesza\u0107, \u0142\u0105czy\u0107, dzieli\u0107 przer\u00f3\u017cne substancje. A n\u00f3\u017c to my stworzymy kamie\u0144 filozoficzny?\u2026<\/p>\n<div align=\"center\"><a href=\"https:\/\/mwb.com.pl\/rezerwacja\/centrum-edukacji\/co-sie-kryje-w-laboratorium-alchemika\/\" target=\"_blank\" rel=\"noopener noreferrer\"><img decoding=\"async\" class=\"aligncenter wp-image-2736 size-thumbnail\" src=\"https:\/\/mwb.com.pl\/mwb2017\/wp-content\/uploads\/2019\/01\/booking-150x150.png\" alt=\"ikona rezerwacji\" width=\"150\" height=\"150\" srcset=\"https:\/\/mwb.com.pl\/mwb2017\/wp-content\/uploads\/2019\/01\/booking-150x150.png 150w, https:\/\/mwb.com.pl\/mwb2017\/wp-content\/uploads\/2019\/01\/booking.png 256w\" sizes=\"(max-width: 150px) 100vw, 150px\" \/><br \/>\nZarezerwuj online<\/a><\/div>\n","protected":false},"excerpt":{"rendered":"<p>Poziom edukacji: PRZEDSZKOLA (wiek 4-6 lat) i KLASY I-III Dzisiejszy \u015bwiat pe\u0142en jest cudownych odkry\u0107 i wynalazk\u00f3w. Ale dlaczego ludzie chcieli eksperymentowa\u0107? Alchemicy przez lata pr\u00f3bowali odnale\u017a\u0107 metod\u0119 zamiany o\u0142owiu w z\u0142oto czy odkry\u0107 panaceum na wszelkie choroby. Cz\u0119sto przez przypadek udawa\u0142o im si\u0119 odkry\u0107 co\u015b niezwyk\u0142ego. Na czas zaj\u0119\u0107 zmienimy Centrum Edukacji w laboratorium. [&hellip;]<\/p>\n","protected":false},"author":1,"featured_media":0,"parent":18,"menu_order":0,"comment_status":"closed","ping_status":"closed","template":"","meta":{"ngg_post_thumbnail":0,"h5ap_radio_sources":[],"_vp_format_video_url":"","_vp_image_focal_point":[],"footnotes":""},"class_list":["post-14600","page","type-page","status-publish","hentry"],"_links":{"self":[{"href":"https:\/\/mwb.com.pl\/mwb2017\/wp-json\/wp\/v2\/pages\/14600","targetHints":{"allow":["GET"]}}],"collection":[{"href":"https:\/\/mwb.com.pl\/mwb2017\/wp-json\/wp\/v2\/pages"}],"about":[{"href":"https:\/\/mwb.com.pl\/mwb2017\/wp-json\/wp\/v2\/types\/page"}],"author":[{"embeddable":true,"href":"https:\/\/mwb.com.pl\/mwb2017\/wp-json\/wp\/v2\/users\/1"}],"replies":[{"embeddable":true,"href":"https:\/\/mwb.com.pl\/mwb2017\/wp-json\/wp\/v2\/comments?post=14600"}],"version-history":[{"count":1,"href":"https:\/\/mwb.com.pl\/mwb2017\/wp-json\/wp\/v2\/pages\/14600\/revisions"}],"predecessor-version":[{"id":14603,"href":"https:\/\/mwb.com.pl\/mwb2017\/wp-json\/wp\/v2\/pages\/14600\/revisions\/14603"}],"up":[{"embeddable":true,"href":"https:\/\/mwb.com.pl\/mwb2017\/wp-json\/wp\/v2\/pages\/18"}],"wp:attachment":[{"href":"https:\/\/mwb.com.pl\/mwb2017\/wp-json\/wp\/v2\/media?parent=14600"}],"curies":[{"name":"wp","href":"https:\/\/api.w.org\/{rel}","templated":true}]}}