{"id":14598,"date":"2025-08-26T10:18:25","date_gmt":"2025-08-26T08:18:25","guid":{"rendered":"https:\/\/mwb.com.pl\/mwb2017\/?page_id=14598"},"modified":"2025-08-26T10:19:50","modified_gmt":"2025-08-26T08:19:50","slug":"jak-sie-nosil-czlowiek-1000-lat-temu","status":"publish","type":"page","link":"https:\/\/mwb.com.pl\/mwb2017\/oferta\/edukacja\/jak-sie-nosil-czlowiek-1000-lat-temu\/","title":{"rendered":"Jak si\u0119 nosi\u0142 cz\u0142owiek 1000 lat temu?"},"content":{"rendered":"<p><strong>Poziom edukacji: PRZEDSZKOLA (wiek 4-6 lat) i KLASY I-III<\/strong><\/p>\n<p>Czy kolczuga by\u0142a wygodna? Czy rycerze nosili spodnie? A jak wygl\u0105da\u0142y ubrania dam dworu i ksi\u0105\u017c\u0105t? Podczas tych zaj\u0119\u0107 dzieci przenios\u0105 si\u0119 do \u015bredniowiecza, by na w\u0142asnej sk\u00f3rze (i g\u0142owie!) sprawdzi\u0107, jak noszono si\u0119 1000 lat temu. Przymierzaj\u0105c repliki zbroi, he\u0142m\u00f3w, tkanin i \u015bredniowiecznych ubior\u00f3w, poznaj\u0105 r\u00f3\u017cnice mi\u0119dzy strojem rycerza, mieszczanina i dworzanki. To pe\u0142ne ruchu warsztaty, w kt\u00f3rych dzieci dotykaj\u0105, zak\u0142adaj\u0105 i testuj\u0105 stroje z przesz\u0142o\u015bci \u2013 ucz\u0105c si\u0119 przez zabaw\u0119.<\/p>\n<div align=\"center\"><a href=\"https:\/\/mwb.com.pl\/rezerwacja\/centrum-edukacji\/jak-sie-nosil-czlowiek-1000-lat-temu\/\" target=\"_blank\" rel=\"noopener noreferrer\"><img decoding=\"async\" class=\"aligncenter wp-image-2736 size-thumbnail\" src=\"https:\/\/mwb.com.pl\/mwb2017\/wp-content\/uploads\/2019\/01\/booking-150x150.png\" alt=\"ikona rezerwacji\" width=\"150\" height=\"150\" srcset=\"https:\/\/mwb.com.pl\/mwb2017\/wp-content\/uploads\/2019\/01\/booking-150x150.png 150w, https:\/\/mwb.com.pl\/mwb2017\/wp-content\/uploads\/2019\/01\/booking.png 256w\" sizes=\"(max-width: 150px) 100vw, 150px\" \/><br \/>\nZarezerwuj online<\/a><\/div>\n","protected":false},"excerpt":{"rendered":"<p>Poziom edukacji: PRZEDSZKOLA (wiek 4-6 lat) i KLASY I-III Czy kolczuga by\u0142a wygodna? Czy rycerze nosili spodnie? A jak wygl\u0105da\u0142y ubrania dam dworu i ksi\u0105\u017c\u0105t? Podczas tych zaj\u0119\u0107 dzieci przenios\u0105 si\u0119 do \u015bredniowiecza, by na w\u0142asnej sk\u00f3rze (i g\u0142owie!) sprawdzi\u0107, jak noszono si\u0119 1000 lat temu. Przymierzaj\u0105c repliki zbroi, he\u0142m\u00f3w, tkanin i \u015bredniowiecznych ubior\u00f3w, poznaj\u0105 [&hellip;]<\/p>\n","protected":false},"author":1,"featured_media":0,"parent":18,"menu_order":0,"comment_status":"closed","ping_status":"closed","template":"","meta":{"ngg_post_thumbnail":0,"h5ap_radio_sources":[],"_vp_format_video_url":"","_vp_image_focal_point":[],"footnotes":""},"class_list":["post-14598","page","type-page","status-publish","hentry"],"_links":{"self":[{"href":"https:\/\/mwb.com.pl\/mwb2017\/wp-json\/wp\/v2\/pages\/14598","targetHints":{"allow":["GET"]}}],"collection":[{"href":"https:\/\/mwb.com.pl\/mwb2017\/wp-json\/wp\/v2\/pages"}],"about":[{"href":"https:\/\/mwb.com.pl\/mwb2017\/wp-json\/wp\/v2\/types\/page"}],"author":[{"embeddable":true,"href":"https:\/\/mwb.com.pl\/mwb2017\/wp-json\/wp\/v2\/users\/1"}],"replies":[{"embeddable":true,"href":"https:\/\/mwb.com.pl\/mwb2017\/wp-json\/wp\/v2\/comments?post=14598"}],"version-history":[{"count":3,"href":"https:\/\/mwb.com.pl\/mwb2017\/wp-json\/wp\/v2\/pages\/14598\/revisions"}],"predecessor-version":[{"id":14602,"href":"https:\/\/mwb.com.pl\/mwb2017\/wp-json\/wp\/v2\/pages\/14598\/revisions\/14602"}],"up":[{"embeddable":true,"href":"https:\/\/mwb.com.pl\/mwb2017\/wp-json\/wp\/v2\/pages\/18"}],"wp:attachment":[{"href":"https:\/\/mwb.com.pl\/mwb2017\/wp-json\/wp\/v2\/media?parent=14598"}],"curies":[{"name":"wp","href":"https:\/\/api.w.org\/{rel}","templated":true}]}}