{"id":14589,"date":"2025-08-26T10:08:47","date_gmt":"2025-08-26T08:08:47","guid":{"rendered":"https:\/\/mwb.com.pl\/mwb2017\/?page_id=14589"},"modified":"2025-08-26T10:08:47","modified_gmt":"2025-08-26T08:08:47","slug":"fotografie-z-bialegostoku","status":"publish","type":"page","link":"https:\/\/mwb.com.pl\/mwb2017\/oferta\/edukacja\/fotografie-z-bialegostoku\/","title":{"rendered":"Fotografie z Bia\u0142egostoku"},"content":{"rendered":"<p><strong>Poziom edukacji: KLASY IV &#8211; VI<\/strong><\/p>\n<p>Uczniowie zapoznaj\u0105 si\u0119 z histori\u0105 miasta opowiedzian\u0105 przez obiektywy dawnych aparat\u00f3w fotograficznych. Uczestnicy przygl\u0105daj\u0105c si\u0119 archiwalnym zdj\u0119ciom Bia\u0142egostoku, analizuj\u0105, jak wygl\u0105da\u0142y ulice, mieszka\u0144cy i \u017co\u0142nierze przed II wojn\u0105 \u015bwiatow\u0105, a tak\u017ce poznaj\u0105 tajniki dawnej fotografii \u2013 od klisz po ciemnie. W cz\u0119\u015bci plastycznej dzieci tworz\u0105 w\u0142asne ramki na zdj\u0119cia technik\u0105 decoupage, w kt\u00f3re wklej\u0105 wykonane podczas zaj\u0119\u0107 pami\u0105tkowe fotografie stylizowane na dawne. To okazja do tw\u00f3rczej zabawy, refleksji nad przemianami miasta i poznania jego wielokulturowej przesz\u0142o\u015bci przez pryzmat fotografii. <\/p>\n<div align=\"center\"><a href=\"https:\/\/mwb.com.pl\/rezerwacja\/klasy-iv-vi\/fotografie-z-bialegostoku\/\" target=\"_blank\" rel=\"noopener noreferrer\"><img decoding=\"async\" class=\"aligncenter wp-image-2736 size-thumbnail\" src=\"https:\/\/mwb.com.pl\/mwb2017\/wp-content\/uploads\/2019\/01\/booking-150x150.png\" alt=\"ikona rezerwacji\" width=\"150\" height=\"150\" srcset=\"https:\/\/mwb.com.pl\/mwb2017\/wp-content\/uploads\/2019\/01\/booking-150x150.png 150w, https:\/\/mwb.com.pl\/mwb2017\/wp-content\/uploads\/2019\/01\/booking.png 256w\" sizes=\"(max-width: 150px) 100vw, 150px\" \/><br \/>\nZarezerwuj online<\/a><\/div>\n","protected":false},"excerpt":{"rendered":"<p>Poziom edukacji: KLASY IV &#8211; VI Uczniowie zapoznaj\u0105 si\u0119 z histori\u0105 miasta opowiedzian\u0105 przez obiektywy dawnych aparat\u00f3w fotograficznych. Uczestnicy przygl\u0105daj\u0105c si\u0119 archiwalnym zdj\u0119ciom Bia\u0142egostoku, analizuj\u0105, jak wygl\u0105da\u0142y ulice, mieszka\u0144cy i \u017co\u0142nierze przed II wojn\u0105 \u015bwiatow\u0105, a tak\u017ce poznaj\u0105 tajniki dawnej fotografii \u2013 od klisz po ciemnie. W cz\u0119\u015bci plastycznej dzieci tworz\u0105 w\u0142asne ramki na zdj\u0119cia [&hellip;]<\/p>\n","protected":false},"author":1,"featured_media":0,"parent":18,"menu_order":0,"comment_status":"closed","ping_status":"closed","template":"","meta":{"ngg_post_thumbnail":0,"h5ap_radio_sources":[],"_vp_format_video_url":"","_vp_image_focal_point":[],"footnotes":""},"class_list":["post-14589","page","type-page","status-publish","hentry"],"_links":{"self":[{"href":"https:\/\/mwb.com.pl\/mwb2017\/wp-json\/wp\/v2\/pages\/14589","targetHints":{"allow":["GET"]}}],"collection":[{"href":"https:\/\/mwb.com.pl\/mwb2017\/wp-json\/wp\/v2\/pages"}],"about":[{"href":"https:\/\/mwb.com.pl\/mwb2017\/wp-json\/wp\/v2\/types\/page"}],"author":[{"embeddable":true,"href":"https:\/\/mwb.com.pl\/mwb2017\/wp-json\/wp\/v2\/users\/1"}],"replies":[{"embeddable":true,"href":"https:\/\/mwb.com.pl\/mwb2017\/wp-json\/wp\/v2\/comments?post=14589"}],"version-history":[{"count":1,"href":"https:\/\/mwb.com.pl\/mwb2017\/wp-json\/wp\/v2\/pages\/14589\/revisions"}],"predecessor-version":[{"id":14590,"href":"https:\/\/mwb.com.pl\/mwb2017\/wp-json\/wp\/v2\/pages\/14589\/revisions\/14590"}],"up":[{"embeddable":true,"href":"https:\/\/mwb.com.pl\/mwb2017\/wp-json\/wp\/v2\/pages\/18"}],"wp:attachment":[{"href":"https:\/\/mwb.com.pl\/mwb2017\/wp-json\/wp\/v2\/media?parent=14589"}],"curies":[{"name":"wp","href":"https:\/\/api.w.org\/{rel}","templated":true}]}}