{"id":14587,"date":"2025-08-26T10:06:59","date_gmt":"2025-08-26T08:06:59","guid":{"rendered":"https:\/\/mwb.com.pl\/mwb2017\/?page_id=14587"},"modified":"2025-08-26T10:06:59","modified_gmt":"2025-08-26T08:06:59","slug":"wojskowy-poligon-2-0","status":"publish","type":"page","link":"https:\/\/mwb.com.pl\/mwb2017\/oferta\/edukacja\/wojskowy-poligon-2-0\/","title":{"rendered":"Wojskowy poligon 2.0"},"content":{"rendered":"<p><strong>Poziom edukacji: KLASY IV &#8211; VI<\/strong><\/p>\n<p>Zaj\u0119cia maj\u0105 form\u0119 dynamicznej gry muzealnej. Uczestnicy wciel\u0105 si\u0119 w rol\u0119 \u017co\u0142nierzy, kt\u00f3rzy dzi\u0119ki spostrzegawczo\u015bci oraz zaanga\u017cowaniu wykonaj\u0105 wszystkie zadania. Podczas zaj\u0119\u0107 b\u0119d\u0105 mieli okazj\u0119 pozna\u0107 eksponaty zgromadzone na salach wystawowych, pozwalaj\u0105ce rozwi\u0105za\u0107 przygotowane \u0142amig\u0142\u00f3wki. W tym roku zaj\u0119cia, pozostaj\u0105c w tej samej formie, uka\u017c\u0105 si\u0119 w nowej ods\u0142onie &#8211; anga\u017cuj\u0105c uczni\u00f3w do nowych wyzwa\u0144. <\/p>\n<div align=\"center\"><a href=\"https:\/\/mwb.com.pl\/rezerwacja\/klasy-iv-vi\/wojskowy-poligon-2-0\/\" target=\"_blank\" rel=\"noopener noreferrer\"><img decoding=\"async\" class=\"aligncenter wp-image-2736 size-thumbnail\" src=\"https:\/\/mwb.com.pl\/mwb2017\/wp-content\/uploads\/2019\/01\/booking-150x150.png\" alt=\"ikona rezerwacji\" width=\"150\" height=\"150\" srcset=\"https:\/\/mwb.com.pl\/mwb2017\/wp-content\/uploads\/2019\/01\/booking-150x150.png 150w, https:\/\/mwb.com.pl\/mwb2017\/wp-content\/uploads\/2019\/01\/booking.png 256w\" sizes=\"(max-width: 150px) 100vw, 150px\" \/><br \/>\nZarezerwuj online<\/a><\/div>\n","protected":false},"excerpt":{"rendered":"<p>Poziom edukacji: KLASY IV &#8211; VI Zaj\u0119cia maj\u0105 form\u0119 dynamicznej gry muzealnej. Uczestnicy wciel\u0105 si\u0119 w rol\u0119 \u017co\u0142nierzy, kt\u00f3rzy dzi\u0119ki spostrzegawczo\u015bci oraz zaanga\u017cowaniu wykonaj\u0105 wszystkie zadania. Podczas zaj\u0119\u0107 b\u0119d\u0105 mieli okazj\u0119 pozna\u0107 eksponaty zgromadzone na salach wystawowych, pozwalaj\u0105ce rozwi\u0105za\u0107 przygotowane \u0142amig\u0142\u00f3wki. W tym roku zaj\u0119cia, pozostaj\u0105c w tej samej formie, uka\u017c\u0105 si\u0119 w nowej ods\u0142onie [&hellip;]<\/p>\n","protected":false},"author":1,"featured_media":0,"parent":18,"menu_order":0,"comment_status":"closed","ping_status":"closed","template":"","meta":{"ngg_post_thumbnail":0,"h5ap_radio_sources":[],"_vp_format_video_url":"","_vp_image_focal_point":[],"footnotes":""},"class_list":["post-14587","page","type-page","status-publish","hentry"],"_links":{"self":[{"href":"https:\/\/mwb.com.pl\/mwb2017\/wp-json\/wp\/v2\/pages\/14587","targetHints":{"allow":["GET"]}}],"collection":[{"href":"https:\/\/mwb.com.pl\/mwb2017\/wp-json\/wp\/v2\/pages"}],"about":[{"href":"https:\/\/mwb.com.pl\/mwb2017\/wp-json\/wp\/v2\/types\/page"}],"author":[{"embeddable":true,"href":"https:\/\/mwb.com.pl\/mwb2017\/wp-json\/wp\/v2\/users\/1"}],"replies":[{"embeddable":true,"href":"https:\/\/mwb.com.pl\/mwb2017\/wp-json\/wp\/v2\/comments?post=14587"}],"version-history":[{"count":1,"href":"https:\/\/mwb.com.pl\/mwb2017\/wp-json\/wp\/v2\/pages\/14587\/revisions"}],"predecessor-version":[{"id":14588,"href":"https:\/\/mwb.com.pl\/mwb2017\/wp-json\/wp\/v2\/pages\/14587\/revisions\/14588"}],"up":[{"embeddable":true,"href":"https:\/\/mwb.com.pl\/mwb2017\/wp-json\/wp\/v2\/pages\/18"}],"wp:attachment":[{"href":"https:\/\/mwb.com.pl\/mwb2017\/wp-json\/wp\/v2\/media?parent=14587"}],"curies":[{"name":"wp","href":"https:\/\/api.w.org\/{rel}","templated":true}]}}