{"id":14585,"date":"2025-08-26T10:04:46","date_gmt":"2025-08-26T08:04:46","guid":{"rendered":"https:\/\/mwb.com.pl\/mwb2017\/?page_id=14585"},"modified":"2025-08-26T10:04:46","modified_gmt":"2025-08-26T08:04:46","slug":"historie-rodzinnych-pamiatek","status":"publish","type":"page","link":"https:\/\/mwb.com.pl\/mwb2017\/oferta\/edukacja\/historie-rodzinnych-pamiatek\/","title":{"rendered":"Historie rodzinnych pami\u0105tek"},"content":{"rendered":"<p><strong>Poziom edukacji: KLASY IV &#8211; VI<\/strong><\/p>\n<p>Podczas zaj\u0119\u0107 uczestnicy odkrywaj\u0105, \u017ce przedmioty przechowywane w domowych szufladach mog\u0105 mie\u0107 warto\u015b\u0107 nie tylko sentymentaln\u0105, ale i historyczn\u0105. Na bazie czterech skrzy\u0144 z pami\u0105tkami fikcyjnych rodzin uczniowie odczytuj\u0105 ukryte w przedmiotach historie, ucz\u0105c si\u0119, czym s\u0105 muzealia, jak dzia\u0142a muzeum i co sprawia, \u017ce zwyk\u0142y przedmiot staje si\u0119 \u015bwiadkiem przesz\u0142o\u015bci. Praca w grupach, tworzenie opowie\u015bci i budowanie drzewa genealogicznego pozwalaj\u0105 uczestnikom lepiej zrozumie\u0107 znaczenie pami\u0119ci rodzinnej oraz potrzeb\u0119 ochrony materialnych \u015blad\u00f3w historii. Zaj\u0119cia ko\u0144cz\u0105 si\u0119 refleksj\u0105 nad tym, jak dba\u0107 o rodzinne pami\u0105tki i dlaczego warto je zachowa\u0107 dla przysz\u0142ych pokole\u0144.<\/p>\n<div align=\"center\"><a href=\"https:\/\/mwb.com.pl\/rezerwacja\/klasy-iv-vi\/historie-rodzinnych-pamiatek\/\" target=\"_blank\" rel=\"noopener noreferrer\"><img decoding=\"async\" class=\"aligncenter wp-image-2736 size-thumbnail\" src=\"https:\/\/mwb.com.pl\/mwb2017\/wp-content\/uploads\/2019\/01\/booking-150x150.png\" alt=\"ikona rezerwacji\" width=\"150\" height=\"150\" srcset=\"https:\/\/mwb.com.pl\/mwb2017\/wp-content\/uploads\/2019\/01\/booking-150x150.png 150w, https:\/\/mwb.com.pl\/mwb2017\/wp-content\/uploads\/2019\/01\/booking.png 256w\" sizes=\"(max-width: 150px) 100vw, 150px\" \/><br \/>\nZarezerwuj online<\/a><\/div>\n","protected":false},"excerpt":{"rendered":"<p>Poziom edukacji: KLASY IV &#8211; VI Podczas zaj\u0119\u0107 uczestnicy odkrywaj\u0105, \u017ce przedmioty przechowywane w domowych szufladach mog\u0105 mie\u0107 warto\u015b\u0107 nie tylko sentymentaln\u0105, ale i historyczn\u0105. Na bazie czterech skrzy\u0144 z pami\u0105tkami fikcyjnych rodzin uczniowie odczytuj\u0105 ukryte w przedmiotach historie, ucz\u0105c si\u0119, czym s\u0105 muzealia, jak dzia\u0142a muzeum i co sprawia, \u017ce zwyk\u0142y przedmiot staje si\u0119 [&hellip;]<\/p>\n","protected":false},"author":1,"featured_media":0,"parent":18,"menu_order":0,"comment_status":"closed","ping_status":"closed","template":"","meta":{"ngg_post_thumbnail":0,"h5ap_radio_sources":[],"_vp_format_video_url":"","_vp_image_focal_point":[],"footnotes":""},"class_list":["post-14585","page","type-page","status-publish","hentry"],"_links":{"self":[{"href":"https:\/\/mwb.com.pl\/mwb2017\/wp-json\/wp\/v2\/pages\/14585","targetHints":{"allow":["GET"]}}],"collection":[{"href":"https:\/\/mwb.com.pl\/mwb2017\/wp-json\/wp\/v2\/pages"}],"about":[{"href":"https:\/\/mwb.com.pl\/mwb2017\/wp-json\/wp\/v2\/types\/page"}],"author":[{"embeddable":true,"href":"https:\/\/mwb.com.pl\/mwb2017\/wp-json\/wp\/v2\/users\/1"}],"replies":[{"embeddable":true,"href":"https:\/\/mwb.com.pl\/mwb2017\/wp-json\/wp\/v2\/comments?post=14585"}],"version-history":[{"count":1,"href":"https:\/\/mwb.com.pl\/mwb2017\/wp-json\/wp\/v2\/pages\/14585\/revisions"}],"predecessor-version":[{"id":14586,"href":"https:\/\/mwb.com.pl\/mwb2017\/wp-json\/wp\/v2\/pages\/14585\/revisions\/14586"}],"up":[{"embeddable":true,"href":"https:\/\/mwb.com.pl\/mwb2017\/wp-json\/wp\/v2\/pages\/18"}],"wp:attachment":[{"href":"https:\/\/mwb.com.pl\/mwb2017\/wp-json\/wp\/v2\/media?parent=14585"}],"curies":[{"name":"wp","href":"https:\/\/api.w.org\/{rel}","templated":true}]}}