{"id":14579,"date":"2025-08-25T10:32:18","date_gmt":"2025-08-25T08:32:18","guid":{"rendered":"https:\/\/mwb.com.pl\/mwb2017\/?page_id=14579"},"modified":"2025-08-26T11:12:31","modified_gmt":"2025-08-26T09:12:31","slug":"opowiesc-z-zolnierskiego-plecaka","status":"publish","type":"page","link":"https:\/\/mwb.com.pl\/mwb2017\/oferta\/edukacja\/opowiesc-z-zolnierskiego-plecaka\/","title":{"rendered":"Opowie\u015b\u0107 z \u017co\u0142nierskiego plecaka"},"content":{"rendered":"<p><strong>Poziom edukacji: KLASY I-III<\/strong><\/p>\n<p>Podczas zaj\u0119\u0107 uczestnicy poznaj\u0105 wyposa\u017cenie \u017co\u0142nierzy z r\u00f3\u017cnych epok historycznych, od czas\u00f3w napoleo\u0144skich po II wojn\u0119 \u015bwiatow\u0105. W grupach odkrywaj\u0105 zawarto\u015b\u0107 \u017co\u0142nierskich plecak\u00f3w, dotykaj\u0105 przedmiot\u00f3w, przymierzaj\u0105 elementy mundur\u00f3w i odczytuj\u0105 listy, zdj\u0119cia i pami\u0105tki. Na tej podstawie wsp\u00f3lnie ustalaj\u0105 histori\u0119 nieznanego \u017co\u0142nierza \u2013 kim by\u0142 oraz co prze\u017cy\u0142. Zaj\u0119cia ko\u0144cz\u0105 si\u0119 osobistym akcentem: ka\u017cdy uczestnik tworzy technik\u0105 linorytu poczt\u00f3wk\u0119, nast\u0119pnie adresuje j\u0105 do wybranej osoby, dziel\u0105c si\u0119 swoimi prze\u017cyciami. <\/p>\n<div align=\"center\"><a href=\"https:\/\/mwb.com.pl\/rezerwacja\/klasy-i-iii\/opowiesc-z-zolnierskiego-plecaka\/\" target=\"_blank\" rel=\"noopener noreferrer\"><img decoding=\"async\" class=\"aligncenter wp-image-2736 size-thumbnail\" src=\"https:\/\/mwb.com.pl\/mwb2017\/wp-content\/uploads\/2019\/01\/booking-150x150.png\" alt=\"ikona rezerwacji\" width=\"150\" height=\"150\" srcset=\"https:\/\/mwb.com.pl\/mwb2017\/wp-content\/uploads\/2019\/01\/booking-150x150.png 150w, https:\/\/mwb.com.pl\/mwb2017\/wp-content\/uploads\/2019\/01\/booking.png 256w\" sizes=\"(max-width: 150px) 100vw, 150px\" \/><br \/>\nZarezerwuj online<\/a><\/div>\n","protected":false},"excerpt":{"rendered":"<p>Poziom edukacji: KLASY I-III Podczas zaj\u0119\u0107 uczestnicy poznaj\u0105 wyposa\u017cenie \u017co\u0142nierzy z r\u00f3\u017cnych epok historycznych, od czas\u00f3w napoleo\u0144skich po II wojn\u0119 \u015bwiatow\u0105. W grupach odkrywaj\u0105 zawarto\u015b\u0107 \u017co\u0142nierskich plecak\u00f3w, dotykaj\u0105 przedmiot\u00f3w, przymierzaj\u0105 elementy mundur\u00f3w i odczytuj\u0105 listy, zdj\u0119cia i pami\u0105tki. Na tej podstawie wsp\u00f3lnie ustalaj\u0105 histori\u0119 nieznanego \u017co\u0142nierza \u2013 kim by\u0142 oraz co prze\u017cy\u0142. Zaj\u0119cia ko\u0144cz\u0105 si\u0119 [&hellip;]<\/p>\n","protected":false},"author":1,"featured_media":0,"parent":18,"menu_order":0,"comment_status":"closed","ping_status":"closed","template":"","meta":{"ngg_post_thumbnail":0,"h5ap_radio_sources":[],"_vp_format_video_url":"","_vp_image_focal_point":[],"footnotes":""},"class_list":["post-14579","page","type-page","status-publish","hentry"],"_links":{"self":[{"href":"https:\/\/mwb.com.pl\/mwb2017\/wp-json\/wp\/v2\/pages\/14579","targetHints":{"allow":["GET"]}}],"collection":[{"href":"https:\/\/mwb.com.pl\/mwb2017\/wp-json\/wp\/v2\/pages"}],"about":[{"href":"https:\/\/mwb.com.pl\/mwb2017\/wp-json\/wp\/v2\/types\/page"}],"author":[{"embeddable":true,"href":"https:\/\/mwb.com.pl\/mwb2017\/wp-json\/wp\/v2\/users\/1"}],"replies":[{"embeddable":true,"href":"https:\/\/mwb.com.pl\/mwb2017\/wp-json\/wp\/v2\/comments?post=14579"}],"version-history":[{"count":1,"href":"https:\/\/mwb.com.pl\/mwb2017\/wp-json\/wp\/v2\/pages\/14579\/revisions"}],"predecessor-version":[{"id":14580,"href":"https:\/\/mwb.com.pl\/mwb2017\/wp-json\/wp\/v2\/pages\/14579\/revisions\/14580"}],"up":[{"embeddable":true,"href":"https:\/\/mwb.com.pl\/mwb2017\/wp-json\/wp\/v2\/pages\/18"}],"wp:attachment":[{"href":"https:\/\/mwb.com.pl\/mwb2017\/wp-json\/wp\/v2\/media?parent=14579"}],"curies":[{"name":"wp","href":"https:\/\/api.w.org\/{rel}","templated":true}]}}