{"id":14577,"date":"2025-08-25T10:25:45","date_gmt":"2025-08-25T08:25:45","guid":{"rendered":"https:\/\/mwb.com.pl\/mwb2017\/?page_id=14577"},"modified":"2025-08-25T10:25:45","modified_gmt":"2025-08-25T08:25:45","slug":"otwieramy-wlasne-muzeum","status":"publish","type":"page","link":"https:\/\/mwb.com.pl\/mwb2017\/oferta\/edukacja\/otwieramy-wlasne-muzeum\/","title":{"rendered":"Otwieramy w\u0142asne Muzeum!"},"content":{"rendered":"<p><strong>Poziom edukacji: KLASY I-III<\/strong><\/p>\n<p>Warsztaty \u201eOtwieramy w\u0142asne muzeum!\u201d to tw\u00f3rcze wyzwanie, podczas kt\u00f3rego uczestnicy poznaj\u0105 tajniki pracy muzealnika i odkrywaj\u0105, czym s\u0105 eksponaty i ekspozycje. Wsp\u00f3lnie eksploruj\u0105 muzealne sale, bior\u0105 udzia\u0142 w zabawie w poszukiwaczy skarb\u00f3w, ucz\u0105c si\u0119 klasyfikowania przedmiot\u00f3w wed\u0142ug materia\u0142u, z jakiego zosta\u0142y wykonane. Zwie\u0144czeniem zaj\u0119\u0107 jest praca plastyczna, w kt\u00f3rej dzieci projektuj\u0105 w\u0142asne, magnetyczne eksponaty. Zaj\u0119cia rozwijaj\u0105 kreatywno\u015b\u0107, ucz\u0105 porz\u0105dkowania wiedzy i pozwalaj\u0105 spojrze\u0107 na muzeum jako miejsce pe\u0142ne ciekawostek i ukrytych historii.<\/p>\n<div align=\"center\"><a href=\"https:\/\/mwb.com.pl\/rezerwacja\/klasy-i-iii\/otwieramy-wlasne-muzeum\/\" target=\"_blank\" rel=\"noopener noreferrer\"><img decoding=\"async\" class=\"aligncenter wp-image-2736 size-thumbnail\" src=\"https:\/\/mwb.com.pl\/mwb2017\/wp-content\/uploads\/2019\/01\/booking-150x150.png\" alt=\"ikona rezerwacji\" width=\"150\" height=\"150\" srcset=\"https:\/\/mwb.com.pl\/mwb2017\/wp-content\/uploads\/2019\/01\/booking-150x150.png 150w, https:\/\/mwb.com.pl\/mwb2017\/wp-content\/uploads\/2019\/01\/booking.png 256w\" sizes=\"(max-width: 150px) 100vw, 150px\" \/><br \/>\nZarezerwuj online<\/a><\/div>\n","protected":false},"excerpt":{"rendered":"<p>Poziom edukacji: KLASY I-III Warsztaty \u201eOtwieramy w\u0142asne muzeum!\u201d to tw\u00f3rcze wyzwanie, podczas kt\u00f3rego uczestnicy poznaj\u0105 tajniki pracy muzealnika i odkrywaj\u0105, czym s\u0105 eksponaty i ekspozycje. Wsp\u00f3lnie eksploruj\u0105 muzealne sale, bior\u0105 udzia\u0142 w zabawie w poszukiwaczy skarb\u00f3w, ucz\u0105c si\u0119 klasyfikowania przedmiot\u00f3w wed\u0142ug materia\u0142u, z jakiego zosta\u0142y wykonane. Zwie\u0144czeniem zaj\u0119\u0107 jest praca plastyczna, w kt\u00f3rej dzieci projektuj\u0105 [&hellip;]<\/p>\n","protected":false},"author":1,"featured_media":0,"parent":18,"menu_order":0,"comment_status":"closed","ping_status":"closed","template":"","meta":{"ngg_post_thumbnail":0,"h5ap_radio_sources":[],"_vp_format_video_url":"","_vp_image_focal_point":[],"footnotes":""},"class_list":["post-14577","page","type-page","status-publish","hentry"],"_links":{"self":[{"href":"https:\/\/mwb.com.pl\/mwb2017\/wp-json\/wp\/v2\/pages\/14577","targetHints":{"allow":["GET"]}}],"collection":[{"href":"https:\/\/mwb.com.pl\/mwb2017\/wp-json\/wp\/v2\/pages"}],"about":[{"href":"https:\/\/mwb.com.pl\/mwb2017\/wp-json\/wp\/v2\/types\/page"}],"author":[{"embeddable":true,"href":"https:\/\/mwb.com.pl\/mwb2017\/wp-json\/wp\/v2\/users\/1"}],"replies":[{"embeddable":true,"href":"https:\/\/mwb.com.pl\/mwb2017\/wp-json\/wp\/v2\/comments?post=14577"}],"version-history":[{"count":1,"href":"https:\/\/mwb.com.pl\/mwb2017\/wp-json\/wp\/v2\/pages\/14577\/revisions"}],"predecessor-version":[{"id":14578,"href":"https:\/\/mwb.com.pl\/mwb2017\/wp-json\/wp\/v2\/pages\/14577\/revisions\/14578"}],"up":[{"embeddable":true,"href":"https:\/\/mwb.com.pl\/mwb2017\/wp-json\/wp\/v2\/pages\/18"}],"wp:attachment":[{"href":"https:\/\/mwb.com.pl\/mwb2017\/wp-json\/wp\/v2\/media?parent=14577"}],"curies":[{"name":"wp","href":"https:\/\/api.w.org\/{rel}","templated":true}]}}